{"id":3944,"date":"2024-04-25T14:15:57","date_gmt":"2024-04-25T06:15:57","guid":{"rendered":"https:\/\/yutaimachinery.com\/?post_type=product&#038;p=3944"},"modified":"2024-04-25T14:35:12","modified_gmt":"2024-04-25T06:35:12","slug":"druckluftmembranpumpe-2","status":"publish","type":"product","link":"https:\/\/yutaimachinery.com\/de\/product\/air-diaphragm-pump\/","title":{"rendered":"Druckluftmembranpumpe f\u00fcr die pneumatische F\u00f6rderung von Lehm und Schlamm"},"content":{"rendered":"<div class=\"wp-block-columns is-layout-flex wp-container-core-columns-is-layout-9d6595d7 wp-block-columns-is-layout-flex\">\n<div class=\"wp-block-column is-layout-flow wp-block-column-is-layout-flow\">\n<h2 class=\"wp-block-heading\"><strong>Druckluft-Membranpumpe Merkmale:<\/strong><\/h2>\n\n\n\n<ol class=\"wp-block-list\">\n<li><strong>Vielseitige Installation<\/strong>: Im Gegensatz zu anderen Pumpen muss die pneumatische Membranpumpe nicht horizontal installiert werden, was eine flexible Platzierung in der Produktion erm\u00f6glicht.<\/li>\n\n\n\n<li><strong>Resistenz gegen Schaden<\/strong>: Entwickelt, um lange Zeitr\u00e4ume im Leerlauf zu \u00fcberstehen, ohne Schaden zu nehmen, und auch bei l\u00e4ngerem Betrieb eine zuverl\u00e4ssige Leistung zu gew\u00e4hrleisten.<\/li>\n\n\n\n<li><strong>Effiziente Absaugung<\/strong>: Mit einer Ansaugleistung von 100% saugt diese Pumpe Glasurmaterialien und Tonschl\u00e4mme effektiv an und erm\u00f6glicht eine reibungslose und ununterbrochene Materialf\u00f6rderung.<\/li>\n\n\n\n<li><strong>Mehrere Anwendungen<\/strong>: Geeignet f\u00fcr eine Vielzahl von Aufgaben, einschlie\u00dflich der F\u00f6rderung von Glasurmaterialien und Tonschlicker, sowie f\u00fcr den Druckschlickerguss, was ihn zu einer vielseitigen L\u00f6sung f\u00fcr unterschiedliche Produktionsanforderungen macht.<\/li>\n<\/ol>\n<\/div>\n\n\n\n<div class=\"wp-block-column is-layout-flow wp-block-column-is-layout-flow\">\n<figure class=\"wp-block-image size-full\"><img fetchpriority=\"high\" decoding=\"async\" width=\"696\" height=\"696\" src=\"https:\/\/yutaimachinery.com\/wp-content\/uploads\/2024\/04\/Air-Diaphragm-Pump-5.webp\" alt=\"Druckluft-Membranpumpe\" class=\"wp-image-3925\" title=\"\" srcset=\"https:\/\/yutaimachinery.com\/wp-content\/uploads\/2024\/04\/Air-Diaphragm-Pump-5.webp 696w, https:\/\/yutaimachinery.com\/wp-content\/uploads\/2024\/04\/Air-Diaphragm-Pump-5-300x300.webp 300w, https:\/\/yutaimachinery.com\/wp-content\/uploads\/2024\/04\/Air-Diaphragm-Pump-5-150x150.webp 150w, https:\/\/yutaimachinery.com\/wp-content\/uploads\/2024\/04\/Air-Diaphragm-Pump-5-285x285.webp 285w, https:\/\/yutaimachinery.com\/wp-content\/uploads\/2024\/04\/Air-Diaphragm-Pump-5-270x270.webp 270w, https:\/\/yutaimachinery.com\/wp-content\/uploads\/2024\/04\/Air-Diaphragm-Pump-5-540x540.webp 540w, https:\/\/yutaimachinery.com\/wp-content\/uploads\/2024\/04\/Air-Diaphragm-Pump-5-660x660.webp 660w\" sizes=\"(max-width: 696px) 100vw, 696px\" \/><\/figure>\n<\/div>\n<\/div>","protected":false},"excerpt":{"rendered":"<p>Yutai Maschinen Herstellung Gro\u00dfhandel Luftmembranpumpen mit 100% Saugleistung. Diese Pumpe ist f\u00fcr Glasur Materialien und Ton Schlamm F\u00f6rderer, oder Druck Schlicker Gie\u00dfen verwendet.<\/p>\n<h2>Alles aus einer Hand f\u00fcr die Luftmembranpumpe:<\/h2>\n<ol>\n<li>\n<p>Fabrikpreis: Als Hersteller von keramischen Maschinen bieten wir kosteng\u00fcnstige Tonschneidemaschinen an. Bitte kontaktieren Sie uns, um den Fabrikpreis zu erhalten.<\/p>\n<\/li>\n<li>\n<p>Technische Unterst\u00fctzung: Professionelle technische Anleitung und mechanische Installation, mit Videoanleitungen f\u00fcr eine schnelle Nutzung des Produkts<\/p>\n<\/li>\n<li>\n<p>Ersatzteile: Eine Reihe von Original-Ersatzteilen liefern.<\/p>\n<\/li>\n<li>\n<p>Unterst\u00fctzung nach dem Kauf: 24-Stunden-Online-Hilfe, um sicherzustellen, dass Sie mit der Luftmembranpumpe zufrieden sind und dass sie reibungslos in Ihrer Produktionslinie eingesetzt wird.<\/p>\n<\/li>\n<\/ol>","protected":false},"featured_media":3923,"template":"","meta":{"_acf_changed":false},"product_brand":[],"product_cat":[55],"product_tag":[82],"class_list":{"0":"post-3944","1":"product","2":"type-product","3":"status-publish","4":"has-post-thumbnail","6":"product_cat-ceramic-forming-machine","7":"product_tag-air-diaphragm-pump","9":"first","10":"instock","11":"shipping-taxable","12":"product-type-simple"},"acf":{"customization_content":"<h2><\/h2>\r\n<div><\/div>","customization_content_source":{"label":"Customization Content","type":"wysiwyg","formatted_value":"<h2><\/h2>\n<div><\/div>\n"},"why_choose_us_content":"<h2 style=\"text-align: center;\">Why Choose Us as Your Air Diaphragm Pump Supplier<\/h2>\r\n\r\n<hr \/>\r\n<p style=\"text-align: center;\">\u00a0Yutai as a ceramic machine manufacturer, maintains strict quality standards and excellent service. Revolutionize your manufacturing processes with cutting-edge automation technology that streamlines forming and enhances efficiency.<\/p>","why_choose_us_content_source":{"label":"Why Choose Us Content","type":"wysiwyg","formatted_value":"<h2 style=\"text-align: center;\">Why Choose Us as Your Air Diaphragm Pump Supplier<\/h2>\n<hr \/>\n<p style=\"text-align: center;\">\u00a0Yutai as a ceramic machine manufacturer, maintains strict quality standards and excellent service. Revolutionize your manufacturing processes with cutting-edge automation technology that streamlines forming and enhances efficiency.<\/p>\n"}},"_links":{"self":[{"href":"https:\/\/yutaimachinery.com\/de\/wp-json\/wp\/v2\/product\/3944","targetHints":{"allow":["GET"]}}],"collection":[{"href":"https:\/\/yutaimachinery.com\/de\/wp-json\/wp\/v2\/product"}],"about":[{"href":"https:\/\/yutaimachinery.com\/de\/wp-json\/wp\/v2\/types\/product"}],"version-history":[{"count":0,"href":"https:\/\/yutaimachinery.com\/de\/wp-json\/wp\/v2\/product\/3944\/revisions"}],"wp:featuredmedia":[{"embeddable":true,"href":"https:\/\/yutaimachinery.com\/de\/wp-json\/wp\/v2\/media\/3923"}],"wp:attachment":[{"href":"https:\/\/yutaimachinery.com\/de\/wp-json\/wp\/v2\/media?parent=3944"}],"wp:term":[{"taxonomy":"product_brand","embeddable":true,"href":"https:\/\/yutaimachinery.com\/de\/wp-json\/wp\/v2\/product_brand?post=3944"},{"taxonomy":"product_cat","embeddable":true,"href":"https:\/\/yutaimachinery.com\/de\/wp-json\/wp\/v2\/product_cat?post=3944"},{"taxonomy":"product_tag","embeddable":true,"href":"https:\/\/yutaimachinery.com\/de\/wp-json\/wp\/v2\/product_tag?post=3944"}],"curies":[{"name":"wp","href":"https:\/\/api.w.org\/{rel}","templated":true}]}}