{"id":3920,"date":"2025-12-09T10:21:28","date_gmt":"2025-12-09T02:21:28","guid":{"rendered":"https:\/\/yutaimachinery.com\/?post_type=product&#038;p=3920"},"modified":"2026-01-15T11:35:16","modified_gmt":"2026-01-15T03:35:16","slug":"schlickergiesmaschine","status":"publish","type":"product","link":"https:\/\/yutaimachinery.com\/de\/product\/slip-casting-machine\/","title":{"rendered":"Hochdruck-Schleudergussmaschine f\u00fcr automatisierte Produktionslinie f\u00fcr keramische Hohlwaren"},"content":{"rendered":"<div class=\"wp-block-columns is-layout-flex wp-container-core-columns-is-layout-9d6595d7 wp-block-columns-is-layout-flex\">\n<div class=\"wp-block-column is-layout-flow wp-block-column-is-layout-flow\">\n<h2 class=\"wp-block-heading\">Schlickergussmaschine Merkmale:<\/h2>\n\n\n\n<p><strong>Vollautomatischer Gie\u00dfprozess<\/strong><br>Erm\u00f6glicht den automatischen Schlickerguss, einschlie\u00dflich des automatischen Bef\u00fcllens und Entleerens der Formen und der automatischen Trocknung der Formen. Dadurch wird der gesamte Produktionsprozess rationalisiert.<\/p>\n\n\n\n<p><strong>F\u00e4higkeit zur Herstellung verschiedener Formen<\/strong><br>Kann mehrere Produkttypen gleichzeitig auf einer automatisierten Gie\u00dflinie herstellen und so die Produktivit\u00e4t und Betriebseffizienz steigern.<\/p>\n\n\n\n<p><strong>Hochwertige Ausgabe<\/strong><br>Reduziert Oberfl\u00e4chenblasen und verhindert Produktverformungen, wodurch eine h\u00f6here Qualit\u00e4t und Konsistenz der fertigen Keramikartikel gew\u00e4hrleistet wird.<\/p>\n\n\n\n<p><strong>Integrierte Hei\u00dfluft-Formtrocknung<\/strong><br>Verf\u00fcgt \u00fcber Hei\u00dflufttrocknung f\u00fcr Formen, wodurch der Produktionszyklus beschleunigt wird, da diese schnell f\u00fcr die Wiederverwendung vorbereitet werden und Wartezeiten reduziert werden.<\/p>\n\n\n\n<p><strong>Entwickelt f\u00fcr hohle Keramikwaren<\/strong><br>Geeignet f\u00fcr \u00d6lflaschen, Kaffee-\/Teekannen und komplexe oder speziell geformte Produkte.<\/p>\n<\/div>\n\n\n\n<div class=\"wp-block-column is-layout-flow wp-block-column-is-layout-flow\">\n<figure class=\"wp-block-embed is-type-video is-provider-youtube wp-block-embed-youtube wp-embed-aspect-16-9 wp-has-aspect-ratio\"><div class=\"wp-block-embed__wrapper\">\n<iframe title=\"Vollautomatische Produktionslinie f\u00fcr Keramikguss\" width=\"940\" height=\"529\" src=\"https:\/\/www.youtube.com\/embed\/n2QHyzDZy20?feature=oembed\" frameborder=\"0\" allow=\"accelerometer; autoplay; clipboard-write; encrypted-media; gyroscope; picture-in-picture; web-share\" referrerpolicy=\"strict-origin-when-cross-origin\" allowfullscreen><\/iframe>\n<\/div><\/figure>\n<\/div>\n<\/div>\n\n\n\n<div class=\"wp-block-columns is-layout-flex wp-container-core-columns-is-layout-9d6595d7 wp-block-columns-is-layout-flex\">\n<div class=\"wp-block-column is-layout-flow wp-block-column-is-layout-flow\">\n<figure class=\"wp-block-image size-full\"><img fetchpriority=\"high\" decoding=\"async\" width=\"960\" height=\"960\" src=\"https:\/\/yutaimachinery.com\/wp-content\/uploads\/2025\/12\/ceramic-Violent-Bear-making-machine.webp\" alt=\"keramische Maschine zur Herstellung von Violent Bear\" class=\"wp-image-6301\" title=\"\" srcset=\"https:\/\/yutaimachinery.com\/wp-content\/uploads\/2025\/12\/ceramic-Violent-Bear-making-machine.webp 960w, https:\/\/yutaimachinery.com\/wp-content\/uploads\/2025\/12\/ceramic-Violent-Bear-making-machine-300x300.webp 300w, https:\/\/yutaimachinery.com\/wp-content\/uploads\/2025\/12\/ceramic-Violent-Bear-making-machine-150x150.webp 150w, https:\/\/yutaimachinery.com\/wp-content\/uploads\/2025\/12\/ceramic-Violent-Bear-making-machine-768x768.webp 768w, https:\/\/yutaimachinery.com\/wp-content\/uploads\/2025\/12\/ceramic-Violent-Bear-making-machine-12x12.webp 12w, https:\/\/yutaimachinery.com\/wp-content\/uploads\/2025\/12\/ceramic-Violent-Bear-making-machine-285x285.webp 285w, https:\/\/yutaimachinery.com\/wp-content\/uploads\/2025\/12\/ceramic-Violent-Bear-making-machine-270x270.webp 270w, https:\/\/yutaimachinery.com\/wp-content\/uploads\/2025\/12\/ceramic-Violent-Bear-making-machine-540x540.webp 540w, https:\/\/yutaimachinery.com\/wp-content\/uploads\/2025\/12\/ceramic-Violent-Bear-making-machine-660x660.webp 660w\" sizes=\"(max-width: 960px) 100vw, 960px\" \/><\/figure>\n<\/div>\n\n\n\n<div class=\"wp-block-column is-layout-flow wp-block-column-is-layout-flow\">\n<figure class=\"wp-block-image size-large\"><img decoding=\"async\" width=\"800\" height=\"800\" src=\"https:\/\/yutaimachinery.com\/wp-content\/uploads\/2025\/12\/teapot-slip-casting-machine.webp\" alt=\"Teekannen-Schlickergussmaschine\" class=\"wp-image-6287\" title=\"\" srcset=\"https:\/\/yutaimachinery.com\/wp-content\/uploads\/2025\/12\/teapot-slip-casting-machine.webp 800w, https:\/\/yutaimachinery.com\/wp-content\/uploads\/2025\/12\/teapot-slip-casting-machine-300x300.webp 300w, https:\/\/yutaimachinery.com\/wp-content\/uploads\/2025\/12\/teapot-slip-casting-machine-150x150.webp 150w, https:\/\/yutaimachinery.com\/wp-content\/uploads\/2025\/12\/teapot-slip-casting-machine-768x768.webp 768w, https:\/\/yutaimachinery.com\/wp-content\/uploads\/2025\/12\/teapot-slip-casting-machine-12x12.webp 12w, https:\/\/yutaimachinery.com\/wp-content\/uploads\/2025\/12\/teapot-slip-casting-machine-285x285.webp 285w, https:\/\/yutaimachinery.com\/wp-content\/uploads\/2025\/12\/teapot-slip-casting-machine-270x270.webp 270w, https:\/\/yutaimachinery.com\/wp-content\/uploads\/2025\/12\/teapot-slip-casting-machine-540x540.webp 540w, https:\/\/yutaimachinery.com\/wp-content\/uploads\/2025\/12\/teapot-slip-casting-machine-660x660.webp 660w\" sizes=\"(max-width: 800px) 100vw, 800px\" \/><\/figure>\n<\/div>\n\n\n\n<div class=\"wp-block-column is-layout-flow wp-block-column-is-layout-flow\">\n<figure class=\"wp-block-image size-full is-resized\"><img decoding=\"async\" width=\"266\" height=\"266\" src=\"https:\/\/yutaimachinery.com\/wp-content\/uploads\/2024\/04\/Slip-Casting-Machine-for-Ceramic-Bottle-Pot-Vase-Homerware-Production-3.webp\" alt=\"Gie\u00dfmaschine f\u00fcr Keramikflaschen, T\u00f6pfe, Vasen und Haushaltswaren\" class=\"wp-image-6147\" style=\"width:500px\" title=\"\" srcset=\"https:\/\/yutaimachinery.com\/wp-content\/uploads\/2024\/04\/Slip-Casting-Machine-for-Ceramic-Bottle-Pot-Vase-Homerware-Production-3.webp 266w, https:\/\/yutaimachinery.com\/wp-content\/uploads\/2024\/04\/Slip-Casting-Machine-for-Ceramic-Bottle-Pot-Vase-Homerware-Production-3-150x150.webp 150w, https:\/\/yutaimachinery.com\/wp-content\/uploads\/2024\/04\/Slip-Casting-Machine-for-Ceramic-Bottle-Pot-Vase-Homerware-Production-3-12x12.webp 12w\" sizes=\"(max-width: 266px) 100vw, 266px\" \/><\/figure>\n<\/div>\n<\/div>\n\n\n\n<div class=\"wp-block-columns is-layout-flex wp-container-core-columns-is-layout-9d6595d7 wp-block-columns-is-layout-flex\">\n<div class=\"wp-block-column is-layout-flow wp-block-column-is-layout-flow\">\n<figure class=\"wp-block-image size-full\"><img loading=\"lazy\" decoding=\"async\" width=\"4032\" height=\"3024\" src=\"https:\/\/yutaimachinery.com\/wp-content\/uploads\/2024\/04\/Hollow-Casting-Machine-slip-casting-machine-3.webp\" alt=\"Gie\u00dfmaschine f\u00fcr Keramikflaschen, T\u00f6pfe, Vasen und Haushaltswaren\" class=\"wp-image-6150\" title=\"\" srcset=\"https:\/\/yutaimachinery.com\/wp-content\/uploads\/2024\/04\/Hollow-Casting-Machine-slip-casting-machine-3.webp 4032w, https:\/\/yutaimachinery.com\/wp-content\/uploads\/2024\/04\/Hollow-Casting-Machine-slip-casting-machine-3-300x225.webp 300w, https:\/\/yutaimachinery.com\/wp-content\/uploads\/2024\/04\/Hollow-Casting-Machine-slip-casting-machine-3-768x576.webp 768w, https:\/\/yutaimachinery.com\/wp-content\/uploads\/2024\/04\/Hollow-Casting-Machine-slip-casting-machine-3-16x12.webp 16w, https:\/\/yutaimachinery.com\/wp-content\/uploads\/2024\/04\/Hollow-Casting-Machine-slip-casting-machine-3-285x214.webp 285w, https:\/\/yutaimachinery.com\/wp-content\/uploads\/2024\/04\/Hollow-Casting-Machine-slip-casting-machine-3-1600x1200.webp 1600w, https:\/\/yutaimachinery.com\/wp-content\/uploads\/2024\/04\/Hollow-Casting-Machine-slip-casting-machine-3-800x600.webp 800w, https:\/\/yutaimachinery.com\/wp-content\/uploads\/2024\/04\/Hollow-Casting-Machine-slip-casting-machine-3-660x495.webp 660w, https:\/\/yutaimachinery.com\/wp-content\/uploads\/2024\/04\/Hollow-Casting-Machine-slip-casting-machine-3-150x113.webp 150w\" sizes=\"(max-width: 4032px) 100vw, 4032px\" \/><\/figure>\n<\/div>\n\n\n\n<div class=\"wp-block-column is-layout-flow wp-block-column-is-layout-flow\">\n<figure class=\"wp-block-image size-full\"><img loading=\"lazy\" decoding=\"async\" width=\"4032\" height=\"3024\" src=\"https:\/\/yutaimachinery.com\/wp-content\/uploads\/2024\/04\/Hollow-Casting-Machine-slip-casting-machine-4.webp\" alt=\"Gie\u00dfmaschine f\u00fcr Keramikflaschen, T\u00f6pfe, Vasen und Haushaltswaren\" class=\"wp-image-6151\" title=\"\" srcset=\"https:\/\/yutaimachinery.com\/wp-content\/uploads\/2024\/04\/Hollow-Casting-Machine-slip-casting-machine-4.webp 4032w, https:\/\/yutaimachinery.com\/wp-content\/uploads\/2024\/04\/Hollow-Casting-Machine-slip-casting-machine-4-300x225.webp 300w, https:\/\/yutaimachinery.com\/wp-content\/uploads\/2024\/04\/Hollow-Casting-Machine-slip-casting-machine-4-768x576.webp 768w, https:\/\/yutaimachinery.com\/wp-content\/uploads\/2024\/04\/Hollow-Casting-Machine-slip-casting-machine-4-16x12.webp 16w, https:\/\/yutaimachinery.com\/wp-content\/uploads\/2024\/04\/Hollow-Casting-Machine-slip-casting-machine-4-285x214.webp 285w, https:\/\/yutaimachinery.com\/wp-content\/uploads\/2024\/04\/Hollow-Casting-Machine-slip-casting-machine-4-1600x1200.webp 1600w, https:\/\/yutaimachinery.com\/wp-content\/uploads\/2024\/04\/Hollow-Casting-Machine-slip-casting-machine-4-800x600.webp 800w, https:\/\/yutaimachinery.com\/wp-content\/uploads\/2024\/04\/Hollow-Casting-Machine-slip-casting-machine-4-660x495.webp 660w, https:\/\/yutaimachinery.com\/wp-content\/uploads\/2024\/04\/Hollow-Casting-Machine-slip-casting-machine-4-150x113.webp 150w\" sizes=\"(max-width: 4032px) 100vw, 4032px\" \/><\/figure>\n<\/div>\n<\/div>\n\n\n\n<p><\/p>","protected":false},"excerpt":{"rendered":"<p><strong data-start=\"30\" data-end=\"64\">Die Yutai-Schleudergussmaschine<\/strong> ist eine vollautomatische Keramikformungslinie mit integrierter Formtrocknung. Sie produziert mehrere Formen gleichzeitig mit hoher Effizienz und eignet sich daher ideal f\u00fcr die Massenproduktion von unregelm\u00e4\u00dfigen Hohlkeramiken wie \u00d6lflaschen, Kaffeekannen, Teekannen und Vasen. Kontaktieren Sie uns f\u00fcr ma\u00dfgeschneiderte L\u00f6sungen und ein kostenloses Angebot.<\/p>\n<h2>Parameter der Schlickergussmaschine<\/h2>\n<table>\n<tbody>\n<tr>\n<td>\n<div class=\"block-editor-rich-text__editable rich-text\" role=\"textbox\" contenteditable=\"true\" aria-multiline=\"true\" aria-readonly=\"false\" aria-label=\"K\u00f6rperzellentext\"><strong>Dimension<\/strong><\/div>\n<\/td>\n<td>\n<div class=\"block-editor-rich-text__editable rich-text\" role=\"textbox\" contenteditable=\"true\" aria-multiline=\"true\" aria-readonly=\"false\" aria-label=\"K\u00f6rperzellentext\">1,3 x 30 m (Breite x L\u00e4nge)<\/div>\n<\/td>\n<\/tr>\n<tr>\n<td>\n<div class=\"block-editor-rich-text__editable rich-text\" role=\"textbox\" contenteditable=\"true\" aria-multiline=\"true\" aria-readonly=\"false\" aria-label=\"K\u00f6rperzellentext\"><strong>Schimmelstation<\/strong><\/div>\n<\/td>\n<td>\n<div class=\"block-editor-rich-text__editable rich-text\" role=\"textbox\" contenteditable=\"true\" aria-multiline=\"true\" aria-readonly=\"false\" aria-label=\"K\u00f6rperzellentext\">380 St\u00fcck<\/div>\n<\/td>\n<\/tr>\n<tr>\n<td>\n<div class=\"block-editor-rich-text__editable rich-text\" role=\"textbox\" contenteditable=\"true\" aria-multiline=\"true\" aria-readonly=\"false\" aria-label=\"K\u00f6rperzellentext\"><strong>Leistung (kw)<\/strong><\/div>\n<\/td>\n<td>\n<div class=\"block-editor-rich-text__editable rich-text\" role=\"textbox\" contenteditable=\"true\" aria-multiline=\"true\" aria-readonly=\"false\" aria-label=\"K\u00f6rperzellentext\">8 kw<\/div>\n<\/td>\n<\/tr>\n<tr>\n<td>\n<div class=\"block-editor-rich-text__editable rich-text\" role=\"textbox\" contenteditable=\"true\" aria-multiline=\"true\" aria-readonly=\"false\" aria-label=\"K\u00f6rperzellentext\"><strong>Produktionskapazit\u00e4t<\/strong><\/div>\n<\/td>\n<td>\n<div class=\"block-editor-rich-text__editable rich-text\" role=\"textbox\" contenteditable=\"true\" aria-multiline=\"true\" aria-readonly=\"false\" aria-label=\"K\u00f6rperzellentext\">4000\u20136000 St\u00fcck\/24 Stunden<\/div>\n<\/td>\n<\/tr>\n<tr>\n<td>\n<div class=\"block-editor-rich-text__editable rich-text\" role=\"textbox\" contenteditable=\"true\" aria-multiline=\"true\" aria-readonly=\"false\" aria-label=\"K\u00f6rperzellentext\"><strong>Konfiguration<\/strong><\/div>\n<\/td>\n<td>\n<div class=\"block-editor-rich-text__editable rich-text\" role=\"textbox\" contenteditable=\"true\" aria-multiline=\"true\" aria-readonly=\"false\" aria-label=\"K\u00f6rperzellentext\">Hei\u00dfluftsystem Trockenform<\/div>\n<\/td>\n<\/tr>\n<tr>\n<td>\n<div class=\"block-editor-rich-text__editable rich-text\" role=\"textbox\" contenteditable=\"true\" aria-multiline=\"true\" aria-readonly=\"false\" aria-label=\"K\u00f6rperzellentext\"><strong>Formverfahren<\/strong><\/div>\n<\/td>\n<td>\n<div class=\"block-editor-rich-text__editable rich-text\" role=\"textbox\" contenteditable=\"true\" aria-multiline=\"true\" aria-readonly=\"false\" aria-label=\"K\u00f6rperzellentext\">Zyklusloses \u00d6ffnen der Form, manuelles \u00d6ffnen der Form nach links und rechts durch eine Person<\/div>\n<\/td>\n<\/tr>\n<tr>\n<td>\n<div class=\"block-editor-rich-text__editable rich-text\" role=\"textbox\" contenteditable=\"true\" aria-multiline=\"true\" aria-readonly=\"false\" aria-label=\"K\u00f6rperzellentext\"><strong>Anwendungen<\/strong><\/div>\n<\/td>\n<td>\n<p>\u00d6lflaschen und Essigflaschen<br data-rich-text-line-break=\"true\" \/>Kaffeekannen und Teekannen<br data-rich-text-line-break=\"true\" \/>Keramikkessel und -kannen<br data-rich-text-line-break=\"true\" \/>Dekorative Keramikartikel<br \/>Geschirr mit Hohlstrukturen<br data-rich-text-line-break=\"true\" \/>Keramikprodukte in Sonderformen<br data-rich-text-line-break=\"true\" \/>Haushalts- und Gebrauchskeramik<br data-rich-text-line-break=\"true\" \/>OEM-\/ODM-Keramikproduktionslinien<\/p>\n<\/td>\n<\/tr>\n<\/tbody>\n<\/table>\n<h2>Komplettl\u00f6sung f\u00fcr die Schlitzgie\u00dfmaschine:<\/h2>\n<ol>\n<li><strong>Schl\u00fcsselfertige L\u00f6sungen f\u00fcr Gie\u00dfanlagen:<\/strong> Von der Auswahl der Ausr\u00fcstung bis zur Planung der gesamten Produktionslinie.<\/li>\n<li><strong>Formgestaltung und Anpassung:<\/strong> Ma\u00dfgeschneidert f\u00fcr verschiedene Formen, Gr\u00f6\u00dfen und Hohlstrukturen.<\/li>\n<li><strong>Integration in die Produktionslinie:<\/strong> Gie\u00dfen, Trocknen der Formen, Glasieren und Koordination des Brennvorgangs.<\/li>\n<li><strong>Installation und Inbetriebnahme:<\/strong> Technische Beratung vor Ort oder per Fernzugriff.<\/li>\n<li><strong>Schulung des Bedienpersonals:<\/strong> Gew\u00e4hrleistung eines stabilen und effizienten Betriebs.<\/li>\n<li><strong>Technischer Kundendienst:<\/strong> Schnelle Reaktion bei Wartung und Ersatzteilversorgung.<\/li>\n<li><strong>Dienstleistungen zur Prozessoptimierung:<\/strong> Verbesserung der Ausbeute, Oberfl\u00e4chenqualit\u00e4t und Konsistenz.<\/li>\n<\/ol>","protected":false},"featured_media":6268,"template":"","meta":{"_acf_changed":false},"product_brand":[],"product_cat":[55],"product_tag":[],"class_list":{"0":"post-3920","1":"product","2":"type-product","3":"status-publish","4":"has-post-thumbnail","6":"product_cat-ceramic-forming-machine","8":"first","9":"instock","10":"shipping-taxable","11":"product-type-simple"},"acf":{"customization_content":"<h2><\/h2>\r\n<div><\/div>","customization_content_source":{"label":"Customization Content","type":"wysiwyg","formatted_value":"<h2><\/h2>\n<div><\/div>\n"},"why_choose_us_content":"<h2 style=\"text-align: center;\">Why Choose Us as Your Slip Casting Machine Supplier<\/h2>\r\n\r\n<hr \/>\r\n<p style=\"text-align: center;\">Yutai as a ceramic machine manufacturer, maintains strict quality standards and excellent service. Revolutionize your manufacturing processes with cutting-edge automation technology that streamlines forming and enhances efficiency.<\/p>","why_choose_us_content_source":{"label":"Why Choose Us Content","type":"wysiwyg","formatted_value":"<h2 style=\"text-align: center;\">Why Choose Us as Your Slip Casting Machine Supplier<\/h2>\n<hr \/>\n<p style=\"text-align: center;\">Yutai as a ceramic machine manufacturer, maintains strict quality standards and excellent service. Revolutionize your manufacturing processes with cutting-edge automation technology that streamlines forming and enhances efficiency.<\/p>\n"}},"_links":{"self":[{"href":"https:\/\/yutaimachinery.com\/de\/wp-json\/wp\/v2\/product\/3920","targetHints":{"allow":["GET"]}}],"collection":[{"href":"https:\/\/yutaimachinery.com\/de\/wp-json\/wp\/v2\/product"}],"about":[{"href":"https:\/\/yutaimachinery.com\/de\/wp-json\/wp\/v2\/types\/product"}],"version-history":[{"count":0,"href":"https:\/\/yutaimachinery.com\/de\/wp-json\/wp\/v2\/product\/3920\/revisions"}],"wp:featuredmedia":[{"embeddable":true,"href":"https:\/\/yutaimachinery.com\/de\/wp-json\/wp\/v2\/media\/6268"}],"wp:attachment":[{"href":"https:\/\/yutaimachinery.com\/de\/wp-json\/wp\/v2\/media?parent=3920"}],"wp:term":[{"taxonomy":"product_brand","embeddable":true,"href":"https:\/\/yutaimachinery.com\/de\/wp-json\/wp\/v2\/product_brand?post=3920"},{"taxonomy":"product_cat","embeddable":true,"href":"https:\/\/yutaimachinery.com\/de\/wp-json\/wp\/v2\/product_cat?post=3920"},{"taxonomy":"product_tag","embeddable":true,"href":"https:\/\/yutaimachinery.com\/de\/wp-json\/wp\/v2\/product_tag?post=3920"}],"curies":[{"name":"wp","href":"https:\/\/api.w.org\/{rel}","templated":true}]}}