{"id":3907,"date":"2024-04-24T16:04:47","date_gmt":"2024-04-24T08:04:47","guid":{"rendered":"https:\/\/yutaimachinery.com\/?post_type=product&#038;p=3907"},"modified":"2025-12-14T14:33:50","modified_gmt":"2025-12-14T06:33:50","slug":"ceramic-jigger-machine-2","status":"publish","type":"product","link":"https:\/\/yutaimachinery.com\/de\/product\/ceramic-jigger-machine-2\/","title":{"rendered":"Hydraulische vertikale Selbstformungsmaschine f\u00fcr Keramik"},"content":{"rendered":"<div class=\"wp-block-columns is-layout-flex wp-container-core-columns-is-layout-9d6595d7 wp-block-columns-is-layout-flex\">\n<div class=\"wp-block-column is-layout-flow wp-block-column-is-layout-flow\">\n<figure class=\"wp-block-embed is-type-video is-provider-youtube wp-block-embed-youtube wp-embed-aspect-16-9 wp-has-aspect-ratio\"><div class=\"wp-block-embed__wrapper\">\n<iframe title=\"Vertikaldrehmaschine\" width=\"940\" height=\"529\" src=\"https:\/\/www.youtube.com\/embed\/R7N6SQHSKXI?feature=oembed\" frameborder=\"0\" allow=\"accelerometer; autoplay; clipboard-write; encrypted-media; gyroscope; picture-in-picture; web-share\" referrerpolicy=\"strict-origin-when-cross-origin\" allowfullscreen><\/iframe>\n<\/div><\/figure>\n<\/div>\n\n\n\n<div class=\"wp-block-column is-layout-flow wp-block-column-is-layout-flow\">\n<h2 class=\"wp-block-heading\"><strong>Keramische R\u00fcttelmaschine Merkmale:<\/strong><\/h2>\n\n\n\n<p><strong>Pr\u00e4zisionssteuerung: <\/strong>Ausgestattet mit einem PLC-Mikrocomputer zur pr\u00e4zisen Steuerung der Abl\u00e4ufe, wodurch die Konsistenz und Qualit\u00e4t der Keramikprodukte verbessert wird.<\/p>\n\n\n\n<p><strong>Einstellbare Geschwindigkeit: <\/strong>Die Auf- und Abw\u00e4rtsgeschwindigkeit der Matrizen wird durch eine Frequenzregelung gesteuert, die flexible Anpassungen an unterschiedliche Produktionsanforderungen erm\u00f6glicht.<\/p>\n\n\n\n<p><strong>Anpassungen: <\/strong>Formen und R\u00fcttelk\u00f6pfe k\u00f6nnen von den Kunden individuell angepasst werden, was eine gro\u00dfe Vielseitigkeit bei der Herstellung einer breiten Palette von Keramikartikeln gem\u00e4\u00df spezifischen Designanforderungen erm\u00f6glicht.<\/p>\n<\/div>\n<\/div>\n\n\n\n<p><\/p>","protected":false},"excerpt":{"rendered":"<p>Yutai Fabrik ist spezialisiert auf die Herstellung von Keramik R\u00fcttler. Diese keramische R\u00fcttelmaschine ist gut f\u00fcr die Herstellung von gro\u00dfen Tont\u00f6pfen, tiefen Tassen und Blument\u00f6pfen. Sie wird von einem PLC-Mikrocomputer gesteuert und die Geschwindigkeit der oberen und unteren Matrize wird durch Frequenzumwandlung gesteuert. Die Form und die Setzk\u00f6pfe k\u00f6nnen je nach Kundenwunsch angepasst werden.<\/p>\n<h2>Alles aus einer Hand f\u00fcr keramische Setzmaschinen:<\/h2>\n<ol>\n<li>\n<p>Fabrikpreis: Als Hersteller von keramischen Maschinen bieten wir kosteng\u00fcnstige Tonschneidemaschinen an. Bitte kontaktieren Sie uns, um den Fabrikpreis zu erhalten.<\/p>\n<\/li>\n<li>\n<p>Technische Unterst\u00fctzung: Professionelle technische Anleitung und mechanische Installation, mit Videoanleitungen f\u00fcr eine schnelle Nutzung des Produkts<\/p>\n<\/li>\n<li>\n<p>Ersatzteile: Eine Reihe von Original-Ersatzteilen liefern.<\/p>\n<\/li>\n<li>\n<p>Unterst\u00fctzung nach dem Kauf: 24-Stunden-Online-Hilfe, um sicherzustellen, dass Sie mit den keramischen Jigger-Maschinen zufrieden sind und dass sie reibungslos in Ihrer Produktionslinie eingesetzt werden.<\/p>\n<\/li>\n<\/ol>","protected":false},"featured_media":3914,"template":"","meta":{"_acf_changed":false},"product_brand":[],"product_cat":[55],"product_tag":[77],"class_list":{"0":"post-3907","1":"product","2":"type-product","3":"status-publish","4":"has-post-thumbnail","6":"product_cat-ceramic-forming-machine","7":"product_tag-jigger-machine","9":"first","10":"instock","11":"shipping-taxable","12":"product-type-simple"},"acf":{"customization_content":"<h2><\/h2>\r\n<div><\/div>","customization_content_source":{"label":"Customization Content","type":"wysiwyg","formatted_value":"<h2><\/h2>\n<div><\/div>\n"},"why_choose_us_content":"<h2 style=\"text-align: center;\">Why Choose Us as Your Ceramic Jigger Machine Supplier<\/h2>\r\n\r\n<hr \/>\r\n<p style=\"text-align: center;\">Yutai as a ceramic machine manufacturer, maintains strict quality standards and excellent service. Revolutionize your manufacturing processes with cutting-edge automation technology that streamlines forming and enhances efficiency.<\/p>","why_choose_us_content_source":{"label":"Why Choose Us Content","type":"wysiwyg","formatted_value":"<h2 style=\"text-align: center;\">Why Choose Us as Your Ceramic Jigger Machine Supplier<\/h2>\n<hr \/>\n<p style=\"text-align: center;\">Yutai as a ceramic machine manufacturer, maintains strict quality standards and excellent service. Revolutionize your manufacturing processes with cutting-edge automation technology that streamlines forming and enhances efficiency.<\/p>\n"}},"_links":{"self":[{"href":"https:\/\/yutaimachinery.com\/de\/wp-json\/wp\/v2\/product\/3907","targetHints":{"allow":["GET"]}}],"collection":[{"href":"https:\/\/yutaimachinery.com\/de\/wp-json\/wp\/v2\/product"}],"about":[{"href":"https:\/\/yutaimachinery.com\/de\/wp-json\/wp\/v2\/types\/product"}],"version-history":[{"count":0,"href":"https:\/\/yutaimachinery.com\/de\/wp-json\/wp\/v2\/product\/3907\/revisions"}],"wp:featuredmedia":[{"embeddable":true,"href":"https:\/\/yutaimachinery.com\/de\/wp-json\/wp\/v2\/media\/3914"}],"wp:attachment":[{"href":"https:\/\/yutaimachinery.com\/de\/wp-json\/wp\/v2\/media?parent=3907"}],"wp:term":[{"taxonomy":"product_brand","embeddable":true,"href":"https:\/\/yutaimachinery.com\/de\/wp-json\/wp\/v2\/product_brand?post=3907"},{"taxonomy":"product_cat","embeddable":true,"href":"https:\/\/yutaimachinery.com\/de\/wp-json\/wp\/v2\/product_cat?post=3907"},{"taxonomy":"product_tag","embeddable":true,"href":"https:\/\/yutaimachinery.com\/de\/wp-json\/wp\/v2\/product_tag?post=3907"}],"curies":[{"name":"wp","href":"https:\/\/api.w.org\/{rel}","templated":true}]}}