{"id":3898,"date":"2024-04-24T15:03:32","date_gmt":"2024-04-24T07:03:32","guid":{"rendered":"https:\/\/yutaimachinery.com\/?post_type=product&#038;p=3898"},"modified":"2024-04-24T16:04:32","modified_gmt":"2024-04-24T08:04:32","slug":"vakuumentluftungsfass-2","status":"publish","type":"product","link":"https:\/\/yutaimachinery.com\/de\/product\/vacuum-de-bubbling-barrel\/","title":{"rendered":"Vakuum-Entl\u00fcfterfass 1-5T Hocheffizient"},"content":{"rendered":"<div class=\"wp-block-columns is-layout-flex wp-container-core-columns-is-layout-9d6595d7 wp-block-columns-is-layout-flex\">\n<div class=\"wp-block-column is-layout-flow wp-block-column-is-layout-flow\">\n<h2 class=\"wp-block-heading\"><strong>Vakuum-Entl\u00fcftungsf\u00e4sser:<\/strong><\/h2>\n\n\n\n<p>Unser Vakuum-Einzelblasenfass wurde entwickelt, um einen Schlamm mit hervorragender Flie\u00dff\u00e4higkeit und ohne Blasen zu erzeugen, der sich ideal f\u00fcr den Schlickerguss eignet. Ausgestattet mit starken Vakuumierungsf\u00e4higkeiten, erzeugt es Produkte mit minimalen Nadell\u00f6chern und optimaler Dichte. Er ist vollst\u00e4ndig aus rostfreiem Stahl gefertigt und in verschiedenen Gr\u00f6\u00dfen erh\u00e4ltlich, darunter 1T, 2T, 3T, 4T und 5T. Wir k\u00f6nnen die Maschine an Ihre spezifischen Anforderungen anpassen und so perfekt auf Ihre Produktionsbed\u00fcrfnisse abstimmen.<\/p>\n<\/div>\n\n\n\n<div class=\"wp-block-column is-layout-flow wp-block-column-is-layout-flow\"><div class=\"wp-block-image\">\n<figure class=\"aligncenter size-full is-resized\"><img fetchpriority=\"high\" decoding=\"async\" width=\"3024\" height=\"3024\" src=\"https:\/\/yutaimachinery.com\/wp-content\/uploads\/2024\/04\/Vacuum-de-bubbling-barrels.webp\" alt=\"Vakuum-Entl\u00fcftungsf\u00e4sser\" class=\"wp-image-3903\" style=\"width:361px;height:auto\" title=\"\" srcset=\"https:\/\/yutaimachinery.com\/wp-content\/uploads\/2024\/04\/Vacuum-de-bubbling-barrels.webp 3024w, https:\/\/yutaimachinery.com\/wp-content\/uploads\/2024\/04\/Vacuum-de-bubbling-barrels-300x300.webp 300w, https:\/\/yutaimachinery.com\/wp-content\/uploads\/2024\/04\/Vacuum-de-bubbling-barrels-150x150.webp 150w, https:\/\/yutaimachinery.com\/wp-content\/uploads\/2024\/04\/Vacuum-de-bubbling-barrels-768x768.webp 768w, https:\/\/yutaimachinery.com\/wp-content\/uploads\/2024\/04\/Vacuum-de-bubbling-barrels-285x285.webp 285w, https:\/\/yutaimachinery.com\/wp-content\/uploads\/2024\/04\/Vacuum-de-bubbling-barrels-1600x1600.webp 1600w, https:\/\/yutaimachinery.com\/wp-content\/uploads\/2024\/04\/Vacuum-de-bubbling-barrels-270x270.webp 270w, https:\/\/yutaimachinery.com\/wp-content\/uploads\/2024\/04\/Vacuum-de-bubbling-barrels-540x540.webp 540w, https:\/\/yutaimachinery.com\/wp-content\/uploads\/2024\/04\/Vacuum-de-bubbling-barrels-660x660.webp 660w\" sizes=\"(max-width: 3024px) 100vw, 3024px\" \/><\/figure>\n<\/div><\/div>\n<\/div>","protected":false},"excerpt":{"rendered":"<p>Unsere Vakuum-Entl\u00fcftungstrommeln sorgen f\u00fcr hervorragende Flie\u00dff\u00e4higkeit und minimale Blasenbildung beim Gie\u00dfen. Erh\u00e4ltlich in den Gr\u00f6\u00dfen 1T-5T, anpassbar und aus rostfreiem Stahl.<\/p>\n<h2>Alles aus einer Hand f\u00fcr das Vakuum-Entl\u00fcftungsfass:<\/h2>\n<ol>\n<li>\n<p>Fabrikpreis: Als Hersteller von keramischen Maschinen bieten wir kosteng\u00fcnstige Tonschneidemaschinen an. Bitte kontaktieren Sie uns, um den Fabrikpreis zu erhalten.<\/p>\n<\/li>\n<li>\n<p>Technische Unterst\u00fctzung: Professionelle technische Anleitung und mechanische Installation, mit Videoanleitungen f\u00fcr eine schnelle Nutzung des Produkts<\/p>\n<\/li>\n<li>\n<p>Ersatzteile: Eine Reihe von Original-Ersatzteilen liefern.<\/p>\n<\/li>\n<li>\n<p>Unterst\u00fctzung nach dem Kauf: 24-Stunden-Online-Hilfe, um sicherzustellen, dass Sie mit den Vakuum-Entl\u00fcftungsf\u00e4ssern zufrieden sind und dass sie reibungslos in Ihrer Produktionslinie eingesetzt werden.<\/p>\n<\/li>\n<\/ol>","protected":false},"featured_media":3899,"template":"","meta":{"_acf_changed":false},"product_brand":[],"product_cat":[55],"product_tag":[],"class_list":{"0":"post-3898","1":"product","2":"type-product","3":"status-publish","4":"has-post-thumbnail","6":"product_cat-ceramic-forming-machine","8":"first","9":"instock","10":"shipping-taxable","11":"product-type-simple"},"acf":{"customization_content":"<h2><\/h2>\r\n<div><\/div>","customization_content_source":{"label":"Customization Content","type":"wysiwyg","formatted_value":"<h2><\/h2>\n<div><\/div>\n"},"why_choose_us_content":"<h2 style=\"text-align: center;\">Why Choose Us as Your Vacuum De-Bubbling Barrel Supplier<\/h2>\r\n\r\n<hr \/>\r\n<p style=\"text-align: center;\">Yutai as a ceramic machine manufacturer, maintains strict quality standards and excellent service. Revolutionize your manufacturing processes with cutting-edge automation technology that streamlines forming and enhances efficiency.<\/p>","why_choose_us_content_source":{"label":"Why Choose Us Content","type":"wysiwyg","formatted_value":"<h2 style=\"text-align: center;\">Why Choose Us as Your Vacuum De-Bubbling Barrel Supplier<\/h2>\n<hr \/>\n<p style=\"text-align: center;\">Yutai as a ceramic machine manufacturer, maintains strict quality standards and excellent service. Revolutionize your manufacturing processes with cutting-edge automation technology that streamlines forming and enhances efficiency.<\/p>\n"}},"_links":{"self":[{"href":"https:\/\/yutaimachinery.com\/de\/wp-json\/wp\/v2\/product\/3898","targetHints":{"allow":["GET"]}}],"collection":[{"href":"https:\/\/yutaimachinery.com\/de\/wp-json\/wp\/v2\/product"}],"about":[{"href":"https:\/\/yutaimachinery.com\/de\/wp-json\/wp\/v2\/types\/product"}],"version-history":[{"count":0,"href":"https:\/\/yutaimachinery.com\/de\/wp-json\/wp\/v2\/product\/3898\/revisions"}],"wp:featuredmedia":[{"embeddable":true,"href":"https:\/\/yutaimachinery.com\/de\/wp-json\/wp\/v2\/media\/3899"}],"wp:attachment":[{"href":"https:\/\/yutaimachinery.com\/de\/wp-json\/wp\/v2\/media?parent=3898"}],"wp:term":[{"taxonomy":"product_brand","embeddable":true,"href":"https:\/\/yutaimachinery.com\/de\/wp-json\/wp\/v2\/product_brand?post=3898"},{"taxonomy":"product_cat","embeddable":true,"href":"https:\/\/yutaimachinery.com\/de\/wp-json\/wp\/v2\/product_cat?post=3898"},{"taxonomy":"product_tag","embeddable":true,"href":"https:\/\/yutaimachinery.com\/de\/wp-json\/wp\/v2\/product_tag?post=3898"}],"curies":[{"name":"wp","href":"https:\/\/api.w.org\/{rel}","templated":true}]}}