{"id":3885,"date":"2024-04-23T17:18:52","date_gmt":"2024-04-23T09:18:52","guid":{"rendered":"https:\/\/yutaimachinery.com\/?post_type=product&#038;p=3885"},"modified":"2024-04-24T15:02:25","modified_gmt":"2024-04-24T07:02:25","slug":"clay-cutter-machine","status":"publish","type":"product","link":"https:\/\/yutaimachinery.com\/de\/product\/clay-cutter-machine\/","title":{"rendered":"Automatische Tonschneidemaschine f\u00fcr Tonformung"},"content":{"rendered":"<div class=\"wp-block-columns is-layout-flex wp-container-core-columns-is-layout-9d6595d7 wp-block-columns-is-layout-flex\">\n<div class=\"wp-block-column is-layout-flow wp-block-column-is-layout-flow\">\n<h2 class=\"wp-block-heading\"><strong>Lehmschneidemaschine Parameter:<\/strong><\/h2>\n\n\n\n<figure class=\"wp-block-table\"><table><tbody><tr><td>Modell<\/td><td>250<\/td><\/tr><tr><td>Maximale Gr\u00f6\u00dfe des Auslasses (cm)<\/td><td>25cm<\/td><\/tr><tr><td>Abmessung (lxbxh)<\/td><td>120x55x138cm(h)<\/td><\/tr><tr><td>Gewicht (kg)<\/td><td>200<\/td><\/tr><\/tbody><\/table><\/figure>\n<\/div>\n\n\n\n<div class=\"wp-block-column is-layout-flow wp-block-column-is-layout-flow\"><div class=\"wp-block-image\">\n<figure class=\"aligncenter size-full is-resized\"><img fetchpriority=\"high\" decoding=\"async\" width=\"3024\" height=\"3024\" src=\"https:\/\/yutaimachinery.com\/wp-content\/uploads\/2024\/04\/Clay-Cutter-Machine4.jpeg\" alt=\"Tonschneidemaschine\" class=\"wp-image-3890\" style=\"width:361px;height:auto\" title=\"\" srcset=\"https:\/\/yutaimachinery.com\/wp-content\/uploads\/2024\/04\/Clay-Cutter-Machine4.jpeg 3024w, https:\/\/yutaimachinery.com\/wp-content\/uploads\/2024\/04\/Clay-Cutter-Machine4-300x300.jpeg 300w, https:\/\/yutaimachinery.com\/wp-content\/uploads\/2024\/04\/Clay-Cutter-Machine4-150x150.jpeg 150w, https:\/\/yutaimachinery.com\/wp-content\/uploads\/2024\/04\/Clay-Cutter-Machine4-768x768.jpeg 768w, https:\/\/yutaimachinery.com\/wp-content\/uploads\/2024\/04\/Clay-Cutter-Machine4-285x285.jpeg 285w, https:\/\/yutaimachinery.com\/wp-content\/uploads\/2024\/04\/Clay-Cutter-Machine4-1600x1600.jpeg 1600w, https:\/\/yutaimachinery.com\/wp-content\/uploads\/2024\/04\/Clay-Cutter-Machine4-270x270.jpeg 270w, https:\/\/yutaimachinery.com\/wp-content\/uploads\/2024\/04\/Clay-Cutter-Machine4-540x540.jpeg 540w, https:\/\/yutaimachinery.com\/wp-content\/uploads\/2024\/04\/Clay-Cutter-Machine4-660x660.jpeg 660w\" sizes=\"(max-width: 3024px) 100vw, 3024px\" \/><\/figure>\n<\/div><\/div>\n<\/div>","protected":false},"excerpt":{"rendered":"<p>Diese automatische Tonschneidemaschine arbeitet mit einer Formmaschine zusammen und kann die Tonl\u00e4nge nach Bedarf direkt an der Maschine einstellen. Um die Formgebung Produkte mit gleichm\u00e4\u00dfiger Dicke zu machen und sparen Sie die Ton-Materialien. Yutai Gro\u00dfhandel und benutzerdefinierte keramische Formmaschinen, bieten technische Unterst\u00fctzung f\u00fcr jeden Kunden.<\/p>\n<h2>Alles aus einer Hand f\u00fcr Tonschneidemaschinen:<\/h2>\n<ol>\n<li>\n<p>Fabrikpreis: Als Hersteller von keramischen Maschinen bieten wir kosteng\u00fcnstige Tonschneidemaschinen an. Bitte kontaktieren Sie uns, um den Fabrikpreis zu erhalten.<\/p>\n<\/li>\n<li>\n<p>Technische Unterst\u00fctzung: Professionelle technische Anleitung und mechanische Installation, mit Videoanleitungen f\u00fcr eine schnelle Nutzung des Produkts<\/p>\n<\/li>\n<li>\n<p>Ersatzteile: Eine Reihe von Original-Ersatzteilen liefern.<\/p>\n<\/li>\n<li>\n<p>Unterst\u00fctzung nach dem Kauf: 24-Stunden-Online-Hilfe, um sicherzustellen, dass Sie mit der Tonschneidemaschine zufrieden sind und dass sie reibungslos in Ihrer Produktionslinie eingesetzt wird.<\/p>\n<\/li>\n<\/ol>","protected":false},"featured_media":3891,"template":"","meta":{"_acf_changed":false},"product_brand":[],"product_cat":[55],"product_tag":[],"class_list":{"0":"post-3885","1":"product","2":"type-product","3":"status-publish","4":"has-post-thumbnail","6":"product_cat-ceramic-forming-machine","8":"first","9":"instock","10":"shipping-taxable","11":"product-type-simple"},"acf":{"customization_content":"<h2><\/h2>\r\n<div><\/div>","customization_content_source":{"label":"Customization Content","type":"wysiwyg","formatted_value":"<h2><\/h2>\n<div><\/div>\n"},"why_choose_us_content":"<h2 style=\"text-align: center;\">Why Choose Us as Your Clay Cutter Machine Supplier<\/h2>\r\n\r\n<hr \/>\r\n<p style=\"text-align: center;\">Yutai as a ceramic machine manufacturer, maintains strict quality standards and excellent service. Revolutionize your manufacturing processes with cutting-edge automation technology that streamlines forming and enhances efficiency.<\/p>","why_choose_us_content_source":{"label":"Why Choose Us Content","type":"wysiwyg","formatted_value":"<h2 style=\"text-align: center;\">Why Choose Us as Your Clay Cutter Machine Supplier<\/h2>\n<hr \/>\n<p style=\"text-align: center;\">Yutai as a ceramic machine manufacturer, maintains strict quality standards and excellent service. Revolutionize your manufacturing processes with cutting-edge automation technology that streamlines forming and enhances efficiency.<\/p>\n"}},"_links":{"self":[{"href":"https:\/\/yutaimachinery.com\/de\/wp-json\/wp\/v2\/product\/3885","targetHints":{"allow":["GET"]}}],"collection":[{"href":"https:\/\/yutaimachinery.com\/de\/wp-json\/wp\/v2\/product"}],"about":[{"href":"https:\/\/yutaimachinery.com\/de\/wp-json\/wp\/v2\/types\/product"}],"version-history":[{"count":0,"href":"https:\/\/yutaimachinery.com\/de\/wp-json\/wp\/v2\/product\/3885\/revisions"}],"wp:featuredmedia":[{"embeddable":true,"href":"https:\/\/yutaimachinery.com\/de\/wp-json\/wp\/v2\/media\/3891"}],"wp:attachment":[{"href":"https:\/\/yutaimachinery.com\/de\/wp-json\/wp\/v2\/media?parent=3885"}],"wp:term":[{"taxonomy":"product_brand","embeddable":true,"href":"https:\/\/yutaimachinery.com\/de\/wp-json\/wp\/v2\/product_brand?post=3885"},{"taxonomy":"product_cat","embeddable":true,"href":"https:\/\/yutaimachinery.com\/de\/wp-json\/wp\/v2\/product_cat?post=3885"},{"taxonomy":"product_tag","embeddable":true,"href":"https:\/\/yutaimachinery.com\/de\/wp-json\/wp\/v2\/product_tag?post=3885"}],"curies":[{"name":"wp","href":"https:\/\/api.w.org\/{rel}","templated":true}]}}