{"id":3866,"date":"2024-04-17T14:43:37","date_gmt":"2024-04-17T06:43:37","guid":{"rendered":"https:\/\/yutaimachinery.com\/?post_type=product&#038;p=3866"},"modified":"2024-06-24T21:18:08","modified_gmt":"2024-06-24T13:18:08","slug":"tonschneidemaschine-2","status":"publish","type":"product","link":"https:\/\/yutaimachinery.com\/de\/product\/clay-cutting-machine\/","title":{"rendered":"Automatische Lehmschneidemaschine f\u00fcr Pug Mill"},"content":{"rendered":"<h2 class=\"wp-block-heading\"><strong>Lehmschneidemaschine Parameter:<\/strong><\/h2>\n\n\n\n<figure class=\"wp-block-table\"><table><tbody><tr><td>Modell<\/td><td>Max. Lehmdurchmesser(cm)<\/td><td>Abmessung (lxbxh)<\/td><td>Gewicht (kg)<\/td><\/tr><tr><td>250<\/td><td>25cm<\/td><td>190x70x140cm(h)<\/td><td>300<\/td><\/tr><tr><td>350<\/td><td>35cm<\/td><td>190x80x145cm(h)<\/td><td>400<\/td><\/tr><tr><td>500<\/td><td>50cm<\/td><td>190x100x150cm(h)<\/td><td>500<\/td><\/tr><\/tbody><\/table><\/figure>\n\n\n\n<p><\/p>","protected":false},"excerpt":{"rendered":"<p>Die automatische Tonschneidemaschine der Yutai Factory, die mit einer Tonschneidem\u00fchle kombiniert werden kann, ist eine effiziente Produktionslinie f\u00fcr keramischen Schlamm. Die Tonschneidemaschine stellt die Tonl\u00e4nge entsprechend dem Bedarf ein, und die Maschine schneidet automatisch, um Effizienz zu gew\u00e4hrleisten.<\/p>\n<h2>Alles aus einer Hand f\u00fcr den Tonschnitt <strong>Maschine<\/strong>:<\/h2>\n<ol>\n<li>\n<p>Fabrikpreis: Wir sind ein Hersteller von keramischen Maschinen und bieten kosteng\u00fcnstige Maschinen zur Herstellung von keramischem Ton an. Bitte kontaktieren Sie uns, um den Fabrikpreis zu erhalten.<\/p>\n<\/li>\n<li>\n<p>Technische Unterst\u00fctzung: Professionelle technische Anleitung und mechanische Installation, mit Videoanleitungen f\u00fcr eine schnelle Nutzung des Produkts<\/p>\n<\/li>\n<li>\n<p>Ersatzteile: Eine Reihe von Original-Ersatzteilen liefern.<\/p>\n<\/li>\n<li>\n<p>Unterst\u00fctzung nach dem Kauf: 24-Stunden-Online-Hilfe, um sicherzustellen, dass Sie mit der Tonschneidem\u00fchle zufrieden sind und dass sie reibungslos in Ihrer Produktionslinie eingesetzt wird.<\/p>\n<\/li>\n<\/ol>","protected":false},"featured_media":3869,"template":"","meta":{"_acf_changed":false},"product_brand":[],"product_cat":[54],"product_tag":[],"class_list":{"0":"post-3866","1":"product","2":"type-product","3":"status-publish","4":"has-post-thumbnail","6":"product_cat-clay-making-machine","8":"first","9":"instock","10":"shipping-taxable","11":"product-type-simple"},"acf":{"customization_content":"<h2><\/h2>\r\n<div><\/div>","customization_content_source":{"label":"Customization Content","type":"wysiwyg","formatted_value":"<h2><\/h2>\n<div><\/div>\n"},"why_choose_us_content":"<h2 style=\"text-align: center;\">Why Choose Us as Your Clay Cutting Machine\u00a0Supplier<\/h2>\r\n\r\n<hr \/>\r\n<p style=\"text-align: center;\">Yutai as a ceramic tableware manufacturer, maintains strict quality standards and excellent service. Revolutionize your manufacturing processes with cutting-edge automation technology that streamlines forming and enhances efficiency.<\/p>","why_choose_us_content_source":{"label":"Why Choose Us Content","type":"wysiwyg","formatted_value":"<h2 style=\"text-align: center;\">Why Choose Us as Your Clay Cutting Machine\u00a0Supplier<\/h2>\n<hr \/>\n<p style=\"text-align: center;\">Yutai as a ceramic tableware manufacturer, maintains strict quality standards and excellent service. Revolutionize your manufacturing processes with cutting-edge automation technology that streamlines forming and enhances efficiency.<\/p>\n"}},"_links":{"self":[{"href":"https:\/\/yutaimachinery.com\/de\/wp-json\/wp\/v2\/product\/3866","targetHints":{"allow":["GET"]}}],"collection":[{"href":"https:\/\/yutaimachinery.com\/de\/wp-json\/wp\/v2\/product"}],"about":[{"href":"https:\/\/yutaimachinery.com\/de\/wp-json\/wp\/v2\/types\/product"}],"version-history":[{"count":0,"href":"https:\/\/yutaimachinery.com\/de\/wp-json\/wp\/v2\/product\/3866\/revisions"}],"wp:featuredmedia":[{"embeddable":true,"href":"https:\/\/yutaimachinery.com\/de\/wp-json\/wp\/v2\/media\/3869"}],"wp:attachment":[{"href":"https:\/\/yutaimachinery.com\/de\/wp-json\/wp\/v2\/media?parent=3866"}],"wp:term":[{"taxonomy":"product_brand","embeddable":true,"href":"https:\/\/yutaimachinery.com\/de\/wp-json\/wp\/v2\/product_brand?post=3866"},{"taxonomy":"product_cat","embeddable":true,"href":"https:\/\/yutaimachinery.com\/de\/wp-json\/wp\/v2\/product_cat?post=3866"},{"taxonomy":"product_tag","embeddable":true,"href":"https:\/\/yutaimachinery.com\/de\/wp-json\/wp\/v2\/product_tag?post=3866"}],"curies":[{"name":"wp","href":"https:\/\/api.w.org\/{rel}","templated":true}]}}