{"id":3848,"date":"2024-04-17T11:18:12","date_gmt":"2024-04-17T03:18:12","guid":{"rendered":"https:\/\/yutaimachinery.com\/?post_type=product&#038;p=3848"},"modified":"2024-04-17T11:53:58","modified_gmt":"2024-04-17T03:53:58","slug":"lehmknetmaschine","status":"publish","type":"product","link":"https:\/\/yutaimachinery.com\/de\/product\/clay-pug-mill\/","title":{"rendered":"Drei-Achsen-Ton-M\u00fchle Vakuum-Keramik-Mischer Herstellung"},"content":{"rendered":"<div class=\"wp-block-columns is-layout-flex wp-container-core-columns-is-layout-9d6595d7 wp-block-columns-is-layout-flex\">\n<div class=\"wp-block-column is-layout-flow wp-block-column-is-layout-flow\"><div class=\"wp-block-image\">\n<figure class=\"aligncenter size-full is-resized\"><img fetchpriority=\"high\" decoding=\"async\" width=\"3024\" height=\"3024\" src=\"https:\/\/yutaimachinery.com\/wp-content\/uploads\/2024\/04\/clay-pug-mill4.webp\" alt=\"Lehmknetmaschine\" class=\"wp-image-3855\" style=\"width:314px;height:auto\" title=\"\" srcset=\"https:\/\/yutaimachinery.com\/wp-content\/uploads\/2024\/04\/clay-pug-mill4.webp 3024w, https:\/\/yutaimachinery.com\/wp-content\/uploads\/2024\/04\/clay-pug-mill4-300x300.webp 300w, https:\/\/yutaimachinery.com\/wp-content\/uploads\/2024\/04\/clay-pug-mill4-150x150.webp 150w, https:\/\/yutaimachinery.com\/wp-content\/uploads\/2024\/04\/clay-pug-mill4-768x768.webp 768w, https:\/\/yutaimachinery.com\/wp-content\/uploads\/2024\/04\/clay-pug-mill4-285x285.webp 285w, https:\/\/yutaimachinery.com\/wp-content\/uploads\/2024\/04\/clay-pug-mill4-1600x1600.webp 1600w, https:\/\/yutaimachinery.com\/wp-content\/uploads\/2024\/04\/clay-pug-mill4-270x270.webp 270w, https:\/\/yutaimachinery.com\/wp-content\/uploads\/2024\/04\/clay-pug-mill4-540x540.webp 540w, https:\/\/yutaimachinery.com\/wp-content\/uploads\/2024\/04\/clay-pug-mill4-660x660.webp 660w\" sizes=\"(max-width: 3024px) 100vw, 3024px\" \/><\/figure>\n<\/div><\/div>\n\n\n\n<div class=\"wp-block-column is-layout-flow wp-block-column-is-layout-flow\">\n<h2 class=\"wp-block-heading\"><strong>Lehm-Mopsm\u00fchle <strong>Eigenschaften<\/strong>:<\/strong><\/h2>\n\n\n\n<p>Wir sind ein Hersteller von Keramikmaschinen und bieten eine breite Palette von Tonm\u00fchlen an. Diese Tonschneckenm\u00fchle verwendet dreiachsige Mischtechnologie und ist mit einer Vakuumentgasungskammer ausgestattet. Es kann f\u00fcr die Raffination von Schlamm mit einem Feuchtigkeitsgehalt von 18-24% verwendet werden, so dass die Dichte des Gewebes erh\u00f6ht und die Plastizit\u00e4t verbessert wird.<\/p>\n<\/div>\n<\/div>\n\n\n\n<h2 class=\"wp-block-heading\"><strong>Tonschneckenm\u00fchle Parameter:<\/strong><\/h2>\n\n\n\n<figure class=\"wp-block-table\"><table><tbody><tr><td>Modell<\/td><td>Maximale Gr\u00f6\u00dfe des Auslasses (cm)<\/td><td>Kapazit\u00e4t<\/td><td>Leistung(kw)<\/td><td>Abmessungdxbxh)<\/td><td>Gewicht (kg)<\/td><\/tr><tr><td>150<\/td><td>15cm<\/td><td>1-2t\/h<\/td><td>7,5 kW<\/td><td>280x80x80cm(h)<\/td><td>2500<\/td><\/tr><tr><td>180<\/td><td>18cm<\/td><td>2-2,5 t\/h<\/td><td>11kw<\/td><td>342x90x80cm(h)<\/td><td>3000<\/td><\/tr><tr><td>200<\/td><td>20cm<\/td><td>3. 5-5t\/h<\/td><td>22kw<\/td><td>506x100x95cm(h)<\/td><td>3500<\/td><\/tr><tr><td>230<\/td><td>23cm<\/td><td>6-8t\/h<\/td><td>30kw<\/td><td>570x145x110cm(h)<\/td><td>4000<\/td><\/tr><\/tbody><\/table><\/figure>","protected":false},"excerpt":{"rendered":"<p>Gro\u00dfhandel eine Vielzahl von Ton Mug M\u00fchle aus China Ceramic Machinery Factory, ausgestattet mit drei-Achsen-Mischung und Vakuum-Technologie, um eine hohe Qualit\u00e4t der Verarbeitung Ton zu gew\u00e4hrleisten. Wir bieten Fabrik Preis und technische Unterst\u00fctzung f\u00fcr jeden Kunden.<\/p>\n<h2>Alles aus einer Hand f\u00fcr Tonschneiderei<strong>\u00a0Maschine<\/strong>:<\/h2>\n<ol>\n<li>\n<p>Fabrikpreis: Wir sind keramische Maschinen Hersteller, die kosteng\u00fcnstige keramische Ton machen Maschine, willkommen, uns zu kontaktieren, um Fabrikpreis zu erhalten.<\/p>\n<\/li>\n<li>\n<p>Technische Unterst\u00fctzung: Professionelle technische Anleitung und Unterst\u00fctzung mit Videoanleitungen f\u00fcr eine schnelle Nutzung des Produkts<\/p>\n<\/li>\n<li>\n<p>Ersatzteile: Eine Reihe von Original-Ersatzteilen liefern.<\/p>\n<\/li>\n<li>\n<p>Unterst\u00fctzung nach dem Kauf: 24-Stunden-Online-Hilfe, um sicherzustellen, dass Sie mit der Tonschneidem\u00fchle zufrieden sind und dass sie reibungslos in Ihrer Produktionslinie eingesetzt wird.<\/p>\n<\/li>\n<\/ol>","protected":false},"featured_media":3857,"template":"","meta":{"_acf_changed":false},"product_brand":[],"product_cat":[54],"product_tag":[81],"class_list":{"0":"post-3848","1":"product","2":"type-product","3":"status-publish","4":"has-post-thumbnail","6":"product_cat-clay-making-machine","7":"product_tag-pug-mill","9":"first","10":"instock","11":"shipping-taxable","12":"product-type-simple"},"acf":{"customization_content":"<h2><\/h2>\r\n<div><\/div>","customization_content_source":{"label":"Customization Content","type":"wysiwyg","formatted_value":"<h2><\/h2>\n<div><\/div>\n"},"why_choose_us_content":"<h2 style=\"text-align: center;\">Why Choose Us as Your <strong>Clay Pug Mill<\/strong>\u00a0Supplier<\/h2>\r\n\r\n<hr \/>\r\n<p style=\"text-align: center;\">Yutai as a ceramic tableware manufacturer, maintains strict quality standards and excellent service. Revolutionize your manufacturing processes with cutting-edge automation technology that streamlines forming and enhances efficiency.<\/p>","why_choose_us_content_source":{"label":"Why Choose Us Content","type":"wysiwyg","formatted_value":"<h2 style=\"text-align: center;\">Why Choose Us as Your <strong>Clay Pug Mill<\/strong>\u00a0Supplier<\/h2>\n<hr \/>\n<p style=\"text-align: center;\">Yutai as a ceramic tableware manufacturer, maintains strict quality standards and excellent service. Revolutionize your manufacturing processes with cutting-edge automation technology that streamlines forming and enhances efficiency.<\/p>\n"}},"_links":{"self":[{"href":"https:\/\/yutaimachinery.com\/de\/wp-json\/wp\/v2\/product\/3848","targetHints":{"allow":["GET"]}}],"collection":[{"href":"https:\/\/yutaimachinery.com\/de\/wp-json\/wp\/v2\/product"}],"about":[{"href":"https:\/\/yutaimachinery.com\/de\/wp-json\/wp\/v2\/types\/product"}],"version-history":[{"count":0,"href":"https:\/\/yutaimachinery.com\/de\/wp-json\/wp\/v2\/product\/3848\/revisions"}],"wp:featuredmedia":[{"embeddable":true,"href":"https:\/\/yutaimachinery.com\/de\/wp-json\/wp\/v2\/media\/3857"}],"wp:attachment":[{"href":"https:\/\/yutaimachinery.com\/de\/wp-json\/wp\/v2\/media?parent=3848"}],"wp:term":[{"taxonomy":"product_brand","embeddable":true,"href":"https:\/\/yutaimachinery.com\/de\/wp-json\/wp\/v2\/product_brand?post=3848"},{"taxonomy":"product_cat","embeddable":true,"href":"https:\/\/yutaimachinery.com\/de\/wp-json\/wp\/v2\/product_cat?post=3848"},{"taxonomy":"product_tag","embeddable":true,"href":"https:\/\/yutaimachinery.com\/de\/wp-json\/wp\/v2\/product_tag?post=3848"}],"curies":[{"name":"wp","href":"https:\/\/api.w.org\/{rel}","templated":true}]}}