{"id":3847,"date":"2024-04-17T11:08:48","date_gmt":"2024-04-17T03:08:48","guid":{"rendered":"https:\/\/yutaimachinery.com\/?post_type=product&#038;p=3847"},"modified":"2024-04-17T14:43:23","modified_gmt":"2024-04-17T06:43:23","slug":"lehmmuhle","status":"publish","type":"product","link":"https:\/\/yutaimachinery.com\/de\/product\/pug-mill\/","title":{"rendered":"Ma\u00dfgeschneiderte gro\u00dfe Vakuum Mug M\u00fchle De Airing f\u00fcr die Tonindustrie"},"content":{"rendered":"<div class=\"wp-block-columns is-layout-flex wp-container-core-columns-is-layout-9d6595d7 wp-block-columns-is-layout-flex\">\n<div class=\"wp-block-column is-layout-flow wp-block-column-is-layout-flow\">\n<figure class=\"wp-block-embed is-type-video is-provider-youtube wp-block-embed-youtube wp-embed-aspect-16-9 wp-has-aspect-ratio\"><div class=\"wp-block-embed__wrapper\">\n<iframe title=\"T\u00f6pferton-Kugelm\u00fchle 2\" width=\"940\" height=\"529\" src=\"https:\/\/www.youtube.com\/embed\/emffTJAsQJk?feature=oembed\" frameborder=\"0\" allow=\"accelerometer; autoplay; clipboard-write; encrypted-media; gyroscope; picture-in-picture; web-share\" referrerpolicy=\"strict-origin-when-cross-origin\" allowfullscreen><\/iframe>\n<\/div><\/figure>\n<\/div>\n\n\n\n<div class=\"wp-block-column is-layout-flow wp-block-column-is-layout-flow\">\n<h2 class=\"wp-block-heading\"><strong>Mopsm\u00fchle <strong>Eigenschaften<\/strong>:<\/strong><\/h2>\n\n\n\n<p>Vakuum Mug M\u00fchle ist f\u00fcr die Vakuum-Behandlung von keramischen Produkten, die verwendet werden k\u00f6nnen, um Schlamm Material von 18-24%, wenn der Schlamm in den Schlamm in die Vakuumkammer ger\u00fchrt wird, und f\u00fchren Vakuum Entgasung, um die Luft in der Schlamm-Material enthalten zu entladen. Nachdem das Material vakuumbehandelt ist, wird die Plastizit\u00e4t verbessert und hat eine gro\u00dfe Dichte, so dass das gebrannte Produkt hat kleine Verformung, hohe Festigkeit und gute Qualit\u00e4t.<\/p>\n<\/div>\n<\/div>\n\n\n\n<h2 class=\"wp-block-heading\"><strong>M\u00fchle Parameter:<\/strong><\/h2>\n\n\n\n<figure class=\"wp-block-table\"><table><tbody><tr><td>Modell<\/td><td>Maximale Gr\u00f6\u00dfe des Auslasses (cm)<\/td><td>Kapazit\u00e4t<\/td><td>Leistung(kw)<\/td><td>Abmessungen (lxbxh)<\/td><td>Gewicht (kg)<\/td><\/tr><tr><td>220<\/td><td>22cm<\/td><td>2-2,5 t\/h<\/td><td>15kw<\/td><td>270x80x140cm(h)<\/td><td>2100<\/td><\/tr><tr><td>250<\/td><td>25cm<\/td><td>2-5t\/h<\/td><td>22kw<\/td><td>358x86x123cm(h)<\/td><td>2550<\/td><\/tr><tr><td>350<\/td><td>35cm<\/td><td>4,5-6,5 t\/h<\/td><td>37kw<\/td><td>400x190x150cm(h)<\/td><td>6150<\/td><\/tr><\/tbody><\/table><\/figure>","protected":false},"excerpt":{"rendered":"<p>Ma\u00dfgeschneiderte gro\u00dfe Becherm\u00fchle mit Multi-Spiral-Mischung und Vakuum-Kammer, hohe Effizienz und einfache Bedienung, geeignet f\u00fcr die keramische Industrie production.Yutai Maschinenfabrik bieten benutzerdefinierte und billiger Preis L\u00f6sung f\u00fcr Sie, willkommen, um ein kostenloses Angebot zu erhalten.<\/p>\n<h2>L\u00f6sung aus einer Hand f\u00fcr p<strong>H\u00fcttenwerk<\/strong>:<\/h2>\n<ol>\n<li>\n<p>Ma\u00dfgeschneiderte L\u00f6sung: Die M\u00fchle kann je nach Kundenbedarf angepasst werden.<\/p>\n<\/li>\n<li>\n<p>Technische Unterst\u00fctzung: Bereitstellung professioneller technischer Beratung und mechanischer Installation.<\/p>\n<\/li>\n<li>\n<p>Ersatzteile: Eine Reihe von Original-Ersatzteilen liefern.<\/p>\n<\/li>\n<li>\n<p>Kundendienst 24-Stunden-Online-Hilfe, um sicherzustellen, dass Sie mit der M\u00fchle zufrieden sind und dass sie in Ihrer Produktionslinie reibungslos eingesetzt wird.<\/p>\n<\/li>\n<\/ol>","protected":false},"featured_media":3863,"template":"","meta":{"_acf_changed":false},"product_brand":[],"product_cat":[54],"product_tag":[81],"class_list":{"0":"post-3847","1":"product","2":"type-product","3":"status-publish","4":"has-post-thumbnail","6":"product_cat-clay-making-machine","7":"product_tag-pug-mill","9":"first","10":"instock","11":"shipping-taxable","12":"product-type-simple"},"acf":{"customization_content":"<h2><\/h2>\r\n<div><\/div>","customization_content_source":{"label":"Customization Content","type":"wysiwyg","formatted_value":"<h2><\/h2>\n<div><\/div>\n"},"why_choose_us_content":"<h2 style=\"text-align: center;\">Why Choose Us as Your <strong>Pug Mill<\/strong>\u00a0Supplier<\/h2>\r\n\r\n<hr \/>\r\n<p style=\"text-align: center;\">Yutai as a ceramic tableware manufacturer, maintains strict quality standards and excellent service. Revolutionize your manufacturing processes with cutting-edge automation technology that streamlines forming and enhances efficiency.<\/p>","why_choose_us_content_source":{"label":"Why Choose Us Content","type":"wysiwyg","formatted_value":"<h2 style=\"text-align: center;\">Why Choose Us as Your <strong>Pug Mill<\/strong>\u00a0Supplier<\/h2>\n<hr \/>\n<p style=\"text-align: center;\">Yutai as a ceramic tableware manufacturer, maintains strict quality standards and excellent service. Revolutionize your manufacturing processes with cutting-edge automation technology that streamlines forming and enhances efficiency.<\/p>\n"}},"_links":{"self":[{"href":"https:\/\/yutaimachinery.com\/de\/wp-json\/wp\/v2\/product\/3847","targetHints":{"allow":["GET"]}}],"collection":[{"href":"https:\/\/yutaimachinery.com\/de\/wp-json\/wp\/v2\/product"}],"about":[{"href":"https:\/\/yutaimachinery.com\/de\/wp-json\/wp\/v2\/types\/product"}],"version-history":[{"count":0,"href":"https:\/\/yutaimachinery.com\/de\/wp-json\/wp\/v2\/product\/3847\/revisions"}],"wp:featuredmedia":[{"embeddable":true,"href":"https:\/\/yutaimachinery.com\/de\/wp-json\/wp\/v2\/media\/3863"}],"wp:attachment":[{"href":"https:\/\/yutaimachinery.com\/de\/wp-json\/wp\/v2\/media?parent=3847"}],"wp:term":[{"taxonomy":"product_brand","embeddable":true,"href":"https:\/\/yutaimachinery.com\/de\/wp-json\/wp\/v2\/product_brand?post=3847"},{"taxonomy":"product_cat","embeddable":true,"href":"https:\/\/yutaimachinery.com\/de\/wp-json\/wp\/v2\/product_cat?post=3847"},{"taxonomy":"product_tag","embeddable":true,"href":"https:\/\/yutaimachinery.com\/de\/wp-json\/wp\/v2\/product_tag?post=3847"}],"curies":[{"name":"wp","href":"https:\/\/api.w.org\/{rel}","templated":true}]}}