{"id":3821,"date":"2024-04-16T14:58:36","date_gmt":"2024-04-16T06:58:36","guid":{"rendered":"https:\/\/yutaimachinery.com\/?post_type=product&#038;p=3821"},"modified":"2024-04-17T11:08:18","modified_gmt":"2024-04-17T03:08:18","slug":"pug-mill-machine","status":"publish","type":"product","link":"https:\/\/yutaimachinery.com\/de\/product\/pug-mill-machine\/","title":{"rendered":"Kleine Vakuum Mug M\u00fchle Maschine Keramische Ton Entl\u00fcftung"},"content":{"rendered":"<div class=\"wp-block-columns is-layout-flex wp-container-core-columns-is-layout-9d6595d7 wp-block-columns-is-layout-flex\">\n<div class=\"wp-block-column is-layout-flow wp-block-column-is-layout-flow\">\n<figure class=\"wp-block-embed is-type-video is-provider-youtube wp-block-embed-youtube wp-embed-aspect-16-9 wp-has-aspect-ratio\"><div class=\"wp-block-embed__wrapper\">\n<iframe title=\"Mini-Kugelfr\u00e4se f\u00fcr DIY-T\u00f6pferarbeiten\" width=\"940\" height=\"529\" src=\"https:\/\/www.youtube.com\/embed\/rRq5qhKmk4s?feature=oembed\" frameborder=\"0\" allow=\"accelerometer; autoplay; clipboard-write; encrypted-media; gyroscope; picture-in-picture; web-share\" referrerpolicy=\"strict-origin-when-cross-origin\" allowfullscreen><\/iframe>\n<\/div><\/figure>\n<\/div>\n\n\n\n<div class=\"wp-block-column is-layout-flow wp-block-column-is-layout-flow\">\n<h2 class=\"wp-block-heading\"><strong>Schneckenm\u00fchle Maschine <strong>Eigenschaften<\/strong>:<\/strong><\/h2>\n\n\n\n<p>Die kleine Vakuum-Pug-M\u00fchle wird f\u00fcr die Aufbereitung von keramischem Ton verwendet. Sie arbeitet mit einer Doppelspirale zum Mischen und einer Vakuumentl\u00fcftung, um die im Ton eingeschlossene Luft zu entfernen. Dank ihrer kompakten Struktur und einfachen Mobilit\u00e4t wird sie h\u00e4ufig in Labors, Bildungseinrichtungen, Heimwerkerprojekten und kleinen T\u00f6pferwerkst\u00e4tten eingesetzt.<\/p>\n<\/div>\n<\/div>\n\n\n\n<h2 class=\"wp-block-heading\"><strong>Parameter der Schneckenm\u00fchle:<\/strong><\/h2>\n\n\n\n<figure class=\"wp-block-table\"><table><tbody><tr><td>Modell<\/td><td>Maximale Gr\u00f6\u00dfe des Auslasses (cm)<\/td><td>Kapazit\u00e4t<\/td><td>Leistung(kw)<\/td><td>Abmessungen (lxbxh)<\/td><td>Gewicht (kg)<\/td><\/tr><tr><td>90<\/td><td>7<\/td><td>200-400kg\/h<\/td><td>1,5-2,2 kW<\/td><td>1260x400x800cm(h)<\/td><td>140<\/td><\/tr><\/tbody><\/table><\/figure>","protected":false},"excerpt":{"rendered":"<p>Gro\u00dfhandel Fabrik Preis Mini Mug M\u00fchle Maschine f\u00fcr keramischen Ton. Es verwendet Vakuum-Technologie, die verarbeitete Ton Plastizit\u00e4t ist stark, geeignet f\u00fcr Haus DIY oder T\u00f6pferwerkstatt.<\/p>\n<h2>L\u00f6sung aus einer Hand f\u00fcr p<strong>ug M\u00fchle Maschine<\/strong>:<\/h2>\n<ol>\n<li>\n<p>Fabrikpreis: Wir sind keramische Maschinen Hersteller, die kosteng\u00fcnstige keramische Ton machen Maschine, willkommen, uns zu kontaktieren, um Fabrikpreis zu erhalten.<\/p>\n<\/li>\n<li>\n<p>Technische Unterst\u00fctzung: Professionelle technische Anleitung und Unterst\u00fctzung mit Videoanleitungen f\u00fcr eine schnelle Nutzung des Produkts<\/p>\n<\/li>\n<li>\n<p>Ersatzteile: Eine Reihe von Original-Ersatzteilen liefern.<\/p>\n<\/li>\n<li>\n<p>Unterst\u00fctzung nach dem Kauf: 24-Stunden-Online-Hilfe, um sicherzustellen, dass Sie mit der Schneckenm\u00fchle zufrieden sind und dass sie reibungslos in Ihrer Produktionslinie eingesetzt wird.<\/p>\n<\/li>\n<\/ol>","protected":false},"featured_media":3841,"template":"","meta":{"_acf_changed":false},"product_brand":[],"product_cat":[54],"product_tag":[81],"class_list":{"0":"post-3821","1":"product","2":"type-product","3":"status-publish","4":"has-post-thumbnail","6":"product_cat-clay-making-machine","7":"product_tag-pug-mill","9":"first","10":"instock","11":"shipping-taxable","12":"product-type-simple"},"acf":{"customization_content":"<h2><\/h2>\r\n<div><\/div>","customization_content_source":{"label":"Customization Content","type":"wysiwyg","formatted_value":"<h2><\/h2>\n<div><\/div>\n"},"why_choose_us_content":"<h2 style=\"text-align: center;\">Why Choose Us as Your <strong>Pug Mill Machine<\/strong> Supplier<\/h2>\r\n\r\n<hr \/>\r\n<p style=\"text-align: center;\">Yutai as a ceramic tableware manufacturer, maintains strict quality standards and excellent service. Revolutionize your manufacturing processes with cutting-edge automation technology that streamlines forming and enhances efficiency.<\/p>","why_choose_us_content_source":{"label":"Why Choose Us Content","type":"wysiwyg","formatted_value":"<h2 style=\"text-align: center;\">Why Choose Us as Your <strong>Pug Mill Machine<\/strong> Supplier<\/h2>\n<hr \/>\n<p style=\"text-align: center;\">Yutai as a ceramic tableware manufacturer, maintains strict quality standards and excellent service. Revolutionize your manufacturing processes with cutting-edge automation technology that streamlines forming and enhances efficiency.<\/p>\n"}},"_links":{"self":[{"href":"https:\/\/yutaimachinery.com\/de\/wp-json\/wp\/v2\/product\/3821","targetHints":{"allow":["GET"]}}],"collection":[{"href":"https:\/\/yutaimachinery.com\/de\/wp-json\/wp\/v2\/product"}],"about":[{"href":"https:\/\/yutaimachinery.com\/de\/wp-json\/wp\/v2\/types\/product"}],"version-history":[{"count":0,"href":"https:\/\/yutaimachinery.com\/de\/wp-json\/wp\/v2\/product\/3821\/revisions"}],"wp:featuredmedia":[{"embeddable":true,"href":"https:\/\/yutaimachinery.com\/de\/wp-json\/wp\/v2\/media\/3841"}],"wp:attachment":[{"href":"https:\/\/yutaimachinery.com\/de\/wp-json\/wp\/v2\/media?parent=3821"}],"wp:term":[{"taxonomy":"product_brand","embeddable":true,"href":"https:\/\/yutaimachinery.com\/de\/wp-json\/wp\/v2\/product_brand?post=3821"},{"taxonomy":"product_cat","embeddable":true,"href":"https:\/\/yutaimachinery.com\/de\/wp-json\/wp\/v2\/product_cat?post=3821"},{"taxonomy":"product_tag","embeddable":true,"href":"https:\/\/yutaimachinery.com\/de\/wp-json\/wp\/v2\/product_tag?post=3821"}],"curies":[{"name":"wp","href":"https:\/\/api.w.org\/{rel}","templated":true}]}}