{"id":3820,"date":"2024-04-16T14:47:13","date_gmt":"2024-04-16T06:47:13","guid":{"rendered":"https:\/\/yutaimachinery.com\/?post_type=product&#038;p=3820"},"modified":"2024-04-16T16:28:56","modified_gmt":"2024-04-16T08:28:56","slug":"kolbenpumpe","status":"publish","type":"product","link":"https:\/\/yutaimachinery.com\/de\/product\/piston-pump\/","title":{"rendered":"Hydraulische Hochdruck-Kolbenpumpe mit doppeltem Kolben f\u00fcr den Lehmtransfer"},"content":{"rendered":"<div class=\"wp-block-columns is-layout-flex wp-container-core-columns-is-layout-9d6595d7 wp-block-columns-is-layout-flex\">\n<div class=\"wp-block-column is-layout-flow wp-block-column-is-layout-flow\" style=\"flex-basis:45%\">\n<figure class=\"wp-block-image size-full is-resized\"><img fetchpriority=\"high\" decoding=\"async\" width=\"1080\" height=\"1080\" src=\"https:\/\/yutaimachinery.com\/wp-content\/uploads\/2024\/04\/piston-pump2.jpeg\" alt=\"Kolbenpumpe\" class=\"wp-image-3824\" style=\"width:374px;height:auto\" title=\"\" srcset=\"https:\/\/yutaimachinery.com\/wp-content\/uploads\/2024\/04\/piston-pump2.jpeg 1080w, https:\/\/yutaimachinery.com\/wp-content\/uploads\/2024\/04\/piston-pump2-300x300.jpeg 300w, https:\/\/yutaimachinery.com\/wp-content\/uploads\/2024\/04\/piston-pump2-150x150.jpeg 150w, https:\/\/yutaimachinery.com\/wp-content\/uploads\/2024\/04\/piston-pump2-768x768.jpeg 768w, https:\/\/yutaimachinery.com\/wp-content\/uploads\/2024\/04\/piston-pump2-285x285.jpeg 285w, https:\/\/yutaimachinery.com\/wp-content\/uploads\/2024\/04\/piston-pump2-270x270.jpeg 270w, https:\/\/yutaimachinery.com\/wp-content\/uploads\/2024\/04\/piston-pump2-540x540.jpeg 540w, https:\/\/yutaimachinery.com\/wp-content\/uploads\/2024\/04\/piston-pump2-660x660.jpeg 660w\" sizes=\"(max-width: 1080px) 100vw, 1080px\" \/><\/figure>\n<\/div>\n\n\n\n<div class=\"wp-block-column is-layout-flow wp-block-column-is-layout-flow\">\n<h2 class=\"wp-block-heading\"><strong>Kolbenpumpe <strong>Eigenschaften<\/strong><\/strong>:<\/h2>\n\n\n\n<p>Die Kolbenpumpe wird haupts\u00e4chlich f\u00fcr die F\u00f6rderung des Lehmputzes zur Filterpresse verwendet. Niedriger und gleichm\u00e4\u00dfiger Wassergehalt. Die Pumpe ist hydraulisch angetrieben, stabil und zuverl\u00e4ssig im Betrieb, mit geringem Ger\u00e4usch, hohem Druck und geringen Schwankungen des Schlammdrucks.<\/p>\n\n\n\n<h2 class=\"wp-block-heading\"><strong><strong>Kolbenpumpe Parameter<\/strong>:<\/strong><\/h2>\n\n\n\n<figure class=\"wp-block-table\"><table><tbody><tr><td>Modell<\/td><td>140<\/td><td>200<\/td><\/tr><tr><td>Max.Mpa<\/td><td>2,5mpa<\/td><td>2,5mpa<\/td><\/tr><tr><td>Kolben-Durchmesser<\/td><td>140mm<\/td><td>180mm<\/td><\/tr><tr><td>Leistung(kw)<\/td><td>11kw\/380v<\/td><td>18,5kw\/380v<\/td><\/tr><tr><td>Abmessung (lxbxh)<\/td><td>195x115x180cm(h)<\/td><td>170x120x190cm(h)<\/td><\/tr><tr><td>Gewicht (kg)<\/td><td>1300<\/td><td>1500<\/td><\/tr><\/tbody><\/table><\/figure>\n<\/div>\n<\/div>","protected":false},"excerpt":{"rendered":"<p>Gro\u00dfhandel Hydraulisch angetriebene Kolbenpumpe, die den Lehmputz stabil zur Filterpresse bef\u00f6rdert und einen niedrigen Wassergehalt und einen zuverl\u00e4ssigen Betrieb gew\u00e4hrleistet.<\/p>\n<h2>One-Stop-L\u00f6sung f\u00fcr Kolbenpumpen:<\/h2>\n<ol>\n<li>\n<p>L\u00f6sung f\u00fcr das Fabriklayout: Nach der Fabrik Raum und Produktionsplan, bieten professionelle Keramik Maschinen Layout Vorschl\u00e4ge.<\/p>\n<\/li>\n<li>\n<p>Technische Unterst\u00fctzung: Professionelle technische Anleitung und Unterst\u00fctzung mit Videoanleitungen f\u00fcr eine schnelle Nutzung des Produkts<\/p>\n<\/li>\n<li>\n<p>Ersatzteile: Eine Reihe von Original-Ersatzteilen liefern.<\/p>\n<\/li>\n<li>\n<p>Unterst\u00fctzung nach dem Kauf: 24-Stunden-Online-Hilfe, um sicherzustellen, dass Sie mit der Kolbenpumpe zufrieden sind und dass sie reibungslos in Ihrer Produktionslinie eingesetzt wird.<\/p>\n<\/li>\n<\/ol>","protected":false},"featured_media":3822,"template":"","meta":{"_acf_changed":false},"product_brand":[],"product_cat":[54],"product_tag":[],"class_list":{"0":"post-3820","1":"product","2":"type-product","3":"status-publish","4":"has-post-thumbnail","6":"product_cat-clay-making-machine","8":"first","9":"instock","10":"shipping-taxable","11":"product-type-simple"},"acf":{"customization_content":"<h2><\/h2>\r\n<div><\/div>","customization_content_source":{"label":"Customization Content","type":"wysiwyg","formatted_value":"<h2><\/h2>\n<div><\/div>\n"},"why_choose_us_content":"<h2 style=\"text-align: center;\">Why Choose Us as Your Piston Pump Supplier<\/h2>\r\n\r\n<hr \/>\r\n<p style=\"text-align: center;\">Yutai as a ceramic tableware manufacturer, maintains strict quality standards and excellent service. Revolutionize your manufacturing processes with cutting-edge automation technology that streamlines forming and enhances efficiency.<\/p>","why_choose_us_content_source":{"label":"Why Choose Us Content","type":"wysiwyg","formatted_value":"<h2 style=\"text-align: center;\">Why Choose Us as Your Piston Pump Supplier<\/h2>\n<hr \/>\n<p style=\"text-align: center;\">Yutai as a ceramic tableware manufacturer, maintains strict quality standards and excellent service. Revolutionize your manufacturing processes with cutting-edge automation technology that streamlines forming and enhances efficiency.<\/p>\n"}},"_links":{"self":[{"href":"https:\/\/yutaimachinery.com\/de\/wp-json\/wp\/v2\/product\/3820","targetHints":{"allow":["GET"]}}],"collection":[{"href":"https:\/\/yutaimachinery.com\/de\/wp-json\/wp\/v2\/product"}],"about":[{"href":"https:\/\/yutaimachinery.com\/de\/wp-json\/wp\/v2\/types\/product"}],"version-history":[{"count":0,"href":"https:\/\/yutaimachinery.com\/de\/wp-json\/wp\/v2\/product\/3820\/revisions"}],"wp:featuredmedia":[{"embeddable":true,"href":"https:\/\/yutaimachinery.com\/de\/wp-json\/wp\/v2\/media\/3822"}],"wp:attachment":[{"href":"https:\/\/yutaimachinery.com\/de\/wp-json\/wp\/v2\/media?parent=3820"}],"wp:term":[{"taxonomy":"product_brand","embeddable":true,"href":"https:\/\/yutaimachinery.com\/de\/wp-json\/wp\/v2\/product_brand?post=3820"},{"taxonomy":"product_cat","embeddable":true,"href":"https:\/\/yutaimachinery.com\/de\/wp-json\/wp\/v2\/product_cat?post=3820"},{"taxonomy":"product_tag","embeddable":true,"href":"https:\/\/yutaimachinery.com\/de\/wp-json\/wp\/v2\/product_tag?post=3820"}],"curies":[{"name":"wp","href":"https:\/\/api.w.org\/{rel}","templated":true}]}}