{"id":3771,"date":"2024-04-14T23:09:27","date_gmt":"2024-04-14T15:09:27","guid":{"rendered":"https:\/\/yutaimachinery.com\/?post_type=product&#038;p=3771"},"modified":"2024-04-14T23:41:34","modified_gmt":"2024-04-14T15:41:34","slug":"herdwagenofen","status":"publish","type":"product","link":"https:\/\/yutaimachinery.com\/de\/product\/shuttle-kiln\/","title":{"rendered":"Hochtemperatur-Brennofen Automatisch feuergebrannte Keramikherstellung\u00a0"},"content":{"rendered":"<div class=\"wp-block-columns is-layout-flex wp-container-core-columns-is-layout-9d6595d7 wp-block-columns-is-layout-flex\">\n<div class=\"wp-block-column is-layout-flow wp-block-column-is-layout-flow\">\n<figure class=\"wp-block-embed is-type-video is-provider-youtube wp-block-embed-youtube wp-embed-aspect-16-9 wp-has-aspect-ratio\"><div class=\"wp-block-embed__wrapper\">\n<iframe title=\"Herdwagenofen f\u00fcr Porzellan, Keramik, Steingut\" width=\"940\" height=\"529\" src=\"https:\/\/www.youtube.com\/embed\/f8JweaXRuTM?feature=oembed\" frameborder=\"0\" allow=\"accelerometer; autoplay; clipboard-write; encrypted-media; gyroscope; picture-in-picture; web-share\" referrerpolicy=\"strict-origin-when-cross-origin\" allowfullscreen><\/iframe>\n<\/div><\/figure>\n<\/div>\n\n\n\n<div class=\"wp-block-column is-layout-flow wp-block-column-is-layout-flow\">\n<h2 class=\"wp-block-heading\"><strong>Merkmale von Shuttle Kil<\/strong>n<\/h2>\n\n\n\n<ul class=\"wp-block-list\">\n<li>Vielseitige Anwendungen: Geeignet f\u00fcr den Biskuit- und Glasurbrand von verschiedenen keramischen Produkten wie Porzellan, Steinzeug und Steingut.<\/li>\n\n\n\n<li>Pr\u00e4zise Temperaturregelung: Der Ofen verf\u00fcgt \u00fcber eine automatische PID-Mikrocomputersteuerung, die eine genaue und gleichm\u00e4\u00dfige Temperaturregelung w\u00e4hrend des gesamten Brennvorgangs gew\u00e4hrleistet.<\/li>\n\n\n\n<li>Effizienter Betrieb: Der Herdwagenofen ist f\u00fcr einen effizienten Betrieb ausgelegt und erm\u00f6glicht schnelle Heiz- und K\u00fchlzyklen zur Optimierung der Produktionseffizienz.<\/li>\n<\/ul>\n<\/div>\n<\/div>\n\n\n\n<div class=\"wp-block-columns is-layout-flex wp-container-core-columns-is-layout-9d6595d7 wp-block-columns-is-layout-flex\">\n<div class=\"wp-block-column is-layout-flow wp-block-column-is-layout-flow\">\n<figure class=\"wp-block-image size-full\"><img fetchpriority=\"high\" decoding=\"async\" width=\"1080\" height=\"1080\" src=\"https:\/\/yutaimachinery.com\/wp-content\/uploads\/2024\/04\/Shuttle-Kiln2.webp\" alt=\"Shuttle-Ofen\" class=\"wp-image-3778\" title=\"\" srcset=\"https:\/\/yutaimachinery.com\/wp-content\/uploads\/2024\/04\/Shuttle-Kiln2.webp 1080w, https:\/\/yutaimachinery.com\/wp-content\/uploads\/2024\/04\/Shuttle-Kiln2-300x300.webp 300w, https:\/\/yutaimachinery.com\/wp-content\/uploads\/2024\/04\/Shuttle-Kiln2-150x150.webp 150w, https:\/\/yutaimachinery.com\/wp-content\/uploads\/2024\/04\/Shuttle-Kiln2-768x768.webp 768w, https:\/\/yutaimachinery.com\/wp-content\/uploads\/2024\/04\/Shuttle-Kiln2-285x285.webp 285w, https:\/\/yutaimachinery.com\/wp-content\/uploads\/2024\/04\/Shuttle-Kiln2-270x270.webp 270w, https:\/\/yutaimachinery.com\/wp-content\/uploads\/2024\/04\/Shuttle-Kiln2-540x540.webp 540w, https:\/\/yutaimachinery.com\/wp-content\/uploads\/2024\/04\/Shuttle-Kiln2-660x660.webp 660w\" sizes=\"(max-width: 1080px) 100vw, 1080px\" \/><\/figure>\n<\/div>\n\n\n\n<div class=\"wp-block-column is-layout-flow wp-block-column-is-layout-flow\">\n<figure class=\"wp-block-image size-full\"><img decoding=\"async\" width=\"1276\" height=\"1276\" src=\"https:\/\/yutaimachinery.com\/wp-content\/uploads\/2024\/04\/Shuttle-Kiln3.webp\" alt=\"Shuttle-Ofen\" class=\"wp-image-3774\" title=\"\" srcset=\"https:\/\/yutaimachinery.com\/wp-content\/uploads\/2024\/04\/Shuttle-Kiln3.webp 1276w, https:\/\/yutaimachinery.com\/wp-content\/uploads\/2024\/04\/Shuttle-Kiln3-300x300.webp 300w, https:\/\/yutaimachinery.com\/wp-content\/uploads\/2024\/04\/Shuttle-Kiln3-150x150.webp 150w, https:\/\/yutaimachinery.com\/wp-content\/uploads\/2024\/04\/Shuttle-Kiln3-768x768.webp 768w, https:\/\/yutaimachinery.com\/wp-content\/uploads\/2024\/04\/Shuttle-Kiln3-285x285.webp 285w, https:\/\/yutaimachinery.com\/wp-content\/uploads\/2024\/04\/Shuttle-Kiln3-270x270.webp 270w, https:\/\/yutaimachinery.com\/wp-content\/uploads\/2024\/04\/Shuttle-Kiln3-540x540.webp 540w, https:\/\/yutaimachinery.com\/wp-content\/uploads\/2024\/04\/Shuttle-Kiln3-660x660.webp 660w\" sizes=\"(max-width: 1276px) 100vw, 1276px\" \/><\/figure>\n<\/div>\n<\/div>","protected":false},"excerpt":{"rendered":"<p>Der f\u00fcr die werkseitige Anpassung ma\u00dfgeschneiderte Herdwagenofen eignet sich f\u00fcr die Verarbeitung von Keramik, Porzellan und Steingut. Gute Hitzebest\u00e4ndigkeit und pr\u00e4zise Temperaturregelung zur Steigerung der Produktivit\u00e4t.<\/p>\n<h2>L\u00f6sung f\u00fcr den Herdwagenofen aus einer Hand:<\/h2>\n<ol>\n<li>\n<p>Layout-Entwurf: Nach der Fabrik Raum und Produktionsplan, bieten professionelle Keramik Maschinen Layout-Design.<\/p>\n<\/li>\n<li>\n<p>Unterst\u00fctzung bei der Installation: Installation und Einrichtung des Herdwagenofens vor Ort, um seinen normalen Betrieb zu gew\u00e4hrleisten<\/p>\n<\/li>\n<li>\n<p>Ersatzteile: Eine Reihe von Original-Ersatzteilen liefern.<\/p>\n<\/li>\n<li>\n<p>Unterst\u00fctzung nach dem Kauf: 24-Stunden-Online-Hilfe, um sicherzustellen, dass Sie mit dem Herdwagenofen zufrieden sind und dass er reibungslos in Ihrer Produktionslinie eingesetzt wird.<\/p>\n<\/li>\n<li>\u00a0<\/li>\n<\/ol>","protected":false},"featured_media":3775,"template":"","meta":{"_acf_changed":false},"product_brand":[],"product_cat":[58],"product_tag":[79],"class_list":{"0":"post-3771","1":"product","2":"type-product","3":"status-publish","4":"has-post-thumbnail","6":"product_cat-ceramic-kiln","7":"product_tag-shuttle-kiln","9":"first","10":"instock","11":"shipping-taxable","12":"product-type-simple"},"acf":{"customization_content":"<h2><\/h2>\r\n<div><\/div>","customization_content_source":{"label":"Customization Content","type":"wysiwyg","formatted_value":"<h2><\/h2>\n<div><\/div>\n"},"why_choose_us_content":"<h2 style=\"text-align: center;\">Why Choose Us as Your <strong>Shuttle Kil<\/strong>n Supplier<\/h2>\r\n\r\n<hr \/>\r\n<p style=\"text-align: center;\">Yutai as a ceramic tableware manufacturer, maintains strict quality standards and excellent service. Revolutionize your manufacturing processes with cutting-edge automation technology that streamlines forming and enhances efficiency.<\/p>","why_choose_us_content_source":{"label":"Why Choose Us Content","type":"wysiwyg","formatted_value":"<h2 style=\"text-align: center;\">Why Choose Us as Your <strong>Shuttle Kil<\/strong>n Supplier<\/h2>\n<hr \/>\n<p style=\"text-align: center;\">Yutai as a ceramic tableware manufacturer, maintains strict quality standards and excellent service. Revolutionize your manufacturing processes with cutting-edge automation technology that streamlines forming and enhances efficiency.<\/p>\n"}},"_links":{"self":[{"href":"https:\/\/yutaimachinery.com\/de\/wp-json\/wp\/v2\/product\/3771","targetHints":{"allow":["GET"]}}],"collection":[{"href":"https:\/\/yutaimachinery.com\/de\/wp-json\/wp\/v2\/product"}],"about":[{"href":"https:\/\/yutaimachinery.com\/de\/wp-json\/wp\/v2\/types\/product"}],"version-history":[{"count":0,"href":"https:\/\/yutaimachinery.com\/de\/wp-json\/wp\/v2\/product\/3771\/revisions"}],"wp:featuredmedia":[{"embeddable":true,"href":"https:\/\/yutaimachinery.com\/de\/wp-json\/wp\/v2\/media\/3775"}],"wp:attachment":[{"href":"https:\/\/yutaimachinery.com\/de\/wp-json\/wp\/v2\/media?parent=3771"}],"wp:term":[{"taxonomy":"product_brand","embeddable":true,"href":"https:\/\/yutaimachinery.com\/de\/wp-json\/wp\/v2\/product_brand?post=3771"},{"taxonomy":"product_cat","embeddable":true,"href":"https:\/\/yutaimachinery.com\/de\/wp-json\/wp\/v2\/product_cat?post=3771"},{"taxonomy":"product_tag","embeddable":true,"href":"https:\/\/yutaimachinery.com\/de\/wp-json\/wp\/v2\/product_tag?post=3771"}],"curies":[{"name":"wp","href":"https:\/\/api.w.org\/{rel}","templated":true}]}}