{"id":3760,"date":"2024-04-14T22:29:54","date_gmt":"2024-04-14T14:29:54","guid":{"rendered":"https:\/\/yutaimachinery.com\/?post_type=product&#038;p=3760"},"modified":"2024-04-14T23:09:08","modified_gmt":"2024-04-14T15:09:08","slug":"verglasungsautomat","status":"publish","type":"product","link":"https:\/\/yutaimachinery.com\/de\/product\/automatic-glazing-machine\/","title":{"rendered":"Automatische Glasiermaschine f\u00fcr keramische Platten und So\u00dfenglasur zum Eintauchen"},"content":{"rendered":"<div class=\"wp-block-columns is-layout-flex wp-container-core-columns-is-layout-9d6595d7 wp-block-columns-is-layout-flex\">\n<div class=\"wp-block-column is-layout-flow wp-block-column-is-layout-flow\">\n<figure class=\"wp-block-image size-full\"><img fetchpriority=\"high\" decoding=\"async\" width=\"1216\" height=\"1216\" src=\"https:\/\/yutaimachinery.com\/wp-content\/uploads\/2024\/04\/automatic-glazing-machine4.webp\" alt=\"Verglasungsautomat\" class=\"wp-image-3761\" title=\"\" srcset=\"https:\/\/yutaimachinery.com\/wp-content\/uploads\/2024\/04\/automatic-glazing-machine4.webp 1216w, https:\/\/yutaimachinery.com\/wp-content\/uploads\/2024\/04\/automatic-glazing-machine4-300x300.webp 300w, https:\/\/yutaimachinery.com\/wp-content\/uploads\/2024\/04\/automatic-glazing-machine4-150x150.webp 150w, https:\/\/yutaimachinery.com\/wp-content\/uploads\/2024\/04\/automatic-glazing-machine4-768x768.webp 768w, https:\/\/yutaimachinery.com\/wp-content\/uploads\/2024\/04\/automatic-glazing-machine4-285x285.webp 285w, https:\/\/yutaimachinery.com\/wp-content\/uploads\/2024\/04\/automatic-glazing-machine4-270x270.webp 270w, https:\/\/yutaimachinery.com\/wp-content\/uploads\/2024\/04\/automatic-glazing-machine4-540x540.webp 540w, https:\/\/yutaimachinery.com\/wp-content\/uploads\/2024\/04\/automatic-glazing-machine4-660x660.webp 660w\" sizes=\"(max-width: 1216px) 100vw, 1216px\" \/><\/figure>\n<\/div>\n\n\n\n<div class=\"wp-block-column is-layout-flow wp-block-column-is-layout-flow\">\n<h2 class=\"wp-block-heading\"><strong>Parameter der automatischen Verglasungsmaschine<\/strong><\/h2>\n\n\n\n<figure class=\"wp-block-table\"><table><tbody><tr><td>Modell<\/td><td>320<\/td><\/tr><tr><td>Max. Formungsgr\u00f6\u00dfe(cm)<\/td><td>Durchmesser 20x15cm(h)<\/td><\/tr><tr><td>Kapazit\u00e4t<\/td><td>66-900pc\/h<\/td><\/tr><tr><td>Leistung(kw)<\/td><td>1,5 kW<\/td><\/tr><tr><td>Abmessung (lxbxh)<\/td><td>110x55x150 m(h)<\/td><\/tr><tr><td>Gewicht (kg)<\/td><td>350<\/td><\/tr><tr><td>Arbeitsstationen<\/td><td>3<\/td><\/tr><\/tbody><\/table><\/figure>\n<\/div>\n<\/div>","protected":false},"excerpt":{"rendered":"<p>Fabrikpreise, Unterst\u00fctzung f\u00fcr kundenspezifische L\u00f6sungen und technische Dienstleistungen. Diese automatische Glasiermaschine ist f\u00fcr das Glasieren von Keramik Porzellan Keramik Teller und Untertassen. Es ist eine einfache Bedienung. Wir k\u00f6nnen die Maschine nach Ihren W\u00fcnschen machen.<\/p>\n<h2>Eine L\u00f6sung aus einer Hand f\u00fcr ein<strong>utomatische Verglasungsmaschine<\/strong>:<\/h2>\n<ol>\n<li>Installation und technische Unterst\u00fctzung: Unser Team wird die Verglasungsmaschine f\u00fcr Ihre Anlage installieren und einrichten. Und bieten relevante technische Beratung<\/li>\n<li>Anpassung: Wir bieten Anpassungsm\u00f6glichkeiten, um die Maschine an Ihre spezifischen Produktionsanforderungen anzupassen.<\/li>\n<li>Ersatzteilversorgung: Wir liefern hochwertige Ersatzteile, um den kontinuierlichen Betrieb der Ger\u00e4te zu gew\u00e4hrleisten.<\/li>\n<\/ol>","protected":false},"featured_media":3761,"template":"","meta":{"_acf_changed":false},"product_brand":[],"product_cat":[57],"product_tag":[78],"class_list":{"0":"post-3760","1":"product","2":"type-product","3":"status-publish","4":"has-post-thumbnail","6":"product_cat-ceramic-glazing-machine","7":"product_tag-glaze-dipping-machine","9":"first","10":"instock","11":"shipping-taxable","12":"product-type-simple"},"acf":{"customization_content":"<h2><\/h2>\r\n<div><\/div>","customization_content_source":{"label":"Customization Content","type":"wysiwyg","formatted_value":"<h2><\/h2>\n<div><\/div>\n"},"why_choose_us_content":"<h2 style=\"text-align: center;\">Why Choose Us as Your <strong>Automatic Glazing Machine<\/strong> Supplier<\/h2>\r\n\r\n<hr \/>\r\n<p style=\"text-align: center;\">Yutai as a ceramic tableware manufacturer, maintains strict quality standards and excellent service. Revolutionize your manufacturing processes with cutting-edge automation technology that streamlines forming and enhances efficiency.<\/p>","why_choose_us_content_source":{"label":"Why Choose Us Content","type":"wysiwyg","formatted_value":"<h2 style=\"text-align: center;\">Why Choose Us as Your <strong>Automatic Glazing Machine<\/strong> Supplier<\/h2>\n<hr \/>\n<p style=\"text-align: center;\">Yutai as a ceramic tableware manufacturer, maintains strict quality standards and excellent service. Revolutionize your manufacturing processes with cutting-edge automation technology that streamlines forming and enhances efficiency.<\/p>\n"}},"_links":{"self":[{"href":"https:\/\/yutaimachinery.com\/de\/wp-json\/wp\/v2\/product\/3760","targetHints":{"allow":["GET"]}}],"collection":[{"href":"https:\/\/yutaimachinery.com\/de\/wp-json\/wp\/v2\/product"}],"about":[{"href":"https:\/\/yutaimachinery.com\/de\/wp-json\/wp\/v2\/types\/product"}],"version-history":[{"count":0,"href":"https:\/\/yutaimachinery.com\/de\/wp-json\/wp\/v2\/product\/3760\/revisions"}],"wp:featuredmedia":[{"embeddable":true,"href":"https:\/\/yutaimachinery.com\/de\/wp-json\/wp\/v2\/media\/3761"}],"wp:attachment":[{"href":"https:\/\/yutaimachinery.com\/de\/wp-json\/wp\/v2\/media?parent=3760"}],"wp:term":[{"taxonomy":"product_brand","embeddable":true,"href":"https:\/\/yutaimachinery.com\/de\/wp-json\/wp\/v2\/product_brand?post=3760"},{"taxonomy":"product_cat","embeddable":true,"href":"https:\/\/yutaimachinery.com\/de\/wp-json\/wp\/v2\/product_cat?post=3760"},{"taxonomy":"product_tag","embeddable":true,"href":"https:\/\/yutaimachinery.com\/de\/wp-json\/wp\/v2\/product_tag?post=3760"}],"curies":[{"name":"wp","href":"https:\/\/api.w.org\/{rel}","templated":true}]}}