{"id":3751,"date":"2024-04-14T14:30:48","date_gmt":"2024-04-14T06:30:48","guid":{"rendered":"https:\/\/yutaimachinery.com\/?post_type=product&#038;p=3751"},"modified":"2024-04-14T23:03:30","modified_gmt":"2024-04-14T15:03:30","slug":"glaze-dipping-machine","status":"publish","type":"product","link":"https:\/\/yutaimachinery.com\/de\/product\/glaze-dipping-machine\/","title":{"rendered":"Automatische Glasur-Tauchmaschine f\u00fcr die keramische Glasur"},"content":{"rendered":"<div class=\"wp-block-columns is-layout-flex wp-container-core-columns-is-layout-9d6595d7 wp-block-columns-is-layout-flex\">\n<div class=\"wp-block-column is-layout-flow wp-block-column-is-layout-flow\">\n<figure class=\"wp-block-embed is-type-video is-provider-youtube wp-block-embed-youtube wp-embed-aspect-16-9 wp-has-aspect-ratio\"><div class=\"wp-block-embed__wrapper\">\n<iframe title=\"Geschirrteller Schalen Tassen Glasur-Tauchmaschine\" width=\"940\" height=\"529\" src=\"https:\/\/www.youtube.com\/embed\/dnT3FUYngeE?feature=oembed\" frameborder=\"0\" allow=\"accelerometer; autoplay; clipboard-write; encrypted-media; gyroscope; picture-in-picture; web-share\" referrerpolicy=\"strict-origin-when-cross-origin\" allowfullscreen><\/iframe>\n<\/div><\/figure>\n<\/div>\n\n\n\n<div class=\"wp-block-column is-layout-flow wp-block-column-is-layout-flow\">\n<h2 class=\"wp-block-heading\"><strong>Merkmale der Glasurtauchmaschine<\/strong><\/h2>\n\n\n\n<p>Diese Glasur-Tauchmaschine h\u00e4lt die Produkte mit Hilfe eines Vakuumsaugers sicher fest und taucht sie in die Glasurl\u00f6sung ein, so dass sie sowohl innen als auch au\u00dfen vollst\u00e4ndig bedeckt sind. Anpassbar in Bezug auf die Arbeitsstationen und kompatibel mit verschiedenen Produktgr\u00f6\u00dfen, zugeschnitten auf Ihre spezifischen Anforderungen. Verbessern Sie Ihre Keramikproduktion mit unserer Glasurtauchmaschine - die perfekte L\u00f6sung f\u00fcr das automatische Glasieren von Schalen, Tassen, Tellern, T\u00f6pfen und gro\u00dfen Gef\u00e4\u00dfen.<\/p>\n<\/div>\n<\/div>\n\n\n\n<div class=\"wp-block-columns is-layout-flex wp-container-core-columns-is-layout-9d6595d7 wp-block-columns-is-layout-flex\">\n<div class=\"wp-block-column is-layout-flow wp-block-column-is-layout-flow\">\n<h2 class=\"wp-block-heading\">Parameter der Glasur-Tauchmaschine:<\/h2>\n\n\n\n<figure class=\"wp-block-table\"><table><tbody><tr><td>Modell<\/td><td>Max. Umformung Gr\u00f6\u00dfe (cm)<\/td><td>Kapazit\u00e4t<\/td><td>Leistung(kw)<\/td><td>Abmessung (lxbxh)<\/td><td>Gewicht (kg)<\/td><\/tr><tr><td>2Kopf lt Tank 4staion<\/td><td>10\u2033<\/td><td>480mal\/h<\/td><td>4kw\/380v<\/td><td>2\u00d71,2\u00d71,85(h)m<\/td><td>500<\/td><\/tr><tr><td>2Kopf 2Tank 4Staion<\/td><td>18\u2033<\/td><td>480mal\/h<\/td><td>6kw\/380y<\/td><td>2,9\u00d71,6\u00d72,2(h)m<\/td><td>800<\/td><\/tr><\/tbody><\/table><\/figure>\n<\/div>\n<\/div>","protected":false},"excerpt":{"rendered":"<p>Diese Maschine ist f\u00fcr das Glasieren von keramischen Porzellantellern und Untertassen geeignet. Einfache Bedienung. Wir k\u00f6nnen die Maschine nach Ihren W\u00fcnschen herstellen.<\/p>\n<h2>Alles aus einer Hand f\u00fcr Glasurtauchmaschinen:<\/h2>\n<ol>\n<li>Installation und technische Unterst\u00fctzung: Unser Team wird die Verglasungsmaschine f\u00fcr Ihre Anlage installieren und einrichten. Und bieten relevante technische Beratung<\/li>\n<li>Anpassung: Wir bieten Anpassungsm\u00f6glichkeiten, um die Maschine an Ihre spezifischen Produktionsanforderungen anzupassen.<\/li>\n<li>Ersatzteilversorgung: Wir liefern hochwertige Ersatzteile, um den kontinuierlichen Betrieb der Ger\u00e4te zu gew\u00e4hrleisten.<\/li>\n<\/ol>","protected":false},"featured_media":3756,"template":"","meta":{"_acf_changed":false},"product_brand":[],"product_cat":[57],"product_tag":[78],"class_list":{"0":"post-3751","1":"product","2":"type-product","3":"status-publish","4":"has-post-thumbnail","6":"product_cat-ceramic-glazing-machine","7":"product_tag-glaze-dipping-machine","9":"first","10":"instock","11":"shipping-taxable","12":"product-type-simple"},"acf":{"customization_content":"<h2><\/h2>\r\n<div><\/div>","customization_content_source":{"label":"Customization Content","type":"wysiwyg","formatted_value":"<h2><\/h2>\n<div><\/div>\n"},"why_choose_us_content":"<h2 style=\"text-align: center;\">Why Choose Us as Your Glaze Dipping Machine Supplier<\/h2>\r\n\r\n<hr \/>\r\n<p style=\"text-align: center;\">Yutai as a ceramic tableware manufacturer, maintains strict quality standards and excellent service. Revolutionize your manufacturing processes with cutting-edge automation technology that streamlines forming and enhances efficiency.<\/p>","why_choose_us_content_source":{"label":"Why Choose Us Content","type":"wysiwyg","formatted_value":"<h2 style=\"text-align: center;\">Why Choose Us as Your Glaze Dipping Machine Supplier<\/h2>\n<hr \/>\n<p style=\"text-align: center;\">Yutai as a ceramic tableware manufacturer, maintains strict quality standards and excellent service. Revolutionize your manufacturing processes with cutting-edge automation technology that streamlines forming and enhances efficiency.<\/p>\n"}},"_links":{"self":[{"href":"https:\/\/yutaimachinery.com\/de\/wp-json\/wp\/v2\/product\/3751","targetHints":{"allow":["GET"]}}],"collection":[{"href":"https:\/\/yutaimachinery.com\/de\/wp-json\/wp\/v2\/product"}],"about":[{"href":"https:\/\/yutaimachinery.com\/de\/wp-json\/wp\/v2\/types\/product"}],"version-history":[{"count":0,"href":"https:\/\/yutaimachinery.com\/de\/wp-json\/wp\/v2\/product\/3751\/revisions"}],"wp:featuredmedia":[{"embeddable":true,"href":"https:\/\/yutaimachinery.com\/de\/wp-json\/wp\/v2\/media\/3756"}],"wp:attachment":[{"href":"https:\/\/yutaimachinery.com\/de\/wp-json\/wp\/v2\/media?parent=3751"}],"wp:term":[{"taxonomy":"product_brand","embeddable":true,"href":"https:\/\/yutaimachinery.com\/de\/wp-json\/wp\/v2\/product_brand?post=3751"},{"taxonomy":"product_cat","embeddable":true,"href":"https:\/\/yutaimachinery.com\/de\/wp-json\/wp\/v2\/product_cat?post=3751"},{"taxonomy":"product_tag","embeddable":true,"href":"https:\/\/yutaimachinery.com\/de\/wp-json\/wp\/v2\/product_tag?post=3751"}],"curies":[{"name":"wp","href":"https:\/\/api.w.org\/{rel}","templated":true}]}}