{"id":3736,"date":"2024-04-14T10:38:13","date_gmt":"2024-04-14T02:38:13","guid":{"rendered":"https:\/\/yutaimachinery.com\/?post_type=product&#038;p=3736"},"modified":"2025-12-14T14:31:10","modified_gmt":"2025-12-14T06:31:10","slug":"jigger-maschine-keramik","status":"publish","type":"product","link":"https:\/\/yutaimachinery.com\/de\/product\/jigger-machine-ceramic\/","title":{"rendered":"Keramik-Jigger-Maschine, halbautomatisches Walzen f\u00fcr die Herstellung von Bechern, Tellern, Sch\u00fcsseln und T\u00f6pfen"},"content":{"rendered":"<h2 class=\"wp-block-heading\">Parameter der Keramik-Jigger-Maschine<\/h2>\n\n\n\n<figure class=\"wp-block-table\"><table class=\"has-fixed-layout\"><tbody><tr><td><strong>Modell<\/strong><\/td><td><strong>Formhaltergr\u00f6\u00dfe<\/strong><\/td><td><strong>Maximale Formgr\u00f6\u00dfe<\/strong><\/td><td><strong>Kapazit\u00e4t<\/strong><\/td><td><strong>Leistung(kw)<\/strong><\/td><td><strong>Dimension(xbxh)<\/strong><\/td><td><strong>Gewicht(KGs)<\/strong><\/td><\/tr><tr><td>S<\/td><td>300mm<\/td><td>\u22648\u2033 H\u226417cm<\/td><td>360PCS\/H<\/td><td>2,2 kW<\/td><td>150x80x150(h)<\/td><td>400<\/td><\/tr><tr><td>M<\/td><td>393mm<\/td><td>\u226412\u2033 H\u226422cm<\/td><td>300PCS\/H<\/td><td>3kw<\/td><td>155x87x155(h)<\/td><td>500<\/td><\/tr><tr><td>L<\/td><td>445mm<\/td><td>\u226413\u2033 H\u226417cm<\/td><td>240PCS\/H<\/td><td>5kw<\/td><td>160x95x160(h)<\/td><td>800<\/td><\/tr><tr><td>XL<\/td><td>485mm<\/td><td>\u226416\u2033 H\u226417cm<\/td><td>180PCS\/H<\/td><td>5,5 kW<\/td><td>165x100x165(h)<\/td><td>1000<\/td><\/tr><\/tbody><\/table><\/figure>\n\n\n\n<div class=\"wp-block-columns is-layout-flex wp-container-core-columns-is-layout-9d6595d7 wp-block-columns-is-layout-flex\">\n<div class=\"wp-block-column is-layout-flow wp-block-column-is-layout-flow\">\n<figure class=\"wp-block-embed is-type-video is-provider-youtube wp-block-embed-youtube wp-embed-aspect-4-3 wp-has-aspect-ratio\"><div class=\"wp-block-embed__wrapper\">\n<iframe title=\"B\u00fcndelungsmaschine\" width=\"940\" height=\"705\" src=\"https:\/\/www.youtube.com\/embed\/bsFBigVrgwI?feature=oembed\" frameborder=\"0\" allow=\"accelerometer; autoplay; clipboard-write; encrypted-media; gyroscope; picture-in-picture; web-share\" referrerpolicy=\"strict-origin-when-cross-origin\" allowfullscreen><\/iframe>\n<\/div><\/figure>\n<\/div>\n\n\n\n<div class=\"wp-block-column is-layout-flow wp-block-column-is-layout-flow\">\n<h2 class=\"wp-block-heading\">Merkmale der Keramik-Jigger-Maschine<\/h2>\n\n\n\n<p><strong>Halbautomatischer Betrieb:<\/strong> Manuelle Zuf\u00fchrung in Kombination mit automatischer Formgebung gew\u00e4hrleistet pr\u00e4zises Formen bei gleichzeitig niedrigen Kosten.<\/p>\n\n\n\n<p><strong>Wirtschaftlich und praktisch: <\/strong>Ideal f\u00fcr kleine bis mittelgro\u00dfe Keramikfabriken, bietet eine stabile Produktion bei minimalen Investitionen.<\/p>\n\n\n\n<p><strong>Breites Produktsortiment: <\/strong>Geeignet f\u00fcr verschiedene Keramikgeschirr- und Hohlwarenprodukte, darunter Tassen, Teller, Sch\u00fcsseln, T\u00f6pfe und Kr\u00fcge.<\/p>\n\n\n\n<p><strong>Gleichbleibende Qualit\u00e4t: <\/strong>Sorgt f\u00fcr glatte Oberfl\u00e4chen, gleichm\u00e4\u00dfige Dicke und genaue Abmessungen.<\/p>\n\n\n\n<p><strong>Einfach zu bedienen:<\/strong> Einfache Einrichtung und intuitive Bedienung reduzieren die Einarbeitungszeit f\u00fcr Bediener.<\/p>\n\n\n\n<p><strong>Langlebig und zuverl\u00e4ssig: <\/strong>Hergestellt aus hochwertigen Materialien f\u00fcr einen langlebigen Betrieb und geringen Wartungsaufwand. Halbautomatischer Betrieb<\/p>\n<\/div>\n<\/div>","protected":false},"excerpt":{"rendered":"<p>Die Keramik-Jigger-Maschine ist eine halbautomatische Formmaschine, die f\u00fcr die effiziente Herstellung von Keramikbechern, Tellern, Sch\u00fcsseln, Kr\u00fcgen und T\u00f6pfen entwickelt wurde. Die Maschine verf\u00fcgt \u00fcber eine manuelle Tonzuf\u00fchrung und eine automatische Jigger-Formung und bietet eine kosteng\u00fcnstige und praktische L\u00f6sung f\u00fcr die kleine bis mittlere Keramikfertigung. Fordern Sie jetzt ein Angebot an!<\/p>\n<h2>Komplettl\u00f6sung f\u00fcr die Keramik-Jigger-Maschine:<\/h2>\n<ol>\n<li><strong>Anleitung zur Einrichtung und Installation der Maschine:<\/strong> Vor-Ort- oder Fernunterst\u00fctzung, um eine ordnungsgem\u00e4\u00dfe Montage, Ausrichtung und einen sicheren Betrieb zu gew\u00e4hrleisten.<\/li>\n<li><strong>Schulung des Bedienpersonals:<\/strong> Praktische Schulung zu manueller Zuf\u00fchrung, Maschinenbedienung, Formungseinstellungen und grundlegender Wartung.<\/li>\n<li><strong>Prozessbegleitung:<\/strong> Beratung zur Herstellung verschiedener Keramikprodukte wie Tassen, Teller, Sch\u00fcsseln, Kr\u00fcge und Dekorationsartikel f\u00fcr gleichbleibende Qualit\u00e4t.<\/li>\n<li><strong>Wartungs- und Fehlerbehebungs-Support:<\/strong> Schnelle technische Unterst\u00fctzung, um Ausfallzeiten zu minimieren und einen reibungslosen Produktionsablauf zu gew\u00e4hrleisten.<\/li>\n<li><strong>Beratung zur individuellen Anpassung:<\/strong> Anleitung zur Anpassung von Formen, Maschineneinstellungen oder geringf\u00fcgigen \u00c4nderungen an Ihre spezifischen Produkttypen und Chargengr\u00f6\u00dfen.<\/li>\n<li><strong>Ersatzteilversorgung:<\/strong> Zuverl\u00e4ssige Verf\u00fcgbarkeit hochwertiger Ersatzteile f\u00fcr den Langzeitbetrieb.<\/li>\n<li><strong>Optimierung der Produktionseffizienz:<\/strong> Tipps und L\u00f6sungen zur Verbesserung der Formgeschwindigkeit, zur Reduzierung von Fehlern und zur Aufrechterhaltung einer gleichm\u00e4\u00dfigen Dicke und Oberfl\u00e4chenbeschaffenheit.<\/li>\n<\/ol>","protected":false},"featured_media":3745,"template":"","meta":{"_acf_changed":false},"product_brand":[],"product_cat":[55],"product_tag":[77],"class_list":{"0":"post-3736","1":"product","2":"type-product","3":"status-publish","4":"has-post-thumbnail","6":"product_cat-ceramic-forming-machine","7":"product_tag-jigger-machine","9":"first","10":"instock","11":"shipping-taxable","12":"product-type-simple"},"acf":{"customization_content":"<h2><\/h2>\r\n<div><\/div>","customization_content_source":{"label":"Customization Content","type":"wysiwyg","formatted_value":"<h2><\/h2>\n<div><\/div>\n"},"why_choose_us_content":"<h2 style=\"text-align: center;\">Why Choose Us as Your Jigger Machine Ceramic Supplier<\/h2>\r\n\r\n<hr \/>\r\n<p style=\"text-align: center;\">Yutai as a ceramic tableware manufacturer, maintains strict quality standards and excellent service. Revolutionize your manufacturing processes with cutting-edge automation technology that streamlines forming and enhances efficiency.<\/p>","why_choose_us_content_source":{"label":"Why Choose Us Content","type":"wysiwyg","formatted_value":"<h2 style=\"text-align: center;\">Why Choose Us as Your Jigger Machine Ceramic Supplier<\/h2>\n<hr \/>\n<p style=\"text-align: center;\">Yutai as a ceramic tableware manufacturer, maintains strict quality standards and excellent service. Revolutionize your manufacturing processes with cutting-edge automation technology that streamlines forming and enhances efficiency.<\/p>\n"}},"_links":{"self":[{"href":"https:\/\/yutaimachinery.com\/de\/wp-json\/wp\/v2\/product\/3736","targetHints":{"allow":["GET"]}}],"collection":[{"href":"https:\/\/yutaimachinery.com\/de\/wp-json\/wp\/v2\/product"}],"about":[{"href":"https:\/\/yutaimachinery.com\/de\/wp-json\/wp\/v2\/types\/product"}],"version-history":[{"count":0,"href":"https:\/\/yutaimachinery.com\/de\/wp-json\/wp\/v2\/product\/3736\/revisions"}],"wp:featuredmedia":[{"embeddable":true,"href":"https:\/\/yutaimachinery.com\/de\/wp-json\/wp\/v2\/media\/3745"}],"wp:attachment":[{"href":"https:\/\/yutaimachinery.com\/de\/wp-json\/wp\/v2\/media?parent=3736"}],"wp:term":[{"taxonomy":"product_brand","embeddable":true,"href":"https:\/\/yutaimachinery.com\/de\/wp-json\/wp\/v2\/product_brand?post=3736"},{"taxonomy":"product_cat","embeddable":true,"href":"https:\/\/yutaimachinery.com\/de\/wp-json\/wp\/v2\/product_cat?post=3736"},{"taxonomy":"product_tag","embeddable":true,"href":"https:\/\/yutaimachinery.com\/de\/wp-json\/wp\/v2\/product_tag?post=3736"}],"curies":[{"name":"wp","href":"https:\/\/api.w.org\/{rel}","templated":true}]}}