{"id":3722,"date":"2024-04-13T19:14:22","date_gmt":"2024-04-13T11:14:22","guid":{"rendered":"https:\/\/yutaimachinery.com\/?post_type=product&#038;p=3722"},"modified":"2025-10-22T16:07:32","modified_gmt":"2025-10-22T08:07:32","slug":"glasiermaschine","status":"publish","type":"product","link":"https:\/\/yutaimachinery.com\/de\/product\/glazing-machine\/","title":{"rendered":"12-Stationen-Keramik-Glasierautomat f\u00fcr Teller Schalen Glasur Tauchen"},"content":{"rendered":"<div class=\"wp-block-columns is-layout-flex wp-container-core-columns-is-layout-9d6595d7 wp-block-columns-is-layout-flex\">\n<div class=\"wp-block-column is-layout-flow wp-block-column-is-layout-flow\">\n<figure class=\"wp-block-embed is-type-video is-provider-youtube wp-block-embed-youtube wp-embed-aspect-16-9 wp-has-aspect-ratio\"><div class=\"wp-block-embed__wrapper\">\n<iframe title=\"keramik\/porzellan becher schalen tassen untertassen glasurtauchmaschine\" width=\"940\" height=\"529\" src=\"https:\/\/www.youtube.com\/embed\/2WBb_F7nhmk?feature=oembed\" frameborder=\"0\" allow=\"accelerometer; autoplay; clipboard-write; encrypted-media; gyroscope; picture-in-picture; web-share\" referrerpolicy=\"strict-origin-when-cross-origin\" allowfullscreen><\/iframe>\n<\/div><\/figure>\n<\/div>\n\n\n\n<div class=\"wp-block-column is-layout-flow wp-block-column-is-layout-flow\">\n<h2 class=\"wp-block-heading\">Automatische Verglasungsmaschine Parameter<\/h2>\n\n\n\n<figure class=\"wp-block-table\"><table><tbody><tr><td><strong>Modell<\/strong><\/td><td>150<\/td><\/tr><tr><td><strong>Maximale Formgr\u00f6\u00dfe<\/strong><\/td><td>6\u2033 und Becher<\/td><\/tr><tr><td><strong>Kapazit\u00e4t<\/strong><\/td><td>36St\u00fcck\/m<\/td><\/tr><tr><td><strong>Leistung(kw)<\/strong><\/td><td>2kw\/380v<\/td><\/tr><tr><td><strong>Abmessung (lxbxh)<\/strong><\/td><td>2\u00d74,2\u00d71,4m(h)<\/td><\/tr><tr><td><strong>Gewicht (kg)<\/strong><\/td><td>400<\/td><\/tr><tr><td><strong>Arbeitsstation<\/strong><\/td><td>12<\/td><\/tr><\/tbody><\/table><\/figure>\n\n\n\n<h2 class=\"wp-block-heading\"><strong>Automatische Keramik-Glasiermaschine<\/strong> <strong>Eigenschaften<\/strong><\/h2>\n\n\n\n<p>Die Glasiermaschine kann keramische Produkte automatisch im Rotationstauchverfahren beschichten, so dass das gesamte Produkt innen und au\u00dfen gleichm\u00e4\u00dfig beschichtet wird; sie eignet sich f\u00fcr kleine Sch\u00fcsseln, Tassen und Sch\u00e4lchen. Eine effiziente Produktion kann auch den Energieverbrauch senken.<\/p>\n<\/div>\n<\/div>\n\n\n\n<div class=\"wp-block-columns is-layout-flex wp-container-core-columns-is-layout-9d6595d7 wp-block-columns-is-layout-flex\">\n<div class=\"wp-block-column is-layout-flow wp-block-column-is-layout-flow\">\n<figure class=\"wp-block-image size-full\"><img fetchpriority=\"high\" decoding=\"async\" width=\"640\" height=\"640\" src=\"https:\/\/yutaimachinery.com\/wp-content\/uploads\/2024\/04\/ceramic-glazing-machine-for-Ceramic-Plates-Bowls-Glaze-Dipping-5.webp\" alt=\"Keramikglasiermaschine f\u00fcr Keramikteller Schalen Glasurtauchen\" class=\"wp-image-5969\" title=\"\" srcset=\"https:\/\/yutaimachinery.com\/wp-content\/uploads\/2024\/04\/ceramic-glazing-machine-for-Ceramic-Plates-Bowls-Glaze-Dipping-5.webp 640w, https:\/\/yutaimachinery.com\/wp-content\/uploads\/2024\/04\/ceramic-glazing-machine-for-Ceramic-Plates-Bowls-Glaze-Dipping-5-300x300.webp 300w, https:\/\/yutaimachinery.com\/wp-content\/uploads\/2024\/04\/ceramic-glazing-machine-for-Ceramic-Plates-Bowls-Glaze-Dipping-5-150x150.webp 150w, https:\/\/yutaimachinery.com\/wp-content\/uploads\/2024\/04\/ceramic-glazing-machine-for-Ceramic-Plates-Bowls-Glaze-Dipping-5-12x12.webp 12w, https:\/\/yutaimachinery.com\/wp-content\/uploads\/2024\/04\/ceramic-glazing-machine-for-Ceramic-Plates-Bowls-Glaze-Dipping-5-285x285.webp 285w, https:\/\/yutaimachinery.com\/wp-content\/uploads\/2024\/04\/ceramic-glazing-machine-for-Ceramic-Plates-Bowls-Glaze-Dipping-5-270x270.webp 270w, https:\/\/yutaimachinery.com\/wp-content\/uploads\/2024\/04\/ceramic-glazing-machine-for-Ceramic-Plates-Bowls-Glaze-Dipping-5-540x540.webp 540w\" sizes=\"(max-width: 640px) 100vw, 640px\" \/><\/figure>\n<\/div>\n\n\n\n<div class=\"wp-block-column is-layout-flow wp-block-column-is-layout-flow\">\n<figure class=\"wp-block-image size-full\"><img decoding=\"async\" width=\"640\" height=\"640\" src=\"https:\/\/yutaimachinery.com\/wp-content\/uploads\/2024\/04\/ceramic-glazing-machine-for-Ceramic-Plates-Bowls-Glaze-Dipping-4.webp\" alt=\"Keramikglasiermaschine f\u00fcr Keramikteller Schalen Glasurtauchen\" class=\"wp-image-5968\" title=\"\" srcset=\"https:\/\/yutaimachinery.com\/wp-content\/uploads\/2024\/04\/ceramic-glazing-machine-for-Ceramic-Plates-Bowls-Glaze-Dipping-4.webp 640w, https:\/\/yutaimachinery.com\/wp-content\/uploads\/2024\/04\/ceramic-glazing-machine-for-Ceramic-Plates-Bowls-Glaze-Dipping-4-300x300.webp 300w, https:\/\/yutaimachinery.com\/wp-content\/uploads\/2024\/04\/ceramic-glazing-machine-for-Ceramic-Plates-Bowls-Glaze-Dipping-4-150x150.webp 150w, https:\/\/yutaimachinery.com\/wp-content\/uploads\/2024\/04\/ceramic-glazing-machine-for-Ceramic-Plates-Bowls-Glaze-Dipping-4-12x12.webp 12w, https:\/\/yutaimachinery.com\/wp-content\/uploads\/2024\/04\/ceramic-glazing-machine-for-Ceramic-Plates-Bowls-Glaze-Dipping-4-285x285.webp 285w, https:\/\/yutaimachinery.com\/wp-content\/uploads\/2024\/04\/ceramic-glazing-machine-for-Ceramic-Plates-Bowls-Glaze-Dipping-4-270x270.webp 270w, https:\/\/yutaimachinery.com\/wp-content\/uploads\/2024\/04\/ceramic-glazing-machine-for-Ceramic-Plates-Bowls-Glaze-Dipping-4-540x540.webp 540w\" sizes=\"(max-width: 640px) 100vw, 640px\" \/><\/figure>\n<\/div>\n<\/div>\n\n\n\n<div class=\"wp-block-columns is-layout-flex wp-container-core-columns-is-layout-9d6595d7 wp-block-columns-is-layout-flex\">\n<div class=\"wp-block-column is-layout-flow wp-block-column-is-layout-flow\">\n<figure class=\"wp-block-image size-full\"><img decoding=\"async\" width=\"640\" height=\"640\" src=\"https:\/\/yutaimachinery.com\/wp-content\/uploads\/2024\/04\/ceramic-glazing-machine-for-Ceramic-Plates-Bowls-Glaze-Dipping-2.webp\" alt=\"Keramikglasiermaschine f\u00fcr Keramikteller Schalen Glasurtauchen\" class=\"wp-image-5966\" title=\"\" srcset=\"https:\/\/yutaimachinery.com\/wp-content\/uploads\/2024\/04\/ceramic-glazing-machine-for-Ceramic-Plates-Bowls-Glaze-Dipping-2.webp 640w, https:\/\/yutaimachinery.com\/wp-content\/uploads\/2024\/04\/ceramic-glazing-machine-for-Ceramic-Plates-Bowls-Glaze-Dipping-2-300x300.webp 300w, https:\/\/yutaimachinery.com\/wp-content\/uploads\/2024\/04\/ceramic-glazing-machine-for-Ceramic-Plates-Bowls-Glaze-Dipping-2-150x150.webp 150w, https:\/\/yutaimachinery.com\/wp-content\/uploads\/2024\/04\/ceramic-glazing-machine-for-Ceramic-Plates-Bowls-Glaze-Dipping-2-12x12.webp 12w, https:\/\/yutaimachinery.com\/wp-content\/uploads\/2024\/04\/ceramic-glazing-machine-for-Ceramic-Plates-Bowls-Glaze-Dipping-2-285x285.webp 285w, https:\/\/yutaimachinery.com\/wp-content\/uploads\/2024\/04\/ceramic-glazing-machine-for-Ceramic-Plates-Bowls-Glaze-Dipping-2-270x270.webp 270w, https:\/\/yutaimachinery.com\/wp-content\/uploads\/2024\/04\/ceramic-glazing-machine-for-Ceramic-Plates-Bowls-Glaze-Dipping-2-540x540.webp 540w\" sizes=\"(max-width: 640px) 100vw, 640px\" \/><\/figure>\n<\/div>\n\n\n\n<div class=\"wp-block-column is-layout-flow wp-block-column-is-layout-flow\">\n<figure class=\"wp-block-image size-full\"><img loading=\"lazy\" decoding=\"async\" width=\"640\" height=\"640\" src=\"https:\/\/yutaimachinery.com\/wp-content\/uploads\/2024\/04\/ceramic-glazing-machine-for-Ceramic-Plates-Bowls-Glaze-Dipping-1.webp\" alt=\"Keramikglasiermaschine f\u00fcr Keramikteller Schalen Glasurtauchen\" class=\"wp-image-5965\" title=\"\" srcset=\"https:\/\/yutaimachinery.com\/wp-content\/uploads\/2024\/04\/ceramic-glazing-machine-for-Ceramic-Plates-Bowls-Glaze-Dipping-1.webp 640w, https:\/\/yutaimachinery.com\/wp-content\/uploads\/2024\/04\/ceramic-glazing-machine-for-Ceramic-Plates-Bowls-Glaze-Dipping-1-300x300.webp 300w, https:\/\/yutaimachinery.com\/wp-content\/uploads\/2024\/04\/ceramic-glazing-machine-for-Ceramic-Plates-Bowls-Glaze-Dipping-1-150x150.webp 150w, https:\/\/yutaimachinery.com\/wp-content\/uploads\/2024\/04\/ceramic-glazing-machine-for-Ceramic-Plates-Bowls-Glaze-Dipping-1-12x12.webp 12w, https:\/\/yutaimachinery.com\/wp-content\/uploads\/2024\/04\/ceramic-glazing-machine-for-Ceramic-Plates-Bowls-Glaze-Dipping-1-285x285.webp 285w, https:\/\/yutaimachinery.com\/wp-content\/uploads\/2024\/04\/ceramic-glazing-machine-for-Ceramic-Plates-Bowls-Glaze-Dipping-1-270x270.webp 270w, https:\/\/yutaimachinery.com\/wp-content\/uploads\/2024\/04\/ceramic-glazing-machine-for-Ceramic-Plates-Bowls-Glaze-Dipping-1-540x540.webp 540w\" sizes=\"(max-width: 640px) 100vw, 640px\" \/><\/figure>\n<\/div>\n<\/div>","protected":false},"excerpt":{"rendered":"<p>Fabrikpreis automatische Glasiermaschine f\u00fcr kleine Schalen, Tassen, kleine Teller das gesamte Produkt innen und au\u00dfen glasieren. Einfache Bedienung, spart Arbeitskosten.<\/p>\n<h2>Alles aus einer Hand f\u00fcr automatische Verglasungsmaschinen:<\/h2>\n<ol>\n<li>\n<p>Unterst\u00fctzung bei der Installation: Ich kann Sie bei der Installation des Magnetfilters anleiten und unterst\u00fctzen, damit er richtig eingestellt wird und optimal funktioniert.<\/p>\n<\/li>\n<li>Ersatzteile: Ich biete eine Reihe von Ersatzteilen f\u00fcr den Magnetfilter an, die bei Bedarf schnell und einfach ausgetauscht werden k\u00f6nnen, um die Ausfallzeiten zu minimieren.<\/li>\n<li>Unterst\u00fctzung nach dem Kauf: Ich verpflichte mich, Ihnen fortlaufend Unterst\u00fctzung und Hilfe zu bieten, um Ihre Zufriedenheit mit dem Magnetfilter und seine reibungslose Verwendung in Ihrer Produktionslinie sicherzustellen.<\/li>\n<\/ol>","protected":false},"featured_media":3724,"template":"","meta":{"_acf_changed":false},"product_brand":[],"product_cat":[57],"product_tag":[],"class_list":{"0":"post-3722","1":"product","2":"type-product","3":"status-publish","4":"has-post-thumbnail","6":"product_cat-ceramic-glazing-machine","8":"first","9":"instock","10":"shipping-taxable","11":"product-type-simple"},"acf":{"customization_content":"<h2><\/h2>\r\n<div><\/div>","customization_content_source":{"label":"Customization Content","type":"wysiwyg","formatted_value":"<h2><\/h2>\n<div><\/div>\n"},"why_choose_us_content":"<h2 style=\"text-align: center;\">Why Choose Us as Your Automatic Glazing Machine Supplier<\/h2>\r\n\r\n<hr \/>\r\n<p style=\"text-align: center;\">Yutai as a ceramic tableware manufacturer, maintains strict quality standards and excellent service. Revolutionize your manufacturing processes with cutting-edge automation technology that streamlines forming and enhances efficiency.<\/p>","why_choose_us_content_source":{"label":"Why Choose Us Content","type":"wysiwyg","formatted_value":"<h2 style=\"text-align: center;\">Why Choose Us as Your Automatic Glazing Machine Supplier<\/h2>\n<hr \/>\n<p style=\"text-align: center;\">Yutai as a ceramic tableware manufacturer, maintains strict quality standards and excellent service. Revolutionize your manufacturing processes with cutting-edge automation technology that streamlines forming and enhances efficiency.<\/p>\n"}},"_links":{"self":[{"href":"https:\/\/yutaimachinery.com\/de\/wp-json\/wp\/v2\/product\/3722","targetHints":{"allow":["GET"]}}],"collection":[{"href":"https:\/\/yutaimachinery.com\/de\/wp-json\/wp\/v2\/product"}],"about":[{"href":"https:\/\/yutaimachinery.com\/de\/wp-json\/wp\/v2\/types\/product"}],"version-history":[{"count":0,"href":"https:\/\/yutaimachinery.com\/de\/wp-json\/wp\/v2\/product\/3722\/revisions"}],"wp:featuredmedia":[{"embeddable":true,"href":"https:\/\/yutaimachinery.com\/de\/wp-json\/wp\/v2\/media\/3724"}],"wp:attachment":[{"href":"https:\/\/yutaimachinery.com\/de\/wp-json\/wp\/v2\/media?parent=3722"}],"wp:term":[{"taxonomy":"product_brand","embeddable":true,"href":"https:\/\/yutaimachinery.com\/de\/wp-json\/wp\/v2\/product_brand?post=3722"},{"taxonomy":"product_cat","embeddable":true,"href":"https:\/\/yutaimachinery.com\/de\/wp-json\/wp\/v2\/product_cat?post=3722"},{"taxonomy":"product_tag","embeddable":true,"href":"https:\/\/yutaimachinery.com\/de\/wp-json\/wp\/v2\/product_tag?post=3722"}],"curies":[{"name":"wp","href":"https:\/\/api.w.org\/{rel}","templated":true}]}}