{"id":3678,"date":"2024-04-11T20:06:36","date_gmt":"2024-04-11T12:06:36","guid":{"rendered":"https:\/\/yutaimachinery.com\/?post_type=product&#038;p=3678"},"modified":"2024-04-12T23:17:47","modified_gmt":"2024-04-12T15:17:47","slug":"ruttelsieb-2","status":"publish","type":"product","link":"https:\/\/yutaimachinery.com\/de\/product\/vibrating-sieve\/","title":{"rendered":"Kundenspezifisches Vibrationssieb aus Edelstahl 80cm 100cm"},"content":{"rendered":"<div class=\"wp-block-columns is-layout-flex wp-container-core-columns-is-layout-9d6595d7 wp-block-columns-is-layout-flex\">\n<div class=\"wp-block-column is-layout-flow wp-block-column-is-layout-flow\">\n<figure class=\"wp-block-image size-full\"><img fetchpriority=\"high\" decoding=\"async\" width=\"600\" height=\"600\" src=\"https:\/\/yutaimachinery.com\/wp-content\/uploads\/2024\/04\/Vibrating-Sieve.webp\" alt=\"Vibrationssieb\" class=\"wp-image-3681\" title=\"\" srcset=\"https:\/\/yutaimachinery.com\/wp-content\/uploads\/2024\/04\/Vibrating-Sieve.webp 600w, https:\/\/yutaimachinery.com\/wp-content\/uploads\/2024\/04\/Vibrating-Sieve-300x300.webp 300w, https:\/\/yutaimachinery.com\/wp-content\/uploads\/2024\/04\/Vibrating-Sieve-150x150.webp 150w, https:\/\/yutaimachinery.com\/wp-content\/uploads\/2024\/04\/Vibrating-Sieve-285x285.webp 285w, https:\/\/yutaimachinery.com\/wp-content\/uploads\/2024\/04\/Vibrating-Sieve-270x270.webp 270w, https:\/\/yutaimachinery.com\/wp-content\/uploads\/2024\/04\/Vibrating-Sieve-540x540.webp 540w\" sizes=\"(max-width: 600px) 100vw, 600px\" \/><\/figure>\n<\/div>\n\n\n\n<div class=\"wp-block-column is-layout-flow wp-block-column-is-layout-flow\">\n<h2 class=\"wp-block-heading\"><strong>Merkmale des Vibrationssiebs<\/strong><\/h2>\n\n\n\n<p>Konstruktion aus rostfreiem Stahl: Das Sieb besteht aus einem robusten Edelstahlrahmen, der eine lange Lebensdauer gew\u00e4hrleistet und f\u00fcr eine Vielzahl von industriellen Anwendungen geeignet ist.<\/p>\n\n\n\n<p>Gro\u00dfer Sieblochdurchmesser: Der Sieblochdurchmesser ist 80 ~ 100cm, und die Sieblochoberfl\u00e4che ist gro\u00df, die Gro\u00dfkapazit\u00e4tssiebung und effiziente Teilchentrennung erreichen kann.<\/p>\n\n\n\n<p>Anpassbare Maschenweite: Das Sieb kann eine breite Palette von Maschengr\u00f6\u00dfen aufnehmen und die Maschengr\u00f6\u00dfe an die jeweilige Partikelgr\u00f6\u00dfe anpassen. Es kann Partikel bis zu einer Feinheit von 7 Mikrometern aussieben.<\/p>\n\n\n\n<p>Effizient: Ausgestattet mit einem leistungsstarken Vibrationsmotor, werden die gesiebten Partikel effizient und gleichm\u00e4\u00dfig verteilt, was die Produktivit\u00e4t des Materialtransports verbessert.<\/p>\n<\/div>\n<\/div>\n\n\n\n<div class=\"wp-block-columns is-layout-flex wp-container-core-columns-is-layout-9d6595d7 wp-block-columns-is-layout-flex\">\n<div class=\"wp-block-column is-layout-flow wp-block-column-is-layout-flow\"><div class=\"wp-block-image\">\n<figure class=\"aligncenter size-full is-resized\"><img decoding=\"async\" width=\"600\" height=\"600\" src=\"https:\/\/yutaimachinery.com\/wp-content\/uploads\/2024\/04\/Vibrating-Sieve5.webp\" alt=\"Vibrationssieb\" class=\"wp-image-3686\" style=\"width:404px;height:auto\" title=\"\" srcset=\"https:\/\/yutaimachinery.com\/wp-content\/uploads\/2024\/04\/Vibrating-Sieve5.webp 600w, https:\/\/yutaimachinery.com\/wp-content\/uploads\/2024\/04\/Vibrating-Sieve5-300x300.webp 300w, https:\/\/yutaimachinery.com\/wp-content\/uploads\/2024\/04\/Vibrating-Sieve5-150x150.webp 150w, https:\/\/yutaimachinery.com\/wp-content\/uploads\/2024\/04\/Vibrating-Sieve5-285x285.webp 285w, https:\/\/yutaimachinery.com\/wp-content\/uploads\/2024\/04\/Vibrating-Sieve5-270x270.webp 270w, https:\/\/yutaimachinery.com\/wp-content\/uploads\/2024\/04\/Vibrating-Sieve5-540x540.webp 540w\" sizes=\"(max-width: 600px) 100vw, 600px\" \/><\/figure>\n<\/div><\/div>\n\n\n\n<div class=\"wp-block-column is-layout-flow wp-block-column-is-layout-flow\">\n<h2 class=\"wp-block-heading\"><strong>Parameter des Vibrationssiebs<\/strong><\/h2>\n\n\n\n<figure class=\"wp-block-table\"><table><tbody><tr><td>Modell<\/td><td colspan=\"3\">80<\/td><td colspan=\"3\">100<\/td><\/tr><tr><td>Durchmesser der Maschen (cm)<\/td><td colspan=\"3\">80cm<\/td><td colspan=\"3\">100cm<\/td><\/tr><tr><td>Leistung (kw)<\/td><td colspan=\"3\">1,5KW<\/td><td colspan=\"3\">2,2 kW<\/td><\/tr><tr><td>Kapazit\u00e4t<\/td><td colspan=\"3\">8t\/h<\/td><td colspan=\"3\">12t\/h<\/td><\/tr><\/tbody><\/table><\/figure>\n<\/div>\n<\/div>","protected":false},"excerpt":{"rendered":"<p>Das Vibrationssieb aus rostfreiem Stahl wird zum Sieben von Rohstoffen in der Keramikindustrie verwendet. Die Spannvorrichtung aus rostfreiem Stahl ist angemessen, ger\u00e4uscharm und hat eine gro\u00dfe Kapazit\u00e4t. Die Maschenweite ist kundenspezifisch.<\/p>\n<h2>Alles aus einer Hand f\u00fcr Vibrationssiebe :<\/h2>\n<ol>\n<li>Installation und Einrichtung: Unser Team bietet einen professionellen Installations- und Einrichtungsservice, der sicherstellt, dass das Vibrationssieb ordnungsgem\u00e4\u00df installiert und f\u00fcr eine optimale Leistung konfiguriert ist.<\/li>\n<li>Ersatzteile: Wir bieten ein umfassendes Sortiment an hochwertigen Ersatzteilen und Komponenten f\u00fcr das Vibrationssieb, die bei Bedarf schnell und einfach ausgetauscht werden k\u00f6nnen, um Ausfallzeiten zu minimieren.<\/li>\n<li>Anpassung: Wir bieten kundenspezifische Dienstleistungen an, um das Vibrationssieb an spezifische Kundenanforderungen anzupassen, einschlie\u00dflich kundenspezifischer Gr\u00f6\u00dfen, Maschenoptionen und zus\u00e4tzlicher Funktionen.<\/li>\n<\/ol>","protected":false},"featured_media":3681,"template":"","meta":{"_acf_changed":false},"product_brand":[],"product_cat":[54],"product_tag":[74],"class_list":{"0":"post-3678","1":"product","2":"type-product","3":"status-publish","4":"has-post-thumbnail","6":"product_cat-clay-making-machine","7":"product_tag-vibrating-sieve","9":"first","10":"instock","11":"shipping-taxable","12":"product-type-simple"},"acf":{"customization_content":"<h2><\/h2>\r\n<div><\/div>","customization_content_source":{"label":"Customization Content","type":"wysiwyg","formatted_value":"<h2><\/h2>\n<div><\/div>\n"},"why_choose_us_content":"<h2 style=\"text-align: center;\">Why Choose Us as Your <strong>Vibrating Sieve<\/strong> Supplier<\/h2>\r\n\r\n<hr \/>\r\n<p style=\"text-align: center;\">Yutai as a ceramic tableware manufacturer, maintains strict quality standards and excellent service. Revolutionize your manufacturing processes with cutting-edge automation technology that streamlines forming and enhances efficiency.<\/p>","why_choose_us_content_source":{"label":"Why Choose Us Content","type":"wysiwyg","formatted_value":"<h2 style=\"text-align: center;\">Why Choose Us as Your <strong>Vibrating Sieve<\/strong> Supplier<\/h2>\n<hr \/>\n<p style=\"text-align: center;\">Yutai as a ceramic tableware manufacturer, maintains strict quality standards and excellent service. Revolutionize your manufacturing processes with cutting-edge automation technology that streamlines forming and enhances efficiency.<\/p>\n"}},"_links":{"self":[{"href":"https:\/\/yutaimachinery.com\/de\/wp-json\/wp\/v2\/product\/3678","targetHints":{"allow":["GET"]}}],"collection":[{"href":"https:\/\/yutaimachinery.com\/de\/wp-json\/wp\/v2\/product"}],"about":[{"href":"https:\/\/yutaimachinery.com\/de\/wp-json\/wp\/v2\/types\/product"}],"version-history":[{"count":0,"href":"https:\/\/yutaimachinery.com\/de\/wp-json\/wp\/v2\/product\/3678\/revisions"}],"wp:featuredmedia":[{"embeddable":true,"href":"https:\/\/yutaimachinery.com\/de\/wp-json\/wp\/v2\/media\/3681"}],"wp:attachment":[{"href":"https:\/\/yutaimachinery.com\/de\/wp-json\/wp\/v2\/media?parent=3678"}],"wp:term":[{"taxonomy":"product_brand","embeddable":true,"href":"https:\/\/yutaimachinery.com\/de\/wp-json\/wp\/v2\/product_brand?post=3678"},{"taxonomy":"product_cat","embeddable":true,"href":"https:\/\/yutaimachinery.com\/de\/wp-json\/wp\/v2\/product_cat?post=3678"},{"taxonomy":"product_tag","embeddable":true,"href":"https:\/\/yutaimachinery.com\/de\/wp-json\/wp\/v2\/product_tag?post=3678"}],"curies":[{"name":"wp","href":"https:\/\/api.w.org\/{rel}","templated":true}]}}