{"id":3677,"date":"2024-04-11T20:04:46","date_gmt":"2024-04-11T12:04:46","guid":{"rendered":"https:\/\/yutaimachinery.com\/?post_type=product&#038;p=3677"},"modified":"2025-12-14T14:54:15","modified_gmt":"2025-12-14T06:54:15","slug":"bundelungsmaschine","status":"publish","type":"product","link":"https:\/\/yutaimachinery.com\/de\/product\/jiggering-machine\/","title":{"rendered":"Automatische Maschine zur Herstellung von Keramikplatten und Bechern, Jiggering-Maschine"},"content":{"rendered":"<div class=\"wp-block-columns is-layout-flex wp-container-core-columns-is-layout-9d6595d7 wp-block-columns-is-layout-flex\">\n<div class=\"wp-block-column is-layout-flow wp-block-column-is-layout-flow\">\n<figure class=\"wp-block-embed is-type-video is-provider-youtube wp-block-embed-youtube wp-embed-aspect-16-9 wp-has-aspect-ratio\"><div class=\"wp-block-embed__wrapper\">\n<iframe title=\"Maschine zur Herstellung von Keramikbechern mit Henkel\" width=\"940\" height=\"529\" src=\"https:\/\/www.youtube.com\/embed\/BHIx1WBU9Tc?feature=oembed\" frameborder=\"0\" allow=\"accelerometer; autoplay; clipboard-write; encrypted-media; gyroscope; picture-in-picture; web-share\" referrerpolicy=\"strict-origin-when-cross-origin\" allowfullscreen><\/iframe>\n<\/div><\/figure>\n<\/div>\n\n\n\n<div class=\"wp-block-column is-layout-flow wp-block-column-is-layout-flow\">\n<h2 class=\"wp-block-heading\">Merkmale der Jiggering-Maschine<\/h2>\n\n\n\n<p><strong>Entwickelt f\u00fcr Geschirrfabriken:<\/strong> Speziell f\u00fcr die Herstellung von Tellern, Sch\u00fcsseln und Bechern optimiert, mit stabiler Formgebung und wiederholbaren Ergebnissen.<\/p>\n\n\n\n<p><strong>Automatisierte Jiggering-Formung: <\/strong>Gew\u00e4hrleistet gleichm\u00e4\u00dfige Dicke, glatte Oberfl\u00e4chen und genaue Abmessungen f\u00fcr die Massenproduktion von Geschirr.<\/p>\n\n\n\n<p><strong>Integriertes Trocknen und Entformen:<\/strong> Optimiert den Produktionsablauf und verk\u00fcrzt die Zykluszeit f\u00fcr eine h\u00f6here Gesamteffizienz.<\/p>\n\n\n\n<p><strong>Einfache Bedienung und Wartung: <\/strong>Das einfache Steuerungssystem und die robuste Konstruktion erm\u00f6glichen eine einfache Bedienung und geringe Wartungskosten.<\/p>\n\n\n\n<p><strong>Kosteneffiziente Produktion: <\/strong>Reduziert den Arbeitsaufwand bei gleichbleibender Leistung und tr\u00e4gt so zur Senkung der Gesamtfertigungskosten bei.<\/p>\n\n\n\n<p><strong>Stabilit\u00e4t in Industriequalit\u00e4t: <\/strong>Entwickelt f\u00fcr den Dauerbetrieb in Fabriken mit langer Lebensdauer und zuverl\u00e4ssiger Leistung.<\/p>\n<\/div>\n<\/div>\n\n\n\n<div class=\"wp-block-columns is-layout-flex wp-container-core-columns-is-layout-9d6595d7 wp-block-columns-is-layout-flex\">\n<div class=\"wp-block-column is-layout-flow wp-block-column-is-layout-flow\">\n<figure class=\"wp-block-image size-full\"><img fetchpriority=\"high\" decoding=\"async\" width=\"1276\" height=\"1276\" src=\"https:\/\/yutaimachinery.com\/wp-content\/uploads\/2024\/04\/jiggering-machine4.webp\" alt=\"B\u00fcndelungsmaschine\" class=\"wp-image-3701\" title=\"\" srcset=\"https:\/\/yutaimachinery.com\/wp-content\/uploads\/2024\/04\/jiggering-machine4.webp 1276w, https:\/\/yutaimachinery.com\/wp-content\/uploads\/2024\/04\/jiggering-machine4-300x300.webp 300w, https:\/\/yutaimachinery.com\/wp-content\/uploads\/2024\/04\/jiggering-machine4-150x150.webp 150w, https:\/\/yutaimachinery.com\/wp-content\/uploads\/2024\/04\/jiggering-machine4-768x768.webp 768w, https:\/\/yutaimachinery.com\/wp-content\/uploads\/2024\/04\/jiggering-machine4-285x285.webp 285w, https:\/\/yutaimachinery.com\/wp-content\/uploads\/2024\/04\/jiggering-machine4-270x270.webp 270w, https:\/\/yutaimachinery.com\/wp-content\/uploads\/2024\/04\/jiggering-machine4-540x540.webp 540w, https:\/\/yutaimachinery.com\/wp-content\/uploads\/2024\/04\/jiggering-machine4-660x660.webp 660w\" sizes=\"(max-width: 1276px) 100vw, 1276px\" \/><\/figure>\n<\/div>\n\n\n\n<div class=\"wp-block-column is-layout-flow wp-block-column-is-layout-flow\">\n<figure class=\"wp-block-image size-full\"><img decoding=\"async\" width=\"3024\" height=\"3024\" src=\"https:\/\/yutaimachinery.com\/wp-content\/uploads\/2024\/04\/jiggering-machine3.webp\" alt=\"B\u00fcndelungsmaschine\" class=\"wp-image-3700\" title=\"\" srcset=\"https:\/\/yutaimachinery.com\/wp-content\/uploads\/2024\/04\/jiggering-machine3.webp 3024w, https:\/\/yutaimachinery.com\/wp-content\/uploads\/2024\/04\/jiggering-machine3-300x300.webp 300w, https:\/\/yutaimachinery.com\/wp-content\/uploads\/2024\/04\/jiggering-machine3-150x150.webp 150w, https:\/\/yutaimachinery.com\/wp-content\/uploads\/2024\/04\/jiggering-machine3-768x768.webp 768w, https:\/\/yutaimachinery.com\/wp-content\/uploads\/2024\/04\/jiggering-machine3-285x285.webp 285w, https:\/\/yutaimachinery.com\/wp-content\/uploads\/2024\/04\/jiggering-machine3-1600x1600.webp 1600w, https:\/\/yutaimachinery.com\/wp-content\/uploads\/2024\/04\/jiggering-machine3-270x270.webp 270w, https:\/\/yutaimachinery.com\/wp-content\/uploads\/2024\/04\/jiggering-machine3-540x540.webp 540w, https:\/\/yutaimachinery.com\/wp-content\/uploads\/2024\/04\/jiggering-machine3-660x660.webp 660w\" sizes=\"(max-width: 3024px) 100vw, 3024px\" \/><\/figure>\n<\/div>\n<\/div>","protected":false},"excerpt":{"rendered":"<p>Die automatische Maschine zur Herstellung von Keramikgeschirr ist eine praktische und kosteng\u00fcnstige L\u00f6sung f\u00fcr die Herstellung von Geschirr f\u00fcr den t\u00e4glichen Gebrauch. Sie ist ideal f\u00fcr Keramikfabriken, die eine stabile Produktion, geringen Arbeitsaufwand und kontrollierte Herstellungskosten anstreben. Kontaktieren Sie uns jetzt f\u00fcr ein Angebot!<\/p>\n<h2>Komplettl\u00f6sung f\u00fcr Maschinen zur Herstellung von Keramikbechern und -tassen:<\/h2>\n<ol>\n<li><strong>Schl\u00fcsselfertige L\u00f6sungen f\u00fcr Keramiklinien:<\/strong> Umfassende Unterst\u00fctzung von der Auswahl der Anlagen \u00fcber die Planung des Anlagenlayouts bis hin zur vollst\u00e4ndigen Integration der Produktionslinie.<\/li>\n<li><strong>Anpassung der Ausr\u00fcstung:<\/strong> Maschinenkonfigurationen, die auf verschiedene Keramikprodukte wie Teller, Sch\u00fcsseln, Becher und Tassen zugeschnitten sind, basierend auf Gr\u00f6\u00dfe, Form und Produktionskapazit\u00e4t.<\/li>\n<li><strong>Installation und Inbetriebnahme:<\/strong> Technische Beratung vor Ort oder per Fernzugriff, um einen stabilen Betrieb und genaue Gussergebnisse zu gew\u00e4hrleisten.<\/li>\n<li><strong>Bedienerschulung und technischer Support:<\/strong> Umfassende Schulung zu Maschinenbedienung, Wartung und Qualit\u00e4tskontrolle.<\/li>\n<li><strong>Kundendienst und Ersatzteilversorgung:<\/strong> Schneller technischer Service, vorbeugende Wartungsprogramme und zuverl\u00e4ssige Verf\u00fcgbarkeit von Ersatzteilen.<\/li>\n<li><strong>Qualit\u00e4tsverbesserung und Ertragsoptimierung:<\/strong> L\u00f6sungen zur Reduzierung von Fehlern, zur Verbesserung der Gussqualit\u00e4t und zur Steigerung der Produktionseffizienz.<\/li>\n<\/ol>","protected":false},"featured_media":3701,"template":"","meta":{"_acf_changed":false},"product_brand":[],"product_cat":[55],"product_tag":[76],"class_list":{"0":"post-3677","1":"product","2":"type-product","3":"status-publish","4":"has-post-thumbnail","6":"product_cat-ceramic-forming-machine","7":"product_tag-jiggering-machine","9":"first","10":"instock","11":"shipping-taxable","12":"product-type-simple"},"acf":{"customization_content":"<h2><\/h2>\r\n<div><\/div>","customization_content_source":{"label":"Customization Content","type":"wysiwyg","formatted_value":"<h2><\/h2>\n<div><\/div>\n"},"why_choose_us_content":"<h2 style=\"text-align: center;\">Why Choose Us as Your <strong>Jiggering Machine<\/strong> Supplier<\/h2>\r\n\r\n<hr \/>\r\n<p style=\"text-align: center;\">Yutai as a ceramic tableware manufacturer, maintains strict quality standards and excellent service. Revolutionize your manufacturing processes with cutting-edge automation technology that streamlines forming and enhances efficiency.<\/p>","why_choose_us_content_source":{"label":"Why Choose Us Content","type":"wysiwyg","formatted_value":"<h2 style=\"text-align: center;\">Why Choose Us as Your <strong>Jiggering Machine<\/strong> Supplier<\/h2>\n<hr \/>\n<p style=\"text-align: center;\">Yutai as a ceramic tableware manufacturer, maintains strict quality standards and excellent service. Revolutionize your manufacturing processes with cutting-edge automation technology that streamlines forming and enhances efficiency.<\/p>\n"}},"_links":{"self":[{"href":"https:\/\/yutaimachinery.com\/de\/wp-json\/wp\/v2\/product\/3677","targetHints":{"allow":["GET"]}}],"collection":[{"href":"https:\/\/yutaimachinery.com\/de\/wp-json\/wp\/v2\/product"}],"about":[{"href":"https:\/\/yutaimachinery.com\/de\/wp-json\/wp\/v2\/types\/product"}],"version-history":[{"count":0,"href":"https:\/\/yutaimachinery.com\/de\/wp-json\/wp\/v2\/product\/3677\/revisions"}],"wp:featuredmedia":[{"embeddable":true,"href":"https:\/\/yutaimachinery.com\/de\/wp-json\/wp\/v2\/media\/3701"}],"wp:attachment":[{"href":"https:\/\/yutaimachinery.com\/de\/wp-json\/wp\/v2\/media?parent=3677"}],"wp:term":[{"taxonomy":"product_brand","embeddable":true,"href":"https:\/\/yutaimachinery.com\/de\/wp-json\/wp\/v2\/product_brand?post=3677"},{"taxonomy":"product_cat","embeddable":true,"href":"https:\/\/yutaimachinery.com\/de\/wp-json\/wp\/v2\/product_cat?post=3677"},{"taxonomy":"product_tag","embeddable":true,"href":"https:\/\/yutaimachinery.com\/de\/wp-json\/wp\/v2\/product_tag?post=3677"}],"curies":[{"name":"wp","href":"https:\/\/api.w.org\/{rel}","templated":true}]}}