{"id":3654,"date":"2024-04-10T18:58:46","date_gmt":"2024-04-10T10:58:46","guid":{"rendered":"https:\/\/yutaimachinery.com\/?post_type=product&#038;p=3654"},"modified":"2024-04-11T15:23:45","modified_gmt":"2024-04-11T07:23:45","slug":"keramik-abziehbild-druckmaschine","status":"publish","type":"product","link":"https:\/\/yutaimachinery.com\/de\/product\/ceramic-decal-printing-machine\/","title":{"rendered":"Automatische Druckmaschine f\u00fcr keramische Abziehbilder Langlebig"},"content":{"rendered":"<div class=\"wp-block-columns is-layout-flex wp-container-core-columns-is-layout-9d6595d7 wp-block-columns-is-layout-flex\">\n<div class=\"wp-block-column is-layout-flow wp-block-column-is-layout-flow\">\n<figure class=\"wp-block-embed is-type-video is-provider-youtube wp-block-embed-youtube wp-embed-aspect-16-9 wp-has-aspect-ratio\"><div class=\"wp-block-embed__wrapper\">\n<iframe title=\"Automatische Wasserschieber-Transferdruckmaschine f\u00fcr Aufkleber\" width=\"940\" height=\"529\" src=\"https:\/\/www.youtube.com\/embed\/uKsopM37BKE?feature=oembed\" frameborder=\"0\" allow=\"accelerometer; autoplay; clipboard-write; encrypted-media; gyroscope; picture-in-picture; web-share\" referrerpolicy=\"strict-origin-when-cross-origin\" allowfullscreen><\/iframe>\n<\/div><\/figure>\n<\/div>\n\n\n\n<div class=\"wp-block-column is-layout-flow wp-block-column-is-layout-flow\">\n<h2 class=\"wp-block-heading\"><strong>Merkmale der Keramik-Abziehbild-Druckmaschine<\/strong><\/h2>\n\n\n\n<p>Vielseitigkeit: Es ist mit einer Vielzahl von keramischen Produkten kompatibel, darunter Fliesen, Geschirr, Sanit\u00e4rkeramik und Dekorationsartikel, und bietet somit eine gro\u00dfe Vielfalt an Druckanwendungen.<\/p>\n\n\n\n<p>Personalisierung: Die Maschine erm\u00f6glicht anpassbare Designs und Muster, die auf individuelle Kundenw\u00fcnsche und spezifische Marktanforderungen eingehen.<\/p>\n\n\n\n<p>Hochgeschwindigkeitsdruck: Durch die hohe Druckgeschwindigkeit steigert die Maschine die Produktionseffizienz und den Durchsatz und erm\u00f6glicht die schnelle Abwicklung gro\u00dfer Druckauftr\u00e4ge.<\/p>\n<\/div>\n<\/div>\n\n\n\n<div class=\"wp-block-columns is-layout-flex wp-container-core-columns-is-layout-9d6595d7 wp-block-columns-is-layout-flex\">\n<div class=\"wp-block-column is-layout-flow wp-block-column-is-layout-flow\">\n<h2 class=\"wp-block-heading\">Parameter der Druckmaschine f\u00fcr keramische Abziehbilder<\/h2>\n\n\n\n<figure class=\"wp-block-table\"><table><tbody><tr><td>Modell<\/td><td>Max.Druckfl\u00e4che<\/td><td>Max. Papierformat (cm)<\/td><td>Min. Papiergr\u00f6\u00dfe<\/td><td>Papierdicke<\/td><td>Gewicht (kg)<\/td><\/tr><tr><td>720<\/td><td>720x500mm<\/td><td>720x520mm<\/td><td>350x270mm<\/td><td>80-350g\/\u33a1<\/td><td>3500<\/td><\/tr><tr><td>780<\/td><td>780x520mm<\/td><td>780x520mm<\/td><td>350x270mm<\/td><td>80-350g\/\u33a1<\/td><td>3800<\/td><\/tr><tr><td>1020<\/td><td>1020x700mm<\/td><td>1020x720mm<\/td><td>350x560mm<\/td><td>80-350g\/m<\/td><td>5000<\/td><\/tr><\/tbody><\/table><\/figure>\n<\/div>\n<\/div>\n\n\n\n<figure class=\"wp-block-table\"><table><tbody><tr><td>Rahmengr\u00f6\u00dfe<\/td><td>Leistung(kw)<\/td><td>Abmessung (lxbxh)<\/td><\/tr><tr><td>880x880mm<\/td><td>7,3 kW<\/td><td>4700x1960x1270mm<\/td><\/tr><tr><td>940x940mm<\/td><td>7,8 kW<\/td><td>4900x2080x1270mm<\/td><\/tr><tr><td>1280x1140mm<\/td><td>8,2 kW<\/td><td>5300x2720x1430mm<\/td><\/tr><\/tbody><\/table><\/figure>","protected":false},"excerpt":{"rendered":"<p>China Fabrik hochwertige automatische keramische Abziehbilder Druckmaschine geeignet f\u00fcr die Neuausrichtung Abziehbilder in keramischen Glasplatten Schalen Tassen mit 1360 pec Papier-Clips und High-Speed-Betrieb.<\/p>\n<h2>Alles aus einer Hand f\u00fcr keramische Abziehbilddruckmaschinen :<\/h2>\n<ol>\n<li>Anpassung: Unterst\u00fctzung von kundenspezifischen Ger\u00e4teteilen, kundenspezifischem Zubeh\u00f6r und kundenspezifischen Anwendungen<\/li>\n<li>Unterst\u00fctzung des Layout-Designs:  Je nach Fabrikfl\u00e4che, Produktionsplan und Kapitalinvestition bieten wir professionelle Design- und Layout-Dienstleistungen.<\/li>\n<li>Technische Unterst\u00fctzung und Service: Hochqualifizierte Techniker montieren Ihre Maschinen und bieten Videoschulungen und technischen Support.<\/li>\n<\/ol>","protected":false},"featured_media":3661,"template":"","meta":{"_acf_changed":false},"product_brand":[],"product_cat":[59],"product_tag":[72],"class_list":{"0":"post-3654","1":"product","2":"type-product","3":"status-publish","4":"has-post-thumbnail","6":"product_cat-ceramic-printing-machine","7":"product_tag-ceramic-decal-printing-machine","9":"first","10":"instock","11":"shipping-taxable","12":"product-type-simple"},"acf":{"customization_content":"<h2><\/h2>\r\n<div><\/div>","customization_content_source":{"label":"Customization Content","type":"wysiwyg","formatted_value":"<h2><\/h2>\n<div><\/div>\n"},"why_choose_us_content":"<h2 style=\"text-align: center;\">Why Choose Us as Your Ceramic Printing Machine Supplier<\/h2>\r\n\r\n<hr \/>\r\n<p style=\"text-align: center;\">Yutai as a ceramic tableware manufacturer, maintains strict quality standards and excellent service. Revolutionize your manufacturing processes with cutting-edge automation technology that streamlines forming and enhances efficiency.<\/p>","why_choose_us_content_source":{"label":"Why Choose Us Content","type":"wysiwyg","formatted_value":"<h2 style=\"text-align: center;\">Why Choose Us as Your Ceramic Printing Machine Supplier<\/h2>\n<hr \/>\n<p style=\"text-align: center;\">Yutai as a ceramic tableware manufacturer, maintains strict quality standards and excellent service. Revolutionize your manufacturing processes with cutting-edge automation technology that streamlines forming and enhances efficiency.<\/p>\n"}},"_links":{"self":[{"href":"https:\/\/yutaimachinery.com\/de\/wp-json\/wp\/v2\/product\/3654","targetHints":{"allow":["GET"]}}],"collection":[{"href":"https:\/\/yutaimachinery.com\/de\/wp-json\/wp\/v2\/product"}],"about":[{"href":"https:\/\/yutaimachinery.com\/de\/wp-json\/wp\/v2\/types\/product"}],"version-history":[{"count":0,"href":"https:\/\/yutaimachinery.com\/de\/wp-json\/wp\/v2\/product\/3654\/revisions"}],"wp:featuredmedia":[{"embeddable":true,"href":"https:\/\/yutaimachinery.com\/de\/wp-json\/wp\/v2\/media\/3661"}],"wp:attachment":[{"href":"https:\/\/yutaimachinery.com\/de\/wp-json\/wp\/v2\/media?parent=3654"}],"wp:term":[{"taxonomy":"product_brand","embeddable":true,"href":"https:\/\/yutaimachinery.com\/de\/wp-json\/wp\/v2\/product_brand?post=3654"},{"taxonomy":"product_cat","embeddable":true,"href":"https:\/\/yutaimachinery.com\/de\/wp-json\/wp\/v2\/product_cat?post=3654"},{"taxonomy":"product_tag","embeddable":true,"href":"https:\/\/yutaimachinery.com\/de\/wp-json\/wp\/v2\/product_tag?post=3654"}],"curies":[{"name":"wp","href":"https:\/\/api.w.org\/{rel}","templated":true}]}}