{"id":3639,"date":"2024-04-09T16:14:31","date_gmt":"2024-04-09T08:14:31","guid":{"rendered":"https:\/\/yutaimachinery.com\/?post_type=product&#038;p=3639"},"modified":"2025-12-14T14:09:18","modified_gmt":"2025-12-14T06:09:18","slug":"keramik-pressmaschine","status":"publish","type":"product","link":"https:\/\/yutaimachinery.com\/de\/product\/ceramic-press-machine\/","title":{"rendered":"Hochwertige 30T Keramikpresse f\u00fcr Keramikgeschirr Formung"},"content":{"rendered":"<div class=\"wp-block-columns is-layout-flex wp-container-core-columns-is-layout-9d6595d7 wp-block-columns-is-layout-flex\">\n<div class=\"wp-block-column is-layout-flow wp-block-column-is-layout-flow\">\n<h2 class=\"wp-block-heading\">Parameter der Keramikpressmaschine<\/h2>\n\n\n\n<figure class=\"wp-block-table\"><table><tbody><tr><td><strong>Kapazit\u00e4t<\/strong><\/td><td>5\u20136 St\u00fcck\/Minute<\/td><\/tr><tr><td><strong>Arbeitsregisterkarte \u201eEffektiv\u201c<\/strong><\/td><td>60x48cm<\/td><\/tr><tr><td><strong>Arbeitsshub<\/strong><\/td><td>40 cm<\/td><\/tr><tr><td><strong>Arbeitsdruck<\/strong><\/td><td>\u22646,3 MPa<\/td><\/tr><tr><td><strong>Au\u00dfenabmessung (mm)<\/strong><\/td><td>110 \u00d7 64 \u00d7 170 cm\/85 \u00d7 65 \u00d7 105 cm<\/td><\/tr><\/tbody><\/table><\/figure>\n\n\n\n<h2 class=\"wp-block-heading\">Merkmale der Keramikpressmaschine<\/h2>\n\n\n\n<p><strong>Hochdruckf\u00e4higkeit:<\/strong> Die Maschine verf\u00fcgt \u00fcber eine Presskraft von 30 Tonnen, wodurch keramische Werkstoffe effizient und effektiv in die gew\u00fcnschten Formen und Gestalten gepresst werden k\u00f6nnen.<\/p>\n\n\n\n<p><strong>Pr\u00e4zisionssteuerung:<\/strong> Es erm\u00f6glicht eine pr\u00e4zise Steuerung der Pressparameter wie Druck, Geschwindigkeit und Zeit und gew\u00e4hrleistet so Einheitlichkeit und Konsistenz bei der Herstellung von Keramikprodukten.<\/p>\n\n\n\n<p><strong>Industrietaugliche Haltbarkeit:<\/strong> Hergestellt aus hochfestem Stahl und hochwertigen Komponenten f\u00fcr einen langlebigen, zuverl\u00e4ssigen Betrieb.<\/p>\n\n\n\n<p><strong>Gleichbleibende Produktqualit\u00e4t:<\/strong> Gew\u00e4hrleistet gleichm\u00e4\u00dfige Dicke, glatte Oberfl\u00e4chen und genaue Abmessungen f\u00fcr die Massenproduktion.<\/p>\n\n\n\n<p><strong>Effizient und arbeitssparend:<\/strong> Reduziert manuelle Handhabung und erh\u00f6ht die Produktionseffizienz bei der Massenfertigung.<\/p>\n<\/div>\n\n\n\n<div class=\"wp-block-column is-layout-flow wp-block-column-is-layout-flow\">\n<figure class=\"wp-block-image size-full\"><img fetchpriority=\"high\" decoding=\"async\" width=\"678\" height=\"678\" src=\"https:\/\/yutaimachinery.com\/wp-content\/uploads\/2024\/04\/Ceramic-Press-Machine.webp\" alt=\"Keramische Pressmaschine\" class=\"wp-image-3640\" title=\"\" srcset=\"https:\/\/yutaimachinery.com\/wp-content\/uploads\/2024\/04\/Ceramic-Press-Machine.webp 678w, https:\/\/yutaimachinery.com\/wp-content\/uploads\/2024\/04\/Ceramic-Press-Machine-300x300.webp 300w, https:\/\/yutaimachinery.com\/wp-content\/uploads\/2024\/04\/Ceramic-Press-Machine-150x150.webp 150w, https:\/\/yutaimachinery.com\/wp-content\/uploads\/2024\/04\/Ceramic-Press-Machine-285x285.webp 285w, https:\/\/yutaimachinery.com\/wp-content\/uploads\/2024\/04\/Ceramic-Press-Machine-270x270.webp 270w, https:\/\/yutaimachinery.com\/wp-content\/uploads\/2024\/04\/Ceramic-Press-Machine-540x540.webp 540w, https:\/\/yutaimachinery.com\/wp-content\/uploads\/2024\/04\/Ceramic-Press-Machine-660x660.webp 660w\" sizes=\"(max-width: 678px) 100vw, 678px\" \/><\/figure>\n<\/div>\n<\/div>","protected":false},"excerpt":{"rendered":"<p>Diese Keramikpressmaschine ist eine robuste, langlebige und \u00e4u\u00dferst pr\u00e4zise Formungsl\u00f6sung, die sich f\u00fcr die Herstellung verschiedener unregelm\u00e4\u00dfig geformter Keramikplatten eignet. Ihr maximaler Druck von 30 Tonnen gew\u00e4hrleistet eine gleichm\u00e4\u00dfige Formung und einheitliche Dichte bei allen Keramikprodukten. Fordern Sie noch heute weitere Informationen zu unseren Maschinenl\u00f6sungen an!<\/p>\n<h2>Komplettl\u00f6sung f\u00fcr die Keramikpressmaschine:<\/h2>\n<ol>\n<li><strong>Anpassung der Ausr\u00fcstung:<\/strong> Passen Sie die Presskraft, die Formgestaltung, den Automatisierungsgrad und die Maschinenkonfiguration an Ihre Produkttypen und Produktionsmengen an.<\/li>\n<li><strong>Unterst\u00fctzung bei der Formkonstruktion und Werkzeugherstellung:<\/strong> Pr\u00e4zisionsformentwicklung f\u00fcr verschiedene unregelm\u00e4\u00dfig geformte Keramikplatten, Geschirr oder dekorative Keramik.<\/li>\n<li><strong>Installation und Inbetriebnahme:<\/strong> Vor-Ort- oder Fernbetreuung zur Gew\u00e4hrleistung eines stabilen Betriebs und einer effizienten Produktion.<\/li>\n<li><strong>Bedienerschulung und technische Anleitung:<\/strong> Schulung zu Maschinenbedienung, Wartung und Qualit\u00e4tskontrolle zur Maximierung der Betriebszeit und des Outputs.<\/li>\n<li><strong>Kundendienst und Ersatzteilversorgung:<\/strong> Schneller technischer Support, vorbeugende Wartung und zuverl\u00e4ssige Verf\u00fcgbarkeit von Ersatzteilen.<\/li>\n<li><strong>L\u00f6sungen zur Produktionsoptimierung und Skalierung:<\/strong> Unterst\u00fctzung bei zuk\u00fcnftigen Kapazit\u00e4tserweiterungen, Modernisierungen der Linienautomatisierung oder der Integration mit anderen Keramikformungsanlagen.<\/li>\n<\/ol>","protected":false},"featured_media":3640,"template":"","meta":{"_acf_changed":false},"product_brand":[],"product_cat":[55],"product_tag":[],"class_list":{"0":"post-3639","1":"product","2":"type-product","3":"status-publish","4":"has-post-thumbnail","6":"product_cat-ceramic-forming-machine","8":"first","9":"instock","10":"shipping-taxable","11":"product-type-simple"},"acf":{"customization_content":"<h2><\/h2>\r\n<div><\/div>","customization_content_source":{"label":"Customization Content","type":"wysiwyg","formatted_value":"<h2><\/h2>\n<div><\/div>\n"},"why_choose_us_content":"<h2 style=\"text-align: center;\">Why Choose Us as Your <strong>Ceramic Press Machine<\/strong> Supplier<\/h2>\r\n\r\n<hr \/>\r\n<p style=\"text-align: center;\">Yutai as a ceramic tableware manufacturer, maintains strict quality standards and excellent service. Revolutionize your manufacturing processes with cutting-edge automation technology that streamlines forming and enhances efficiency.<\/p>","why_choose_us_content_source":{"label":"Why Choose Us Content","type":"wysiwyg","formatted_value":"<h2 style=\"text-align: center;\">Why Choose Us as Your <strong>Ceramic Press Machine<\/strong> Supplier<\/h2>\n<hr \/>\n<p style=\"text-align: center;\">Yutai as a ceramic tableware manufacturer, maintains strict quality standards and excellent service. Revolutionize your manufacturing processes with cutting-edge automation technology that streamlines forming and enhances efficiency.<\/p>\n"}},"_links":{"self":[{"href":"https:\/\/yutaimachinery.com\/de\/wp-json\/wp\/v2\/product\/3639","targetHints":{"allow":["GET"]}}],"collection":[{"href":"https:\/\/yutaimachinery.com\/de\/wp-json\/wp\/v2\/product"}],"about":[{"href":"https:\/\/yutaimachinery.com\/de\/wp-json\/wp\/v2\/types\/product"}],"version-history":[{"count":0,"href":"https:\/\/yutaimachinery.com\/de\/wp-json\/wp\/v2\/product\/3639\/revisions"}],"wp:featuredmedia":[{"embeddable":true,"href":"https:\/\/yutaimachinery.com\/de\/wp-json\/wp\/v2\/media\/3640"}],"wp:attachment":[{"href":"https:\/\/yutaimachinery.com\/de\/wp-json\/wp\/v2\/media?parent=3639"}],"wp:term":[{"taxonomy":"product_brand","embeddable":true,"href":"https:\/\/yutaimachinery.com\/de\/wp-json\/wp\/v2\/product_brand?post=3639"},{"taxonomy":"product_cat","embeddable":true,"href":"https:\/\/yutaimachinery.com\/de\/wp-json\/wp\/v2\/product_cat?post=3639"},{"taxonomy":"product_tag","embeddable":true,"href":"https:\/\/yutaimachinery.com\/de\/wp-json\/wp\/v2\/product_tag?post=3639"}],"curies":[{"name":"wp","href":"https:\/\/api.w.org\/{rel}","templated":true}]}}