{"id":3630,"date":"2024-04-09T14:44:12","date_gmt":"2024-04-09T06:44:12","guid":{"rendered":"https:\/\/yutaimachinery.com\/?post_type=product&#038;p=3630"},"modified":"2024-04-16T16:35:25","modified_gmt":"2024-04-16T08:35:25","slug":"ceramic-glazing-wiping-machine","status":"publish","type":"product","link":"https:\/\/yutaimachinery.com\/de\/product\/ceramic-glazing-wiping-machine\/","title":{"rendered":"Gro\u00dfhandel keramische Glasur Wischmaschine f\u00fcr Boden sauberen Schwamm"},"content":{"rendered":"<div class=\"wp-block-columns is-layout-flex wp-container-core-columns-is-layout-9d6595d7 wp-block-columns-is-layout-flex\">\n<div class=\"wp-block-column is-layout-flow wp-block-column-is-layout-flow\">\n<h2 class=\"wp-block-heading\">Parameter der Wischmaschine f\u00fcr keramische Glasuren<\/h2>\n\n\n\n<figure class=\"wp-block-table\"><table><tbody><tr><td>Modell<\/td><td>Cm G\u00fcrtelgr\u00f6\u00dfe<\/td><td>Abmessung (lxbxh)<\/td><td>Farbe<\/td><\/tr><tr><td>Einzelner G\u00fcrtel<\/td><td>30x90cm<\/td><td>55x100x90cm(h)<\/td><td>orange<\/td><\/tr><tr><td>Doppelter G\u00fcrtel<\/td><td>40x90cm<\/td><td>65x100x90cm<\/td><td>schwarz<\/td><\/tr><\/tbody><\/table><\/figure>\n<\/div>\n\n\n\n<div class=\"wp-block-column is-layout-flow wp-block-column-is-layout-flow\">\n<h2 class=\"wp-block-heading\"><strong>Merkmale der Wischmaschine f\u00fcr keramische Glasuren<\/strong><\/h2>\n\n\n\n<p>Schwamm-F\u00f6rderband Effiziente Glasurentfernung: Das F\u00f6rderband ist mit einem hochwertigen Schwamm ausgestattet, der \u00fcbersch\u00fcssige Glasur nach dem Glasieren effektiv von der Unterseite der Keramikprodukte entfernen kann und so f\u00fcr saubere und glatte Oberfl\u00e4chen sorgt.<\/p>\n\n\n\n<p>Selbstreinigungsfunktion: Der Schwamm verf\u00fcgt \u00fcber eine Selbstreinigungsfunktion, die w\u00e4hrend des Betriebs kontinuierlich Glasurr\u00fcckst\u00e4nde wegsp\u00fclt, um eine optimale Wischleistung zu gew\u00e4hrleisten.<\/p>\n\n\n\n<p>Vielseitige Anwendung: Die Maschine ist f\u00fcr verschiedene Arten und Gr\u00f6\u00dfen von keramischen Produkten geeignet und bietet Vielseitigkeit beim Entfernen der Glasur f\u00fcr unterschiedliche Produktionsanforderungen.<\/p>\n<\/div>\n<\/div>\n\n\n\n<div class=\"wp-block-columns is-layout-flex wp-container-core-columns-is-layout-9d6595d7 wp-block-columns-is-layout-flex\">\n<div class=\"wp-block-column is-layout-flow wp-block-column-is-layout-flow\">\n<div class=\"wp-block-columns is-layout-flex wp-container-core-columns-is-layout-9d6595d7 wp-block-columns-is-layout-flex\">\n<div class=\"wp-block-column is-layout-flow wp-block-column-is-layout-flow\" style=\"flex-basis:100%\">\n<div class=\"wp-block-columns is-layout-flex wp-container-core-columns-is-layout-9d6595d7 wp-block-columns-is-layout-flex\">\n<div class=\"wp-block-column is-layout-flow wp-block-column-is-layout-flow\">\n<figure class=\"wp-block-image size-full\"><img fetchpriority=\"high\" decoding=\"async\" width=\"1170\" height=\"1170\" src=\"https:\/\/yutaimachinery.com\/wp-content\/uploads\/2024\/04\/Wiping-Machine-for-Ceramic-Glazing-Wiping3.webp\" alt=\"Wischmaschine f\u00fcr keramische Glasur\" class=\"wp-image-3631\" title=\"\" srcset=\"https:\/\/yutaimachinery.com\/wp-content\/uploads\/2024\/04\/Wiping-Machine-for-Ceramic-Glazing-Wiping3.webp 1170w, https:\/\/yutaimachinery.com\/wp-content\/uploads\/2024\/04\/Wiping-Machine-for-Ceramic-Glazing-Wiping3-300x300.webp 300w, https:\/\/yutaimachinery.com\/wp-content\/uploads\/2024\/04\/Wiping-Machine-for-Ceramic-Glazing-Wiping3-150x150.webp 150w, https:\/\/yutaimachinery.com\/wp-content\/uploads\/2024\/04\/Wiping-Machine-for-Ceramic-Glazing-Wiping3-768x768.webp 768w, https:\/\/yutaimachinery.com\/wp-content\/uploads\/2024\/04\/Wiping-Machine-for-Ceramic-Glazing-Wiping3-285x285.webp 285w, https:\/\/yutaimachinery.com\/wp-content\/uploads\/2024\/04\/Wiping-Machine-for-Ceramic-Glazing-Wiping3-270x270.webp 270w, https:\/\/yutaimachinery.com\/wp-content\/uploads\/2024\/04\/Wiping-Machine-for-Ceramic-Glazing-Wiping3-540x540.webp 540w, https:\/\/yutaimachinery.com\/wp-content\/uploads\/2024\/04\/Wiping-Machine-for-Ceramic-Glazing-Wiping3-660x660.webp 660w\" sizes=\"(max-width: 1170px) 100vw, 1170px\" \/><\/figure>\n<\/div>\n\n\n\n<div class=\"wp-block-column is-layout-flow wp-block-column-is-layout-flow\">\n<figure class=\"wp-block-image size-full\"><img decoding=\"async\" width=\"1080\" height=\"1080\" src=\"https:\/\/yutaimachinery.com\/wp-content\/uploads\/2024\/04\/Ceramic-Glazing-Wiping-Machine2.webp\" alt=\"Wischmaschine f\u00fcr keramische Glasur\" class=\"wp-image-3636\" title=\"\" srcset=\"https:\/\/yutaimachinery.com\/wp-content\/uploads\/2024\/04\/Ceramic-Glazing-Wiping-Machine2.webp 1080w, https:\/\/yutaimachinery.com\/wp-content\/uploads\/2024\/04\/Ceramic-Glazing-Wiping-Machine2-300x300.webp 300w, https:\/\/yutaimachinery.com\/wp-content\/uploads\/2024\/04\/Ceramic-Glazing-Wiping-Machine2-150x150.webp 150w, https:\/\/yutaimachinery.com\/wp-content\/uploads\/2024\/04\/Ceramic-Glazing-Wiping-Machine2-768x768.webp 768w, https:\/\/yutaimachinery.com\/wp-content\/uploads\/2024\/04\/Ceramic-Glazing-Wiping-Machine2-285x285.webp 285w, https:\/\/yutaimachinery.com\/wp-content\/uploads\/2024\/04\/Ceramic-Glazing-Wiping-Machine2-270x270.webp 270w, https:\/\/yutaimachinery.com\/wp-content\/uploads\/2024\/04\/Ceramic-Glazing-Wiping-Machine2-540x540.webp 540w, https:\/\/yutaimachinery.com\/wp-content\/uploads\/2024\/04\/Ceramic-Glazing-Wiping-Machine2-660x660.webp 660w\" sizes=\"(max-width: 1080px) 100vw, 1080px\" \/><\/figure>\n<\/div>\n\n\n\n<div class=\"wp-block-column is-layout-flow wp-block-column-is-layout-flow\">\n<figure class=\"wp-block-image size-full\"><img decoding=\"async\" width=\"1080\" height=\"1080\" src=\"https:\/\/yutaimachinery.com\/wp-content\/uploads\/2024\/04\/Wiping-Machine-for-Ceramic-Glazing-Wiping2.webp\" alt=\"Wischmaschine f\u00fcr keramische Glasur\" class=\"wp-image-3632\" title=\"\" srcset=\"https:\/\/yutaimachinery.com\/wp-content\/uploads\/2024\/04\/Wiping-Machine-for-Ceramic-Glazing-Wiping2.webp 1080w, https:\/\/yutaimachinery.com\/wp-content\/uploads\/2024\/04\/Wiping-Machine-for-Ceramic-Glazing-Wiping2-300x300.webp 300w, https:\/\/yutaimachinery.com\/wp-content\/uploads\/2024\/04\/Wiping-Machine-for-Ceramic-Glazing-Wiping2-150x150.webp 150w, https:\/\/yutaimachinery.com\/wp-content\/uploads\/2024\/04\/Wiping-Machine-for-Ceramic-Glazing-Wiping2-768x768.webp 768w, https:\/\/yutaimachinery.com\/wp-content\/uploads\/2024\/04\/Wiping-Machine-for-Ceramic-Glazing-Wiping2-285x285.webp 285w, https:\/\/yutaimachinery.com\/wp-content\/uploads\/2024\/04\/Wiping-Machine-for-Ceramic-Glazing-Wiping2-270x270.webp 270w, https:\/\/yutaimachinery.com\/wp-content\/uploads\/2024\/04\/Wiping-Machine-for-Ceramic-Glazing-Wiping2-540x540.webp 540w, https:\/\/yutaimachinery.com\/wp-content\/uploads\/2024\/04\/Wiping-Machine-for-Ceramic-Glazing-Wiping2-660x660.webp 660w\" sizes=\"(max-width: 1080px) 100vw, 1080px\" \/><\/figure>\n<\/div>\n<\/div>\n<\/div>\n<\/div>\n<\/div>\n<\/div>","protected":false},"excerpt":{"rendered":"<p>Factory Direct bietet Fabrik Gro\u00dfhandelspreise. Die Keramik-Glasur-Wischmaschine verwendet einen hochwertigen Schwamm, um den Boden sauber zu machen. Der Laufschwamm hat eine Selbstreinigungsfunktion. Es hat ein einzelnes Band und ein doppeltes Band.<\/p>\n<h2>Eine L\u00f6sung aus einer Hand f\u00fcr c<strong>Wischmaschine f\u00fcr Keramikverglasung<\/strong> :<\/h2>\n<ol>\n<li>Ma\u00dfgeschneidertes Design: Wir bieten ma\u00dfgeschneiderte Designl\u00f6sungen, die den spezifischen Bed\u00fcrfnissen und Produktionsanforderungen unserer Kunden entsprechen und eine nahtlose Integration des Produkts in ihre Produktionslinie gew\u00e4hrleisten.<\/li>\n<li>Technische Unterst\u00fctzung und Betriebsschulung: Wir bieten rund um die Uhr technische Unterst\u00fctzung und Betriebsschulungen an, um sicherzustellen, dass die Kunden die Betriebsmethoden und Wartungstechniken der Ger\u00e4te verstehen.<\/li>\n<li>Ersatzteilversorgung: Wir liefern die notwendigen Komponenten und Ersatzteile f\u00fcr die Ausr\u00fcstung, um einen langfristigen stabilen Betrieb zu gew\u00e4hrleisten.<\/li>\n<\/ol>","protected":false},"featured_media":3634,"template":"","meta":{"_acf_changed":false},"product_brand":[],"product_cat":[57],"product_tag":[69],"class_list":{"0":"post-3630","1":"product","2":"type-product","3":"status-publish","4":"has-post-thumbnail","6":"product_cat-ceramic-glazing-machine","7":"product_tag-ceramic-glazing-wiping-machine","9":"first","10":"instock","11":"shipping-taxable","12":"product-type-simple"},"acf":{"customization_content":"<h2><\/h2>\r\n<div><\/div>","customization_content_source":{"label":"Customization Content","type":"wysiwyg","formatted_value":"<h2><\/h2>\n<div><\/div>\n"},"why_choose_us_content":"<h2 style=\"text-align: center;\">Why Choose Us as Your Glazing Wiping Machine\u00a0Supplier<\/h2>\r\n\r\n<hr \/>\r\n<p style=\"text-align: center;\">Yutai as a ceramic tableware manufacturer, maintains strict quality standards and excellent service. Revolutionize your manufacturing processes with cutting-edge automation technology that streamlines forming and enhances efficiency.<\/p>","why_choose_us_content_source":{"label":"Why Choose Us Content","type":"wysiwyg","formatted_value":"<h2 style=\"text-align: center;\">Why Choose Us as Your Glazing Wiping Machine\u00a0Supplier<\/h2>\n<hr \/>\n<p style=\"text-align: center;\">Yutai as a ceramic tableware manufacturer, maintains strict quality standards and excellent service. Revolutionize your manufacturing processes with cutting-edge automation technology that streamlines forming and enhances efficiency.<\/p>\n"}},"_links":{"self":[{"href":"https:\/\/yutaimachinery.com\/de\/wp-json\/wp\/v2\/product\/3630","targetHints":{"allow":["GET"]}}],"collection":[{"href":"https:\/\/yutaimachinery.com\/de\/wp-json\/wp\/v2\/product"}],"about":[{"href":"https:\/\/yutaimachinery.com\/de\/wp-json\/wp\/v2\/types\/product"}],"version-history":[{"count":0,"href":"https:\/\/yutaimachinery.com\/de\/wp-json\/wp\/v2\/product\/3630\/revisions"}],"wp:featuredmedia":[{"embeddable":true,"href":"https:\/\/yutaimachinery.com\/de\/wp-json\/wp\/v2\/media\/3634"}],"wp:attachment":[{"href":"https:\/\/yutaimachinery.com\/de\/wp-json\/wp\/v2\/media?parent=3630"}],"wp:term":[{"taxonomy":"product_brand","embeddable":true,"href":"https:\/\/yutaimachinery.com\/de\/wp-json\/wp\/v2\/product_brand?post=3630"},{"taxonomy":"product_cat","embeddable":true,"href":"https:\/\/yutaimachinery.com\/de\/wp-json\/wp\/v2\/product_cat?post=3630"},{"taxonomy":"product_tag","embeddable":true,"href":"https:\/\/yutaimachinery.com\/de\/wp-json\/wp\/v2\/product_tag?post=3630"}],"curies":[{"name":"wp","href":"https:\/\/api.w.org\/{rel}","templated":true}]}}