{"id":3616,"date":"2024-04-07T19:59:10","date_gmt":"2024-04-07T11:59:10","guid":{"rendered":"https:\/\/yutaimachinery.com\/?post_type=product&#038;p=3616"},"modified":"2025-10-29T10:52:14","modified_gmt":"2025-10-29T02:52:14","slug":"rollenofen","status":"publish","type":"product","link":"https:\/\/yutaimachinery.com\/de\/product\/roller-kiln\/","title":{"rendered":"Automatischer keramischer Rollenofen Maschine Fabrikpreis"},"content":{"rendered":"<div class=\"wp-block-columns is-layout-flex wp-container-core-columns-is-layout-9d6595d7 wp-block-columns-is-layout-flex\">\n<div class=\"wp-block-column is-layout-flow wp-block-column-is-layout-flow\">\n<figure class=\"wp-block-image size-full\"><img fetchpriority=\"high\" decoding=\"async\" width=\"872\" height=\"651\" src=\"https:\/\/yutaimachinery.com\/wp-content\/uploads\/2024\/04\/roller-kiln-1.webp\" alt=\"Rollenofen\" class=\"wp-image-5989\" title=\"\" srcset=\"https:\/\/yutaimachinery.com\/wp-content\/uploads\/2024\/04\/roller-kiln-1.webp 872w, https:\/\/yutaimachinery.com\/wp-content\/uploads\/2024\/04\/roller-kiln-1-300x224.webp 300w, https:\/\/yutaimachinery.com\/wp-content\/uploads\/2024\/04\/roller-kiln-1-768x573.webp 768w, https:\/\/yutaimachinery.com\/wp-content\/uploads\/2024\/04\/roller-kiln-1-16x12.webp 16w, https:\/\/yutaimachinery.com\/wp-content\/uploads\/2024\/04\/roller-kiln-1-285x213.webp 285w, https:\/\/yutaimachinery.com\/wp-content\/uploads\/2024\/04\/roller-kiln-1-660x493.webp 660w, https:\/\/yutaimachinery.com\/wp-content\/uploads\/2024\/04\/roller-kiln-1-150x112.webp 150w\" sizes=\"(max-width: 872px) 100vw, 872px\" \/><\/figure>\n<\/div>\n\n\n\n<div class=\"wp-block-column is-layout-flow wp-block-column-is-layout-flow\">\n<h2 class=\"wp-block-heading\"><strong>Merkmale des Rollenofens<\/strong><\/h2>\n\n\n\n<p>Pr\u00e4zise Temperaturregelung: Die integrierte Mikrocomputer-PID (Proportional-Integral-Derivativ)-Temperaturregelung gew\u00e4hrleistet eine pr\u00e4zise und stabile Temperaturregelung w\u00e4hrend des gesamten Brennvorgangs.<\/p>\n\n\n\n<p>Hohe Effizienz: Durch den kontinuierlichen Betrieb und die kontrollierten Brennzyklen bieten Rollen\u00f6fen einen hohen Durchsatz und eine hohe Produktivit\u00e4t, was eine Produktion in gro\u00dfem Ma\u00dfstab mit minimalen Ausfallzeiten erm\u00f6glicht.<\/p>\n<\/div>\n<\/div>","protected":false},"excerpt":{"rendered":"<p>Als Hersteller von Rollen\u00f6fen bietet Yutai technische Unterst\u00fctzung und ma\u00dfgeschneiderte L\u00f6sungen an. Hochwertige, langlebige Maschinen und eine PID-Programmautomatisierung gew\u00e4hrleisten eine pr\u00e4zise Temperaturregelung und eine effiziente Produktion.<\/p>\n<h2>Alles aus einer Hand f\u00fcr Rollen\u00f6fen :<\/h2>\n<ol>\n<li>Individuell angepasst: Unterst\u00fctzung f\u00fcr kundenspezifische Ausr\u00fcstungsteile, kundenspezifisches Zubeh\u00f6r und kundenspezifische Anwendungen<\/li>\n<li>Unterst\u00fctzung des Layout-Designs:  Je nach Fabrikfl\u00e4che, Produktionsplan und Kapitalinvestition bieten wir professionelle Design- und Layout-Dienstleistungen.<\/li>\n<li>Technische Unterst\u00fctzung und Service: Hochqualifizierte Techniker montieren Ihre Maschinen und bieten Videoschulungen und technischen Support.<\/li>\n<\/ol>","protected":false},"featured_media":5988,"template":"","meta":{"_acf_changed":false},"product_brand":[],"product_cat":[58],"product_tag":[68],"class_list":{"0":"post-3616","1":"product","2":"type-product","3":"status-publish","4":"has-post-thumbnail","6":"product_cat-ceramic-kiln","7":"product_tag-roller-kiln","9":"first","10":"instock","11":"shipping-taxable","12":"product-type-simple"},"acf":{"customization_content":"<h2><\/h2>\r\n<div><\/div>","customization_content_source":{"label":"Customization Content","type":"wysiwyg","formatted_value":"<h2><\/h2>\n<div><\/div>\n"},"why_choose_us_content":"<h2 style=\"text-align: center;\">Why Choose Us as Your <strong>Roller Kiln<\/strong>\u00a0Supplier<\/h2>\r\n\r\n<hr \/>\r\n<p style=\"text-align: center;\">Yutai as a ceramic tableware manufacturer, maintains strict quality standards and excellent service. Revolutionize your manufacturing processes with cutting-edge automation technology that streamlines forming and enhances efficiency.<\/p>","why_choose_us_content_source":{"label":"Why Choose Us Content","type":"wysiwyg","formatted_value":"<h2 style=\"text-align: center;\">Why Choose Us as Your <strong>Roller Kiln<\/strong>\u00a0Supplier<\/h2>\n<hr \/>\n<p style=\"text-align: center;\">Yutai as a ceramic tableware manufacturer, maintains strict quality standards and excellent service. Revolutionize your manufacturing processes with cutting-edge automation technology that streamlines forming and enhances efficiency.<\/p>\n"}},"_links":{"self":[{"href":"https:\/\/yutaimachinery.com\/de\/wp-json\/wp\/v2\/product\/3616","targetHints":{"allow":["GET"]}}],"collection":[{"href":"https:\/\/yutaimachinery.com\/de\/wp-json\/wp\/v2\/product"}],"about":[{"href":"https:\/\/yutaimachinery.com\/de\/wp-json\/wp\/v2\/types\/product"}],"version-history":[{"count":0,"href":"https:\/\/yutaimachinery.com\/de\/wp-json\/wp\/v2\/product\/3616\/revisions"}],"wp:featuredmedia":[{"embeddable":true,"href":"https:\/\/yutaimachinery.com\/de\/wp-json\/wp\/v2\/media\/5988"}],"wp:attachment":[{"href":"https:\/\/yutaimachinery.com\/de\/wp-json\/wp\/v2\/media?parent=3616"}],"wp:term":[{"taxonomy":"product_brand","embeddable":true,"href":"https:\/\/yutaimachinery.com\/de\/wp-json\/wp\/v2\/product_brand?post=3616"},{"taxonomy":"product_cat","embeddable":true,"href":"https:\/\/yutaimachinery.com\/de\/wp-json\/wp\/v2\/product_cat?post=3616"},{"taxonomy":"product_tag","embeddable":true,"href":"https:\/\/yutaimachinery.com\/de\/wp-json\/wp\/v2\/product_tag?post=3616"}],"curies":[{"name":"wp","href":"https:\/\/api.w.org\/{rel}","templated":true}]}}