{"id":3596,"date":"2024-04-07T19:04:42","date_gmt":"2024-04-07T11:04:42","guid":{"rendered":"https:\/\/yutaimachinery.com\/?post_type=product&#038;p=3596"},"modified":"2024-04-07T20:14:12","modified_gmt":"2024-04-07T12:14:12","slug":"kugelmuhle","status":"publish","type":"product","link":"https:\/\/yutaimachinery.com\/de\/product\/ball-mill\/","title":{"rendered":"Kugelm\u00fchle zum Mahlen von keramischen Rohstoffen"},"content":{"rendered":"<div class=\"wp-block-columns is-layout-flex wp-container-core-columns-is-layout-9d6595d7 wp-block-columns-is-layout-flex\">\n<div class=\"wp-block-column is-layout-flow wp-block-column-is-layout-flow\">\n<figure class=\"wp-block-embed is-type-video is-provider-youtube wp-block-embed-youtube wp-embed-aspect-16-9 wp-has-aspect-ratio\"><div class=\"wp-block-embed__wrapper\">\n<iframe title=\"KUGELM\u00dcHLE\" width=\"940\" height=\"529\" src=\"https:\/\/www.youtube.com\/embed\/54ySjxX3mpU?feature=oembed\" frameborder=\"0\" allow=\"accelerometer; autoplay; clipboard-write; encrypted-media; gyroscope; picture-in-picture; web-share\" referrerpolicy=\"strict-origin-when-cross-origin\" allowfullscreen><\/iframe>\n<\/div><\/figure>\n<\/div>\n\n\n\n<div class=\"wp-block-column is-layout-flow wp-block-column-is-layout-flow\">\n<h2 class=\"wp-block-heading\"><strong>Merkmale der Kugelm\u00fchle<\/strong><\/h2>\n\n\n\n<p>Die Kugelm\u00fchle wird zum Mahlen von keramischen Rohstoffen verwendet. Die intermittierende Kugelm\u00fchle h\u00e4ngt von der Rotation und dem relativen Gleiten des Kugelschleifsteins ab, um die Anforderungen an die Feinheit des Materials zu erf\u00fcllen.<\/p>\n\n\n\n<p>Vielseitigkeit: Wir bieten eine breite Palette von Optionen von 35 kg bis 2 Tonnen. Ob kleine Chargenverarbeitung oder Gro\u00dfproduktion, unsere Kugelm\u00fchle ist f\u00fcr verschiedene Kapazit\u00e4ten geeignet.<\/p>\n\n\n\n<p>Langlebigkeit: Korund-Hochtonerde-Steine oder Marmor-Steine, Tonerde-Steine in der Kugelm\u00fchle ist eine st\u00e4rkere Struktur, die Haltbarkeit gew\u00e4hrleistet<\/p>\n<\/div>\n<\/div>\n\n\n\n<div class=\"wp-block-columns is-layout-flex wp-container-core-columns-is-layout-9d6595d7 wp-block-columns-is-layout-flex\">\n<div class=\"wp-block-column is-layout-flow wp-block-column-is-layout-flow\">\n<h2 class=\"wp-block-heading\"><strong>Parameter der Kugelm\u00fchle<\/strong><\/h2>\n\n\n\n<figure class=\"wp-block-table\"><table><tbody><tr><td>Name<\/td><td>Abmessungen (L x B x H) mm<\/td><td>Kapazit\u00e4t<\/td><td>Leistung(kw)<\/td><\/tr><tr><td>35kgs Kugelm\u00fchle<\/td><td>950x800x1160mm<\/td><td>35kgs\/Zeit<\/td><td>1,5kw\/380v<\/td><\/tr><tr><td>50kgs Kugelm\u00fchle<\/td><td>1055x880x1230mm<\/td><td>50kgs\/Zeit<\/td><td>1,5kw\/380v<\/td><\/tr><tr><td>100kgs Kugelm\u00fchle<\/td><td>1170x1100x1300mm<\/td><td>100kgs\/Zeit<\/td><td>1,5kw\/380v<\/td><\/tr><tr><td>150kgs Kugelm\u00fchle<\/td><td>1200x1150x1350mm<\/td><td>150kgs\/Zeit<\/td><td>2kw\/380v<\/td><\/tr><tr><td>200kgs Kugelm\u00fchle<\/td><td>1500x1950x1160mm<\/td><td>200kgs\/Zeit<\/td><td>2,2kw\/380v<\/td><\/tr><tr><td>300kgs Kugelm\u00fchle<\/td><td>2150x1600x1700mm<\/td><td>300kgs\/Zeit<\/td><td>3kw\/380v<\/td><\/tr><tr><td>500kgs Kugelm\u00fchle<\/td><td>2330x1660x1700mm<\/td><td>500kgs\/Zeit<\/td><td>5,5kw\/380v<\/td><\/tr><tr><td>1t Kugelm\u00fchle<\/td><td>2400x2200x2100mm<\/td><td>1 t\/Zeit<\/td><td>11kw\/380v<\/td><\/tr><tr><td>2t Kugelm\u00fchle<\/td><td>3000x1800x2200mm<\/td><td>2t\/Zeit<\/td><td>18kw\/380v<\/td><\/tr><tr><td>3t Kugelm\u00fchle<\/td><td>3500x2200x2300mm<\/td><td>3t\/Zeit<\/td><td>30kw\/380v<\/td><\/tr><\/tbody><\/table><\/figure>\n<\/div>\n<\/div>","protected":false},"excerpt":{"rendered":"<p>Unsere keramische Kugelm\u00fchle hat eine Kapazit\u00e4t von 35kg-2t und wird zum Mahlen von keramischen Rohstoffen verwendet. Werksdirektverkauf und weltweiter Vertrieb bieten L\u00f6sungen aus einer Hand, um eine optimale Produktionseffizienz f\u00fcr verschiedene Anwendungen zu gew\u00e4hrleisten.<\/p>\n<h2>L\u00f6sung aus einer Hand f\u00fcr b<strong>alle M\u00fchlen<\/strong> :<\/h2>\n<ol>\n<li>Anpassung: Kundenspezifische Dienstleistungen zur Anpassung der Kugelm\u00fchle an spezifische Kundenanforderungen und Anwendungen.<\/li>\n<li>Schulungsunterst\u00fctzung: Wir bieten Schulungen und technische Unterst\u00fctzung an, um sicherzustellen, dass die Kunden die Ger\u00e4te sachkundig bedienen und warten k\u00f6nnen.<\/li>\n<li>Ersatzteilversorgung: Bereitstellung von Original-Ersatzteilen, um sicherzustellen, dass die Kunden jederzeit Zugang zu hochwertigen Ersatzteilen und Verbrauchsmaterialien haben.<\/li>\n<\/ol>","protected":false},"featured_media":3605,"template":"","meta":{"_acf_changed":false},"product_brand":[],"product_cat":[54],"product_tag":[67],"class_list":{"0":"post-3596","1":"product","2":"type-product","3":"status-publish","4":"has-post-thumbnail","6":"product_cat-clay-making-machine","7":"product_tag-ball-mill","9":"first","10":"instock","11":"shipping-taxable","12":"product-type-simple"},"acf":{"customization_content":"<h2><\/h2>\r\n<div><\/div>","customization_content_source":{"label":"Customization Content","type":"wysiwyg","formatted_value":"<h2><\/h2>\n<div><\/div>\n"},"why_choose_us_content":"<h2 style=\"text-align: center;\">Why Choose Us as Your <strong>Ball Mill<\/strong> Supplier<\/h2>\r\n\r\n<hr \/>\r\n<p style=\"text-align: center;\">Yutai as a ceramic tableware manufacturer, maintains strict quality standards and excellent service. Revolutionize your manufacturing processes with cutting-edge automation technology that streamlines forming and enhances efficiency.<\/p>","why_choose_us_content_source":{"label":"Why Choose Us Content","type":"wysiwyg","formatted_value":"<h2 style=\"text-align: center;\">Why Choose Us as Your <strong>Ball Mill<\/strong> Supplier<\/h2>\n<hr \/>\n<p style=\"text-align: center;\">Yutai as a ceramic tableware manufacturer, maintains strict quality standards and excellent service. Revolutionize your manufacturing processes with cutting-edge automation technology that streamlines forming and enhances efficiency.<\/p>\n"}},"_links":{"self":[{"href":"https:\/\/yutaimachinery.com\/de\/wp-json\/wp\/v2\/product\/3596","targetHints":{"allow":["GET"]}}],"collection":[{"href":"https:\/\/yutaimachinery.com\/de\/wp-json\/wp\/v2\/product"}],"about":[{"href":"https:\/\/yutaimachinery.com\/de\/wp-json\/wp\/v2\/types\/product"}],"version-history":[{"count":0,"href":"https:\/\/yutaimachinery.com\/de\/wp-json\/wp\/v2\/product\/3596\/revisions"}],"wp:featuredmedia":[{"embeddable":true,"href":"https:\/\/yutaimachinery.com\/de\/wp-json\/wp\/v2\/media\/3605"}],"wp:attachment":[{"href":"https:\/\/yutaimachinery.com\/de\/wp-json\/wp\/v2\/media?parent=3596"}],"wp:term":[{"taxonomy":"product_brand","embeddable":true,"href":"https:\/\/yutaimachinery.com\/de\/wp-json\/wp\/v2\/product_brand?post=3596"},{"taxonomy":"product_cat","embeddable":true,"href":"https:\/\/yutaimachinery.com\/de\/wp-json\/wp\/v2\/product_cat?post=3596"},{"taxonomy":"product_tag","embeddable":true,"href":"https:\/\/yutaimachinery.com\/de\/wp-json\/wp\/v2\/product_tag?post=3596"}],"curies":[{"name":"wp","href":"https:\/\/api.w.org\/{rel}","templated":true}]}}