{"id":3583,"date":"2024-04-07T17:50:57","date_gmt":"2024-04-07T09:50:57","guid":{"rendered":"https:\/\/yutaimachinery.com\/?post_type=product&#038;p=3583"},"modified":"2024-04-07T19:19:25","modified_gmt":"2024-04-07T11:19:25","slug":"keramik-bodenmahlwerk","status":"publish","type":"product","link":"https:\/\/yutaimachinery.com\/de\/product\/ceramic-bottom-grinder\/","title":{"rendered":"Factory-Direct Keramik Bodenschleifer Tassen Schalen Glatt Polierer"},"content":{"rendered":"<div class=\"wp-block-columns is-layout-flex wp-container-core-columns-is-layout-9d6595d7 wp-block-columns-is-layout-flex\">\n<div class=\"wp-block-column is-layout-flow wp-block-column-is-layout-flow\">\n<figure class=\"wp-block-embed is-type-video is-provider-youtube wp-block-embed-youtube wp-embed-aspect-16-9 wp-has-aspect-ratio\"><div class=\"wp-block-embed__wrapper\">\n<iframe title=\"Wie macht man einen Keramikboden glatt?\" width=\"940\" height=\"529\" src=\"https:\/\/www.youtube.com\/embed\/W_4sH7umxI0?feature=oembed\" frameborder=\"0\" allow=\"accelerometer; autoplay; clipboard-write; encrypted-media; gyroscope; picture-in-picture; web-share\" referrerpolicy=\"strict-origin-when-cross-origin\" allowfullscreen><\/iframe>\n<\/div><\/figure>\n<\/div>\n\n\n\n<div class=\"wp-block-column is-layout-flow wp-block-column-is-layout-flow\">\n<h2 class=\"wp-block-heading\"><strong>Eigenschaften von Keramik-Bodenschleifern<\/strong><\/h2>\n\n\n\n<p>Pr\u00e4zisionsschleifen: Speziell f\u00fcr Keramikb\u00f6den entwickelt, um glatte und gleichm\u00e4\u00dfige Oberfl\u00e4chen zu gew\u00e4hrleisten und die Produktqualit\u00e4t und das Aussehen zu verbessern.<\/p>\n\n\n\n<p>Hohe Produktionseffizienz: Der automatisierte Schleifprozess verbessert die Produktionseffizienz und reduziert manuelle Eingriffe und Zeitkosten.<\/p>\n\n\n\n<p>Einstellbarkeit: Einstellbare Schleiftiefe und -geschwindigkeit zur Erf\u00fcllung individueller Kundenanforderungen f\u00fcr unterschiedliche Produkte.<\/p>\n<\/div>\n<\/div>\n\n\n\n<div class=\"wp-block-columns is-layout-flex wp-container-core-columns-is-layout-9d6595d7 wp-block-columns-is-layout-flex\">\n<div class=\"wp-block-column is-layout-flow wp-block-column-is-layout-flow\">\n<div class=\"wp-block-columns is-layout-flex wp-container-core-columns-is-layout-9d6595d7 wp-block-columns-is-layout-flex\">\n<div class=\"wp-block-column is-layout-flow wp-block-column-is-layout-flow\">\n<figure class=\"wp-block-image size-full\"><img fetchpriority=\"high\" decoding=\"async\" width=\"640\" height=\"640\" src=\"https:\/\/yutaimachinery.com\/wp-content\/uploads\/2024\/04\/ceramic-bottom-grinder7.webp\" alt=\"Keramik-Bodenmahlwerk\" class=\"wp-image-3592\" title=\"\" srcset=\"https:\/\/yutaimachinery.com\/wp-content\/uploads\/2024\/04\/ceramic-bottom-grinder7.webp 640w, https:\/\/yutaimachinery.com\/wp-content\/uploads\/2024\/04\/ceramic-bottom-grinder7-300x300.webp 300w, https:\/\/yutaimachinery.com\/wp-content\/uploads\/2024\/04\/ceramic-bottom-grinder7-150x150.webp 150w, https:\/\/yutaimachinery.com\/wp-content\/uploads\/2024\/04\/ceramic-bottom-grinder7-285x285.webp 285w, https:\/\/yutaimachinery.com\/wp-content\/uploads\/2024\/04\/ceramic-bottom-grinder7-270x270.webp 270w, https:\/\/yutaimachinery.com\/wp-content\/uploads\/2024\/04\/ceramic-bottom-grinder7-540x540.webp 540w\" sizes=\"(max-width: 640px) 100vw, 640px\" \/><\/figure>\n<\/div>\n\n\n\n<div class=\"wp-block-column is-layout-flow wp-block-column-is-layout-flow\">\n<h2 class=\"wp-block-heading\">Parameter von <strong>Keramischer Bodenschleifer<\/strong><\/h2>\n\n\n\n<figure class=\"wp-block-table\"><table><tbody><tr><td colspan=\"2\">Modell<\/td><td>400<\/td><\/tr><tr><td colspan=\"2\">Durchmesser der Maschen (cm)<\/td><td>75x90x80cm(h)<\/td><\/tr><tr><td colspan=\"2\">Leistung(kw)<\/td><td>200W<\/td><\/tr><tr><td colspan=\"2\">Gewicht (kg)<\/td><td>50kgs<\/td><\/tr><\/tbody><\/table><\/figure>\n<\/div>\n<\/div>\n<\/div>\n<\/div>","protected":false},"excerpt":{"rendered":"<p>Die manuelle Keramikbodenschleifmaschine wird zum Schleifen und Trimmen des Bodens von gebrannten Keramiktellern, Sch\u00fcsseln, Bechern, Tassen und Untertassen usw. mit Wasserzirkulation verwendet, um Staub zu vermeiden.<\/p>\n<h2>Alles aus einer Hand f\u00fcr keramische Bodenschleifer :<\/h2>\n<ol>\n<li>Individuell angepasst: Unterst\u00fctzung f\u00fcr kundenspezifische Ausr\u00fcstungsteile, kundenspezifisches Zubeh\u00f6r und kundenspezifische Anwendungen<\/li>\n<li>Schulungsunterst\u00fctzung: Wir bieten Schulungen und technische Unterst\u00fctzung an, um sicherzustellen, dass die Kunden die Ger\u00e4te sachkundig bedienen und warten k\u00f6nnen.<\/li>\n<li>Ersatzteilversorgung: Bereitstellung von Original-Ersatzteilen, um sicherzustellen, dass die Kunden jederzeit Zugang zu hochwertigen Ersatzteilen und Verbrauchsmaterialien haben.<\/li>\n<\/ol>","protected":false},"featured_media":3592,"template":"","meta":{"_acf_changed":false},"product_brand":[],"product_cat":[60],"product_tag":[],"class_list":{"0":"post-3583","1":"product","2":"type-product","3":"status-publish","4":"has-post-thumbnail","6":"product_cat-ceramic-bottom-grinder","8":"first","9":"instock","10":"shipping-taxable","11":"product-type-simple"},"acf":{"customization_content":"<h2><\/h2>\r\n<div><\/div>","customization_content_source":{"label":"Customization Content","type":"wysiwyg","formatted_value":"<h2><\/h2>\n<div><\/div>\n"},"why_choose_us_content":"<h2 style=\"text-align: center;\">Why Choose Us as Your Ceramic Bottom Grinder Supplier<\/h2>\r\n\r\n<hr \/>\r\n<p style=\"text-align: center;\">Yutai as a ceramic tableware manufacturer, maintains strict quality standards and excellent service. Revolutionize your manufacturing processes with cutting-edge automation technology that streamlines forming and enhances efficiency.<\/p>","why_choose_us_content_source":{"label":"Why Choose Us Content","type":"wysiwyg","formatted_value":"<h2 style=\"text-align: center;\">Why Choose Us as Your Ceramic Bottom Grinder Supplier<\/h2>\n<hr \/>\n<p style=\"text-align: center;\">Yutai as a ceramic tableware manufacturer, maintains strict quality standards and excellent service. Revolutionize your manufacturing processes with cutting-edge automation technology that streamlines forming and enhances efficiency.<\/p>\n"}},"_links":{"self":[{"href":"https:\/\/yutaimachinery.com\/de\/wp-json\/wp\/v2\/product\/3583","targetHints":{"allow":["GET"]}}],"collection":[{"href":"https:\/\/yutaimachinery.com\/de\/wp-json\/wp\/v2\/product"}],"about":[{"href":"https:\/\/yutaimachinery.com\/de\/wp-json\/wp\/v2\/types\/product"}],"version-history":[{"count":0,"href":"https:\/\/yutaimachinery.com\/de\/wp-json\/wp\/v2\/product\/3583\/revisions"}],"wp:featuredmedia":[{"embeddable":true,"href":"https:\/\/yutaimachinery.com\/de\/wp-json\/wp\/v2\/media\/3592"}],"wp:attachment":[{"href":"https:\/\/yutaimachinery.com\/de\/wp-json\/wp\/v2\/media?parent=3583"}],"wp:term":[{"taxonomy":"product_brand","embeddable":true,"href":"https:\/\/yutaimachinery.com\/de\/wp-json\/wp\/v2\/product_brand?post=3583"},{"taxonomy":"product_cat","embeddable":true,"href":"https:\/\/yutaimachinery.com\/de\/wp-json\/wp\/v2\/product_cat?post=3583"},{"taxonomy":"product_tag","embeddable":true,"href":"https:\/\/yutaimachinery.com\/de\/wp-json\/wp\/v2\/product_tag?post=3583"}],"curies":[{"name":"wp","href":"https:\/\/api.w.org\/{rel}","templated":true}]}}