{"id":3575,"date":"2024-04-07T16:56:21","date_gmt":"2024-04-07T08:56:21","guid":{"rendered":"https:\/\/yutaimachinery.com\/?post_type=product&#038;p=3575"},"modified":"2024-04-07T19:19:04","modified_gmt":"2024-04-07T11:19:04","slug":"keramik-linienzugmaschine","status":"publish","type":"product","link":"https:\/\/yutaimachinery.com\/de\/product\/ceramic-line-drawing-machine\/","title":{"rendered":"Keramische Linienziehmaschine f\u00fcr Geschirrkantendekoration"},"content":{"rendered":"<div class=\"wp-block-columns is-layout-flex wp-container-core-columns-is-layout-9d6595d7 wp-block-columns-is-layout-flex\">\n<div class=\"wp-block-column is-layout-flow wp-block-column-is-layout-flow\">\n<figure class=\"wp-block-embed is-type-video is-provider-youtube wp-block-embed-youtube wp-embed-aspect-4-3 wp-has-aspect-ratio\"><div class=\"wp-block-embed__wrapper\">\n<iframe title=\"Keramische Teller Schalen Tassen Rimming Maschine\" width=\"940\" height=\"705\" src=\"https:\/\/www.youtube.com\/embed\/wIm7uIqTYLA?feature=oembed\" frameborder=\"0\" allow=\"accelerometer; autoplay; clipboard-write; encrypted-media; gyroscope; picture-in-picture; web-share\" referrerpolicy=\"strict-origin-when-cross-origin\" allowfullscreen><\/iframe>\n<\/div><\/figure>\n<\/div>\n\n\n\n<div class=\"wp-block-column is-layout-flow wp-block-column-is-layout-flow\">\n<h2 class=\"wp-block-heading\"><strong>Merkmale der Keramik-Linienziehmaschine<\/strong><\/h2>\n\n\n\n<p>Pr\u00e4zision: Gew\u00e4hrleistet ein pr\u00e4zises und genaues Ziehen der keramischen Linien und verbessert die Produktqualit\u00e4t und das Aussehen. <\/p>\n\n\n\n<p>Effizienz: Erh\u00f6ht die Produktionseffizienz durch die Automatisierung des Ziehvorgangs und reduziert den manuellen Arbeits- und Zeitaufwand. <\/p>\n\n\n\n<p>Konsistenz: Sorgt f\u00fcr eine gleichbleibende Linienst\u00e4rke und Qualit\u00e4t w\u00e4hrend des gesamten Produktionsprozesses, so dass alle Keramikprodukte einheitlich sind. <\/p>\n\n\n\n<p>Vielseitigkeit: Kann an verschiedene Liniendesigns und -muster angepasst werden und bietet somit Flexibilit\u00e4t bei der Produktanpassung.<\/p>\n<\/div>\n<\/div>\n\n\n\n<div class=\"wp-block-columns is-layout-flex wp-container-core-columns-is-layout-9d6595d7 wp-block-columns-is-layout-flex\">\n<div class=\"wp-block-column is-layout-flow wp-block-column-is-layout-flow\">\n<figure class=\"wp-block-image size-full\"><img fetchpriority=\"high\" decoding=\"async\" width=\"1280\" height=\"1280\" src=\"https:\/\/yutaimachinery.com\/wp-content\/uploads\/2024\/04\/Ceramic-Line-Drawing-Machine3.webp\" alt=\"Keramische Linienziehmaschine\" class=\"wp-image-3578\" title=\"\" srcset=\"https:\/\/yutaimachinery.com\/wp-content\/uploads\/2024\/04\/Ceramic-Line-Drawing-Machine3.webp 1280w, https:\/\/yutaimachinery.com\/wp-content\/uploads\/2024\/04\/Ceramic-Line-Drawing-Machine3-300x300.webp 300w, https:\/\/yutaimachinery.com\/wp-content\/uploads\/2024\/04\/Ceramic-Line-Drawing-Machine3-150x150.webp 150w, https:\/\/yutaimachinery.com\/wp-content\/uploads\/2024\/04\/Ceramic-Line-Drawing-Machine3-768x768.webp 768w, https:\/\/yutaimachinery.com\/wp-content\/uploads\/2024\/04\/Ceramic-Line-Drawing-Machine3-285x285.webp 285w, https:\/\/yutaimachinery.com\/wp-content\/uploads\/2024\/04\/Ceramic-Line-Drawing-Machine3-270x270.webp 270w, https:\/\/yutaimachinery.com\/wp-content\/uploads\/2024\/04\/Ceramic-Line-Drawing-Machine3-540x540.webp 540w, https:\/\/yutaimachinery.com\/wp-content\/uploads\/2024\/04\/Ceramic-Line-Drawing-Machine3-660x660.webp 660w\" sizes=\"(max-width: 1280px) 100vw, 1280px\" \/><\/figure>\n<\/div>\n\n\n\n<div class=\"wp-block-column is-layout-flow wp-block-column-is-layout-flow\">\n<h2 class=\"wp-block-heading\">Parameter der keramischen Linienziehmaschine<\/h2>\n\n\n\n<figure class=\"wp-block-table\"><table><tbody><tr><td>Modell<\/td><td>YT-HXJ<\/td><\/tr><tr><td>Kapazit\u00e4t<\/td><td>30-50 pro Stunde<\/td><\/tr><tr><td>Leistung(kw)<\/td><td>2kw<\/td><\/tr><tr><td>Abmessung (lxbxh)<\/td><td>80x100x150(h)<\/td><\/tr><tr><td>Gewicht (kg)<\/td><td>100<\/td><\/tr><\/tbody><\/table><\/figure>\n<\/div>\n<\/div>","protected":false},"excerpt":{"rendered":"<p>Als Hersteller von Keramikmaschinen bietet Yutai eine vollst\u00e4ndige Palette von Keramikdruckmaschinen an. Unsere Linienzeichnungsmaschinen sind genau und geeignet f\u00fcr das Zeichnen von Linien in verschiedenen Farben auf der Oberseite von Schalen, Seiten, Plattenm\u00fcndungen und -seiten und allen Arten von Keramik.<\/p>\n<h2>Komplettl\u00f6sung f\u00fcr keramische Linienziehmaschinen :<\/h2>\n<ol>\n<li>Individuell angepasst: Unterst\u00fctzung f\u00fcr kundenspezifische Ausr\u00fcstungsteile, kundenspezifisches Zubeh\u00f6r und kundenspezifische Anwendungen<\/li>\n<li>Schulungsunterst\u00fctzung: Wir bieten Schulungen und technische Unterst\u00fctzung an, um sicherzustellen, dass die Kunden die Ger\u00e4te sachkundig bedienen und warten k\u00f6nnen.<\/li>\n<li>Ersatzteilversorgung: Bereitstellung von Original-Ersatzteilen, um sicherzustellen, dass die Kunden jederzeit Zugang zu hochwertigen Ersatzteilen und Verbrauchsmaterialien haben.<\/li>\n<\/ol>","protected":false},"featured_media":3577,"template":"","meta":{"_acf_changed":false},"product_brand":[],"product_cat":[59],"product_tag":[66],"class_list":{"0":"post-3575","1":"product","2":"type-product","3":"status-publish","4":"has-post-thumbnail","6":"product_cat-ceramic-printing-machine","7":"product_tag-ceramic-line-drawing-machine","9":"first","10":"instock","11":"shipping-taxable","12":"product-type-simple"},"acf":{"customization_content":"<h2><\/h2>\r\n<div><\/div>","customization_content_source":{"label":"Customization Content","type":"wysiwyg","formatted_value":"<h2><\/h2>\n<div><\/div>\n"},"why_choose_us_content":"<h2 style=\"text-align: center;\">Why Choose Us as Your Ceramic Line Drawing Machine Supplier<\/h2>\r\n\r\n<hr \/>\r\n<p style=\"text-align: center;\">Yutai as a ceramic tableware manufacturer, maintains strict quality standards and excellent service. Revolutionize your manufacturing processes with cutting-edge automation technology that streamlines forming and enhances efficiency.<\/p>","why_choose_us_content_source":{"label":"Why Choose Us Content","type":"wysiwyg","formatted_value":"<h2 style=\"text-align: center;\">Why Choose Us as Your Ceramic Line Drawing Machine Supplier<\/h2>\n<hr \/>\n<p style=\"text-align: center;\">Yutai as a ceramic tableware manufacturer, maintains strict quality standards and excellent service. Revolutionize your manufacturing processes with cutting-edge automation technology that streamlines forming and enhances efficiency.<\/p>\n"}},"_links":{"self":[{"href":"https:\/\/yutaimachinery.com\/de\/wp-json\/wp\/v2\/product\/3575","targetHints":{"allow":["GET"]}}],"collection":[{"href":"https:\/\/yutaimachinery.com\/de\/wp-json\/wp\/v2\/product"}],"about":[{"href":"https:\/\/yutaimachinery.com\/de\/wp-json\/wp\/v2\/types\/product"}],"version-history":[{"count":0,"href":"https:\/\/yutaimachinery.com\/de\/wp-json\/wp\/v2\/product\/3575\/revisions"}],"wp:featuredmedia":[{"embeddable":true,"href":"https:\/\/yutaimachinery.com\/de\/wp-json\/wp\/v2\/media\/3577"}],"wp:attachment":[{"href":"https:\/\/yutaimachinery.com\/de\/wp-json\/wp\/v2\/media?parent=3575"}],"wp:term":[{"taxonomy":"product_brand","embeddable":true,"href":"https:\/\/yutaimachinery.com\/de\/wp-json\/wp\/v2\/product_brand?post=3575"},{"taxonomy":"product_cat","embeddable":true,"href":"https:\/\/yutaimachinery.com\/de\/wp-json\/wp\/v2\/product_cat?post=3575"},{"taxonomy":"product_tag","embeddable":true,"href":"https:\/\/yutaimachinery.com\/de\/wp-json\/wp\/v2\/product_tag?post=3575"}],"curies":[{"name":"wp","href":"https:\/\/api.w.org\/{rel}","templated":true}]}}