{"id":3438,"date":"2024-04-06T14:18:08","date_gmt":"2024-04-06T06:18:08","guid":{"rendered":"https:\/\/yutaimachinery.com\/?post_type=product&#038;p=3438"},"modified":"2024-04-17T09:35:21","modified_gmt":"2024-04-17T01:35:21","slug":"tunnelofen","status":"publish","type":"product","link":"https:\/\/yutaimachinery.com\/de\/product\/tunnel-kiln\/","title":{"rendered":"Hocheffizienter automatischer Tunnelofen f\u00fcr die Industrie"},"content":{"rendered":"<div class=\"wp-block-columns is-layout-flex wp-container-core-columns-is-layout-9d6595d7 wp-block-columns-is-layout-flex\">\n<div class=\"wp-block-column is-layout-flow wp-block-column-is-layout-flow\">\n<figure class=\"wp-block-embed is-type-video is-provider-youtube wp-block-embed-youtube wp-embed-aspect-4-3 wp-has-aspect-ratio\"><div class=\"wp-block-embed__wrapper\">\n<iframe title=\"Keramik-Dekor-Tunnelofen\" width=\"940\" height=\"705\" src=\"https:\/\/www.youtube.com\/embed\/yTTW1kYA210?feature=oembed\" frameborder=\"0\" allow=\"accelerometer; autoplay; clipboard-write; encrypted-media; gyroscope; picture-in-picture; web-share\" referrerpolicy=\"strict-origin-when-cross-origin\" allowfullscreen><\/iframe>\n<\/div><\/figure>\n<\/div>\n\n\n\n<div class=\"wp-block-column is-layout-flow wp-block-column-is-layout-flow\">\n<h2 class=\"wp-block-heading\"><strong>Merkmale des Tunnelofens<\/strong><\/h2>\n\n\n\n<p>Hoher Automatisierungsgrad: Der Tunnelofen wird automatisch mit einem PID-Mikrocomputer gesteuert, der eine pr\u00e4zise Steuerung des Heizprozesses erm\u00f6glicht und manuelle Eingriffe reduziert.<\/p>\n\n\n\n<p>Gleichm\u00e4\u00dfige Temperaturregelung: W\u00e4hrend des Brennvorgangs kann die Gasmenge automatisch angepasst werden, was zu minimalen Temperaturunterschieden zwischen den verschiedenen Abschnitten des Ofens, einem geringeren Gasverbrauch und einer hohen Durchlaufrate f\u00fchrt.<\/p>\n\n\n\n<p>Breite Anwendbarkeit: Tunnel\u00f6fen k\u00f6nnen nicht nur zum Brennen von keramischen Erzeugnissen, sondern auch zum Brennen und Verarbeiten anderer Materialien verwendet werden, was ihre Vielseitigkeit und Flexibilit\u00e4t unter Beweis stellt.<\/p>\n\n\n\n<p>Energieeinsparung und Umweltschutz: Ausstattung mit einer effizienten Verbrennungsmaschine. Die Verbrennung ist vollst\u00e4ndig und es entsteht keine Abgasverschmutzung, was den Anforderungen des Umweltschutzes entspricht.<\/p>\n<\/div>\n<\/div>","protected":false},"excerpt":{"rendered":"<p>Unser Tunnelofen verwendet hochwertige feuerfeste Materialien und ist mit einem fortschrittlichen automatischen Kontrollsystem ausgestattet, um die Temperatur gleichm\u00e4\u00dfig zu steuern und eine hohe Produktionskapazit\u00e4t zu erreichen. Er eignet sich f\u00fcr den Dickbrand und den Glasurbrand von Dolomit, Porzellan, Keramik, Tonprodukten usw.<\/p>\n<h2>Tunnelofenl\u00f6sung aus einer Hand:<\/h2>\n<ol>\n<li>Individuell angepasst: Unterst\u00fctzung f\u00fcr kundenspezifische Ausr\u00fcstungsteile, kundenspezifisches Zubeh\u00f6r und kundenspezifische Anwendungen<\/li>\n<li>Unterst\u00fctzung des Layout-Designs:  Je nach Fabrikfl\u00e4che, Produktionsplan und Kapitalinvestition bieten wir professionelle Design- und Layout-Dienstleistungen.<\/li>\n<li>Technische Unterst\u00fctzung und Service: Hochqualifizierte Techniker montieren Ihre Maschinen und bieten Videoschulungen und technischen Support.<\/li>\n<\/ol>","protected":false},"featured_media":3552,"template":"","meta":{"_acf_changed":false},"product_brand":[],"product_cat":[58],"product_tag":[65],"class_list":{"0":"post-3438","1":"product","2":"type-product","3":"status-publish","4":"has-post-thumbnail","6":"product_cat-ceramic-kiln","7":"product_tag-tunnel-kiln","9":"first","10":"instock","11":"shipping-taxable","12":"product-type-simple"},"acf":{"customization_content":"<h2><\/h2>\r\n<div><\/div>","customization_content_source":{"label":"Customization Content","type":"wysiwyg","formatted_value":"<h2><\/h2>\n<div><\/div>\n"},"why_choose_us_content":"<h2 style=\"text-align: center;\">Why Choose Us as Your Automatic Tunnel Kiln Supplier<\/h2>\r\n\r\n<hr \/>\r\n<p style=\"text-align: center;\">Yutai as a ceramic tableware manufacturer, maintains strict quality standards and excellent service. Revolutionize your manufacturing processes with cutting-edge automation technology that streamlines forming and enhances efficiency.<\/p>","why_choose_us_content_source":{"label":"Why Choose Us Content","type":"wysiwyg","formatted_value":"<h2 style=\"text-align: center;\">Why Choose Us as Your Automatic Tunnel Kiln Supplier<\/h2>\n<hr \/>\n<p style=\"text-align: center;\">Yutai as a ceramic tableware manufacturer, maintains strict quality standards and excellent service. Revolutionize your manufacturing processes with cutting-edge automation technology that streamlines forming and enhances efficiency.<\/p>\n"}},"_links":{"self":[{"href":"https:\/\/yutaimachinery.com\/de\/wp-json\/wp\/v2\/product\/3438","targetHints":{"allow":["GET"]}}],"collection":[{"href":"https:\/\/yutaimachinery.com\/de\/wp-json\/wp\/v2\/product"}],"about":[{"href":"https:\/\/yutaimachinery.com\/de\/wp-json\/wp\/v2\/types\/product"}],"version-history":[{"count":0,"href":"https:\/\/yutaimachinery.com\/de\/wp-json\/wp\/v2\/product\/3438\/revisions"}],"wp:featuredmedia":[{"embeddable":true,"href":"https:\/\/yutaimachinery.com\/de\/wp-json\/wp\/v2\/media\/3552"}],"wp:attachment":[{"href":"https:\/\/yutaimachinery.com\/de\/wp-json\/wp\/v2\/media?parent=3438"}],"wp:term":[{"taxonomy":"product_brand","embeddable":true,"href":"https:\/\/yutaimachinery.com\/de\/wp-json\/wp\/v2\/product_brand?post=3438"},{"taxonomy":"product_cat","embeddable":true,"href":"https:\/\/yutaimachinery.com\/de\/wp-json\/wp\/v2\/product_cat?post=3438"},{"taxonomy":"product_tag","embeddable":true,"href":"https:\/\/yutaimachinery.com\/de\/wp-json\/wp\/v2\/product_tag?post=3438"}],"curies":[{"name":"wp","href":"https:\/\/api.w.org\/{rel}","templated":true}]}}