{"id":3294,"date":"2024-04-05T15:17:39","date_gmt":"2024-04-05T07:17:39","guid":{"rendered":"https:\/\/yutaimachinery.com\/?post_type=product&#038;p=3294"},"modified":"2024-04-09T18:04:43","modified_gmt":"2024-04-09T10:04:43","slug":"keramik-trocknungsmaschine","status":"publish","type":"product","link":"https:\/\/yutaimachinery.com\/de\/product\/ceramic-drying-machine\/","title":{"rendered":"Hocheffiziente Ketten-Keramiktrocknungsmaschine f\u00fcr die Keramiktrocknung"},"content":{"rendered":"<div class=\"wp-block-columns is-layout-flex wp-container-core-columns-is-layout-9d6595d7 wp-block-columns-is-layout-flex\">\n<div class=\"wp-block-column is-layout-flow wp-block-column-is-layout-flow\">\n<figure class=\"wp-block-image size-large\"><img fetchpriority=\"high\" decoding=\"async\" width=\"1024\" height=\"1024\" src=\"https:\/\/yutaimachinery.com\/wp-content\/uploads\/2024\/04\/ceramic-drying-machine-1024x1024.webp\" alt=\"Keramik-Trocknungsmaschine\" class=\"wp-image-3295\" title=\"\" srcset=\"https:\/\/yutaimachinery.com\/wp-content\/uploads\/2024\/04\/ceramic-drying-machine-1024x1024.webp 1024w, https:\/\/yutaimachinery.com\/wp-content\/uploads\/2024\/04\/ceramic-drying-machine-300x300.webp 300w, https:\/\/yutaimachinery.com\/wp-content\/uploads\/2024\/04\/ceramic-drying-machine-150x150.webp 150w, https:\/\/yutaimachinery.com\/wp-content\/uploads\/2024\/04\/ceramic-drying-machine-768x768.webp 768w, https:\/\/yutaimachinery.com\/wp-content\/uploads\/2024\/04\/ceramic-drying-machine-1536x1536.webp 1536w, https:\/\/yutaimachinery.com\/wp-content\/uploads\/2024\/04\/ceramic-drying-machine-2048x2048.webp 2048w, https:\/\/yutaimachinery.com\/wp-content\/uploads\/2024\/04\/ceramic-drying-machine-285x285.webp 285w, https:\/\/yutaimachinery.com\/wp-content\/uploads\/2024\/04\/ceramic-drying-machine-1600x1600.webp 1600w, https:\/\/yutaimachinery.com\/wp-content\/uploads\/2024\/04\/ceramic-drying-machine-270x270.webp 270w, https:\/\/yutaimachinery.com\/wp-content\/uploads\/2024\/04\/ceramic-drying-machine-540x540.webp 540w, https:\/\/yutaimachinery.com\/wp-content\/uploads\/2024\/04\/ceramic-drying-machine-660x660.webp 660w\" sizes=\"(max-width: 1024px) 100vw, 1024px\" \/><\/figure>\n<\/div>\n\n\n\n<div class=\"wp-block-column is-layout-flow wp-block-column-is-layout-flow\">\n<h2 class=\"wp-block-heading\">Merkmale der automatischen Keramiktrocknungsmaschine<\/h2>\n\n\n\n<ol class=\"wp-block-list\">\n<li>Hohe Effizienz: Das Kettendesign erm\u00f6glicht eine kontinuierliche und automatisierte Trocknung keramischer Produkte und maximiert so die Produktionseffizienz und den Durchsatz.<\/li>\n\n\n\n<li>Gleichm\u00e4\u00dfige Trocknung: Der Trocknungsprozess ist bei allen keramischen Produkten gleichm\u00e4\u00dfig, was einen gleichm\u00e4\u00dfigen Feuchtigkeitsentzug gew\u00e4hrleistet und ungleichm\u00e4\u00dfiges Trocknen oder Rissbildung verhindert.<\/li>\n\n\n\n<li>Integrationsf\u00e4higkeiten: Die Trocknungsanlage kann nahtlos in andere Produktionsanlagen wie Formgebungsmaschinen, Glasieranlagen und Brenn\u00f6fen integriert werden, so dass ein vollautomatischer Keramikproduktionsprozess entsteht.<\/li>\n<\/ol>\n<\/div>\n<\/div>","protected":false},"excerpt":{"rendered":"<p>W\u00e4hlen Sie den Keramikmaschinenhersteller Yutai f\u00fcr eine L\u00f6sung aus einer Hand. Wir bieten technische Unterst\u00fctzung bei der Anpassung und Installation, damit Ihre keramische Trocknungslinie mit anderen Produktionsanlagen integriert werden kann, um einen vollautomatischen keramischen Produktionsprozess zu erreichen.<\/p>\n<h2>Keramische Trocknungsmaschinen aus einer Hand:<\/h2>\n<ol>\n<li>Individuell angepasst: Unterst\u00fctzung f\u00fcr kundenspezifische Ausr\u00fcstungsteile, kundenspezifisches Zubeh\u00f6r und kundenspezifische Anwendungen<\/li>\n<li>Unterst\u00fctzung des Layout-Designs:  Je nach Fabrikfl\u00e4che, Produktionsplan und Kapitalinvestition bieten wir professionelle Design- und Layout-Dienstleistungen.<\/li>\n<li>Technische Unterst\u00fctzung und Service: Hochqualifizierte Techniker montieren Ihre Maschinen und bieten Videoschulungen und technischen Support.<\/li>\n<\/ol>","protected":false},"featured_media":3295,"template":"","meta":{"_acf_changed":false},"product_brand":[],"product_cat":[56],"product_tag":[71],"class_list":{"0":"post-3294","1":"product","2":"type-product","3":"status-publish","4":"has-post-thumbnail","6":"product_cat-ceramic-drying-machine","7":"product_tag-ceramic-drying-machine","9":"first","10":"instock","11":"shipping-taxable","12":"product-type-simple"},"acf":{"customization_content":"<h2><\/h2>\r\n<div><\/div>","customization_content_source":{"label":"Customization Content","type":"wysiwyg","formatted_value":"<h2><\/h2>\n<div><\/div>\n"},"why_choose_us_content":"<h2 style=\"text-align: center;\">Why Choose Us as Your Ceramic Drying Machine Supplier<\/h2>\r\n\r\n<hr \/>\r\n<p style=\"text-align: center;\">Yutai as a ceramic tableware manufacturer, maintains strict quality standards and excellent service. Revolutionize your manufacturing processes with cutting-edge automation technology that streamlines forming and enhances efficiency.<\/p>","why_choose_us_content_source":{"label":"Why Choose Us Content","type":"wysiwyg","formatted_value":"<h2 style=\"text-align: center;\">Why Choose Us as Your Ceramic Drying Machine Supplier<\/h2>\n<hr \/>\n<p style=\"text-align: center;\">Yutai as a ceramic tableware manufacturer, maintains strict quality standards and excellent service. Revolutionize your manufacturing processes with cutting-edge automation technology that streamlines forming and enhances efficiency.<\/p>\n"}},"_links":{"self":[{"href":"https:\/\/yutaimachinery.com\/de\/wp-json\/wp\/v2\/product\/3294","targetHints":{"allow":["GET"]}}],"collection":[{"href":"https:\/\/yutaimachinery.com\/de\/wp-json\/wp\/v2\/product"}],"about":[{"href":"https:\/\/yutaimachinery.com\/de\/wp-json\/wp\/v2\/types\/product"}],"version-history":[{"count":0,"href":"https:\/\/yutaimachinery.com\/de\/wp-json\/wp\/v2\/product\/3294\/revisions"}],"wp:featuredmedia":[{"embeddable":true,"href":"https:\/\/yutaimachinery.com\/de\/wp-json\/wp\/v2\/media\/3295"}],"wp:attachment":[{"href":"https:\/\/yutaimachinery.com\/de\/wp-json\/wp\/v2\/media?parent=3294"}],"wp:term":[{"taxonomy":"product_brand","embeddable":true,"href":"https:\/\/yutaimachinery.com\/de\/wp-json\/wp\/v2\/product_brand?post=3294"},{"taxonomy":"product_cat","embeddable":true,"href":"https:\/\/yutaimachinery.com\/de\/wp-json\/wp\/v2\/product_cat?post=3294"},{"taxonomy":"product_tag","embeddable":true,"href":"https:\/\/yutaimachinery.com\/de\/wp-json\/wp\/v2\/product_tag?post=3294"}],"curies":[{"name":"wp","href":"https:\/\/api.w.org\/{rel}","templated":true}]}}