{"id":3280,"date":"2024-04-05T04:25:21","date_gmt":"2024-04-04T20:25:21","guid":{"rendered":"https:\/\/yutaimachinery.com\/?post_type=product&#038;p=3280"},"modified":"2024-04-06T18:57:02","modified_gmt":"2024-04-06T10:57:02","slug":"20m-automatic-ceramic-glazing-machine","status":"publish","type":"product","link":"https:\/\/yutaimachinery.com\/de\/product\/20m-automatic-ceramic-glazing-machine\/","title":{"rendered":"20M Automatische Keramik-Glasiermaschine"},"content":{"rendered":"<div class=\"wp-block-columns is-layout-flex wp-container-core-columns-is-layout-9d6595d7 wp-block-columns-is-layout-flex\">\n<div class=\"wp-block-column is-layout-flow wp-block-column-is-layout-flow\">\n<figure class=\"wp-block-embed is-type-video is-provider-youtube wp-block-embed-youtube wp-embed-aspect-4-3 wp-has-aspect-ratio\"><div class=\"wp-block-embed__wrapper\">\n<iframe title=\"Automatische Keramikplatten-Glasiermaschine\" width=\"940\" height=\"705\" src=\"https:\/\/www.youtube.com\/embed\/-_xJOZt_byQ?start=59&#038;feature=oembed\" frameborder=\"0\" allow=\"accelerometer; autoplay; clipboard-write; encrypted-media; gyroscope; picture-in-picture; web-share\" referrerpolicy=\"strict-origin-when-cross-origin\" allowfullscreen><\/iframe>\n<\/div><\/figure>\n<\/div>\n\n\n\n<div class=\"wp-block-column is-layout-flow wp-block-column-is-layout-flow\">\n<h2 class=\"wp-block-heading\">Merkmale der automatischen Keramikglasiermaschine<\/h2>\n\n\n\n<ol class=\"wp-block-list\">\n<li>Die Verglasungslinie integriert Staubblasen, Befeuchtung, Verglasung, Bodenwischen und Trocknen, wodurch die manuelle Arbeitsintensit\u00e4t reduziert und die Produktionseffizienz erheblich gesteigert wird.<\/li>\n\n\n\n<li>Der Betrieb der Verglasungslinie erfolgt mit stufenloser Geschwindigkeitsregelung, und die Leistung (8 Stunden) kann zwischen 25.000 und 46.000 St\u00fcck eingestellt werden, was den individuellen Produktionsanforderungen der verschiedenen Hersteller entspricht.<\/li>\n\n\n\n<li>F\u00fcr die Glasur wird die neueste Hochpr\u00e4zisions-Glockenglasur verwendet, die eine glatte und farblich einheitliche Glasuroberfl\u00e4che erzeugt und die Qualit\u00e4t der Glasuroberfl\u00e4che erheblich verbessert.<\/li>\n<\/ol>\n<\/div>\n<\/div>\n\n\n\n<div class=\"wp-block-columns is-layout-flex wp-container-core-columns-is-layout-9d6595d7 wp-block-columns-is-layout-flex\">\n<div class=\"wp-block-column is-layout-flow wp-block-column-is-layout-flow\">\n<figure class=\"wp-block-image size-full\"><img fetchpriority=\"high\" decoding=\"async\" width=\"849\" height=\"513\" src=\"https:\/\/yutaimachinery.com\/wp-content\/uploads\/2024\/04\/auto-ceramic-glazing-machine2.webp\" alt=\"Auto-Keramik-Glasiermaschine\" class=\"wp-image-3284\" title=\"\" srcset=\"https:\/\/yutaimachinery.com\/wp-content\/uploads\/2024\/04\/auto-ceramic-glazing-machine2.webp 849w, https:\/\/yutaimachinery.com\/wp-content\/uploads\/2024\/04\/auto-ceramic-glazing-machine2-300x181.webp 300w, https:\/\/yutaimachinery.com\/wp-content\/uploads\/2024\/04\/auto-ceramic-glazing-machine2-768x464.webp 768w, https:\/\/yutaimachinery.com\/wp-content\/uploads\/2024\/04\/auto-ceramic-glazing-machine2-285x172.webp 285w, https:\/\/yutaimachinery.com\/wp-content\/uploads\/2024\/04\/auto-ceramic-glazing-machine2-660x399.webp 660w, https:\/\/yutaimachinery.com\/wp-content\/uploads\/2024\/04\/auto-ceramic-glazing-machine2-150x91.webp 150w\" sizes=\"(max-width: 849px) 100vw, 849px\" \/><\/figure>\n<\/div>\n\n\n\n<div class=\"wp-block-column is-layout-flow wp-block-column-is-layout-flow\">\n<h2 class=\"wp-block-heading\">Parameter der automatischen keramischen Glasiermaschine<\/h2>\n\n\n\n<figure class=\"wp-block-table\"><table><tbody><tr><td>Produktionskapazit\u00e4t<\/td><td>20-50 St\u00fcck\/Gemeinschaft<\/td><\/tr><tr><td>Gesamtleistung<\/td><td>8.15Kw 3 Phasen<\/td><\/tr><tr><td>Dimension<\/td><td>20X2X1 M<\/td><\/tr><tr><td>Gewicht<\/td><td>4500Kgs<\/td><\/tr><tr><td>Tellergr\u00f6\u00dfe<\/td><td>6~12\" Platte<\/td><\/tr><tr><td>Stander<\/td><td>160St\u00fcck<\/td><\/tr><tr><td>Transport Geschwindigkeit<\/td><td>20M\/Minute<\/td><\/tr><\/tbody><\/table><\/figure>\n<\/div>\n<\/div>\n\n\n\n<p> <\/p>","protected":false},"excerpt":{"rendered":"<p>Diese automatische Keramikglasiermaschine verf\u00fcgt \u00fcber einen Staubblasabschnitt, einen Befeuchtungsabschnitt, einen Glasierabschnitt, einen Schlagbodenabschnitt und einen Trocknungsabschnitt. Verbessert die Produktionsqualit\u00e4t und -kapazit\u00e4t erheblich und senkt die Arbeitskosten.<\/p>\n<h2>Keramikglasiermaschinen aus einer Hand:<\/h2>\n<ol>\n<li>Individuell angepasst: Unterst\u00fctzung f\u00fcr kundenspezifische Ausr\u00fcstungsteile, kundenspezifisches Zubeh\u00f6r und kundenspezifische Anwendungen<\/li>\n<li>Unterst\u00fctzung des Layout-Designs:  Je nach Fabrikfl\u00e4che, Produktionsplan und Kapitalinvestition bieten wir professionelle Design- und Layout-Dienstleistungen.<\/li>\n<li>Technische Unterst\u00fctzung und Service: Hochqualifizierte Techniker montieren Ihre Maschinen und bieten Videoschulungen und technischen Support.<\/li>\n<\/ol>","protected":false},"featured_media":3283,"template":"","meta":{"_acf_changed":false},"product_brand":[],"product_cat":[57],"product_tag":[],"class_list":{"0":"post-3280","1":"product","2":"type-product","3":"status-publish","4":"has-post-thumbnail","6":"product_cat-ceramic-glazing-machine","8":"first","9":"instock","10":"shipping-taxable","11":"product-type-simple"},"acf":{"customization_content":"<h2><\/h2>\r\n<div><\/div>","customization_content_source":{"label":"Customization Content","type":"wysiwyg","formatted_value":"<h2><\/h2>\n<div><\/div>\n"},"why_choose_us_content":"<h2 style=\"text-align: center;\">Why Choose Us as Your Automatic Ceramic Glazing Machine Supplier<\/h2>\r\n\r\n<hr \/>\r\n<p style=\"text-align: center;\">Yutai as a ceramic tableware manufacturer, maintains strict quality standards and excellent service. Revolutionize your manufacturing processes with cutting-edge automation technology that streamlines forming and enhances efficiency.<\/p>","why_choose_us_content_source":{"label":"Why Choose Us Content","type":"wysiwyg","formatted_value":"<h2 style=\"text-align: center;\">Why Choose Us as Your Automatic Ceramic Glazing Machine Supplier<\/h2>\n<hr \/>\n<p style=\"text-align: center;\">Yutai as a ceramic tableware manufacturer, maintains strict quality standards and excellent service. Revolutionize your manufacturing processes with cutting-edge automation technology that streamlines forming and enhances efficiency.<\/p>\n"}},"_links":{"self":[{"href":"https:\/\/yutaimachinery.com\/de\/wp-json\/wp\/v2\/product\/3280","targetHints":{"allow":["GET"]}}],"collection":[{"href":"https:\/\/yutaimachinery.com\/de\/wp-json\/wp\/v2\/product"}],"about":[{"href":"https:\/\/yutaimachinery.com\/de\/wp-json\/wp\/v2\/types\/product"}],"version-history":[{"count":0,"href":"https:\/\/yutaimachinery.com\/de\/wp-json\/wp\/v2\/product\/3280\/revisions"}],"wp:featuredmedia":[{"embeddable":true,"href":"https:\/\/yutaimachinery.com\/de\/wp-json\/wp\/v2\/media\/3283"}],"wp:attachment":[{"href":"https:\/\/yutaimachinery.com\/de\/wp-json\/wp\/v2\/media?parent=3280"}],"wp:term":[{"taxonomy":"product_brand","embeddable":true,"href":"https:\/\/yutaimachinery.com\/de\/wp-json\/wp\/v2\/product_brand?post=3280"},{"taxonomy":"product_cat","embeddable":true,"href":"https:\/\/yutaimachinery.com\/de\/wp-json\/wp\/v2\/product_cat?post=3280"},{"taxonomy":"product_tag","embeddable":true,"href":"https:\/\/yutaimachinery.com\/de\/wp-json\/wp\/v2\/product_tag?post=3280"}],"curies":[{"name":"wp","href":"https:\/\/api.w.org\/{rel}","templated":true}]}}