{"id":3114,"date":"2025-12-10T22:20:02","date_gmt":"2025-12-10T14:20:02","guid":{"rendered":"https:\/\/yutaimachinery.com\/?post_type=product&#038;p=3114"},"modified":"2026-01-15T11:38:47","modified_gmt":"2026-01-15T03:38:47","slug":"automatische-formgebungsanlage-fur-keramik-2","status":"publish","type":"product","link":"https:\/\/yutaimachinery.com\/de\/product\/ceramic-automatic-forming-line\/","title":{"rendered":"Automatische keramische Formanlage, Maschine zur Herstellung von Tellern, Tassen, Bechern"},"content":{"rendered":"<figure class=\"wp-block-image size-full\"><img fetchpriority=\"high\" decoding=\"async\" width=\"2000\" height=\"1366\" src=\"https:\/\/yutaimachinery.com\/wp-content\/uploads\/2024\/03\/ceramic-automatic-forming-line-1-1.webp\" alt=\"Automatische Formgebungsanlage f\u00fcr Keramik \" class=\"wp-image-3119\" title=\"\" srcset=\"https:\/\/yutaimachinery.com\/wp-content\/uploads\/2024\/03\/ceramic-automatic-forming-line-1-1.webp 2000w, https:\/\/yutaimachinery.com\/wp-content\/uploads\/2024\/03\/ceramic-automatic-forming-line-1-1-300x205.webp 300w, https:\/\/yutaimachinery.com\/wp-content\/uploads\/2024\/03\/ceramic-automatic-forming-line-1-1-768x525.webp 768w, https:\/\/yutaimachinery.com\/wp-content\/uploads\/2024\/03\/ceramic-automatic-forming-line-1-1-285x195.webp 285w, https:\/\/yutaimachinery.com\/wp-content\/uploads\/2024\/03\/ceramic-automatic-forming-line-1-1-1600x1093.webp 1600w, https:\/\/yutaimachinery.com\/wp-content\/uploads\/2024\/03\/ceramic-automatic-forming-line-1-1-660x451.webp 660w, https:\/\/yutaimachinery.com\/wp-content\/uploads\/2024\/03\/ceramic-automatic-forming-line-1-1-150x102.webp 150w\" sizes=\"(max-width: 2000px) 100vw, 2000px\" \/><\/figure>\n\n\n\n<div class=\"wp-block-columns is-layout-flex wp-container-core-columns-is-layout-9d6595d7 wp-block-columns-is-layout-flex\">\n<div class=\"wp-block-column is-layout-flow wp-block-column-is-layout-flow\">\n<h2 class=\"wp-block-heading\">Keramische Formgebungsanlage Merkmale:<\/h2>\n\n\n\n<h3 class=\"wp-block-heading\">1. Vollautomatischer und SPS-gesteuerter Betrieb<\/h3>\n\n\n\n<p>Die gesamte Anlage arbeitet mit einem integrierten SPS-Steuerungssystem mit HMI-Schnittstelle, das eine pr\u00e4zise, synchronisierte Steuerung aller Prozesse erm\u00f6glicht. Die fortschrittliche Getriebetechnologie gew\u00e4hrleistet eine stabile Leistung, geringe Ausfallraten und eine einfache Wartung.<\/p>\n\n\n\n<h3 class=\"wp-block-heading\">2. Hochwertige importierte Leistungskomponenten<\/h3>\n\n\n\n<p>Ausgestattet mit erstklassigen globalen Marken, um Zuverl\u00e4ssigkeit und lange Lebensdauer zu gew\u00e4hrleisten:<\/p>\n\n\n\n<ul class=\"wp-block-list\">\n<li>Toshiba Motors (Japan)<\/li>\n\n\n\n<li>Sumitomo-Reduzierst\u00fccke (Japan)<\/li>\n\n\n\n<li>Yaskawa-Servomotoren<\/li>\n\n\n\n<li>Mitsubishi- oder Panasonic-Wechselrichter<\/li>\n<\/ul>\n\n\n\n<h3 class=\"wp-block-heading\">3. Hochwertige Lager und mechanische Teile<\/h3>\n\n\n\n<p>Alle Lager sind von NTN, NSK oder SKF und gew\u00e4hrleisten hohe Pr\u00e4zision, reibungslosen Betrieb und langfristige Stabilit\u00e4t.<\/p>\n\n\n\n<h3 class=\"wp-block-heading\">4. Zuverl\u00e4ssiges pneumatisches und lineares Bewegungssystem<\/h3>\n\n\n\n<ul class=\"wp-block-list\">\n<li>Pneumatische Komponenten von SMC oder TEC<\/li>\n\n\n\n<li>Linearf\u00fchrungsschienen von HIWIN (Taiwan), TBI, oder CSK<br>Dies gew\u00e4hrleistet eine genaue Positionierung, reibungslose Bewegung und gleichbleibende Formqualit\u00e4t.<\/li>\n<\/ul>\n\n\n\n<h3 class=\"wp-block-heading\">5. Fortschrittliches Trocknungssystem<\/h3>\n\n\n\n<p>Der Trocknungsluftkanal verf\u00fcgt \u00fcber eine doppellagige Edelstahlstruktur mit Entfeuchtung, die eine gleichm\u00e4\u00dfige und kontrollierte Trocknung erm\u00f6glicht, um den unterschiedlichen Anforderungen des Keramikprozesses gerecht zu werden.<\/p>\n\n\n\n<h3 class=\"wp-block-heading\">6. Vakuum-Pug-M\u00fchle aus Edelstahl 304<\/h3>\n\n\n\n<p>Eine vollst\u00e4ndige 304-Edelstahl-Vakuum-Pugm\u00fchle gew\u00e4hrleistet eine stabile Tonzufuhr, eine gleichm\u00e4\u00dfige Materialqualit\u00e4t und eine zuverl\u00e4ssige Formungsleistung.<\/p>\n\n\n\n<h3 class=\"wp-block-heading\">7. Hochstabile pneumatische Steuerung<\/h3>\n\n\n\n<p>Das pneumatische System verwendet eine doppelschichtige Filterung und hochwertige Luftquellen, was die Stabilit\u00e4t der Ger\u00e4te und die Betriebskonstanz erheblich verbessert.<\/p>\n<\/div>\n\n\n\n<div class=\"wp-block-column is-layout-flow wp-block-column-is-layout-flow\">\n<figure class=\"wp-block-embed is-type-video is-provider-youtube wp-block-embed-youtube wp-embed-aspect-16-9 wp-has-aspect-ratio\"><div class=\"wp-block-embed__wrapper\">\n<iframe title=\"Cearmic Plate Doppelkopf-Formautomaten\" width=\"940\" height=\"529\" src=\"https:\/\/www.youtube.com\/embed\/vae_S931OYI?feature=oembed\" frameborder=\"0\" allow=\"accelerometer; autoplay; clipboard-write; encrypted-media; gyroscope; picture-in-picture; web-share\" referrerpolicy=\"strict-origin-when-cross-origin\" allowfullscreen><\/iframe>\n<\/div><\/figure>\n\n\n\n<figure class=\"wp-block-image size-full\"><img decoding=\"async\" width=\"500\" height=\"500\" src=\"https:\/\/yutaimachinery.com\/wp-content\/uploads\/2025\/12\/ceramic-dinnerware-making-machine.webp\" alt=\"Maschine zur Herstellung von Keramikgeschirr\" class=\"wp-image-6300\" title=\"\" srcset=\"https:\/\/yutaimachinery.com\/wp-content\/uploads\/2025\/12\/ceramic-dinnerware-making-machine.webp 500w, https:\/\/yutaimachinery.com\/wp-content\/uploads\/2025\/12\/ceramic-dinnerware-making-machine-300x300.webp 300w, https:\/\/yutaimachinery.com\/wp-content\/uploads\/2025\/12\/ceramic-dinnerware-making-machine-150x150.webp 150w, https:\/\/yutaimachinery.com\/wp-content\/uploads\/2025\/12\/ceramic-dinnerware-making-machine-12x12.webp 12w, https:\/\/yutaimachinery.com\/wp-content\/uploads\/2025\/12\/ceramic-dinnerware-making-machine-285x285.webp 285w, https:\/\/yutaimachinery.com\/wp-content\/uploads\/2025\/12\/ceramic-dinnerware-making-machine-270x270.webp 270w\" sizes=\"(max-width: 500px) 100vw, 500px\" \/><\/figure>\n<\/div>\n<\/div>\n\n\n\n<h2 class=\"wp-block-heading\">Parameter der keramischen Formgebungsanlage:<\/h2>\n\n\n\n<figure class=\"wp-block-table\"><table class=\"has-fixed-layout\"><tbody><tr><td><strong>MODELL<\/strong><\/td><td><strong>250 MODELL<\/strong><\/td><td><strong>35O MODELL<\/strong><\/td><\/tr><tr><td class=\"has-text-align-left\" data-align=\"left\"><strong>Max hat die Produktgr\u00f6\u00dfe fertiggestellt.<\/strong><\/td><td>In einer 6-Zoll-Sch\u00fcssel und einem 7-Zoll-Teller (haupts\u00e4chlich aufgrund des Unterschieds in der tats\u00e4chlichen Schrumpfrate betr\u00e4gt die Referenzschrumpfrate dieses Produkts 1,16)<\/td><td>In einer 10-Zoll-Sch\u00fcssel und einem 10,5-Zoll-Teller (haupts\u00e4chlich aufgrund des Unterschieds in der tats\u00e4chlichen Schrumpfrate betr\u00e4gt die Referenzschrumpfrate dieses Produkts 1,16)<\/td><\/tr><tr><td><strong>Fordertyp (geformter Kn\u00fcppel)<\/strong><\/td><td>Maximale Gr\u00f6\u00dfe der Tasse, der mittelgro\u00dfen Sch\u00fcssel und der Schale: \u03c6190 mm<\/td><td>Maximale Gr\u00f6\u00dfe von Tasse, mittelgro\u00dfer Sch\u00fcssel und Schale bis zu \u03c6290 mm<\/td><\/tr><tr><td><strong>Maximale Gr\u00f6\u00dfe der Gipsform (Standard)<\/strong><\/td><td>Yin-Modus \u03c6240 mm H150 mm<\/td><td>Yin-Modus \u03c6340mm H150mm, Yang-Modus Yin-Modus \u03c6340mmH80mm<\/td><\/tr><tr><td><strong>Kapazit\u00e4t (PCS\/Stunde)<\/strong><\/td><td>1200<\/td><td>600-720Je nach den tats\u00e4chlichen Produktionsanforderungen)<\/td><\/tr><tr><td><strong>Strom<\/strong><\/td><td>35KW<\/td><td>40KW<\/td><\/tr><tr><td><strong>Brennerw\u00e4rme<\/strong><\/td><td>50.000Kcal\/Std.<\/td><td>60.000Kcal\/Std.<\/td><\/tr><tr><td><strong>Luft<\/strong><\/td><td>1000L\/min<\/td><td>1000L\/min<\/td><\/tr><tr><td><strong>Wasser<\/strong><\/td><td>200L\/Std.<\/td><td>200L\/Std.<\/td><\/tr><tr><td><strong>Schimmelpilze<\/strong><\/td><td>160 PCS<\/td><td>160 PCS<\/td><\/tr><tr><td><strong>Dimension<\/strong><\/td><td>L23000\u00d7W4300\u00d7H1800<\/td><td>L31500\u00d7W4500\u00d7H1800<\/td><\/tr><\/tbody><\/table><\/figure>","protected":false},"excerpt":{"rendered":"<p>Diese vollautomatische Produktionslinie f\u00fcr Keramikgeschirr integriert Mischmaschinen, Tonzuschnitt, Formgebung, Trocknung, Entformung und Kantenschliff in einem kontinuierlichen Arbeitsablauf. Das System kann mit einer Glasurlinie verbunden werden und erm\u00f6glicht so eine pr\u00e4zise, hocheffiziente und kosteng\u00fcnstige Produktion. Es eignet sich f\u00fcr die Herstellung von Keramik- und Porzellantellern, Sch\u00fcsseln, Bechern, Tassen, Untertassen und Tafelgeschirr aus Steingut.<\/p>\n<h2 data-start=\"595\" data-end=\"614\">Anwendungen der automatischen Keramikformungslinie:<\/h2>\n<ul>\n<li data-start=\"617\" data-end=\"661\">Herstellung von Geschirr aus Keramik und Porzellan<\/li>\n<li data-start=\"617\" data-end=\"661\">Teller, Sch\u00fcsseln, Tassen, Becher und Untertassen<\/li>\n<li data-start=\"617\" data-end=\"661\">T\u00f6pferwaren und Keramikartikel f\u00fcr den t\u00e4glichen Gebrauch<\/li>\n<li data-start=\"617\" data-end=\"661\">Hotel-, Gastronomie- und Haushaltskeramik<\/li>\n<li data-start=\"617\" data-end=\"661\">OEM-\/ODM-Produktionslinien f\u00fcr Keramikgeschirr<\/li>\n<\/ul>\n<h2>Komplettl\u00f6sung f\u00fcr automatische Keramikformungsanlagen:<\/h2>\n<ol>\n<li><strong>Schl\u00fcsselfertige Produktionslinienl\u00f6sungen:<\/strong> Umfassende Unterst\u00fctzung von der Auswahl der Ausr\u00fcstung \u00fcber die Layoutplanung bis hin zur vollst\u00e4ndigen Linienintegration.<\/li>\n<li><strong>Prozessgestaltung und -optimierung:<\/strong> Ma\u00dfgeschneiderte Arbeitsabl\u00e4ufe f\u00fcr das Formen, Trocknen, Beschneiden und Glasieren, die Ihren Produktanforderungen entsprechen.<\/li>\n<li><strong>Anpassung der Ausr\u00fcstung:<\/strong> Ma\u00dfgeschneiderte Maschinenkonfigurationen, Kapazit\u00e4t, Automatisierungsgrad und Anlagenlayout basierend auf Ihrer Werksfl\u00e4che und Ihren Produktionszielen.<\/li>\n<li><strong>Installation und Inbetriebnahme:<\/strong> Vor-Ort- oder Fernunterst\u00fctzung, um eine reibungslose Einrichtung und einen stabilen Betrieb zu gew\u00e4hrleisten.<\/li>\n<li><strong>Bedienerschulung und technischer Support:<\/strong> Umfassende Schulungen f\u00fcr Bediener und Wartungspersonal zur Maximierung der Effizienz und Betriebszeit.<\/li>\n<li><strong>Kundendienst und Ersatzteilversorgung:<\/strong> Schnelle technische Reaktion, Unterst\u00fctzung bei der vorbeugenden Wartung und zuverl\u00e4ssige Verf\u00fcgbarkeit von Ersatzteilen.<\/li>\n<li><strong>L\u00f6sungen zur Produktionssteigerung und -erweiterung:<\/strong> Flexible L\u00f6sungen f\u00fcr zuk\u00fcnftige Kapazit\u00e4tserweiterungen oder die Integration mit Verglasungs- und Brennsystemen.<\/li>\n<\/ol>","protected":false},"featured_media":6265,"template":"","meta":{"_acf_changed":false},"product_brand":[],"product_cat":[55],"product_tag":[],"class_list":{"0":"post-3114","1":"product","2":"type-product","3":"status-publish","4":"has-post-thumbnail","6":"product_cat-ceramic-forming-machine","8":"first","9":"instock","10":"shipping-taxable","11":"product-type-simple"},"acf":{"customization_content":"","customization_content_source":{"label":"Customization Content","type":"wysiwyg","formatted_value":""},"why_choose_us_content":"<h2 style=\"text-align: center;\">Why Choose Us as Your Ceramic Automatic Forming Line Supplier<\/h2>\r\n\r\n<hr \/>\r\n<p style=\"text-align: center;\">Yutai as a ceramic tableware manufacturer, maintains strict quality standards and excellent service. Revolutionize your manufacturing processes with cutting-edge automation technology that streamlines forming and enhances efficiency.<\/p>","why_choose_us_content_source":{"label":"Why Choose Us Content","type":"wysiwyg","formatted_value":"<h2 style=\"text-align: center;\">Why Choose Us as Your Ceramic Automatic Forming Line Supplier<\/h2>\n<hr \/>\n<p style=\"text-align: center;\">Yutai as a ceramic tableware manufacturer, maintains strict quality standards and excellent service. Revolutionize your manufacturing processes with cutting-edge automation technology that streamlines forming and enhances efficiency.<\/p>\n"}},"_links":{"self":[{"href":"https:\/\/yutaimachinery.com\/de\/wp-json\/wp\/v2\/product\/3114","targetHints":{"allow":["GET"]}}],"collection":[{"href":"https:\/\/yutaimachinery.com\/de\/wp-json\/wp\/v2\/product"}],"about":[{"href":"https:\/\/yutaimachinery.com\/de\/wp-json\/wp\/v2\/types\/product"}],"version-history":[{"count":0,"href":"https:\/\/yutaimachinery.com\/de\/wp-json\/wp\/v2\/product\/3114\/revisions"}],"wp:featuredmedia":[{"embeddable":true,"href":"https:\/\/yutaimachinery.com\/de\/wp-json\/wp\/v2\/media\/6265"}],"wp:attachment":[{"href":"https:\/\/yutaimachinery.com\/de\/wp-json\/wp\/v2\/media?parent=3114"}],"wp:term":[{"taxonomy":"product_brand","embeddable":true,"href":"https:\/\/yutaimachinery.com\/de\/wp-json\/wp\/v2\/product_brand?post=3114"},{"taxonomy":"product_cat","embeddable":true,"href":"https:\/\/yutaimachinery.com\/de\/wp-json\/wp\/v2\/product_cat?post=3114"},{"taxonomy":"product_tag","embeddable":true,"href":"https:\/\/yutaimachinery.com\/de\/wp-json\/wp\/v2\/product_tag?post=3114"}],"curies":[{"name":"wp","href":"https:\/\/api.w.org\/{rel}","templated":true}]}}