{"id":4376,"date":"2024-08-07T14:58:27","date_gmt":"2024-08-07T06:58:27","guid":{"rendered":"https:\/\/yutaimachinery.com\/?post_type=product&#038;p=4376"},"modified":"2024-08-07T17:07:18","modified_gmt":"2024-08-07T09:07:18","slug":"screen-print-machine","status":"publish","type":"product","link":"https:\/\/yutaimachinery.com\/ar\/product\/screen-print-machine\/","title":{"rendered":"\u0622\u0644\u0629 \u0637\u0628\u0627\u0639\u0629 \u0627\u0644\u0634\u0627\u0634\u0629 \u0627\u0644\u0623\u0648\u062a\u0648\u0645\u0627\u062a\u064a\u0643\u064a\u0629 \u0622\u0644\u0629 \u0637\u0628\u0627\u0639\u0629 \u0627\u0644\u0623\u0643\u0648\u0627\u0628 \u0630\u0627\u062a \u0627\u0644\u0633\u0637\u062d \u0627\u0644\u0645\u0646\u062d\u0646\u064a"},"content":{"rendered":"<div class=\"wp-block-columns is-layout-flex wp-container-core-columns-is-layout-9d6595d7 wp-block-columns-is-layout-flex\">\n<div class=\"wp-block-column is-layout-flow wp-block-column-is-layout-flow\">\n<h2 class=\"wp-block-heading\"><strong><strong>\u0645\u0627\u0643\u064a\u0646\u0629 \u0637\u0628\u0627\u0639\u0629 \u0627\u0644\u0634\u0627\u0634\u0629<\/strong><\/strong> <strong>\u0627\u0644\u0645\u064a\u0632\u0627\u062a:<\/strong><\/h2>\n\n\n\n<p>\u062a\u062d\u0643\u0645 \u0628\u0627\u0644\u0643\u0645\u0628\u064a\u0648\u062a\u0631 \u0627\u0644\u0645\u0646\u0637\u0642\u064a \u0627\u0644\u0642\u0627\u0628\u0644 \u0644\u0644\u0628\u0631\u0645\u062c\u0629 \u0627\u0644\u0642\u0627\u0628\u0644\u0629 \u0644\u0644\u0628\u0631\u0645\u062c\u0629 (PLC) \u0628\u0634\u0627\u0634\u0629 \u062a\u0639\u0645\u0644 \u0628\u0627\u0644\u0644\u0645\u0633\u060c \u062a\u0634\u063a\u064a\u0644 \u0628\u0633\u064a\u0637<\/p>\n\n\n\n<p>\u064a\u0645\u0643\u0646 \u0636\u0628\u0637 \u062d\u062f \u0627\u0644\u0637\u0628\u0627\u0639\u0629 \u0648\u0627\u0644\u0633\u0631\u0639\u0629 \u0644\u062a\u0644\u0628\u064a\u0629 \u0645\u062a\u0637\u0644\u0628\u0627\u062a \u0627\u0644\u0637\u0628\u0627\u0639\u0629 \u0627\u0644\u0645\u062e\u062a\u0644\u0641\u0629.<\/p>\n\n\n\n<p>\u064a\u0645\u0643\u0646 \u0636\u0628\u0637 \u0637\u0627\u0648\u0644\u0629 \u0627\u0644\u0639\u0645\u0644 \u0628\u062f\u0642\u0629 \u0644\u0623\u0639\u0644\u0649 \u0648\u0644\u0623\u0633\u0641\u0644 \u0648\u0644\u0644\u064a\u0633\u0627\u0631 \u0648\u0644\u0644\u064a\u0645\u064a\u0646\u060c \u0643\u0645\u0627 \u064a\u0645\u0643\u0646 \u0636\u0628\u0637 \u0632\u0627\u0648\u064a\u0629 \u0627\u0644\u0645\u0633\u062a\u0648\u0649 \u0644\u0637\u0628\u0627\u0639\u0629 \u062f\u0642\u064a\u0642\u0629.<\/p>\n\n\n\n<p>\u0643\u0634\u0637 \u0627\u0644\u062d\u0628\u0631 \u0648\u0625\u0631\u062c\u0627\u0639 \u0627\u0644\u062d\u0628\u0631 \u0648\u0631\u0641\u0639 \u0637\u0627\u0648\u0644\u0629 \u0627\u0644\u0639\u0645\u0644 \u0648\u0645\u0627 \u0625\u0644\u0649 \u0630\u0644\u0643 \u062a\u0644\u0642\u0627\u0626\u064a\u064b\u0627\u060c \u0627\u0644\u0623\u0645\u0631 \u0627\u0644\u0630\u064a \u0644\u0627 \u064a\u0628\u0633\u0651\u0637 \u0627\u0644\u0639\u0645\u0644\u064a\u0629 \u0641\u062d\u0633\u0628\u060c \u0628\u0644 \u064a\u0636\u0645\u0646 \u0623\u064a\u0636\u064b\u0627 \u0627\u0633\u062a\u0642\u0631\u0627\u0631 \u062c\u0648\u062f\u0629 \u0627\u0644\u0637\u0628\u0627\u0639\u0629.<\/p>\n<\/div>\n\n\n\n<div class=\"wp-block-column is-layout-flow wp-block-column-is-layout-flow\">\n<figure class=\"wp-block-image size-full\"><img fetchpriority=\"high\" decoding=\"async\" width=\"480\" height=\"480\" src=\"https:\/\/yutaimachinery.com\/wp-content\/uploads\/2024\/08\/screen-print-machine-1.webp\" alt=\"\u0645\u0627\u0643\u064a\u0646\u0629 \u0637\u0628\u0627\u0639\u0629 \u0627\u0644\u0634\u0627\u0634\u0629\" class=\"wp-image-4377\" title=\"\" srcset=\"https:\/\/yutaimachinery.com\/wp-content\/uploads\/2024\/08\/screen-print-machine-1.webp 480w, https:\/\/yutaimachinery.com\/wp-content\/uploads\/2024\/08\/screen-print-machine-1-300x300.webp 300w, https:\/\/yutaimachinery.com\/wp-content\/uploads\/2024\/08\/screen-print-machine-1-150x150.webp 150w, https:\/\/yutaimachinery.com\/wp-content\/uploads\/2024\/08\/screen-print-machine-1-12x12.webp 12w, https:\/\/yutaimachinery.com\/wp-content\/uploads\/2024\/08\/screen-print-machine-1-285x285.webp 285w, https:\/\/yutaimachinery.com\/wp-content\/uploads\/2024\/08\/screen-print-machine-1-270x270.webp 270w\" sizes=\"(max-width: 480px) 100vw, 480px\" \/><\/figure>\n<\/div>\n<\/div>\n\n\n\n<div class=\"wp-block-columns is-layout-flex wp-container-core-columns-is-layout-9d6595d7 wp-block-columns-is-layout-flex\">\n<div class=\"wp-block-column is-layout-flow wp-block-column-is-layout-flow\">\n<figure class=\"wp-block-image size-full\"><img decoding=\"async\" width=\"1080\" height=\"1440\" src=\"https:\/\/yutaimachinery.com\/wp-content\/uploads\/2024\/08\/screen-print-machine-3-edited.webp\" alt=\"\u0645\u0627\u0643\u064a\u0646\u0629 \u0637\u0628\u0627\u0639\u0629 \u0627\u0644\u0634\u0627\u0634\u0629 \u0627\u0644\u0643\u0648\u0628\" class=\"wp-image-4391\" title=\"\" srcset=\"https:\/\/yutaimachinery.com\/wp-content\/uploads\/2024\/08\/screen-print-machine-3-edited.webp 1080w, https:\/\/yutaimachinery.com\/wp-content\/uploads\/2024\/08\/screen-print-machine-3-edited-225x300.webp 225w, https:\/\/yutaimachinery.com\/wp-content\/uploads\/2024\/08\/screen-print-machine-3-edited-768x1024.webp 768w, https:\/\/yutaimachinery.com\/wp-content\/uploads\/2024\/08\/screen-print-machine-3-edited-9x12.webp 9w, https:\/\/yutaimachinery.com\/wp-content\/uploads\/2024\/08\/screen-print-machine-3-edited-285x380.webp 285w, https:\/\/yutaimachinery.com\/wp-content\/uploads\/2024\/08\/screen-print-machine-3-edited-495x660.webp 495w, https:\/\/yutaimachinery.com\/wp-content\/uploads\/2024\/08\/screen-print-machine-3-edited-113x150.webp 113w\" sizes=\"(max-width: 1080px) 100vw, 1080px\" \/><\/figure>\n<\/div>\n\n\n\n<div class=\"wp-block-column is-layout-flow wp-block-column-is-layout-flow\">\n<figure class=\"wp-block-image size-full\"><img decoding=\"async\" width=\"899\" height=\"1199\" src=\"https:\/\/yutaimachinery.com\/wp-content\/uploads\/2024\/08\/screen-print-machine-2-1-edited.webp\" alt=\"\u0645\u0627\u0643\u064a\u0646\u0629 \u0637\u0628\u0627\u0639\u0629 \u0627\u0644\u0634\u0627\u0634\u0629 \u0627\u0644\u0643\u0648\u0628\" class=\"wp-image-4392\" title=\"\" srcset=\"https:\/\/yutaimachinery.com\/wp-content\/uploads\/2024\/08\/screen-print-machine-2-1-edited.webp 899w, https:\/\/yutaimachinery.com\/wp-content\/uploads\/2024\/08\/screen-print-machine-2-1-edited-225x300.webp 225w, https:\/\/yutaimachinery.com\/wp-content\/uploads\/2024\/08\/screen-print-machine-2-1-edited-768x1024.webp 768w, https:\/\/yutaimachinery.com\/wp-content\/uploads\/2024\/08\/screen-print-machine-2-1-edited-9x12.webp 9w, https:\/\/yutaimachinery.com\/wp-content\/uploads\/2024\/08\/screen-print-machine-2-1-edited-285x380.webp 285w, https:\/\/yutaimachinery.com\/wp-content\/uploads\/2024\/08\/screen-print-machine-2-1-edited-495x660.webp 495w, https:\/\/yutaimachinery.com\/wp-content\/uploads\/2024\/08\/screen-print-machine-2-1-edited-112x150.webp 112w\" sizes=\"(max-width: 899px) 100vw, 899px\" \/><\/figure>\n<\/div>\n\n\n\n<div class=\"wp-block-column is-layout-flow wp-block-column-is-layout-flow\">\n<figure class=\"wp-block-image size-full is-resized\"><img loading=\"lazy\" decoding=\"async\" width=\"1146\" height=\"1146\" src=\"https:\/\/yutaimachinery.com\/wp-content\/uploads\/2024\/08\/screen-print-machine-4-edited.webp\" alt=\"\u0645\u0627\u0643\u064a\u0646\u0629 \u0637\u0628\u0627\u0639\u0629 \u0627\u0644\u0634\u0627\u0634\u0629 \u0627\u0644\u0643\u0648\u0628\" class=\"wp-image-4387\" style=\"width:166px;height:auto\" title=\"\" srcset=\"https:\/\/yutaimachinery.com\/wp-content\/uploads\/2024\/08\/screen-print-machine-4-edited.webp 1146w, https:\/\/yutaimachinery.com\/wp-content\/uploads\/2024\/08\/screen-print-machine-4-edited-300x300.webp 300w, https:\/\/yutaimachinery.com\/wp-content\/uploads\/2024\/08\/screen-print-machine-4-edited-150x150.webp 150w, https:\/\/yutaimachinery.com\/wp-content\/uploads\/2024\/08\/screen-print-machine-4-edited-768x768.webp 768w, https:\/\/yutaimachinery.com\/wp-content\/uploads\/2024\/08\/screen-print-machine-4-edited-12x12.webp 12w, https:\/\/yutaimachinery.com\/wp-content\/uploads\/2024\/08\/screen-print-machine-4-edited-285x285.webp 285w, https:\/\/yutaimachinery.com\/wp-content\/uploads\/2024\/08\/screen-print-machine-4-edited-270x270.webp 270w, https:\/\/yutaimachinery.com\/wp-content\/uploads\/2024\/08\/screen-print-machine-4-edited-540x540.webp 540w, https:\/\/yutaimachinery.com\/wp-content\/uploads\/2024\/08\/screen-print-machine-4-edited-660x660.webp 660w\" sizes=\"(max-width: 1146px) 100vw, 1146px\" \/><\/figure>\n\n\n\n<figure class=\"wp-block-image size-full is-resized\"><img loading=\"lazy\" decoding=\"async\" width=\"955\" height=\"955\" src=\"https:\/\/yutaimachinery.com\/wp-content\/uploads\/2024\/08\/screen-print-machine-5-edited.webp\" alt=\"\u0645\u0627\u0643\u064a\u0646\u0629 \u0637\u0628\u0627\u0639\u0629 \u0627\u0644\u0634\u0627\u0634\u0629 \u0627\u0644\u0643\u0648\u0628\" class=\"wp-image-4388\" style=\"width:163px;height:auto\" title=\"\" srcset=\"https:\/\/yutaimachinery.com\/wp-content\/uploads\/2024\/08\/screen-print-machine-5-edited.webp 955w, https:\/\/yutaimachinery.com\/wp-content\/uploads\/2024\/08\/screen-print-machine-5-edited-300x300.webp 300w, https:\/\/yutaimachinery.com\/wp-content\/uploads\/2024\/08\/screen-print-machine-5-edited-150x150.webp 150w, https:\/\/yutaimachinery.com\/wp-content\/uploads\/2024\/08\/screen-print-machine-5-edited-768x768.webp 768w, https:\/\/yutaimachinery.com\/wp-content\/uploads\/2024\/08\/screen-print-machine-5-edited-12x12.webp 12w, https:\/\/yutaimachinery.com\/wp-content\/uploads\/2024\/08\/screen-print-machine-5-edited-285x285.webp 285w, https:\/\/yutaimachinery.com\/wp-content\/uploads\/2024\/08\/screen-print-machine-5-edited-270x270.webp 270w, https:\/\/yutaimachinery.com\/wp-content\/uploads\/2024\/08\/screen-print-machine-5-edited-540x540.webp 540w, https:\/\/yutaimachinery.com\/wp-content\/uploads\/2024\/08\/screen-print-machine-5-edited-660x660.webp 660w\" sizes=\"(max-width: 955px) 100vw, 955px\" \/><\/figure>\n<\/div>\n<\/div>\n\n\n\n<h2 class=\"wp-block-heading\"><strong><strong>\u0645\u0627\u0643\u064a\u0646\u0629 \u0637\u0628\u0627\u0639\u0629 \u0627\u0644\u0634\u0627\u0634\u0629<\/strong><\/strong> \u0627\u0644\u0645\u0639\u0644\u0645\u0627\u062a<\/h2>\n\n\n\n<figure class=\"wp-block-table\"><table class=\"has-fixed-layout\"><tbody><tr><td>\u0627\u0644\u0637\u0631\u0627\u0632<\/td><td>YT-250<\/td><td>YT-400<\/td><td>YT-800<\/td><\/tr><tr><td>\u0627\u0644\u062d\u062f \u0627\u0644\u0623\u0642\u0635\u0649 \u0644\u062d\u062c\u0645 \u0627\u0644\u0637\u0628\u0627\u0639\u0629<\/td><td>70 \u00d7 200 \u0645\u0645<\/td><td>120 \u00d7 400 \u0645\u0645<\/td><td>254 \u00d7 800 \u0645\u0645<\/td><\/tr><tr><td>\u0627\u0644\u0628\u064f\u0639\u062f<\/td><td>75 \u00d7 58 \u00d7 128 \u0645\u0645<\/td><td>96 \u00d7 99 \u00d7 99 \u00d7 138 \u0645\u0645<\/td><td><\/td><\/tr><tr><td>\u0627\u0644\u0641\u0648\u0644\u062a\u064a\u0629<\/td><td>220 \u0641\u0648\u0644\u062a\/50 \u0647\u0631\u062a\u0632 60 \u0648\u0627\u062a<\/td><td>220 \u0641\u0648\u0644\u062a\/50 \u0647\u0631\u062a\u0632 60 \u0648\u0627\u062a<\/td><td>220 \u0641\u0648\u0644\u062a\/50 \u0647\u0631\u062a\u0632 60 \u0648\u0627\u062a<\/td><\/tr><tr><td>\u0648\u064a \u063a\u062a<\/td><td>100 \u0643\u062c\u0645<\/td><td>138 \u0643\u062c\u0645<\/td><td>180 \u0643\u062c\u0645<\/td><\/tr><tr><td>\u0627\u0644\u0633\u0631\u0639\u0629<\/td><td>25 \u0645\u0631\u0629\/\u062f\u0642\u064a\u0642\u0629<\/td><td>20 \u0645\u0631\u0629\/\u062f\u0642\u064a\u0642\u0629<\/td><td>15 \u0645\u0631\u0629\/\u062f\u0642\u064a\u0642\u0629<\/td><\/tr><tr><td>\u0636\u063a\u0637 \u0627\u0644\u0647\u0648\u0627\u0621<\/td><td>5 \u0628\u0627\u0631<\/td><td>5 \u0628\u0627\u0631<\/td><td>5 \u0628\u0627\u0631<\/td><\/tr><\/tbody><\/table><\/figure>\n\n\n\n<p><\/p>","protected":false},"excerpt":{"rendered":"<p>\u0622\u0644\u0629 \u0637\u0628\u0627\u0639\u0629 \u0627\u0644\u0634\u0627\u0634\u0629 \u0627\u0644\u0623\u0648\u062a\u0648\u0645\u0627\u062a\u064a\u0643\u064a\u0629 \u0644\u0637\u0628\u0627\u0639\u0629 \u0627\u0644\u0623\u0633\u0637\u062d \u0627\u0644\u0645\u0646\u062d\u0646\u064a\u0629 \u0627\u0644\u0623\u0648\u062a\u0648\u0645\u0627\u062a\u064a\u0643\u064a\u0629\u060c \u0622\u0644\u0629 \u0637\u0628\u0627\u0639\u0629 \u0627\u0644\u0634\u0627\u0634\u0629 \u0627\u0644\u0623\u0648\u062a\u0648\u0645\u0627\u062a\u064a\u0643\u064a\u0629\u060c \u062a\u0623\u062b\u064a\u0631 \u0627\u0644\u0637\u0628\u0627\u0639\u0629 \u0627\u0644\u0633\u0627\u0637\u0639\u060c \u0627\u0644\u0633\u0631\u0639\u0629 \u0627\u0644\u0639\u0627\u0644\u064a\u0629\u060c \u062a\u0648\u0641\u064a\u0631 \u0627\u0644\u0639\u0645\u0627\u0644\u0629\u060c \u0627\u0644\u0633\u0639\u0631 \u0627\u0644\u0645\u0646\u0627\u0633\u0628\u060c \u0645\u0646\u0627\u0633\u0628\u0629 \u0644\u0644\u0637\u0628\u0627\u0639\u0629 \u0639\u0644\u0649 \u0646\u0637\u0627\u0642 \u0648\u0627\u0633\u0639 \u0644\u0644\u0623\u0643\u0648\u0627\u0628\u060c \u0627\u0644\u0623\u0643\u0648\u0627\u0628\u060c \u0627\u0644\u0623\u0643\u0648\u0627\u0628\u060c \u0627\u0644\u0623\u0643\u0648\u0627\u0628 \u0627\u0644\u0628\u0644\u0627\u0633\u062a\u064a\u0643\u064a\u0629\u060c \u0627\u0644\u0623\u0643\u0648\u0627\u0628 \u0627\u0644\u0632\u062c\u0627\u062c\u064a\u0629\u060c \u0625\u0644\u062e.<\/p>\n<h2>\u062d\u0644 \u0634\u0627\u0645\u0644 \u0644\u0645\u0627\u0643\u064a\u0646\u0629 \u0637\u0628\u0627\u0639\u0629 \u0627\u0644\u0634\u0627\u0634\u0629:<\/h2>\n<ol>\n<li>\n<p>\u0633\u0639\u0631 \u0627\u0644\u0645\u0635\u0646\u0639: \u0643\u0634\u0631\u0643\u0629 \u0645\u0635\u0646\u0639\u0629 \u0644\u0622\u0644\u0629 \u0637\u0628\u0627\u0639\u0629 \u0627\u0644\u0634\u0627\u0634\u0629\u060c \u0646\u062d\u0646 \u0646\u0642\u062f\u0645 \u0622\u0644\u0627\u062a \u0637\u0628\u0627\u0639\u0629 \u0634\u0627\u0634\u0629 \u0641\u0639\u0627\u0644\u0629 \u0645\u0646 \u062d\u064a\u062b \u0627\u0644\u062a\u0643\u0644\u0641\u0629\u060c \u0645\u0631\u062d\u0628\u064b\u0627 \u0628\u0643\u0645 \u0641\u064a \u0627\u0644\u0627\u062a\u0635\u0627\u0644 \u0628\u0646\u0627 \u0644\u0644\u062d\u0635\u0648\u0644 \u0639\u0644\u0649 \u0633\u0639\u0631 \u0627\u0644\u0645\u0635\u0646\u0639.<\/p>\n<\/li>\n<li>\n<p>\u0627\u0644\u062f\u0639\u0645 \u0627\u0644\u0641\u0646\u064a: \u062a\u0648\u0641\u064a\u0631 \u0627\u0644\u062a\u0648\u062c\u064a\u0647 \u0627\u0644\u0641\u0646\u064a \u0627\u0644\u0627\u062d\u062a\u0631\u0627\u0641\u064a \u0648\u0627\u0644\u062a\u0631\u0643\u064a\u0628 \u0627\u0644\u0645\u064a\u0643\u0627\u0646\u064a\u0643\u064a\u060c \u0645\u0639 \u0623\u062f\u0644\u0629 \u0641\u064a\u062f\u064a\u0648 \u0644\u0636\u0645\u0627\u0646 \u0627\u0644\u0627\u0633\u062a\u062e\u062f\u0627\u0645 \u0627\u0644\u0633\u0631\u064a\u0639 \u0644\u0644\u0645\u0646\u062a\u062c.<\/p>\n<\/li>\n<li>\n<p>\u0642\u0637\u0639 \u0627\u0644\u063a\u064a\u0627\u0631: \u062a\u0648\u0631\u064a\u062f \u0645\u062c\u0645\u0648\u0639\u0629 \u0645\u0646 \u0642\u0637\u0639 \u0627\u0644\u063a\u064a\u0627\u0631 \u0627\u0644\u0623\u0635\u0644\u064a\u0629.<\/p>\n<\/li>\n<li>\n<p>\u062f\u0639\u0645 \u0645\u0627 \u0628\u0639\u062f \u0627\u0644\u0628\u064a\u0639: \u0645\u0633\u0627\u0639\u062f\u0629 \u0639\u0628\u0631 \u0627\u0644\u0625\u0646\u062a\u0631\u0646\u062a \u0639\u0644\u0649 \u0645\u062f\u0627\u0631 24 \u0633\u0627\u0639\u0629 \u0644\u0636\u0645\u0627\u0646 \u0631\u0636\u0627\u0643 \u0639\u0646 \u0645\u0627\u0643\u064a\u0646\u0627\u062a \u0637\u0628\u0627\u0639\u0629 \u0627\u0644\u0634\u0627\u0634\u0629 \u0648\u0627\u0633\u062a\u062e\u062f\u0627\u0645\u0647\u0627 \u0628\u0633\u0644\u0627\u0633\u0629 \u0639\u0644\u0649 \u062e\u0637 \u0627\u0644\u0625\u0646\u062a\u0627\u062c \u0627\u0644\u062e\u0627\u0635 \u0628\u0643.<\/p>\n<\/li>\n<\/ol>","protected":false},"featured_media":4377,"template":"","meta":{"_acf_changed":false},"product_brand":[],"product_cat":[59],"product_tag":[],"class_list":{"0":"post-4376","1":"product","2":"type-product","3":"status-publish","4":"has-post-thumbnail","6":"product_cat-ceramic-printing-machine","8":"first","9":"instock","10":"shipping-taxable","11":"product-type-simple"},"acf":{"customization_content":"<h2><\/h2>\r\n<div><\/div>","customization_content_source":{"label":"Customization Content","type":"wysiwyg","formatted_value":"<h2><\/h2>\n<div><\/div>\n"},"why_choose_us_content":"<h2 style=\"text-align: center;\">Why Choose Us as Your Screen Print Machine Supplier<\/h2>\r\n\r\n<hr \/>\r\n<p style=\"text-align: center;\">\u00a0Yutai as a screen printing machine manufacturer, maintains strict quality standards and excellent service. Revolutionize your manufacturing processes with cutting-edge automation technology that streamlines forming and enhances efficiency.<\/p>","why_choose_us_content_source":{"label":"Why Choose Us Content","type":"wysiwyg","formatted_value":"<h2 style=\"text-align: center;\">Why Choose Us as Your Screen Print Machine Supplier<\/h2>\n<hr \/>\n<p style=\"text-align: center;\">\u00a0Yutai as a screen printing machine manufacturer, maintains strict quality standards and excellent service. Revolutionize your manufacturing processes with cutting-edge automation technology that streamlines forming and enhances efficiency.<\/p>\n"}},"_links":{"self":[{"href":"https:\/\/yutaimachinery.com\/ar\/wp-json\/wp\/v2\/product\/4376","targetHints":{"allow":["GET"]}}],"collection":[{"href":"https:\/\/yutaimachinery.com\/ar\/wp-json\/wp\/v2\/product"}],"about":[{"href":"https:\/\/yutaimachinery.com\/ar\/wp-json\/wp\/v2\/types\/product"}],"version-history":[{"count":0,"href":"https:\/\/yutaimachinery.com\/ar\/wp-json\/wp\/v2\/product\/4376\/revisions"}],"wp:featuredmedia":[{"embeddable":true,"href":"https:\/\/yutaimachinery.com\/ar\/wp-json\/wp\/v2\/media\/4377"}],"wp:attachment":[{"href":"https:\/\/yutaimachinery.com\/ar\/wp-json\/wp\/v2\/media?parent=4376"}],"wp:term":[{"taxonomy":"product_brand","embeddable":true,"href":"https:\/\/yutaimachinery.com\/ar\/wp-json\/wp\/v2\/product_brand?post=4376"},{"taxonomy":"product_cat","embeddable":true,"href":"https:\/\/yutaimachinery.com\/ar\/wp-json\/wp\/v2\/product_cat?post=4376"},{"taxonomy":"product_tag","embeddable":true,"href":"https:\/\/yutaimachinery.com\/ar\/wp-json\/wp\/v2\/product_tag?post=4376"}],"curies":[{"name":"\u062f\u0628\u0644\u064a\u0648 \u0628\u064a","href":"https:\/\/api.w.org\/{rel}","templated":true}]}}