{"id":4128,"date":"2024-05-23T18:41:45","date_gmt":"2024-05-23T10:41:45","guid":{"rendered":"https:\/\/yutaimachinery.com\/?post_type=product&#038;p=4128"},"modified":"2024-05-23T19:09:50","modified_gmt":"2024-05-23T11:09:50","slug":"%d8%ae%d8%b7-%d8%a7%d9%84%d8%aa%d8%b2%d8%ac%d9%8a%d8%ac","status":"publish","type":"product","link":"https:\/\/yutaimachinery.com\/ar\/product\/glaze-line\/","title":{"rendered":"\u062e\u0637 \u0627\u0644\u062a\u0632\u062c\u064a\u062c \u0627\u0644\u0623\u0648\u062a\u0648\u0645\u0627\u062a\u064a\u0643\u064a \u0644\u062a\u0632\u062c\u064a\u062c \u0627\u0644\u0633\u064a\u0631\u0627\u0645\u064a\u0643 \u0628\u0627\u0644\u0631\u0634 \u0627\u0644\u0632\u062c\u0627\u062c\u064a"},"content":{"rendered":"<div class=\"wp-block-columns is-layout-flex wp-container-core-columns-is-layout-9d6595d7 wp-block-columns-is-layout-flex\">\n<div class=\"wp-block-column is-layout-flow wp-block-column-is-layout-flow\">\n<h2 class=\"wp-block-heading\"><strong><strong>\u062e\u0637 \u0627\u0644\u062a\u0632\u062c\u064a\u062c<\/strong><\/strong> <strong>\u0627\u0644\u0645\u064a\u0632\u0627\u062a:<\/strong><\/h2>\n\n\n\n<p>\u0645\u0646 \u062e\u0644\u0627\u0644 \u0627\u0644\u062a\u0633\u062e\u064a\u0646 \u0627\u0644\u0645\u0633\u0628\u0642 \u0644\u0644\u0645\u0646\u062a\u062c \u0648\u0627\u0644\u062f\u0648\u0631\u0627\u0646 \u0641\u064a \u0639\u0645\u0644\u064a\u0629 \u0627\u0644\u0639\u0645\u0644\u060c \u064a\u062a\u0645 \u0627\u0633\u062a\u062e\u062f\u0627\u0645 \u062e\u0637 \u0627\u0644\u062a\u0632\u062c\u064a\u062c \u0627\u0644\u062a\u0644\u0642\u0627\u0626\u064a \u0644\u0631\u0634 \u0627\u0644\u062a\u0632\u062c\u064a\u062c \u0641\u064a \u062c\u0645\u064a\u0639 \u0632\u0648\u0627\u064a\u0627 \u0627\u0644\u0645\u0646\u062a\u062c\u060c \u0648\u0647\u0648 \u0645\u0646\u0627\u0633\u0628 \u0644\u062c\u0645\u064a\u0639 \u0623\u0646\u0648\u0627\u0639 \u0627\u0644\u062e\u0632\u0641 \u0648\u0627\u0644\u0639\u0638\u0627\u0645 \u0627\u0644\u0635\u064a\u0646\u064a\u0629 \u0648\u062a\u0644\u0641 \u0627\u0644\u0633\u064a\u0631\u0627\u0645\u064a\u0643 \u0627\u0644\u0645\u062d\u0631\u0648\u0642 \u0627\u0644\u062b\u0627\u0646\u0648\u064a\u060c \u0648\u0643\u0630\u0644\u0643 \u062a\u0644\u0641 \u0627\u0644\u0637\u064a\u0646 \u0627\u0644\u0645\u062d\u0631\u0648\u0642 \u0627\u0644\u0623\u0648\u0644. \u0631\u0630\u0627\u0630 \u0627\u0644\u062a\u0632\u062c\u064a\u062c \u0628\u0627\u0644\u0631\u0634 \u0645\u0648\u062d\u062f \u0648\u0639\u0627\u0644\u064a \u0627\u0644\u0643\u0641\u0627\u0621\u0629 \u0648\u064a\u0642\u0644\u0644 \u0645\u0646 \u062a\u0643\u0627\u0644\u064a\u0641 \u0627\u0644\u0639\u0645\u0627\u0644\u0629.<\/p>\n\n\n\n<h2 class=\"wp-block-heading\"><strong>\u0645\u0639\u0644\u0645\u0629 \u062e\u0637 \u0627\u0644\u062a\u0632\u062c\u064a\u062c<\/strong> <\/h2>\n\n\n\n<figure class=\"wp-block-table\"><table><tbody><tr><td>\u0627\u0644\u0637\u0631\u0627\u0632<\/td><td>12<\/td><\/tr><tr><td>\u0627\u0644\u062d\u062f \u0627\u0644\u0623\u0642\u0635\u0649 \u0644\u062d\u062c\u0645 \u0627\u0644\u062a\u0634\u0643\u064a\u0644 (\u0633\u0645)<\/td><td>\u0642\u0637\u0631 35 \u00d7 20 \u0633\u0645 (\u0627\u0631\u062a\u0641\u0627\u0639)<\/td><\/tr><tr><td>\u0627\u0644\u0642\u062f\u0631\u0629 \u0627\u0644\u0627\u0633\u062a\u064a\u0639\u0627\u0628\u064a\u0629<\/td><td>900-1800 \u0642\u0637\u0639\u0629\/\u0633\u0627\u0639\u0629<\/td><\/tr><tr><td>\u0627\u0644\u0637\u0627\u0642\u0629 (\u0643\u064a\u0644\u0648\u0648\u0627\u0637)<\/td><td>15 \u0643\u064a\u0644\u0648 \u0648\u0627\u062a<\/td><\/tr><tr><td>\u0627\u0644\u0623\u0628\u0639\u0627\u062f (\u0627\u0644\u0637\u0648\u0644 \u00d7 \u00d7\u00d7\u00d7\u0627\u0644\u0633\u0627\u0639\u0629)<\/td><td>11.5\u00d74.5\u00d73 \u0645(\u062d)<\/td><\/tr><tr><td>\u0627\u0644\u0648\u0632\u0646 (\u0628\u0627\u0644\u0643\u064a\u0644\u0648\u063a\u0631\u0627\u0645\u0627\u062a)<\/td><td>5000<\/td><\/tr><\/tbody><\/table><\/figure>\n<\/div>\n\n\n\n<div class=\"wp-block-column is-layout-flow wp-block-column-is-layout-flow\">\n<figure class=\"wp-block-image size-full is-resized\"><img fetchpriority=\"high\" decoding=\"async\" width=\"1014\" height=\"1014\" src=\"https:\/\/yutaimachinery.com\/wp-content\/uploads\/2024\/05\/auto-glaze-line3.webp\" alt=\"\u062e\u0637 \u0627\u0644\u062a\u0632\u062c\u064a\u062c \u0627\u0644\u062a\u0644\u0642\u0627\u0626\u064a\" class=\"wp-image-4132\" style=\"width:343px;height:auto\" title=\"\" srcset=\"https:\/\/yutaimachinery.com\/wp-content\/uploads\/2024\/05\/auto-glaze-line3.webp 1014w, https:\/\/yutaimachinery.com\/wp-content\/uploads\/2024\/05\/auto-glaze-line3-300x300.webp 300w, https:\/\/yutaimachinery.com\/wp-content\/uploads\/2024\/05\/auto-glaze-line3-150x150.webp 150w, https:\/\/yutaimachinery.com\/wp-content\/uploads\/2024\/05\/auto-glaze-line3-768x768.webp 768w, https:\/\/yutaimachinery.com\/wp-content\/uploads\/2024\/05\/auto-glaze-line3-285x285.webp 285w, https:\/\/yutaimachinery.com\/wp-content\/uploads\/2024\/05\/auto-glaze-line3-270x270.webp 270w, https:\/\/yutaimachinery.com\/wp-content\/uploads\/2024\/05\/auto-glaze-line3-540x540.webp 540w, https:\/\/yutaimachinery.com\/wp-content\/uploads\/2024\/05\/auto-glaze-line3-660x660.webp 660w\" sizes=\"(max-width: 1014px) 100vw, 1014px\" \/><\/figure>\n\n\n\n<figure class=\"wp-block-image size-full is-resized\"><img decoding=\"async\" width=\"730\" height=\"732\" src=\"https:\/\/yutaimachinery.com\/wp-content\/uploads\/2024\/05\/auto-glaze-line.webp\" alt=\"\u062e\u0637 \u0627\u0644\u062a\u0632\u062c\u064a\u062c \u0627\u0644\u062a\u0644\u0642\u0627\u0626\u064a\" class=\"wp-image-4131\" style=\"width:361px;height:auto\" title=\"\" srcset=\"https:\/\/yutaimachinery.com\/wp-content\/uploads\/2024\/05\/auto-glaze-line.webp 730w, https:\/\/yutaimachinery.com\/wp-content\/uploads\/2024\/05\/auto-glaze-line-300x300.webp 300w, https:\/\/yutaimachinery.com\/wp-content\/uploads\/2024\/05\/auto-glaze-line-150x150.webp 150w, https:\/\/yutaimachinery.com\/wp-content\/uploads\/2024\/05\/auto-glaze-line-285x286.webp 285w, https:\/\/yutaimachinery.com\/wp-content\/uploads\/2024\/05\/auto-glaze-line-270x270.webp 270w, https:\/\/yutaimachinery.com\/wp-content\/uploads\/2024\/05\/auto-glaze-line-540x540.webp 540w, https:\/\/yutaimachinery.com\/wp-content\/uploads\/2024\/05\/auto-glaze-line-658x660.webp 658w\" sizes=\"(max-width: 730px) 100vw, 730px\" \/><\/figure>\n<\/div>\n<\/div>","protected":false},"excerpt":{"rendered":"<p>\u062e\u0637 \u0627\u0644\u062a\u0632\u062c\u064a\u062c \u0627\u0644\u0623\u0648\u062a\u0648\u0645\u0627\u062a\u064a\u0643\u064a\u060c \u0644\u062a\u062d\u0642\u064a\u0642 \u0627\u0644\u062a\u0633\u062e\u064a\u0646 \u0627\u0644\u0645\u0633\u0628\u0642\u060c \u0648\u0631\u0634 \u0627\u0644\u062a\u0632\u062c\u064a\u062c\u060c \u0648\u0639\u0645\u0644\u064a\u0629 \u0627\u0644\u062a\u062c\u0641\u064a\u0641 \u0644\u0645\u0646\u062a\u062c\u0627\u062a \u0627\u0644\u0633\u064a\u0631\u0627\u0645\u064a\u0643. \u064a\u0648\u0641\u0631 \u0645\u0635\u0646\u0639 \u064a\u0648\u062a\u0627\u064a \u0644\u0645\u0627\u0643\u064a\u0646\u0627\u062a \u0627\u0644\u0633\u064a\u0631\u0627\u0645\u064a\u0643 \u062e\u062f\u0645\u0627\u062a \u0627\u0644\u062a\u062e\u0635\u064a\u0635 \u0648\u0627\u0644\u062a\u0631\u0643\u064a\u0628 \u0628\u0623\u0633\u0639\u0627\u0631 \u062a\u0641\u0636\u064a\u0644\u064a\u0629 \u0644\u0643\u0644 \u0639\u0645\u064a\u0644.<\/p>\n<h2>\u062d\u0644 \u0634\u0627\u0645\u0644 \u0644\u062e\u0637 \u0627\u0644\u062a\u0632\u062c\u064a\u062c:<\/h2>\n<ol>\n<li>\n<p>\u0633\u0639\u0631 \u0627\u0644\u0645\u0635\u0646\u0639: \u0643\u0634\u0631\u0643\u0629 \u0645\u0635\u0646\u0639\u0629 \u0644\u0622\u0644\u0627\u062a \u0627\u0644\u0633\u064a\u0631\u0627\u0645\u064a\u0643 \u060c \u0646\u062d\u0646 \u0646\u0642\u062f\u0645 \u062e\u0637 \u062a\u0632\u062c\u064a\u062c \u0641\u0639\u0627\u0644 \u0645\u0646 \u062d\u064a\u062b \u0627\u0644\u062a\u0643\u0644\u0641\u0629 \u060c \u0645\u0631\u062d\u0628\u064b\u0627 \u0628\u0643\u0645 \u0641\u064a \u0627\u0644\u0627\u062a\u0635\u0627\u0644 \u0628\u0646\u0627 \u0644\u0644\u062d\u0635\u0648\u0644 \u0639\u0644\u0649 \u0633\u0639\u0631 \u0627\u0644\u0645\u0635\u0646\u0639.<\/p>\n<\/li>\n<li>\n<p>\u0627\u0644\u062f\u0639\u0645 \u0627\u0644\u0641\u0646\u064a: \u062a\u0648\u0641\u064a\u0631 \u0627\u0644\u062a\u0648\u062c\u064a\u0647 \u0627\u0644\u0641\u0646\u064a \u0627\u0644\u0627\u062d\u062a\u0631\u0627\u0641\u064a \u0648\u0627\u0644\u062a\u0631\u0643\u064a\u0628 \u0627\u0644\u0645\u064a\u0643\u0627\u0646\u064a\u0643\u064a\u060c \u0645\u0639 \u0623\u062f\u0644\u0629 \u0641\u064a\u062f\u064a\u0648 \u0644\u0636\u0645\u0627\u0646 \u0627\u0644\u0627\u0633\u062a\u062e\u062f\u0627\u0645 \u0627\u0644\u0633\u0631\u064a\u0639 \u0644\u0644\u0645\u0646\u062a\u062c<\/p>\n<\/li>\n<li>\n<p>\u0642\u0637\u0639 \u0627\u0644\u063a\u064a\u0627\u0631: \u062a\u0648\u0631\u064a\u062f \u0645\u062c\u0645\u0648\u0639\u0629 \u0645\u0646 \u0642\u0637\u0639 \u0627\u0644\u063a\u064a\u0627\u0631 \u0627\u0644\u0623\u0635\u0644\u064a\u0629.<\/p>\n<\/li>\n<li>\n<p>\u062f\u0639\u0645 \u0645\u0627 \u0628\u0639\u062f \u0627\u0644\u0628\u064a\u0639: \u0645\u0633\u0627\u0639\u062f\u0629 \u0639\u0628\u0631 \u0627\u0644\u0625\u0646\u062a\u0631\u0646\u062a \u0639\u0644\u0649 \u0645\u062f\u0627\u0631 24 \u0633\u0627\u0639\u0629 \u0644\u0644\u062a\u0623\u0643\u062f \u0645\u0646 \u0631\u0636\u0627\u0643 \u0639\u0646 \u062e\u0637 \u0627\u0644\u062a\u0632\u062c\u064a\u062c \u0648\u0627\u0633\u062a\u062e\u062f\u0627\u0645\u0647 \u0628\u0633\u0644\u0627\u0633\u0629 \u0639\u0644\u0649 \u062e\u0637 \u0627\u0644\u0625\u0646\u062a\u0627\u062c \u0627\u0644\u062e\u0627\u0635 \u0628\u0643.<\/p>\n<\/li>\n<\/ol>","protected":false},"featured_media":4132,"template":"","meta":{"_acf_changed":false},"product_brand":[],"product_cat":[57],"product_tag":[86],"class_list":{"0":"post-4128","1":"product","2":"type-product","3":"status-publish","4":"has-post-thumbnail","6":"product_cat-ceramic-glazing-machine","7":"product_tag-glazing-spray-machine","9":"first","10":"instock","11":"shipping-taxable","12":"product-type-simple"},"acf":{"customization_content":"<h2><\/h2>\r\n<div><\/div>","customization_content_source":{"label":"Customization Content","type":"wysiwyg","formatted_value":"<h2><\/h2>\n<div><\/div>\n"},"why_choose_us_content":"<h2 style=\"text-align: center;\">Why Choose Us as Your Glaze line Supplier<\/h2>\r\n\r\n<hr \/>\r\n<p style=\"text-align: center;\">\u00a0Yutai as a ceramic machine manufacturer, maintains strict quality standards and excellent service. Revolutionize your manufacturing processes with cutting-edge automation technology that streamlines forming and enhances efficiency.<\/p>","why_choose_us_content_source":{"label":"Why Choose Us Content","type":"wysiwyg","formatted_value":"<h2 style=\"text-align: center;\">Why Choose Us as Your Glaze line Supplier<\/h2>\n<hr \/>\n<p style=\"text-align: center;\">\u00a0Yutai as a ceramic machine manufacturer, maintains strict quality standards and excellent service. Revolutionize your manufacturing processes with cutting-edge automation technology that streamlines forming and enhances efficiency.<\/p>\n"}},"_links":{"self":[{"href":"https:\/\/yutaimachinery.com\/ar\/wp-json\/wp\/v2\/product\/4128","targetHints":{"allow":["GET"]}}],"collection":[{"href":"https:\/\/yutaimachinery.com\/ar\/wp-json\/wp\/v2\/product"}],"about":[{"href":"https:\/\/yutaimachinery.com\/ar\/wp-json\/wp\/v2\/types\/product"}],"version-history":[{"count":0,"href":"https:\/\/yutaimachinery.com\/ar\/wp-json\/wp\/v2\/product\/4128\/revisions"}],"wp:featuredmedia":[{"embeddable":true,"href":"https:\/\/yutaimachinery.com\/ar\/wp-json\/wp\/v2\/media\/4132"}],"wp:attachment":[{"href":"https:\/\/yutaimachinery.com\/ar\/wp-json\/wp\/v2\/media?parent=4128"}],"wp:term":[{"taxonomy":"product_brand","embeddable":true,"href":"https:\/\/yutaimachinery.com\/ar\/wp-json\/wp\/v2\/product_brand?post=4128"},{"taxonomy":"product_cat","embeddable":true,"href":"https:\/\/yutaimachinery.com\/ar\/wp-json\/wp\/v2\/product_cat?post=4128"},{"taxonomy":"product_tag","embeddable":true,"href":"https:\/\/yutaimachinery.com\/ar\/wp-json\/wp\/v2\/product_tag?post=4128"}],"curies":[{"name":"\u062f\u0628\u0644\u064a\u0648 \u0628\u064a","href":"https:\/\/api.w.org\/{rel}","templated":true}]}}