{"id":4110,"date":"2024-05-23T09:39:48","date_gmt":"2024-05-23T01:39:48","guid":{"rendered":"https:\/\/yutaimachinery.com\/?post_type=product&#038;p=4110"},"modified":"2024-05-23T10:21:04","modified_gmt":"2024-05-23T02:21:04","slug":"%d9%83%d8%b4%d9%83-%d8%b1%d8%b4-%d8%b7%d9%84%d8%a7%d8%a1-%d8%a7%d9%84%d8%b3%d9%8a%d8%b1%d8%a7%d9%85%d9%8a%d9%83-%d8%a7%d9%84%d8%b2%d8%ac%d8%a7%d8%ac%d9%8a-2","status":"publish","type":"product","link":"https:\/\/yutaimachinery.com\/ar\/product\/ceramic-glaze-spray-booth\/","title":{"rendered":"\u0643\u0634\u0643 \u0631\u0634 \u0637\u0644\u0627\u0621 \u0627\u0644\u0633\u064a\u0631\u0627\u0645\u064a\u0643 \u0627\u0644\u0632\u062c\u0627\u062c\u064a \u0645\u062d\u0637\u0629 \u0648\u0627\u062d\u062f\u0629 \u0644\u0648\u0639\u0627\u0621 \u0637\u0644\u0627\u0621 \u0627\u0644\u0628\u0648\u062a\u0631\u062a"},"content":{"rendered":"<div class=\"wp-block-columns is-layout-flex wp-container-core-columns-is-layout-9d6595d7 wp-block-columns-is-layout-flex\">\n<div class=\"wp-block-column is-layout-flow wp-block-column-is-layout-flow\">\n<h2 class=\"wp-block-heading\"><strong><strong>\u0643\u0634\u0643 \u0631\u0634 \u0637\u0644\u0627\u0621 \u0627\u0644\u0633\u064a\u0631\u0627\u0645\u064a\u0643 \u0627\u0644\u0632\u062c\u0627\u062c\u064a<\/strong><\/strong> <strong>\u0627\u0644\u0645\u064a\u0632\u0627\u062a:<\/strong><\/h2>\n\n\n\n<p>\u064a\u0645\u0643\u0646 \u062a\u062f\u0648\u064a\u0631 \u0627\u0644\u0645\u0646\u062a\u062c \u0648\u0633\u0631\u0639\u0629 \u0642\u0627\u0628\u0644\u0629 \u0644\u0644\u062a\u0639\u062f\u064a\u0644\u060c \u0628\u0627\u0633\u062a\u062e\u062f\u0627\u0645 \u0645\u0633\u062f\u0633 \u0631\u0634 \u064a\u062f\u0648\u064a \u0635\u0646\u0627\u0639\u064a \u0645\u0632\u0648\u062f \u0628\u0648\u0638\u064a\u0641\u0629 \u0627\u0644\u062a\u062d\u0631\u064a\u0643 \u0644\u0645\u0646\u0639 \u062a\u0631\u0633\u0628 \u0627\u0644\u062a\u0632\u062c\u064a\u062c\u060c \u0648\u062e\u0632\u0627\u0646\u0629 \u0633\u062a\u0627\u0631\u0629 \u0645\u0627\u0626\u064a\u0629 \u0644\u0625\u0632\u0627\u0644\u0629 \u0627\u0644\u063a\u0628\u0627\u0631\u060c \u0648\u0645\u0646\u0627\u0633\u0628\u0629 \u0644\u062a\u0632\u062c\u064a\u062c \u0627\u0644\u0623\u0637\u0628\u0627\u0642 \u0627\u0644\u062e\u0632\u0641\u064a\u0629\/\u0627\u0644\u0623\u0648\u0639\u064a\u0629\/\u0627\u0644\u0623\u0643\u0648\u0627\u0628\/\u0627\u0644\u0623\u0643\u0648\u0627\u0628\/\u0627\u0644\u0623\u0643\u0648\u0627\u0628\/\u0627\u0644\u0623\u062d\u0648\u0627\u0636\/\u0627\u0644\u0623\u0648\u0627\u0646\u064a.<\/p>\n<\/div>\n\n\n\n<div class=\"wp-block-column is-layout-flow wp-block-column-is-layout-flow\">\n<figure class=\"wp-block-image size-full\"><img fetchpriority=\"high\" decoding=\"async\" width=\"3024\" height=\"3024\" src=\"https:\/\/yutaimachinery.com\/wp-content\/uploads\/2024\/05\/ceramic-glaze-spray-booth4.webp\" alt=\"\u0643\u0634\u0643 \u0631\u0634 \u0637\u0644\u0627\u0621 \u0627\u0644\u0633\u064a\u0631\u0627\u0645\u064a\u0643 \u0627\u0644\u0632\u062c\u0627\u062c\u064a\" class=\"wp-image-4113\" title=\"\" srcset=\"https:\/\/yutaimachinery.com\/wp-content\/uploads\/2024\/05\/ceramic-glaze-spray-booth4.webp 3024w, https:\/\/yutaimachinery.com\/wp-content\/uploads\/2024\/05\/ceramic-glaze-spray-booth4-300x300.webp 300w, https:\/\/yutaimachinery.com\/wp-content\/uploads\/2024\/05\/ceramic-glaze-spray-booth4-150x150.webp 150w, https:\/\/yutaimachinery.com\/wp-content\/uploads\/2024\/05\/ceramic-glaze-spray-booth4-768x768.webp 768w, https:\/\/yutaimachinery.com\/wp-content\/uploads\/2024\/05\/ceramic-glaze-spray-booth4-285x285.webp 285w, https:\/\/yutaimachinery.com\/wp-content\/uploads\/2024\/05\/ceramic-glaze-spray-booth4-1600x1600.webp 1600w, https:\/\/yutaimachinery.com\/wp-content\/uploads\/2024\/05\/ceramic-glaze-spray-booth4-270x270.webp 270w, https:\/\/yutaimachinery.com\/wp-content\/uploads\/2024\/05\/ceramic-glaze-spray-booth4-540x540.webp 540w, https:\/\/yutaimachinery.com\/wp-content\/uploads\/2024\/05\/ceramic-glaze-spray-booth4-660x660.webp 660w\" sizes=\"(max-width: 3024px) 100vw, 3024px\" \/><\/figure>\n<\/div>\n<\/div>\n\n\n\n<h2 class=\"wp-block-heading\"><strong><strong>\u0643\u0634\u0643 \u0631\u0634 \u0637\u0644\u0627\u0621 \u0627\u0644\u0633\u064a\u0631\u0627\u0645\u064a\u0643 \u0627\u0644\u0632\u062c\u0627\u062c\u064a<\/strong><\/strong> \u0627\u0644\u0645\u0639\u0644\u0645\u0629<\/h2>\n\n\n\n<figure class=\"wp-block-table\"><table><tbody><tr><td>\u0627\u0644\u0637\u0631\u0627\u0632<\/td><td>\u0627\u0644\u062d\u062f \u0627\u0644\u0623\u0642\u0635\u0649 \u0644\u062d\u062c\u0645 \u0627\u0644\u062a\u0634\u0643\u064a\u0644 (\u0633\u0645)<\/td><td>\u0627\u0644\u0642\u062f\u0631\u0629 \u0627\u0644\u0627\u0633\u062a\u064a\u0639\u0627\u0628\u064a\u0629<\/td><td>\u0627\u0644\u0637\u0627\u0642\u0629 (\u0643\u064a\u0644\u0648\u0648\u0627\u0637)<\/td><td>\u0627\u0644\u0623\u0628\u0639\u0627\u062f (\u0627\u0644\u0637\u0648\u0644 \u00d7 \u00d7\u00d7\u00d7\u0627\u0644\u0633\u0627\u0639\u0629)<\/td><td>\u0627\u0644\u0648\u0632\u0646 (\u0628\u0627\u0644\u0643\u064a\u0644\u0648\u063a\u0631\u0627\u0645\u0627\u062a)<\/td><\/tr><tr><td>\u0645\u062d\u0637\u0629 \u0648\u0627\u062d\u062f\u0629<\/td><td>\u0636\u064a\u0627\u0621 20* 50 \u0633\u0645 (\u0627\u0631\u062a\u0641\u0627\u0639)<\/td><td>480 \u0642\u0637\u0639\u0629\/\u0633\u0627\u0639\u0629<\/td><td>180 \u0643\u064a\u0644\u0648 \u0648\u0627\u062a<\/td><td>100 \u00d7 100 \u00d7 100 \u00d7 200 \u0633\u0645<\/td><td>150<\/td><\/tr><\/tbody><\/table><\/figure>","protected":false},"excerpt":{"rendered":"<p>\u064a\u0645\u0643\u0646 \u0644\u0643\u0627\u0628\u064a\u0646\u0629 \u0627\u0644\u062a\u0632\u062c\u064a\u062c \u0628\u0631\u0630\u0627\u0630 \u0627\u0644\u0633\u064a\u0631\u0627\u0645\u064a\u0643 \u0628\u0627\u0644\u062c\u0645\u0644\u0629 \u0641\u064a \u0627\u0644\u0645\u0635\u0646\u0639 \u0636\u0628\u0637 \u0633\u0631\u0639\u0629 \u062f\u0648\u0631\u0627\u0646 \u0627\u0644\u0645\u0646\u062a\u062c\u060c \u0648\u0645\u0639 \u0648\u0638\u064a\u0641\u0629 \u0627\u0644\u062a\u062d\u0631\u064a\u0643 \u0644\u062a\u062c\u0646\u0628 \u062a\u0631\u0633\u064a\u0628 \u0627\u0644\u062a\u0632\u062c\u064a\u062c\u060c \u0648\u0627\u0644\u062a\u0643\u0648\u064a\u0646 \u0627\u0644\u0639\u0627\u0644\u064a \u0627\u0644\u0633\u0639\u0631 \u0627\u0644\u0645\u0646\u062e\u0641\u0636\u060c \u0645\u0631\u062d\u0628\u064b\u0627 \u0628\u0643\u0645 \u0641\u064a \u0627\u0644\u0627\u062a\u0635\u0627\u0644 \u0628\u0645\u0635\u0646\u0639 Yutai \u0644\u0644\u0633\u064a\u0631\u0627\u0645\u064a\u0643 \u0644\u0644\u062d\u0635\u0648\u0644 \u0639\u0644\u0649 \u0639\u0631\u0636 \u0623\u0633\u0639\u0627\u0631 \u0645\u062c\u0627\u0646\u064a.<\/p>\n<h2>\u062d\u0644 \u0634\u0627\u0645\u0644 \u0644\u0643\u0627\u0628\u064a\u0646\u0629 \u0631\u0634 \u0637\u0644\u0627\u0621 \u0627\u0644\u0633\u064a\u0631\u0627\u0645\u064a\u0643 \u0627\u0644\u0632\u062c\u0627\u062c\u064a:<\/h2>\n<ol>\n<li>\n<p>\u0633\u0639\u0631 \u0627\u0644\u0645\u0635\u0646\u0639: \u0643\u0634\u0631\u0643\u0629 \u0645\u0635\u0646\u0639\u0629 \u0644\u0645\u0627\u0643\u064a\u0646\u0627\u062a \u0627\u0644\u0633\u064a\u0631\u0627\u0645\u064a\u0643\u060c \u0646\u062d\u0646 \u0646\u0642\u062f\u0645 \u0623\u0643\u0634\u0627\u0643 \u0631\u0634 \u0627\u0644\u0633\u064a\u0631\u0627\u0645\u064a\u0643 \u0627\u0644\u0645\u0632\u062c\u062c \u0627\u0644\u0633\u064a\u0631\u0627\u0645\u064a\u0643 \u0627\u0644\u0641\u0639\u0627\u0644\u0629 \u0645\u0646 \u062d\u064a\u062b \u0627\u0644\u062a\u0643\u0644\u0641\u0629\u060c \u0645\u0631\u062d\u0628\u064b\u0627 \u0628\u0643\u0645 \u0641\u064a \u0627\u0644\u0627\u062a\u0635\u0627\u0644 \u0628\u0646\u0627 \u0644\u0644\u062d\u0635\u0648\u0644 \u0639\u0644\u0649 \u0633\u0639\u0631 \u0627\u0644\u0645\u0635\u0646\u0639.<\/p>\n<\/li>\n<li>\n<p>\u0627\u0644\u062f\u0639\u0645 \u0627\u0644\u0641\u0646\u064a: \u062a\u0648\u0641\u064a\u0631 \u0627\u0644\u062a\u0648\u062c\u064a\u0647 \u0627\u0644\u0641\u0646\u064a \u0627\u0644\u0627\u062d\u062a\u0631\u0627\u0641\u064a \u0648\u0627\u0644\u062a\u0631\u0643\u064a\u0628 \u0627\u0644\u0645\u064a\u0643\u0627\u0646\u064a\u0643\u064a\u060c \u0645\u0639 \u0623\u062f\u0644\u0629 \u0641\u064a\u062f\u064a\u0648 \u0644\u0636\u0645\u0627\u0646 \u0627\u0644\u0627\u0633\u062a\u062e\u062f\u0627\u0645 \u0627\u0644\u0633\u0631\u064a\u0639 \u0644\u0644\u0645\u0646\u062a\u062c<\/p>\n<\/li>\n<li>\n<p>\u0642\u0637\u0639 \u0627\u0644\u063a\u064a\u0627\u0631: \u062a\u0648\u0631\u064a\u062f \u0645\u062c\u0645\u0648\u0639\u0629 \u0645\u0646 \u0642\u0637\u0639 \u0627\u0644\u063a\u064a\u0627\u0631 \u0627\u0644\u0623\u0635\u0644\u064a\u0629.<\/p>\n<\/li>\n<li>\n<p>\u062f\u0639\u0645 \u0645\u0627 \u0628\u0639\u062f \u0627\u0644\u0628\u064a\u0639: \u0645\u0633\u0627\u0639\u062f\u0629 \u0639\u0628\u0631 \u0627\u0644\u0625\u0646\u062a\u0631\u0646\u062a \u0639\u0644\u0649 \u0645\u062f\u0627\u0631 24 \u0633\u0627\u0639\u0629 \u0644\u0644\u062a\u0623\u0643\u062f \u0645\u0646 \u0631\u0636\u0627\u0643 \u0639\u0646 \u0623\u0643\u0634\u0627\u0643 \u0627\u0644\u0631\u0634 \u0627\u0644\u0632\u062c\u0627\u062c\u064a \u0648\u0627\u0633\u062a\u062e\u062f\u0627\u0645\u0647\u0627 \u0628\u0633\u0644\u0627\u0633\u0629 \u0639\u0644\u0649 \u062e\u0637 \u0627\u0644\u0625\u0646\u062a\u0627\u062c \u0627\u0644\u062e\u0627\u0635 \u0628\u0643.<\/p>\n<\/li>\n<\/ol>","protected":false},"featured_media":4112,"template":"","meta":{"_acf_changed":false},"product_brand":[],"product_cat":[57],"product_tag":[86],"class_list":{"0":"post-4110","1":"product","2":"type-product","3":"status-publish","4":"has-post-thumbnail","6":"product_cat-ceramic-glazing-machine","7":"product_tag-glazing-spray-machine","9":"first","10":"instock","11":"shipping-taxable","12":"product-type-simple"},"acf":{"customization_content":"<h2><\/h2>\r\n<div><\/div>","customization_content_source":{"label":"Customization Content","type":"wysiwyg","formatted_value":"<h2><\/h2>\n<div><\/div>\n"},"why_choose_us_content":"<h2 style=\"text-align: center;\">Why Choose Us as Your Ceramic Glaze Spray Booth Supplier<\/h2>\r\n\r\n<hr \/>\r\n<p style=\"text-align: center;\">\u00a0Yutai as a ceramic machine manufacturer, maintains strict quality standards and excellent service. Revolutionize your manufacturing processes with cutting-edge automation technology that streamlines forming and enhances efficiency.<\/p>","why_choose_us_content_source":{"label":"Why Choose Us Content","type":"wysiwyg","formatted_value":"<h2 style=\"text-align: center;\">Why Choose Us as Your Ceramic Glaze Spray Booth Supplier<\/h2>\n<hr \/>\n<p style=\"text-align: center;\">\u00a0Yutai as a ceramic machine manufacturer, maintains strict quality standards and excellent service. Revolutionize your manufacturing processes with cutting-edge automation technology that streamlines forming and enhances efficiency.<\/p>\n"}},"_links":{"self":[{"href":"https:\/\/yutaimachinery.com\/ar\/wp-json\/wp\/v2\/product\/4110","targetHints":{"allow":["GET"]}}],"collection":[{"href":"https:\/\/yutaimachinery.com\/ar\/wp-json\/wp\/v2\/product"}],"about":[{"href":"https:\/\/yutaimachinery.com\/ar\/wp-json\/wp\/v2\/types\/product"}],"version-history":[{"count":0,"href":"https:\/\/yutaimachinery.com\/ar\/wp-json\/wp\/v2\/product\/4110\/revisions"}],"wp:featuredmedia":[{"embeddable":true,"href":"https:\/\/yutaimachinery.com\/ar\/wp-json\/wp\/v2\/media\/4112"}],"wp:attachment":[{"href":"https:\/\/yutaimachinery.com\/ar\/wp-json\/wp\/v2\/media?parent=4110"}],"wp:term":[{"taxonomy":"product_brand","embeddable":true,"href":"https:\/\/yutaimachinery.com\/ar\/wp-json\/wp\/v2\/product_brand?post=4110"},{"taxonomy":"product_cat","embeddable":true,"href":"https:\/\/yutaimachinery.com\/ar\/wp-json\/wp\/v2\/product_cat?post=4110"},{"taxonomy":"product_tag","embeddable":true,"href":"https:\/\/yutaimachinery.com\/ar\/wp-json\/wp\/v2\/product_tag?post=4110"}],"curies":[{"name":"\u062f\u0628\u0644\u064a\u0648 \u0628\u064a","href":"https:\/\/api.w.org\/{rel}","templated":true}]}}