{"id":3885,"date":"2024-04-23T17:18:52","date_gmt":"2024-04-23T09:18:52","guid":{"rendered":"https:\/\/yutaimachinery.com\/?post_type=product&#038;p=3885"},"modified":"2024-04-24T15:02:25","modified_gmt":"2024-04-24T07:02:25","slug":"%d9%85%d8%a7%d9%83%d9%8a%d9%86%d8%a9-%d9%82%d8%b7%d8%b9-%d8%a7%d9%84%d8%b7%d9%8a%d9%86-2","status":"publish","type":"product","link":"https:\/\/yutaimachinery.com\/ar\/product\/clay-cutter-machine\/","title":{"rendered":"\u0622\u0644\u0629 \u0642\u0637\u0639 \u0627\u0644\u0637\u064a\u0646 \u0627\u0644\u0623\u0648\u062a\u0648\u0645\u0627\u062a\u064a\u0643\u064a\u0629 \u0644\u062a\u0634\u0643\u064a\u0644 \u0627\u0644\u0637\u064a\u0646"},"content":{"rendered":"<div class=\"wp-block-columns is-layout-flex wp-container-core-columns-is-layout-9d6595d7 wp-block-columns-is-layout-flex\">\n<div class=\"wp-block-column is-layout-flow wp-block-column-is-layout-flow\">\n<h2 class=\"wp-block-heading\"><strong>\u0645\u0639\u0644\u0645\u0629 \u0622\u0644\u0629 \u0642\u0637\u0639 \u0627\u0644\u0637\u064a\u0646 \u0627\u0644\u0642\u0627\u0637\u0639\u0629:<\/strong><\/h2>\n\n\n\n<figure class=\"wp-block-table\"><table><tbody><tr><td>\u0627\u0644\u0637\u0631\u0627\u0632<\/td><td>250<\/td><\/tr><tr><td>\u0627\u0644\u062d\u062f \u0627\u0644\u0623\u0642\u0635\u0649 \u0644\u062d\u062c\u0645 \u0627\u0644\u0645\u062e\u0631\u062c (\u0633\u0645)<\/td><td>25 \u0633\u0645<\/td><\/tr><tr><td>\u0627\u0644\u0623\u0628\u0639\u0627\u062f (\u0627\u0644\u0637\u0648\u0644 \u00d7 \u00d7\u00d7\u00d7\u0627\u0644\u0633\u0627\u0639\u0629)<\/td><td>120 \u00d7 55 \u00d7 55 \u00d7 138 \u0633\u0645 (\u0627\u0631\u062a\u0641\u0627\u0639)<\/td><\/tr><tr><td>\u0627\u0644\u0648\u0632\u0646 (\u0628\u0627\u0644\u0643\u064a\u0644\u0648\u063a\u0631\u0627\u0645\u0627\u062a)<\/td><td>200<\/td><\/tr><\/tbody><\/table><\/figure>\n<\/div>\n\n\n\n<div class=\"wp-block-column is-layout-flow wp-block-column-is-layout-flow\"><div class=\"wp-block-image\">\n<figure class=\"aligncenter size-full is-resized\"><img fetchpriority=\"high\" decoding=\"async\" width=\"3024\" height=\"3024\" src=\"https:\/\/yutaimachinery.com\/wp-content\/uploads\/2024\/04\/Clay-Cutter-Machine4.jpeg\" alt=\"\u0645\u0627\u0643\u064a\u0646\u0629 \u0642\u0637\u0639 \u0627\u0644\u0637\u064a\u0646\" class=\"wp-image-3890\" style=\"width:361px;height:auto\" title=\"\" srcset=\"https:\/\/yutaimachinery.com\/wp-content\/uploads\/2024\/04\/Clay-Cutter-Machine4.jpeg 3024w, https:\/\/yutaimachinery.com\/wp-content\/uploads\/2024\/04\/Clay-Cutter-Machine4-300x300.jpeg 300w, https:\/\/yutaimachinery.com\/wp-content\/uploads\/2024\/04\/Clay-Cutter-Machine4-150x150.jpeg 150w, https:\/\/yutaimachinery.com\/wp-content\/uploads\/2024\/04\/Clay-Cutter-Machine4-768x768.jpeg 768w, https:\/\/yutaimachinery.com\/wp-content\/uploads\/2024\/04\/Clay-Cutter-Machine4-285x285.jpeg 285w, https:\/\/yutaimachinery.com\/wp-content\/uploads\/2024\/04\/Clay-Cutter-Machine4-1600x1600.jpeg 1600w, https:\/\/yutaimachinery.com\/wp-content\/uploads\/2024\/04\/Clay-Cutter-Machine4-270x270.jpeg 270w, https:\/\/yutaimachinery.com\/wp-content\/uploads\/2024\/04\/Clay-Cutter-Machine4-540x540.jpeg 540w, https:\/\/yutaimachinery.com\/wp-content\/uploads\/2024\/04\/Clay-Cutter-Machine4-660x660.jpeg 660w\" sizes=\"(max-width: 3024px) 100vw, 3024px\" \/><\/figure>\n<\/div><\/div>\n<\/div>","protected":false},"excerpt":{"rendered":"<p>\u0622\u0644\u0629 \u0642\u0637\u0639 \u0627\u0644\u0637\u064a\u0646 \u0627\u0644\u0623\u0648\u062a\u0648\u0645\u0627\u062a\u064a\u0643\u064a\u0629 \u0647\u0630\u0647 \u0627\u0644\u062a\u064a \u062a\u0639\u0645\u0644 \u0645\u0639 \u0622\u0644\u0629 \u0627\u0644\u062a\u0634\u0643\u064a\u0644\u060c \u064a\u0645\u0643\u0646\u0647\u0627 \u0625\u0639\u062f\u0627\u062f \u0637\u0648\u0644 \u0627\u0644\u0637\u064a\u0646 \u062d\u0633\u0628 \u0627\u0644\u062d\u0627\u062c\u0629 \u0639\u0644\u0649 \u0627\u0644\u0645\u0627\u0643\u064a\u0646\u0629 \u0645\u0628\u0627\u0634\u0631\u0629. \u0644\u062c\u0639\u0644 \u0645\u0646\u062a\u062c\u0627\u062a \u0627\u0644\u062a\u0634\u0643\u064a\u0644 \u0628\u0633\u0645\u0627\u0643\u0629 \u0645\u0648\u062d\u062f\u0629 \u0648\u062d\u0641\u0638 \u0627\u0644\u0645\u0648\u0627\u062f \u0627\u0644\u0637\u064a\u0646\u064a\u0629. \u064a\u0648\u062a\u0627\u064a \u0622\u0644\u0627\u062a \u062a\u0634\u0643\u064a\u0644 \u0627\u0644\u0633\u064a\u0631\u0627\u0645\u064a\u0643 \u0628\u0627\u0644\u062c\u0645\u0644\u0629 \u0648\u0627\u0644\u0645\u062e\u0635\u0635\u0629\u060c \u062a\u0648\u0641\u0631 \u0627\u0644\u062f\u0639\u0645 \u0627\u0644\u0641\u0646\u064a \u0644\u0643\u0644 \u0639\u0645\u064a\u0644.<\/p>\n<h2>\u062d\u0644 \u0634\u0627\u0645\u0644 \u0644\u0645\u0627\u0643\u064a\u0646\u0629 \u0642\u0637\u0639 \u0627\u0644\u0637\u064a\u0646:<\/h2>\n<ol>\n<li>\n<p>\u0633\u0639\u0631 \u0627\u0644\u0645\u0635\u0646\u0639: \u0643\u0634\u0631\u0643\u0629 \u0645\u0635\u0646\u0639\u0629 \u0644\u0622\u0644\u0627\u062a \u0627\u0644\u0633\u064a\u0631\u0627\u0645\u064a\u0643\u060c \u0646\u062d\u0646 \u0646\u0642\u062f\u0645 \u0622\u0644\u0627\u062a \u0642\u0637\u0639 \u0627\u0644\u0637\u064a\u0646 \u0641\u0639\u0627\u0644\u0629 \u0645\u0646 \u062d\u064a\u062b \u0627\u0644\u062a\u0643\u0644\u0641\u0629\u060c \u0645\u0631\u062d\u0628\u064b\u0627 \u0628\u0643\u0645 \u0641\u064a \u0627\u0644\u0627\u062a\u0635\u0627\u0644 \u0628\u0646\u0627 \u0644\u0644\u062d\u0635\u0648\u0644 \u0639\u0644\u0649 \u0633\u0639\u0631 \u0627\u0644\u0645\u0635\u0646\u0639.<\/p>\n<\/li>\n<li>\n<p>\u0627\u0644\u062f\u0639\u0645 \u0627\u0644\u0641\u0646\u064a: \u062a\u0648\u0641\u064a\u0631 \u0627\u0644\u062a\u0648\u062c\u064a\u0647 \u0627\u0644\u0641\u0646\u064a \u0627\u0644\u0627\u062d\u062a\u0631\u0627\u0641\u064a \u0648\u0627\u0644\u062a\u0631\u0643\u064a\u0628 \u0627\u0644\u0645\u064a\u0643\u0627\u0646\u064a\u0643\u064a\u060c \u0645\u0639 \u0623\u062f\u0644\u0629 \u0641\u064a\u062f\u064a\u0648 \u0644\u0636\u0645\u0627\u0646 \u0627\u0644\u0627\u0633\u062a\u062e\u062f\u0627\u0645 \u0627\u0644\u0633\u0631\u064a\u0639 \u0644\u0644\u0645\u0646\u062a\u062c<\/p>\n<\/li>\n<li>\n<p>\u0642\u0637\u0639 \u0627\u0644\u063a\u064a\u0627\u0631: \u062a\u0648\u0631\u064a\u062f \u0645\u062c\u0645\u0648\u0639\u0629 \u0645\u0646 \u0642\u0637\u0639 \u0627\u0644\u063a\u064a\u0627\u0631 \u0627\u0644\u0623\u0635\u0644\u064a\u0629.<\/p>\n<\/li>\n<li>\n<p>\u062f\u0639\u0645 \u0645\u0627 \u0628\u0639\u062f \u0627\u0644\u0628\u064a\u0639: \u0645\u0633\u0627\u0639\u062f\u0629 \u0639\u0628\u0631 \u0627\u0644\u0625\u0646\u062a\u0631\u0646\u062a \u0639\u0644\u0649 \u0645\u062f\u0627\u0631 24 \u0633\u0627\u0639\u0629 \u0644\u0636\u0645\u0627\u0646 \u0631\u0636\u0627\u0643 \u0639\u0646 \u0645\u0627\u0643\u064a\u0646\u0629 \u062a\u0642\u0637\u064a\u0639 \u0627\u0644\u0635\u0644\u0635\u0627\u0644 \u0648\u0627\u0633\u062a\u062e\u062f\u0627\u0645\u0647\u0627 \u0628\u0633\u0644\u0627\u0633\u0629 \u0639\u0644\u0649 \u062e\u0637 \u0627\u0644\u0625\u0646\u062a\u0627\u062c \u0627\u0644\u062e\u0627\u0635 \u0628\u0643.<\/p>\n<\/li>\n<\/ol>","protected":false},"featured_media":3891,"template":"","meta":{"_acf_changed":false},"product_brand":[],"product_cat":[55],"product_tag":[],"class_list":{"0":"post-3885","1":"product","2":"type-product","3":"status-publish","4":"has-post-thumbnail","6":"product_cat-ceramic-forming-machine","8":"first","9":"instock","10":"shipping-taxable","11":"product-type-simple"},"acf":{"customization_content":"<h2><\/h2>\r\n<div><\/div>","customization_content_source":{"label":"Customization Content","type":"wysiwyg","formatted_value":"<h2><\/h2>\n<div><\/div>\n"},"why_choose_us_content":"<h2 style=\"text-align: center;\">Why Choose Us as Your Clay Cutter Machine Supplier<\/h2>\r\n\r\n<hr \/>\r\n<p style=\"text-align: center;\">Yutai as a ceramic machine manufacturer, maintains strict quality standards and excellent service. Revolutionize your manufacturing processes with cutting-edge automation technology that streamlines forming and enhances efficiency.<\/p>","why_choose_us_content_source":{"label":"Why Choose Us Content","type":"wysiwyg","formatted_value":"<h2 style=\"text-align: center;\">Why Choose Us as Your Clay Cutter Machine Supplier<\/h2>\n<hr \/>\n<p style=\"text-align: center;\">Yutai as a ceramic machine manufacturer, maintains strict quality standards and excellent service. Revolutionize your manufacturing processes with cutting-edge automation technology that streamlines forming and enhances efficiency.<\/p>\n"}},"_links":{"self":[{"href":"https:\/\/yutaimachinery.com\/ar\/wp-json\/wp\/v2\/product\/3885","targetHints":{"allow":["GET"]}}],"collection":[{"href":"https:\/\/yutaimachinery.com\/ar\/wp-json\/wp\/v2\/product"}],"about":[{"href":"https:\/\/yutaimachinery.com\/ar\/wp-json\/wp\/v2\/types\/product"}],"version-history":[{"count":0,"href":"https:\/\/yutaimachinery.com\/ar\/wp-json\/wp\/v2\/product\/3885\/revisions"}],"wp:featuredmedia":[{"embeddable":true,"href":"https:\/\/yutaimachinery.com\/ar\/wp-json\/wp\/v2\/media\/3891"}],"wp:attachment":[{"href":"https:\/\/yutaimachinery.com\/ar\/wp-json\/wp\/v2\/media?parent=3885"}],"wp:term":[{"taxonomy":"product_brand","embeddable":true,"href":"https:\/\/yutaimachinery.com\/ar\/wp-json\/wp\/v2\/product_brand?post=3885"},{"taxonomy":"product_cat","embeddable":true,"href":"https:\/\/yutaimachinery.com\/ar\/wp-json\/wp\/v2\/product_cat?post=3885"},{"taxonomy":"product_tag","embeddable":true,"href":"https:\/\/yutaimachinery.com\/ar\/wp-json\/wp\/v2\/product_tag?post=3885"}],"curies":[{"name":"\u062f\u0628\u0644\u064a\u0648 \u0628\u064a","href":"https:\/\/api.w.org\/{rel}","templated":true}]}}