{"id":3866,"date":"2024-04-17T14:43:37","date_gmt":"2024-04-17T06:43:37","guid":{"rendered":"https:\/\/yutaimachinery.com\/?post_type=product&#038;p=3866"},"modified":"2024-06-24T21:18:08","modified_gmt":"2024-06-24T13:18:08","slug":"%d9%85%d8%a7%d9%83%d9%8a%d9%86%d8%a9-%d9%82%d8%b7%d8%b9-%d8%a7%d9%84%d8%b7%d9%8a%d9%86","status":"publish","type":"product","link":"https:\/\/yutaimachinery.com\/ar\/product\/clay-cutting-machine\/","title":{"rendered":"\u0645\u0627\u0643\u064a\u0646\u0629 \u0642\u0637\u0639 \u0627\u0644\u0637\u064a\u0646 \u0627\u0644\u0623\u0648\u062a\u0648\u0645\u0627\u062a\u064a\u0643\u064a\u0629 \u0644\u0645\u0637\u062d\u0646\u0629 \u0627\u0644\u0635\u0644\u0635\u0627\u0644"},"content":{"rendered":"<h2 class=\"wp-block-heading\"><strong>\u0645\u0639\u0644\u0645\u0629 \u0645\u0627\u0643\u064a\u0646\u0629 \u0642\u0637\u0639 \u0627\u0644\u0637\u064a\u0646:<\/strong><\/h2>\n\n\n\n<figure class=\"wp-block-table\"><table><tbody><tr><td>\u0627\u0644\u0637\u0631\u0627\u0632<\/td><td>\u0627\u0644\u062d\u062f \u0627\u0644\u0623\u0642\u0635\u0649. \u0642\u0637\u0631 \u0627\u0644\u0637\u064a\u0646 (\u0633\u0645)<\/td><td>\u0627\u0644\u0623\u0628\u0639\u0627\u062f (\u0627\u0644\u0637\u0648\u0644 \u00d7 \u00d7\u00d7\u00d7\u0627\u0644\u0633\u0627\u0639\u0629)<\/td><td>\u0627\u0644\u0648\u0632\u0646 (\u0628\u0627\u0644\u0643\u064a\u0644\u0648\u063a\u0631\u0627\u0645\u0627\u062a)<\/td><\/tr><tr><td>250<\/td><td>25 \u0633\u0645<\/td><td>190 \u00d7 70 \u00d7 170 \u00d7 140 \u0633\u0645 (\u0627\u0631\u062a\u0641\u0627\u0639)<\/td><td>300<\/td><\/tr><tr><td>350<\/td><td>35 \u0633\u0645<\/td><td>190x80x145 \u0633\u0645 (\u0627\u0631\u062a\u0641\u0627\u0639 190x80x145 \u0633\u0645)<\/td><td>400<\/td><\/tr><tr><td>500<\/td><td>50 \u0633\u0645<\/td><td>190 \u00d7 100 \u00d7 150 \u0633\u0645 (\u0627\u0631\u062a\u0641\u0627\u0639 190 \u00d7 100 \u00d7 150 \u0633\u0645)<\/td><td>500<\/td><\/tr><\/tbody><\/table><\/figure>\n\n\n\n<p><\/p>","protected":false},"excerpt":{"rendered":"<p>\u0625\u0646 \u0622\u0644\u0629 \u0642\u0637\u0639 \u0627\u0644\u0637\u064a\u0646 \u0627\u0644\u0623\u0648\u062a\u0648\u0645\u0627\u062a\u064a\u0643\u064a\u0629 \u0628\u0627\u0644\u062c\u0645\u0644\u0629 \u0645\u0646 \u0645\u0635\u0646\u0639 Yutai Factory\u060c \u0648\u0627\u0644\u062a\u064a \u064a\u0645\u0643\u0646 \u062f\u0645\u062c\u0647\u0627 \u0645\u0639 \u0645\u0637\u062d\u0646\u0629 \u0627\u0644\u0635\u0644\u0635\u0627\u0644\u060c \u0647\u064a \u062e\u0637 \u0625\u0646\u062a\u0627\u062c \u0637\u064a\u0646 \u0627\u0644\u0633\u064a\u0631\u0627\u0645\u064a\u0643 \u0627\u0644\u0641\u0639\u0627\u0644. \u062a\u0642\u0648\u0645 \u0622\u0644\u0629 \u0642\u0637\u0639 \u0627\u0644\u0637\u064a\u0646 \u0628\u062a\u0639\u064a\u064a\u0646 \u0637\u0648\u0644 \u0627\u0644\u0637\u064a\u0646 \u0648\u0641\u0642\u064b\u0627 \u0644\u0644\u062d\u0627\u062c\u0629\u060c \u0648\u062a\u0642\u0648\u0645 \u0627\u0644\u0622\u0644\u0629 \u062a\u0644\u0642\u0627\u0626\u064a\u064b\u0627 \u0628\u0627\u0644\u0642\u0637\u0639 \u0644\u0636\u0645\u0627\u0646 \u0627\u0644\u0643\u0641\u0627\u0621\u0629.<\/p>\n<h2>\u062d\u0644 \u0634\u0627\u0645\u0644 \u0644\u0642\u0637\u0639 \u0627\u0644\u0637\u064a\u0646 <strong>\u0627\u0644\u0645\u0627\u0643\u064a\u0646\u0629<\/strong>:<\/h2>\n<ol>\n<li>\n<p>\u0633\u0639\u0631 \u0627\u0644\u0645\u0635\u0646\u0639: \u0646\u062d\u0646 \u0634\u0631\u0643\u0629 \u0645\u0635\u0646\u0639\u0629 \u0644\u0622\u0644\u0627\u062a \u0627\u0644\u0633\u064a\u0631\u0627\u0645\u064a\u0643\u060c \u0646\u0648\u0641\u0631 \u0622\u0644\u0627\u062a \u0635\u0646\u0639 \u0637\u064a\u0646 \u0627\u0644\u0633\u064a\u0631\u0627\u0645\u064a\u0643 \u0627\u0644\u0641\u0639\u0627\u0644\u0629 \u0645\u0646 \u062d\u064a\u062b \u0627\u0644\u062a\u0643\u0644\u0641\u0629\u060c \u0645\u0631\u062d\u0628\u064b\u0627 \u0628\u0643\u0645 \u0641\u064a \u0627\u0644\u0627\u062a\u0635\u0627\u0644 \u0628\u0646\u0627 \u0644\u0644\u062d\u0635\u0648\u0644 \u0639\u0644\u0649 \u0633\u0639\u0631 \u0627\u0644\u0645\u0635\u0646\u0639.<\/p>\n<\/li>\n<li>\n<p>\u0627\u0644\u062f\u0639\u0645 \u0627\u0644\u0641\u0646\u064a: \u062a\u0648\u0641\u064a\u0631 \u0627\u0644\u062a\u0648\u062c\u064a\u0647 \u0627\u0644\u0641\u0646\u064a \u0627\u0644\u0627\u062d\u062a\u0631\u0627\u0641\u064a \u0648\u0627\u0644\u062a\u0631\u0643\u064a\u0628 \u0627\u0644\u0645\u064a\u0643\u0627\u0646\u064a\u0643\u064a\u060c \u0645\u0639 \u0623\u062f\u0644\u0629 \u0641\u064a\u062f\u064a\u0648 \u0644\u0636\u0645\u0627\u0646 \u0627\u0644\u0627\u0633\u062a\u062e\u062f\u0627\u0645 \u0627\u0644\u0633\u0631\u064a\u0639 \u0644\u0644\u0645\u0646\u062a\u062c<\/p>\n<\/li>\n<li>\n<p>\u0642\u0637\u0639 \u0627\u0644\u063a\u064a\u0627\u0631: \u062a\u0648\u0631\u064a\u062f \u0645\u062c\u0645\u0648\u0639\u0629 \u0645\u0646 \u0642\u0637\u0639 \u0627\u0644\u063a\u064a\u0627\u0631 \u0627\u0644\u0623\u0635\u0644\u064a\u0629.<\/p>\n<\/li>\n<li>\n<p>\u062f\u0639\u0645 \u0645\u0627 \u0628\u0639\u062f \u0627\u0644\u0628\u064a\u0639: \u0645\u0633\u0627\u0639\u062f\u0629 \u0639\u0628\u0631 \u0627\u0644\u0625\u0646\u062a\u0631\u0646\u062a \u0639\u0644\u0649 \u0645\u062f\u0627\u0631 24 \u0633\u0627\u0639\u0629 \u0644\u0644\u062a\u0623\u0643\u062f \u0645\u0646 \u0631\u0636\u0627\u0643 \u0639\u0646 \u0645\u0637\u062d\u0646\u0629 \u0627\u0644\u0635\u0644\u0635\u0627\u0644 \u0627\u0644\u0637\u064a\u0646\u064a\u0629 \u0648\u0627\u0633\u062a\u062e\u062f\u0627\u0645\u0647\u0627 \u0628\u0633\u0644\u0627\u0633\u0629 \u0639\u0644\u0649 \u062e\u0637 \u0627\u0644\u0625\u0646\u062a\u0627\u062c \u0627\u0644\u062e\u0627\u0635 \u0628\u0643.<\/p>\n<\/li>\n<\/ol>","protected":false},"featured_media":3869,"template":"","meta":{"_acf_changed":false},"product_brand":[],"product_cat":[54],"product_tag":[],"class_list":{"0":"post-3866","1":"product","2":"type-product","3":"status-publish","4":"has-post-thumbnail","6":"product_cat-clay-making-machine","8":"first","9":"instock","10":"shipping-taxable","11":"product-type-simple"},"acf":{"customization_content":"<h2><\/h2>\r\n<div><\/div>","customization_content_source":{"label":"Customization Content","type":"wysiwyg","formatted_value":"<h2><\/h2>\n<div><\/div>\n"},"why_choose_us_content":"<h2 style=\"text-align: center;\">Why Choose Us as Your Clay Cutting Machine\u00a0Supplier<\/h2>\r\n\r\n<hr \/>\r\n<p style=\"text-align: center;\">Yutai as a ceramic tableware manufacturer, maintains strict quality standards and excellent service. Revolutionize your manufacturing processes with cutting-edge automation technology that streamlines forming and enhances efficiency.<\/p>","why_choose_us_content_source":{"label":"Why Choose Us Content","type":"wysiwyg","formatted_value":"<h2 style=\"text-align: center;\">Why Choose Us as Your Clay Cutting Machine\u00a0Supplier<\/h2>\n<hr \/>\n<p style=\"text-align: center;\">Yutai as a ceramic tableware manufacturer, maintains strict quality standards and excellent service. Revolutionize your manufacturing processes with cutting-edge automation technology that streamlines forming and enhances efficiency.<\/p>\n"}},"_links":{"self":[{"href":"https:\/\/yutaimachinery.com\/ar\/wp-json\/wp\/v2\/product\/3866","targetHints":{"allow":["GET"]}}],"collection":[{"href":"https:\/\/yutaimachinery.com\/ar\/wp-json\/wp\/v2\/product"}],"about":[{"href":"https:\/\/yutaimachinery.com\/ar\/wp-json\/wp\/v2\/types\/product"}],"version-history":[{"count":0,"href":"https:\/\/yutaimachinery.com\/ar\/wp-json\/wp\/v2\/product\/3866\/revisions"}],"wp:featuredmedia":[{"embeddable":true,"href":"https:\/\/yutaimachinery.com\/ar\/wp-json\/wp\/v2\/media\/3869"}],"wp:attachment":[{"href":"https:\/\/yutaimachinery.com\/ar\/wp-json\/wp\/v2\/media?parent=3866"}],"wp:term":[{"taxonomy":"product_brand","embeddable":true,"href":"https:\/\/yutaimachinery.com\/ar\/wp-json\/wp\/v2\/product_brand?post=3866"},{"taxonomy":"product_cat","embeddable":true,"href":"https:\/\/yutaimachinery.com\/ar\/wp-json\/wp\/v2\/product_cat?post=3866"},{"taxonomy":"product_tag","embeddable":true,"href":"https:\/\/yutaimachinery.com\/ar\/wp-json\/wp\/v2\/product_tag?post=3866"}],"curies":[{"name":"\u062f\u0628\u0644\u064a\u0648 \u0628\u064a","href":"https:\/\/api.w.org\/{rel}","templated":true}]}}