{"id":3848,"date":"2024-04-17T11:18:12","date_gmt":"2024-04-17T03:18:12","guid":{"rendered":"https:\/\/yutaimachinery.com\/?post_type=product&#038;p=3848"},"modified":"2024-04-17T11:53:58","modified_gmt":"2024-04-17T03:53:58","slug":"%d9%85%d8%b7%d8%ad%d9%86%d8%a9-%d8%a7%d9%84%d8%b5%d9%84%d8%b5%d8%a7%d9%84-%d8%a7%d9%84%d8%b5%d9%84%d8%b5%d8%a7%d9%84-2","status":"publish","type":"product","link":"https:\/\/yutaimachinery.com\/ar\/product\/clay-pug-mill\/","title":{"rendered":"\u0645\u0637\u062d\u0646\u0629 \u0627\u0644\u0635\u0644\u0635\u0627\u0644 \u062b\u0644\u0627\u062b\u064a\u0629 \u0627\u0644\u0645\u062d\u0627\u0648\u0631 \u062b\u0644\u0627\u062b\u064a\u0629 \u0627\u0644\u0645\u062d\u0627\u0648\u0631 \u0644\u0635\u0646\u0639 \u062e\u0644\u0627\u0637 \u0627\u0644\u0633\u064a\u0631\u0627\u0645\u064a\u0643 \u0628\u0627\u0644\u062a\u0641\u0631\u064a\u063a"},"content":{"rendered":"<div class=\"wp-block-columns is-layout-flex wp-container-core-columns-is-layout-9d6595d7 wp-block-columns-is-layout-flex\">\n<div class=\"wp-block-column is-layout-flow wp-block-column-is-layout-flow\"><div class=\"wp-block-image\">\n<figure class=\"aligncenter size-full is-resized\"><img fetchpriority=\"high\" decoding=\"async\" width=\"3024\" height=\"3024\" src=\"https:\/\/yutaimachinery.com\/wp-content\/uploads\/2024\/04\/clay-pug-mill4.webp\" alt=\"\u0645\u0637\u062d\u0646\u0629 \u0627\u0644\u0635\u0644\u0635\u0627\u0644 \u0627\u0644\u0635\u0644\u0635\u0627\u0644\" class=\"wp-image-3855\" style=\"width:314px;height:auto\" title=\"\" srcset=\"https:\/\/yutaimachinery.com\/wp-content\/uploads\/2024\/04\/clay-pug-mill4.webp 3024w, https:\/\/yutaimachinery.com\/wp-content\/uploads\/2024\/04\/clay-pug-mill4-300x300.webp 300w, https:\/\/yutaimachinery.com\/wp-content\/uploads\/2024\/04\/clay-pug-mill4-150x150.webp 150w, https:\/\/yutaimachinery.com\/wp-content\/uploads\/2024\/04\/clay-pug-mill4-768x768.webp 768w, https:\/\/yutaimachinery.com\/wp-content\/uploads\/2024\/04\/clay-pug-mill4-285x285.webp 285w, https:\/\/yutaimachinery.com\/wp-content\/uploads\/2024\/04\/clay-pug-mill4-1600x1600.webp 1600w, https:\/\/yutaimachinery.com\/wp-content\/uploads\/2024\/04\/clay-pug-mill4-270x270.webp 270w, https:\/\/yutaimachinery.com\/wp-content\/uploads\/2024\/04\/clay-pug-mill4-540x540.webp 540w, https:\/\/yutaimachinery.com\/wp-content\/uploads\/2024\/04\/clay-pug-mill4-660x660.webp 660w\" sizes=\"(max-width: 3024px) 100vw, 3024px\" \/><\/figure>\n<\/div><\/div>\n\n\n\n<div class=\"wp-block-column is-layout-flow wp-block-column-is-layout-flow\">\n<h2 class=\"wp-block-heading\"><strong>\u0645\u0637\u062d\u0646\u0629 \u0627\u0644\u0635\u0644\u0635\u0627\u0644 \u0627\u0644\u0637\u064a\u0646\u064a\u0629 <strong>\u0627\u0644\u0645\u064a\u0632\u0627\u062a<\/strong>:<\/strong><\/h2>\n\n\n\n<p>\u0646\u062d\u0646 \u0634\u0631\u0643\u0629 \u0645\u0635\u0646\u0650\u0651\u0639\u0629 \u0644\u0645\u0627\u0643\u064a\u0646\u0627\u062a \u0627\u0644\u0633\u064a\u0631\u0627\u0645\u064a\u0643\u060c \u0646\u0642\u062f\u0650\u0651\u0645 \u0645\u062c\u0645\u0648\u0639\u0629 \u0648\u0627\u0633\u0639\u0629 \u0645\u0646 \u0637\u0648\u0627\u062d\u064a\u0646 \u0627\u0644\u0635\u0644\u0635\u0627\u0644. \u062a\u0633\u062a\u062e\u062f\u0645 \u0645\u0637\u062d\u0646\u0629 \u0627\u0644\u0635\u0644\u0635\u0627\u0644 \u0647\u0630\u0647 \u062a\u0642\u0646\u064a\u0629 \u0627\u0644\u062e\u0644\u0637 \u062b\u0644\u0627\u062b\u064a\u0629 \u0627\u0644\u0645\u062d\u0627\u0648\u0631 \u0648\u0645\u0632\u0648\u062f\u0629 \u0628\u063a\u0631\u0641\u0629 \u062a\u0641\u0631\u064a\u063a \u0627\u0644\u063a\u0627\u0632\u0627\u062a. \u064a\u0645\u0643\u0646 \u0627\u0633\u062a\u062e\u062f\u0627\u0645\u0647\u0627 \u0644\u062a\u0643\u0631\u064a\u0631 \u0627\u0644\u0637\u064a\u0646 \u0628\u0645\u062d\u062a\u0648\u0649 \u0631\u0637\u0648\u0628\u0629 18-24%\u060c \u0628\u062d\u064a\u062b \u062a\u0632\u062f\u0627\u062f \u0643\u062b\u0627\u0641\u0629 \u0627\u0644\u0642\u0645\u0627\u0634 \u0648\u062a\u062a\u062d\u0633\u0646 \u0627\u0644\u0644\u062f\u0648\u0646\u0629.<\/p>\n<\/div>\n<\/div>\n\n\n\n<h2 class=\"wp-block-heading\"><strong>\u0645\u0639\u0644\u0645\u0629 \u0645\u0637\u062d\u0646\u0629 \u0627\u0644\u0635\u0644\u0635\u0627\u0644 \u0627\u0644\u0637\u064a\u0646\u064a\u0629:<\/strong><\/h2>\n\n\n\n<figure class=\"wp-block-table\"><table><tbody><tr><td>\u0627\u0644\u0637\u0631\u0627\u0632<\/td><td>\u0627\u0644\u062d\u062f \u0627\u0644\u0623\u0642\u0635\u0649 \u0644\u062d\u062c\u0645 \u0627\u0644\u0645\u062e\u0631\u062c (\u0633\u0645)<\/td><td>\u0627\u0644\u0642\u062f\u0631\u0629 \u0627\u0644\u0627\u0633\u062a\u064a\u0639\u0627\u0628\u064a\u0629<\/td><td>\u0627\u0644\u0637\u0627\u0642\u0629 (\u0643\u064a\u0644\u0648\u0648\u0627\u0637)<\/td><td>\u0627\u0644\u0623\u0628\u0639\u0627\u062fdxwxxh)<\/td><td>\u0627\u0644\u0648\u0632\u0646 (\u0628\u0627\u0644\u0643\u064a\u0644\u0648\u063a\u0631\u0627\u0645\u0627\u062a)<\/td><\/tr><tr><td>150<\/td><td>15 \u0633\u0645<\/td><td>1-2 \u0637\u0646\/\u0633\u0627\u0639\u0629<\/td><td>7.5 \u0643\u064a\u0644\u0648 \u0648\u0627\u0637<\/td><td>280 \u00d7 80 \u00d7 80 \u00d7 80 \u0633\u0645 (\u0627\u0631\u062a\u0641\u0627\u0639)<\/td><td>2500<\/td><\/tr><tr><td>180<\/td><td>18 \u0633\u0645<\/td><td>2-2.5 \u0637\u0646\/\u0633\u0627\u0639\u0629<\/td><td>11 \u0643\u064a\u0644\u0648 \u0648\u0627\u062a<\/td><td>342 \u00d7 90 \u00d7 90 \u00d7 80 \u0633\u0645 (\u0627\u0631\u062a\u0641\u0627\u0639)<\/td><td>3000<\/td><\/tr><tr><td>200<\/td><td>20 \u0633\u0645<\/td><td>3. 5-5 \u0637\u0646\/\u0633\u0627\u0639\u0629<\/td><td>22 \u0643\u064a\u0644\u0648 \u0648\u0627\u062a<\/td><td>506 \u00d7 100 \u00d7 100 \u00d7 95 \u0633\u0645 (\u0627\u0631\u062a\u0641\u0627\u0639)<\/td><td>3500<\/td><\/tr><tr><td>230<\/td><td>23 \u0633\u0645<\/td><td>6-8 \u0637\u0646\/\u0633\u0627\u0639\u0629<\/td><td>30 \u0643\u064a\u0644\u0648 \u0648\u0627\u062a<\/td><td>570 \u00d7 145 \u00d7 110 \u0633\u0645 (\u0627\u0631\u062a\u0641\u0627\u0639 570 \u00d7 145 \u00d7 110 \u0633\u0645)<\/td><td>4000<\/td><\/tr><\/tbody><\/table><\/figure>","protected":false},"excerpt":{"rendered":"<p>\u0642\u0645 \u0628\u0628\u064a\u0639 \u0645\u062c\u0645\u0648\u0639\u0629 \u0645\u062a\u0646\u0648\u0639\u0629 \u0645\u0646 \u0645\u0637\u062d\u0646\u0629 \u0627\u0644\u0635\u0644\u0635\u0627\u0644 \u0628\u0627\u0644\u062c\u0645\u0644\u0629 \u0645\u0646 \u0645\u0635\u0646\u0639 \u0645\u0627\u0643\u064a\u0646\u0627\u062a \u0627\u0644\u0633\u064a\u0631\u0627\u0645\u064a\u0643 \u0627\u0644\u0635\u064a\u0646\u064a\u060c \u0627\u0644\u0645\u062c\u0647\u0632\u0629 \u0628\u062a\u0642\u0646\u064a\u0629 \u0627\u0644\u062e\u0644\u0637 \u062b\u0644\u0627\u062b\u064a \u0627\u0644\u0645\u062d\u0627\u0648\u0631 \u0648\u062a\u0643\u0646\u0648\u0644\u0648\u062c\u064a\u0627 \u0627\u0644\u062a\u0641\u0631\u064a\u063a\u060c \u0644\u0636\u0645\u0627\u0646 \u062c\u0648\u062f\u0629 \u0639\u0627\u0644\u064a\u0629 \u0644\u0645\u0639\u0627\u0644\u062c\u0629 \u0627\u0644\u0637\u064a\u0646. \u0646\u062d\u0646 \u0646\u0642\u062f\u0645 \u0633\u0639\u0631 \u0627\u0644\u0645\u0635\u0646\u0639 \u0648\u0627\u0644\u062f\u0639\u0645 \u0627\u0644\u0641\u0646\u064a \u0644\u0643\u0644 \u0639\u0645\u064a\u0644.<\/p>\n<h2>\u062d\u0644 \u0648\u0642\u0641\u0629 \u0648\u0627\u062d\u062f\u0629 \u0644\u0645\u0637\u062d\u0646\u0629 \u0627\u0644\u0635\u0644\u0635\u0627\u0644 \u0627\u0644\u0637\u064a\u0646\u064a\u0629<strong>\u00a0\u0627\u0644\u0645\u0627\u0643\u064a\u0646\u0629<\/strong>:<\/h2>\n<ol>\n<li>\n<p>\u0633\u0639\u0631 \u0627\u0644\u0645\u0635\u0646\u0639: \u0646\u062d\u0646 \u0645\u0635\u0646\u0639\u0648\u0646 \u0644\u0622\u0644\u0627\u062a \u0627\u0644\u0633\u064a\u0631\u0627\u0645\u064a\u0643\u060c \u0646\u0648\u0641\u0631 \u0622\u0644\u0629 \u0635\u0646\u0639 \u0637\u064a\u0646 \u0627\u0644\u0633\u064a\u0631\u0627\u0645\u064a\u0643 \u0627\u0644\u0641\u0639\u0627\u0644\u0629 \u0645\u0646 \u062d\u064a\u062b \u0627\u0644\u062a\u0643\u0644\u0641\u0629\u060c \u0645\u0631\u062d\u0628\u064b\u0627 \u0628\u0643\u0645 \u0641\u064a \u0627\u0644\u0627\u062a\u0635\u0627\u0644 \u0628\u0646\u0627 \u0644\u0644\u062d\u0635\u0648\u0644 \u0639\u0644\u0649 \u0633\u0639\u0631 \u0627\u0644\u0645\u0635\u0646\u0639.<\/p>\n<\/li>\n<li>\n<p>\u0627\u0644\u062f\u0639\u0645 \u0627\u0644\u0641\u0646\u064a: \u062a\u0648\u0641\u064a\u0631 \u0627\u0644\u062a\u0648\u062c\u064a\u0647 \u0648\u0627\u0644\u0645\u0633\u0627\u0639\u062f\u0629 \u0627\u0644\u062a\u0642\u0646\u064a\u0629 \u0627\u0644\u0627\u062d\u062a\u0631\u0627\u0641\u064a\u0629\u060c \u0645\u0639 \u0623\u062f\u0644\u0629 \u0641\u064a\u062f\u064a\u0648 \u0625\u0631\u0634\u0627\u062f\u064a\u0629 \u0644\u0636\u0645\u0627\u0646 \u0627\u0644\u0627\u0633\u062a\u062e\u062f\u0627\u0645 \u0627\u0644\u0633\u0631\u064a\u0639 \u0644\u0644\u0645\u0646\u062a\u062c<\/p>\n<\/li>\n<li>\n<p>\u0642\u0637\u0639 \u0627\u0644\u063a\u064a\u0627\u0631: \u062a\u0648\u0631\u064a\u062f \u0645\u062c\u0645\u0648\u0639\u0629 \u0645\u0646 \u0642\u0637\u0639 \u0627\u0644\u063a\u064a\u0627\u0631 \u0627\u0644\u0623\u0635\u0644\u064a\u0629.<\/p>\n<\/li>\n<li>\n<p>\u062f\u0639\u0645 \u0645\u0627 \u0628\u0639\u062f \u0627\u0644\u0628\u064a\u0639: \u0645\u0633\u0627\u0639\u062f\u0629 \u0639\u0628\u0631 \u0627\u0644\u0625\u0646\u062a\u0631\u0646\u062a \u0639\u0644\u0649 \u0645\u062f\u0627\u0631 24 \u0633\u0627\u0639\u0629 \u0644\u0644\u062a\u0623\u0643\u062f \u0645\u0646 \u0631\u0636\u0627\u0643 \u0639\u0646 \u0645\u0637\u062d\u0646\u0629 \u0627\u0644\u0635\u0644\u0635\u0627\u0644 \u0627\u0644\u0637\u064a\u0646\u064a\u0629 \u0648\u0627\u0633\u062a\u062e\u062f\u0627\u0645\u0647\u0627 \u0628\u0633\u0644\u0627\u0633\u0629 \u0639\u0644\u0649 \u062e\u0637 \u0627\u0644\u0625\u0646\u062a\u0627\u062c \u0627\u0644\u062e\u0627\u0635 \u0628\u0643.<\/p>\n<\/li>\n<\/ol>","protected":false},"featured_media":3857,"template":"","meta":{"_acf_changed":false},"product_brand":[],"product_cat":[54],"product_tag":[81],"class_list":{"0":"post-3848","1":"product","2":"type-product","3":"status-publish","4":"has-post-thumbnail","6":"product_cat-clay-making-machine","7":"product_tag-pug-mill","9":"first","10":"instock","11":"shipping-taxable","12":"product-type-simple"},"acf":{"customization_content":"<h2><\/h2>\r\n<div><\/div>","customization_content_source":{"label":"Customization Content","type":"wysiwyg","formatted_value":"<h2><\/h2>\n<div><\/div>\n"},"why_choose_us_content":"<h2 style=\"text-align: center;\">Why Choose Us as Your <strong>Clay Pug Mill<\/strong>\u00a0Supplier<\/h2>\r\n\r\n<hr \/>\r\n<p style=\"text-align: center;\">Yutai as a ceramic tableware manufacturer, maintains strict quality standards and excellent service. Revolutionize your manufacturing processes with cutting-edge automation technology that streamlines forming and enhances efficiency.<\/p>","why_choose_us_content_source":{"label":"Why Choose Us Content","type":"wysiwyg","formatted_value":"<h2 style=\"text-align: center;\">Why Choose Us as Your <strong>Clay Pug Mill<\/strong>\u00a0Supplier<\/h2>\n<hr \/>\n<p style=\"text-align: center;\">Yutai as a ceramic tableware manufacturer, maintains strict quality standards and excellent service. Revolutionize your manufacturing processes with cutting-edge automation technology that streamlines forming and enhances efficiency.<\/p>\n"}},"_links":{"self":[{"href":"https:\/\/yutaimachinery.com\/ar\/wp-json\/wp\/v2\/product\/3848","targetHints":{"allow":["GET"]}}],"collection":[{"href":"https:\/\/yutaimachinery.com\/ar\/wp-json\/wp\/v2\/product"}],"about":[{"href":"https:\/\/yutaimachinery.com\/ar\/wp-json\/wp\/v2\/types\/product"}],"version-history":[{"count":0,"href":"https:\/\/yutaimachinery.com\/ar\/wp-json\/wp\/v2\/product\/3848\/revisions"}],"wp:featuredmedia":[{"embeddable":true,"href":"https:\/\/yutaimachinery.com\/ar\/wp-json\/wp\/v2\/media\/3857"}],"wp:attachment":[{"href":"https:\/\/yutaimachinery.com\/ar\/wp-json\/wp\/v2\/media?parent=3848"}],"wp:term":[{"taxonomy":"product_brand","embeddable":true,"href":"https:\/\/yutaimachinery.com\/ar\/wp-json\/wp\/v2\/product_brand?post=3848"},{"taxonomy":"product_cat","embeddable":true,"href":"https:\/\/yutaimachinery.com\/ar\/wp-json\/wp\/v2\/product_cat?post=3848"},{"taxonomy":"product_tag","embeddable":true,"href":"https:\/\/yutaimachinery.com\/ar\/wp-json\/wp\/v2\/product_tag?post=3848"}],"curies":[{"name":"\u062f\u0628\u0644\u064a\u0648 \u0628\u064a","href":"https:\/\/api.w.org\/{rel}","templated":true}]}}