{"id":3847,"date":"2024-04-17T11:08:48","date_gmt":"2024-04-17T03:08:48","guid":{"rendered":"https:\/\/yutaimachinery.com\/?post_type=product&#038;p=3847"},"modified":"2024-04-17T14:43:23","modified_gmt":"2024-04-17T06:43:23","slug":"%d9%85%d8%b7%d8%ad%d9%86%d8%a9-%d8%a7%d9%84%d8%b5%d9%84%d8%b5%d8%a7%d9%84","status":"publish","type":"product","link":"https:\/\/yutaimachinery.com\/ar\/product\/pug-mill\/","title":{"rendered":"\u0645\u0637\u062d\u0646\u0629 \u062a\u0641\u0631\u064a\u063a \u0627\u0644\u0647\u0648\u0627\u0621 \u0627\u0644\u0643\u0628\u064a\u0631\u0629 \u0627\u0644\u0645\u062e\u0635\u0635\u0629 \u0644\u0635\u0646\u0627\u0639\u0629 \u0627\u0644\u0637\u064a\u0646"},"content":{"rendered":"<div class=\"wp-block-columns is-layout-flex wp-container-core-columns-is-layout-9d6595d7 wp-block-columns-is-layout-flex\">\n<div class=\"wp-block-column is-layout-flow wp-block-column-is-layout-flow\">\n<figure class=\"wp-block-embed is-type-video is-provider-youtube wp-block-embed-youtube wp-embed-aspect-16-9 wp-has-aspect-ratio\"><div class=\"wp-block-embed__wrapper\">\n<iframe title=\"\u0645\u0637\u062d\u0646\u0629 \u0627\u0644\u0635\u0644\u0635\u0627\u0644 \u0627\u0644\u0641\u062e\u0627\u0631\u064a\u0629 \u0627\u0644\u0641\u062e\u0627\u0631\u064a\u0629 2\" width=\"940\" height=\"529\" src=\"https:\/\/www.youtube.com\/embed\/emffTJAsQJk?feature=oembed\" frameborder=\"0\" allow=\"accelerometer; autoplay; clipboard-write; encrypted-media; gyroscope; picture-in-picture; web-share\" referrerpolicy=\"strict-origin-when-cross-origin\" allowfullscreen><\/iframe>\n<\/div><\/figure>\n<\/div>\n\n\n\n<div class=\"wp-block-column is-layout-flow wp-block-column-is-layout-flow\">\n<h2 class=\"wp-block-heading\"><strong>\u0645\u0637\u062d\u0646\u0629 \u0627\u0644\u0635\u0644\u0635\u0627\u0644 <strong>\u0627\u0644\u0645\u064a\u0632\u0627\u062a<\/strong>:<\/strong><\/h2>\n\n\n\n<p>\u064a\u062a\u0645 \u0627\u0633\u062a\u062e\u062f\u0627\u0645 \u0645\u0637\u062d\u0646\u0629 \u0627\u0644\u062a\u0641\u0631\u064a\u063a \u0627\u0644\u0641\u0631\u0627\u063a\u064a \u0644\u0645\u0639\u0627\u0644\u062c\u0629 \u0645\u0646\u062a\u062c\u0627\u062a \u0627\u0644\u0633\u064a\u0631\u0627\u0645\u064a\u0643 \u0628\u0627\u0644\u0641\u0631\u0627\u063a\u060c \u0648\u0627\u0644\u062a\u064a \u064a\u0645\u0643\u0646 \u0627\u0633\u062a\u062e\u062f\u0627\u0645\u0647\u0627 \u0644\u0645\u0645\u0627\u0631\u0633\u0629 \u0645\u0627\u062f\u0629 \u0627\u0644\u0637\u064a\u0646 \u0645\u0646 18-24%\u060c \u0639\u0646\u062f\u0645\u0627 \u064a\u062a\u0645 \u062a\u0642\u0644\u064a\u0628 \u0627\u0644\u0637\u064a\u0646 \u0641\u064a \u0627\u0644\u0637\u064a\u0646 \u0641\u064a \u063a\u0631\u0641\u0629 \u0627\u0644\u062a\u0641\u0631\u064a\u063a\u060c \u0648\u0625\u062c\u0631\u0627\u0621 \u062a\u0641\u0631\u064a\u063a \u0627\u0644\u0647\u0648\u0627\u0621 \u0644\u062a\u0641\u0631\u064a\u063a \u0627\u0644\u0647\u0648\u0627\u0621 \u0627\u0644\u0645\u0648\u062c\u0648\u062f \u0641\u064a \u0645\u0627\u062f\u0629 \u0627\u0644\u0637\u064a\u0646. \u0628\u0639\u062f \u0645\u0639\u0627\u0644\u062c\u0629 \u0627\u0644\u0645\u0627\u062f\u0629 \u0628\u0627\u0644\u062a\u0641\u0631\u064a\u063a\u060c \u064a\u062a\u0645 \u062a\u062d\u0633\u064a\u0646 \u0627\u0644\u0644\u062f\u0648\u0646\u0629 \u0648\u0643\u062b\u0627\u0641\u062a\u0647\u0627 \u0627\u0644\u0643\u0628\u064a\u0631\u0629\u060c \u0648\u0628\u0627\u0644\u062a\u0627\u0644\u064a \u0641\u0625\u0646 \u0627\u0644\u0645\u0646\u062a\u062c \u0627\u0644\u0645\u062d\u0631\u0648\u0642 \u0644\u062f\u064a\u0647 \u062a\u0634\u0648\u0647 \u0635\u063a\u064a\u0631 \u0648\u0642\u0648\u0629 \u0639\u0627\u0644\u064a\u0629 \u0648\u062c\u0648\u062f\u0629 \u062c\u064a\u062f\u0629.<\/p>\n<\/div>\n<\/div>\n\n\n\n<h2 class=\"wp-block-heading\"><strong>\u0645\u0639\u0644\u0645\u0629 \u0645\u0637\u062d\u0646\u0629 \u0627\u0644\u0635\u0644\u0635\u0627\u0644:<\/strong><\/h2>\n\n\n\n<figure class=\"wp-block-table\"><table><tbody><tr><td>\u0627\u0644\u0637\u0631\u0627\u0632<\/td><td>\u0627\u0644\u062d\u062f \u0627\u0644\u0623\u0642\u0635\u0649 \u0644\u062d\u062c\u0645 \u0627\u0644\u0645\u062e\u0631\u062c (\u0633\u0645)<\/td><td>\u0627\u0644\u0642\u062f\u0631\u0629 \u0627\u0644\u0627\u0633\u062a\u064a\u0639\u0627\u0628\u064a\u0629<\/td><td>\u0627\u0644\u0637\u0627\u0642\u0629 (\u0643\u064a\u0644\u0648\u0648\u0627\u0637)<\/td><td>\u0627\u0644\u0623\u0628\u0639\u0627\u062f (\u0627\u0644\u0637\u0648\u0644 \u00d7 \u00d7\u00d7\u00d7\u00d7\u0627\u0644\u0633\u0627\u0639\u0629)<\/td><td>\u0627\u0644\u0648\u0632\u0646 (\u0628\u0627\u0644\u0643\u064a\u0644\u0648\u063a\u0631\u0627\u0645\u0627\u062a)<\/td><\/tr><tr><td>220<\/td><td>22 \u0633\u0645<\/td><td>2-2.5 \u0637\u0646\/\u0633\u0627\u0639\u0629<\/td><td>15 \u0643\u064a\u0644\u0648 \u0648\u0627\u062a<\/td><td>270 \u00d7 80 \u00d7 140 \u0633\u0645 (\u0627\u0631\u062a\u0641\u0627\u0639)<\/td><td>2100<\/td><\/tr><tr><td>250<\/td><td>25 \u0633\u0645<\/td><td>2-5 \u0637\u0646\/\u0633\u0627\u0639\u0629<\/td><td>22 \u0643\u064a\u0644\u0648 \u0648\u0627\u062a<\/td><td>358 \u00d7 86 \u00d7 123 \u0633\u0645 (\u0627\u0631\u062a\u0641\u0627\u0639)<\/td><td>2550<\/td><\/tr><tr><td>350<\/td><td>35 \u0633\u0645<\/td><td>4.5-6.5 \u0637\u0646\/\u0633\u0627\u0639\u0629<\/td><td>37 \u0643\u064a\u0644\u0648 \u0648\u0627\u062a<\/td><td>400 \u00d7 190 \u00d7 150 \u0633\u0645 (\u0627\u0631\u062a\u0641\u0627\u0639 400 \u00d7 190 \u00d7 150 \u0633\u0645)<\/td><td>6150<\/td><\/tr><\/tbody><\/table><\/figure>","protected":false},"excerpt":{"rendered":"<p>\u0645\u0637\u062d\u0646\u0629 \u0627\u0644\u0635\u0644\u0635\u0627\u0644 \u0627\u0644\u0643\u0628\u064a\u0631\u0629 \u0627\u0644\u0645\u062e\u0635\u0635\u0629 \u0645\u0639 \u062e\u0644\u0637 \u0645\u062a\u0639\u062f\u062f \u0627\u0644\u0644\u0648\u0644\u0628 \u0648\u063a\u0631\u0641\u0629 \u0627\u0644\u062a\u0641\u0631\u064a\u063a\u060c \u0648\u0643\u0641\u0627\u0621\u0629 \u0639\u0627\u0644\u064a\u0629 \u0648\u0633\u0647\u0648\u0644\u0629 \u0627\u0644\u062a\u0634\u063a\u064a\u0644\u060c \u0648\u0645\u0646\u0627\u0633\u0628\u0629 \u0644\u0625\u0646\u062a\u0627\u062c \u0635\u0646\u0627\u0639\u0629 \u0627\u0644\u0633\u064a\u0631\u0627\u0645\u064a\u0643\u060c \u064a\u0648\u0641\u0631 \u0645\u0635\u0646\u0639 \u0645\u0627\u0643\u064a\u0646\u0627\u062a Yutai \u062d\u0644\u0627\u064b \u0645\u062e\u0635\u0635\u064b\u0627 \u0648\u0623\u0631\u062e\u0635 \u0633\u0639\u0631\u064b\u0627 \u0644\u0643\u060c \u0645\u0631\u062d\u0628\u064b\u0627 \u0628\u0643 \u0644\u0644\u062d\u0635\u0648\u0644 \u0639\u0644\u0649 \u0639\u0631\u0636 \u0623\u0633\u0639\u0627\u0631 \u0645\u062c\u0627\u0646\u064a.<\/p>\n<h2>\u0627\u0644\u062d\u0644 \u0627\u0644\u0634\u0627\u0645\u0644 \u0644\u0640 p<strong>\u0645\u0637\u062d\u0646\u0629 \u0623\u0648\u063a<\/strong>:<\/h2>\n<ol>\n<li>\n<p>\u062d\u0644 \u0645\u062e\u0635\u0635: \u064a\u0645\u0643\u0646 \u062a\u062e\u0635\u064a\u0635 \u0645\u0637\u062d\u0646\u0629 \u0627\u0644\u0635\u0644\u0635\u0627\u0644 \u0648\u0641\u0642\u064b\u0627 \u0644\u0627\u062d\u062a\u064a\u0627\u062c\u0627\u062a \u0627\u0644\u0639\u0645\u0644\u0627\u0621<\/p>\n<\/li>\n<li>\n<p>\u0627\u0644\u062f\u0639\u0645 \u0627\u0644\u0641\u0646\u064a: \u062a\u0648\u0641\u064a\u0631 \u0627\u0644\u062a\u0648\u062c\u064a\u0647 \u0627\u0644\u0641\u0646\u064a \u0627\u0644\u0627\u062d\u062a\u0631\u0627\u0641\u064a \u0648\u0627\u0644\u062a\u0631\u0643\u064a\u0628 \u0627\u0644\u0645\u064a\u0643\u0627\u0646\u064a\u0643\u064a.<\/p>\n<\/li>\n<li>\n<p>\u0642\u0637\u0639 \u0627\u0644\u063a\u064a\u0627\u0631: \u062a\u0648\u0631\u064a\u062f \u0645\u062c\u0645\u0648\u0639\u0629 \u0645\u0646 \u0642\u0637\u0639 \u0627\u0644\u063a\u064a\u0627\u0631 \u0627\u0644\u0623\u0635\u0644\u064a\u0629.<\/p>\n<\/li>\n<li>\n<p>\u062f\u0639\u0645 \u0645\u0627 \u0628\u0639\u062f \u0627\u0644\u0628\u064a\u0639 \u0645\u0633\u0627\u0639\u062f\u0629 \u0639\u0628\u0631 \u0627\u0644\u0625\u0646\u062a\u0631\u0646\u062a \u0639\u0644\u0649 \u0645\u062f\u0627\u0631 24 \u0633\u0627\u0639\u0629 \u0644\u0636\u0645\u0627\u0646 \u0631\u0636\u0627\u0643 \u0639\u0646 \u0645\u0637\u062d\u0646\u0629 \u0627\u0644\u0635\u0644\u0635\u0627\u0644 \u0648\u0627\u0633\u062a\u062e\u062f\u0627\u0645\u0647\u0627 \u0628\u0633\u0644\u0627\u0633\u0629 \u0639\u0644\u0649 \u062e\u0637 \u0627\u0644\u0625\u0646\u062a\u0627\u062c \u0627\u0644\u062e\u0627\u0635 \u0628\u0643.<\/p>\n<\/li>\n<\/ol>","protected":false},"featured_media":3863,"template":"","meta":{"_acf_changed":false},"product_brand":[],"product_cat":[54],"product_tag":[81],"class_list":{"0":"post-3847","1":"product","2":"type-product","3":"status-publish","4":"has-post-thumbnail","6":"product_cat-clay-making-machine","7":"product_tag-pug-mill","9":"first","10":"instock","11":"shipping-taxable","12":"product-type-simple"},"acf":{"customization_content":"<h2><\/h2>\r\n<div><\/div>","customization_content_source":{"label":"Customization Content","type":"wysiwyg","formatted_value":"<h2><\/h2>\n<div><\/div>\n"},"why_choose_us_content":"<h2 style=\"text-align: center;\">Why Choose Us as Your <strong>Pug Mill<\/strong>\u00a0Supplier<\/h2>\r\n\r\n<hr \/>\r\n<p style=\"text-align: center;\">Yutai as a ceramic tableware manufacturer, maintains strict quality standards and excellent service. Revolutionize your manufacturing processes with cutting-edge automation technology that streamlines forming and enhances efficiency.<\/p>","why_choose_us_content_source":{"label":"Why Choose Us Content","type":"wysiwyg","formatted_value":"<h2 style=\"text-align: center;\">Why Choose Us as Your <strong>Pug Mill<\/strong>\u00a0Supplier<\/h2>\n<hr \/>\n<p style=\"text-align: center;\">Yutai as a ceramic tableware manufacturer, maintains strict quality standards and excellent service. Revolutionize your manufacturing processes with cutting-edge automation technology that streamlines forming and enhances efficiency.<\/p>\n"}},"_links":{"self":[{"href":"https:\/\/yutaimachinery.com\/ar\/wp-json\/wp\/v2\/product\/3847","targetHints":{"allow":["GET"]}}],"collection":[{"href":"https:\/\/yutaimachinery.com\/ar\/wp-json\/wp\/v2\/product"}],"about":[{"href":"https:\/\/yutaimachinery.com\/ar\/wp-json\/wp\/v2\/types\/product"}],"version-history":[{"count":0,"href":"https:\/\/yutaimachinery.com\/ar\/wp-json\/wp\/v2\/product\/3847\/revisions"}],"wp:featuredmedia":[{"embeddable":true,"href":"https:\/\/yutaimachinery.com\/ar\/wp-json\/wp\/v2\/media\/3863"}],"wp:attachment":[{"href":"https:\/\/yutaimachinery.com\/ar\/wp-json\/wp\/v2\/media?parent=3847"}],"wp:term":[{"taxonomy":"product_brand","embeddable":true,"href":"https:\/\/yutaimachinery.com\/ar\/wp-json\/wp\/v2\/product_brand?post=3847"},{"taxonomy":"product_cat","embeddable":true,"href":"https:\/\/yutaimachinery.com\/ar\/wp-json\/wp\/v2\/product_cat?post=3847"},{"taxonomy":"product_tag","embeddable":true,"href":"https:\/\/yutaimachinery.com\/ar\/wp-json\/wp\/v2\/product_tag?post=3847"}],"curies":[{"name":"\u062f\u0628\u0644\u064a\u0648 \u0628\u064a","href":"https:\/\/api.w.org\/{rel}","templated":true}]}}