{"id":3820,"date":"2024-04-16T14:47:13","date_gmt":"2024-04-16T06:47:13","guid":{"rendered":"https:\/\/yutaimachinery.com\/?post_type=product&#038;p=3820"},"modified":"2024-04-16T16:28:56","modified_gmt":"2024-04-16T08:28:56","slug":"%d9%85%d8%b6%d8%ae%d8%a9-%d8%a7%d9%84%d9%85%d9%83%d8%a8%d8%b3-2","status":"publish","type":"product","link":"https:\/\/yutaimachinery.com\/ar\/product\/piston-pump\/","title":{"rendered":"\u0645\u0636\u062e\u0629 \u0627\u0644\u0645\u0643\u0628\u0633 \u0627\u0644\u0647\u064a\u062f\u0631\u0648\u0644\u064a\u0643\u064a\u0629 \u0630\u0627\u062a \u0627\u0644\u0636\u063a\u0637 \u0627\u0644\u0639\u0627\u0644\u064a \u0630\u0627\u062a \u0627\u0644\u0645\u0643\u0628\u0633 \u0627\u0644\u0645\u0632\u062f\u0648\u062c \u0644\u0646\u0642\u0644 \u0627\u0644\u0637\u064a\u0646"},"content":{"rendered":"<div class=\"wp-block-columns is-layout-flex wp-container-core-columns-is-layout-9d6595d7 wp-block-columns-is-layout-flex\">\n<div class=\"wp-block-column is-layout-flow wp-block-column-is-layout-flow\" style=\"flex-basis:45%\">\n<figure class=\"wp-block-image size-full is-resized\"><img fetchpriority=\"high\" decoding=\"async\" width=\"1080\" height=\"1080\" src=\"https:\/\/yutaimachinery.com\/wp-content\/uploads\/2024\/04\/piston-pump2.jpeg\" alt=\"\u0645\u0636\u062e\u0629 \u0627\u0644\u0645\u0643\u0628\u0633\" class=\"wp-image-3824\" style=\"width:374px;height:auto\" title=\"\" srcset=\"https:\/\/yutaimachinery.com\/wp-content\/uploads\/2024\/04\/piston-pump2.jpeg 1080w, https:\/\/yutaimachinery.com\/wp-content\/uploads\/2024\/04\/piston-pump2-300x300.jpeg 300w, https:\/\/yutaimachinery.com\/wp-content\/uploads\/2024\/04\/piston-pump2-150x150.jpeg 150w, https:\/\/yutaimachinery.com\/wp-content\/uploads\/2024\/04\/piston-pump2-768x768.jpeg 768w, https:\/\/yutaimachinery.com\/wp-content\/uploads\/2024\/04\/piston-pump2-285x285.jpeg 285w, https:\/\/yutaimachinery.com\/wp-content\/uploads\/2024\/04\/piston-pump2-270x270.jpeg 270w, https:\/\/yutaimachinery.com\/wp-content\/uploads\/2024\/04\/piston-pump2-540x540.jpeg 540w, https:\/\/yutaimachinery.com\/wp-content\/uploads\/2024\/04\/piston-pump2-660x660.jpeg 660w\" sizes=\"(max-width: 1080px) 100vw, 1080px\" \/><\/figure>\n<\/div>\n\n\n\n<div class=\"wp-block-column is-layout-flow wp-block-column-is-layout-flow\">\n<h2 class=\"wp-block-heading\"><strong>\u0645\u0636\u062e\u0629 \u0627\u0644\u0645\u0643\u0628\u0633 <strong>\u0627\u0644\u0645\u064a\u0632\u0627\u062a<\/strong><\/strong>:<\/h2>\n\n\n\n<p>\u062a\u064f\u0633\u062a\u062e\u062f\u0645 \u0645\u0636\u062e\u0629 \u0627\u0644\u0645\u0643\u0628\u0633 \u0628\u0634\u0643\u0644 \u0623\u0633\u0627\u0633\u064a \u0644\u062a\u0648\u0635\u064a\u0644 \u0627\u0644\u062c\u0635 \u0627\u0644\u0637\u064a\u0646\u064a \u0625\u0644\u0649 \u0645\u0643\u0628\u0633 \u0627\u0644\u062a\u0631\u0634\u064a\u062d. \u0645\u062d\u062a\u0648\u0649 \u0645\u0627\u0626\u064a \u0645\u0646\u062e\u0641\u0636 \u0648\u0645\u0648\u062d\u062f. \u0627\u0644\u0645\u0636\u062e\u0629 \u0645\u062f\u0641\u0648\u0639\u0629 \u0647\u064a\u062f\u0631\u0648\u0644\u064a\u0643\u064a\u064b\u0627 \u0648\u0645\u0633\u062a\u0642\u0631\u0629 \u0648\u0645\u0648\u062b\u0648\u0642\u0629 \u0641\u064a \u0627\u0644\u062a\u0634\u063a\u064a\u0644\u060c \u0645\u0639 \u0636\u0648\u0636\u0627\u0621 \u0635\u063a\u064a\u0631\u0629 \u0648\u0636\u063a\u0637 \u0639\u0627\u0644\u064d \u0648\u062a\u0630\u0628\u0630\u0628 \u0635\u063a\u064a\u0631 \u0641\u064a \u0636\u063a\u0637 \u0627\u0644\u0637\u064a\u0646.<\/p>\n\n\n\n<h2 class=\"wp-block-heading\"><strong><strong>\u0645\u0639\u0644\u0645\u0629 \u0645\u0636\u062e\u0629 \u0627\u0644\u0645\u0643\u0628\u0633<\/strong>:<\/strong><\/h2>\n\n\n\n<figure class=\"wp-block-table\"><table><tbody><tr><td>\u0627\u0644\u0637\u0631\u0627\u0632<\/td><td>140<\/td><td>200<\/td><\/tr><tr><td>\u0645\u0627\u0643\u0633.\u0645\u064a\u062c\u0627 \u0628\u0627\u0633\u0643\u0627\u0644<\/td><td>2.5 \u0645\u064a\u062c\u0627 \u0628\u0627\u0633\u0643\u0627\u0644<\/td><td>2.5 \u0645\u064a\u062c\u0627 \u0628\u0627\u0633\u0643\u0627\u0644<\/td><\/tr><tr><td>\u0636\u064a\u0627\u0621 \u0627\u0644\u0645\u0643\u0628\u0633<\/td><td>140 \u0645\u0645<\/td><td>180 \u0645\u0645<\/td><\/tr><tr><td>\u0627\u0644\u0637\u0627\u0642\u0629 (\u0643\u064a\u0644\u0648\u0648\u0627\u0637)<\/td><td>11 \u0643\u064a\u0644\u0648\u0648\u0627\u0637\/380 \u0641\u0648\u0644\u062a<\/td><td>18.5 \u0643\u064a\u0644\u0648\u0648\u0627\u0637\/380 \u0641\u0648\u0644\u062a<\/td><\/tr><tr><td>\u0627\u0644\u0623\u0628\u0639\u0627\u062f (\u0627\u0644\u0637\u0648\u0644 \u00d7 \u00d7\u00d7\u00d7\u0627\u0644\u0633\u0627\u0639\u0629)<\/td><td>195 \u00d7 115 \u00d7 115 \u00d7 180 \u0633\u0645 (\u0627\u0631\u062a\u0641\u0627\u0639)<\/td><td>170 \u00d7 120 \u00d7 120 \u00d7 190 \u0633\u0645 (\u0627\u0631\u062a\u0641\u0627\u0639)<\/td><\/tr><tr><td>\u0627\u0644\u0648\u0632\u0646 (\u0628\u0627\u0644\u0643\u064a\u0644\u0648\u063a\u0631\u0627\u0645\u0627\u062a)<\/td><td>1300<\/td><td>1500<\/td><\/tr><\/tbody><\/table><\/figure>\n<\/div>\n<\/div>","protected":false},"excerpt":{"rendered":"<p>\u0645\u0636\u062e\u0629 \u0645\u0643\u0628\u0633 \u062a\u0639\u0645\u0644 \u0628\u0645\u0643\u0628\u0633 \u0647\u064a\u062f\u0631\u0648\u0644\u064a\u0643\u064a \u0628\u0627\u0644\u062c\u0645\u0644\u0629\u060c \u062a\u0646\u0642\u0644 \u0627\u0644\u062c\u0635 \u0627\u0644\u0637\u064a\u0646\u064a \u0625\u0644\u0649 \u0645\u0643\u0628\u0633 \u0627\u0644\u062a\u0631\u0634\u064a\u062d \u0628\u062b\u0628\u0627\u062a\u060c \u0645\u0645\u0627 \u064a\u0636\u0645\u0646 \u0645\u062d\u062a\u0648\u0649 \u0645\u0627\u0626\u064a \u0645\u0646\u062e\u0641\u0636 \u0648\u062a\u0634\u063a\u064a\u0644 \u0645\u0648\u062b\u0648\u0642 \u0628\u0647.<\/p>\n<h2>\u062d\u0644 \u0648\u0642\u0641\u0629 \u0648\u0627\u062d\u062f\u0629 \u0644\u0645\u0636\u062e\u0629 \u0627\u0644\u0645\u0643\u0628\u0633:<\/h2>\n<ol>\n<li>\n<p>\u062d\u0644 \u062a\u062e\u0637\u064a\u0637 \u0627\u0644\u0645\u0635\u0646\u0639: \u0648\u0641\u0642\u064b\u0627 \u0644\u0645\u0633\u0627\u062d\u0629 \u0627\u0644\u0645\u0635\u0646\u0639 \u0648\u062e\u0637\u0629 \u0627\u0644\u0625\u0646\u062a\u0627\u062c\u060c \u0642\u062f\u0645 \u0627\u0642\u062a\u0631\u0627\u062d\u0627\u062a \u0627\u062d\u062a\u0631\u0627\u0641\u064a\u0629 \u0644\u062a\u062e\u0637\u064a\u0637 \u0645\u0627\u0643\u064a\u0646\u0627\u062a \u0627\u0644\u0633\u064a\u0631\u0627\u0645\u064a\u0643.<\/p>\n<\/li>\n<li>\n<p>\u0627\u0644\u062f\u0639\u0645 \u0627\u0644\u0641\u0646\u064a: \u062a\u0648\u0641\u064a\u0631 \u0627\u0644\u062a\u0648\u062c\u064a\u0647 \u0648\u0627\u0644\u0645\u0633\u0627\u0639\u062f\u0629 \u0627\u0644\u062a\u0642\u0646\u064a\u0629 \u0627\u0644\u0627\u062d\u062a\u0631\u0627\u0641\u064a\u0629\u060c \u0645\u0639 \u0623\u062f\u0644\u0629 \u0641\u064a\u062f\u064a\u0648 \u0625\u0631\u0634\u0627\u062f\u064a\u0629 \u0644\u0636\u0645\u0627\u0646 \u0627\u0644\u0627\u0633\u062a\u062e\u062f\u0627\u0645 \u0627\u0644\u0633\u0631\u064a\u0639 \u0644\u0644\u0645\u0646\u062a\u062c<\/p>\n<\/li>\n<li>\n<p>\u0642\u0637\u0639 \u0627\u0644\u063a\u064a\u0627\u0631: \u062a\u0648\u0631\u064a\u062f \u0645\u062c\u0645\u0648\u0639\u0629 \u0645\u0646 \u0642\u0637\u0639 \u0627\u0644\u063a\u064a\u0627\u0631 \u0627\u0644\u0623\u0635\u0644\u064a\u0629.<\/p>\n<\/li>\n<li>\n<p>\u062f\u0639\u0645 \u0645\u0627 \u0628\u0639\u062f \u0627\u0644\u0628\u064a\u0639: \u0645\u0633\u0627\u0639\u062f\u0629 \u0639\u0628\u0631 \u0627\u0644\u0625\u0646\u062a\u0631\u0646\u062a \u0639\u0644\u0649 \u0645\u062f\u0627\u0631 24 \u0633\u0627\u0639\u0629 \u0644\u0636\u0645\u0627\u0646 \u0631\u0636\u0627\u0643 \u0639\u0646 \u0645\u0636\u062e\u0629 \u0627\u0644\u0645\u0643\u0628\u0633 \u0648\u0627\u0633\u062a\u062e\u062f\u0627\u0645\u0647\u0627 \u0628\u0633\u0644\u0627\u0633\u0629 \u0639\u0644\u0649 \u062e\u0637 \u0627\u0644\u0625\u0646\u062a\u0627\u062c \u0627\u0644\u062e\u0627\u0635 \u0628\u0643.<\/p>\n<\/li>\n<\/ol>","protected":false},"featured_media":3822,"template":"","meta":{"_acf_changed":false},"product_brand":[],"product_cat":[54],"product_tag":[],"class_list":{"0":"post-3820","1":"product","2":"type-product","3":"status-publish","4":"has-post-thumbnail","6":"product_cat-clay-making-machine","8":"first","9":"instock","10":"shipping-taxable","11":"product-type-simple"},"acf":{"customization_content":"<h2><\/h2>\r\n<div><\/div>","customization_content_source":{"label":"Customization Content","type":"wysiwyg","formatted_value":"<h2><\/h2>\n<div><\/div>\n"},"why_choose_us_content":"<h2 style=\"text-align: center;\">Why Choose Us as Your Piston Pump Supplier<\/h2>\r\n\r\n<hr \/>\r\n<p style=\"text-align: center;\">Yutai as a ceramic tableware manufacturer, maintains strict quality standards and excellent service. Revolutionize your manufacturing processes with cutting-edge automation technology that streamlines forming and enhances efficiency.<\/p>","why_choose_us_content_source":{"label":"Why Choose Us Content","type":"wysiwyg","formatted_value":"<h2 style=\"text-align: center;\">Why Choose Us as Your Piston Pump Supplier<\/h2>\n<hr \/>\n<p style=\"text-align: center;\">Yutai as a ceramic tableware manufacturer, maintains strict quality standards and excellent service. Revolutionize your manufacturing processes with cutting-edge automation technology that streamlines forming and enhances efficiency.<\/p>\n"}},"_links":{"self":[{"href":"https:\/\/yutaimachinery.com\/ar\/wp-json\/wp\/v2\/product\/3820","targetHints":{"allow":["GET"]}}],"collection":[{"href":"https:\/\/yutaimachinery.com\/ar\/wp-json\/wp\/v2\/product"}],"about":[{"href":"https:\/\/yutaimachinery.com\/ar\/wp-json\/wp\/v2\/types\/product"}],"version-history":[{"count":0,"href":"https:\/\/yutaimachinery.com\/ar\/wp-json\/wp\/v2\/product\/3820\/revisions"}],"wp:featuredmedia":[{"embeddable":true,"href":"https:\/\/yutaimachinery.com\/ar\/wp-json\/wp\/v2\/media\/3822"}],"wp:attachment":[{"href":"https:\/\/yutaimachinery.com\/ar\/wp-json\/wp\/v2\/media?parent=3820"}],"wp:term":[{"taxonomy":"product_brand","embeddable":true,"href":"https:\/\/yutaimachinery.com\/ar\/wp-json\/wp\/v2\/product_brand?post=3820"},{"taxonomy":"product_cat","embeddable":true,"href":"https:\/\/yutaimachinery.com\/ar\/wp-json\/wp\/v2\/product_cat?post=3820"},{"taxonomy":"product_tag","embeddable":true,"href":"https:\/\/yutaimachinery.com\/ar\/wp-json\/wp\/v2\/product_tag?post=3820"}],"curies":[{"name":"\u062f\u0628\u0644\u064a\u0648 \u0628\u064a","href":"https:\/\/api.w.org\/{rel}","templated":true}]}}