{"id":3751,"date":"2024-04-14T14:30:48","date_gmt":"2024-04-14T06:30:48","guid":{"rendered":"https:\/\/yutaimachinery.com\/?post_type=product&#038;p=3751"},"modified":"2024-04-14T23:03:30","modified_gmt":"2024-04-14T15:03:30","slug":"glaze-dipping-machine","status":"publish","type":"product","link":"https:\/\/yutaimachinery.com\/ar\/product\/glaze-dipping-machine\/","title":{"rendered":"\u0645\u0627\u0643\u064a\u0646\u0629 \u063a\u0645\u0633 \u0627\u0644\u0635\u0642\u064a\u0644 \u0627\u0644\u0623\u0648\u062a\u0648\u0645\u0627\u062a\u064a\u0643\u064a\u0629 \u0627\u0644\u0645\u062e\u0635\u0635\u0629 \u0644\u062a\u0632\u062c\u064a\u062c \u0627\u0644\u0633\u064a\u0631\u0627\u0645\u064a\u0643"},"content":{"rendered":"<div class=\"wp-block-columns is-layout-flex wp-container-core-columns-is-layout-9d6595d7 wp-block-columns-is-layout-flex\">\n<div class=\"wp-block-column is-layout-flow wp-block-column-is-layout-flow\">\n<figure class=\"wp-block-embed is-type-video is-provider-youtube wp-block-embed-youtube wp-embed-aspect-16-9 wp-has-aspect-ratio\"><div class=\"wp-block-embed__wrapper\">\n<iframe title=\"\u0623\u0648\u0627\u0646\u064d \u0641\u062e\u0627\u0631\u064a\u0629 \u0635\u062d\u0648\u0646 \u0623\u0648\u0627\u0646\u064a \u0641\u062e\u0627\u0631\u064a\u0629 \u0623\u0643\u0648\u0627\u0628 \u0645\u0627\u0643\u064a\u0646\u0627\u062a \u063a\u0645\u0633 \u0627\u0644\u0635\u0642\u064a\u0644\" width=\"940\" height=\"529\" src=\"https:\/\/www.youtube.com\/embed\/dnT3FUYngeE?feature=oembed\" frameborder=\"0\" allow=\"accelerometer; autoplay; clipboard-write; encrypted-media; gyroscope; picture-in-picture; web-share\" referrerpolicy=\"strict-origin-when-cross-origin\" allowfullscreen><\/iframe>\n<\/div><\/figure>\n<\/div>\n\n\n\n<div class=\"wp-block-column is-layout-flow wp-block-column-is-layout-flow\">\n<h2 class=\"wp-block-heading\"><strong>\u0645\u064a\u0632\u0627\u062a \u0645\u0627\u0643\u064a\u0646\u0629 \u062a\u063a\u0637\u064a\u0633 \u0627\u0644\u0635\u0642\u064a\u0644<\/strong><\/h2>\n\n\n\n<p>\u062a\u0633\u062a\u062e\u062f\u0645 \u0645\u0627\u0643\u064a\u0646\u0629 \u063a\u0645\u0633 \u0627\u0644\u062a\u0632\u062c\u064a\u062c \u0647\u0630\u0647 \u0634\u0641\u0637\u064b\u0627 \u0628\u0627\u0644\u062a\u0641\u0631\u064a\u063a \u0644\u062a\u062b\u0628\u064a\u062a \u0627\u0644\u0645\u0646\u062a\u062c\u0627\u062a \u0628\u0625\u062d\u0643\u0627\u0645\u060c \u0648\u063a\u0645\u0631\u0647\u0627 \u0641\u064a \u0645\u062d\u0644\u0648\u0644 \u0627\u0644\u062a\u0632\u062c\u064a\u062c \u0644\u062a\u063a\u0637\u064a\u0629 \u0643\u0627\u0645\u0644\u0629 \u0645\u0646 \u0627\u0644\u062f\u0627\u062e\u0644 \u0648\u0627\u0644\u062e\u0627\u0631\u062c. \u0642\u0627\u0628\u0644\u0629 \u0644\u0644\u062a\u062e\u0635\u064a\u0635 \u0645\u0646 \u062d\u064a\u062b \u0645\u062d\u0637\u0627\u062a \u0627\u0644\u0639\u0645\u0644 \u0648\u0645\u062a\u0648\u0627\u0641\u0642\u0629 \u0645\u0639 \u0645\u062e\u062a\u0644\u0641 \u0623\u062d\u062c\u0627\u0645 \u0627\u0644\u0645\u0646\u062a\u062c\u0627\u062a\u060c \u0648\u0645\u0635\u0645\u0645\u0629 \u062e\u0635\u064a\u0635\u064b\u0627 \u0644\u062a\u0644\u0628\u064a\u0629 \u0645\u062a\u0637\u0644\u0628\u0627\u062a\u0643 \u0627\u0644\u062e\u0627\u0635\u0629. \u0639\u0632\u0632 \u0625\u0646\u062a\u0627\u062c\u0643 \u0645\u0646 \u0627\u0644\u0623\u0648\u0627\u0646\u064a \u0627\u0644\u062e\u0632\u0641\u064a\u0629 \u0628\u0627\u0633\u062a\u062e\u062f\u0627\u0645 \u0645\u0627\u0643\u064a\u0646\u0629 \u063a\u0645\u0633 \u0627\u0644\u0635\u0642\u064a\u0644 - \u0627\u0644\u062d\u0644 \u0627\u0644\u0623\u0645\u062b\u0644 \u0644\u0644\u062a\u0632\u062c\u064a\u062c \u0627\u0644\u0623\u0648\u062a\u0648\u0645\u0627\u062a\u064a\u0643\u064a \u0644\u0644\u0623\u0648\u0639\u064a\u0629 \u0648\u0627\u0644\u0623\u0643\u0648\u0627\u0628 \u0648\u0627\u0644\u0623\u0637\u0628\u0627\u0642 \u0648\u0627\u0644\u0623\u0648\u0627\u0646\u064a \u0648\u0627\u0644\u0623\u0648\u0627\u0646\u064a \u0627\u0644\u0643\u0628\u064a\u0631\u0629.<\/p>\n<\/div>\n<\/div>\n\n\n\n<div class=\"wp-block-columns is-layout-flex wp-container-core-columns-is-layout-9d6595d7 wp-block-columns-is-layout-flex\">\n<div class=\"wp-block-column is-layout-flow wp-block-column-is-layout-flow\">\n<h2 class=\"wp-block-heading\">\u0645\u0639\u0644\u0645\u0629 \u0645\u0627\u0643\u064a\u0646\u0629 \u063a\u0645\u0633 \u0627\u0644\u0635\u0642\u064a\u0644:<\/h2>\n\n\n\n<figure class=\"wp-block-table\"><table><tbody><tr><td>\u0627\u0644\u0637\u0631\u0627\u0632<\/td><td>\u0627\u0644\u062d\u062f \u0627\u0644\u0623\u0642\u0635\u0649 \u0644\u062d\u062c\u0645 \u0627\u0644\u062a\u0634\u0643\u064a\u0644 (\u0633\u0645)<\/td><td>\u0627\u0644\u0642\u062f\u0631\u0629 \u0627\u0644\u0627\u0633\u062a\u064a\u0639\u0627\u0628\u064a\u0629<\/td><td>\u0627\u0644\u0637\u0627\u0642\u0629 (\u0643\u064a\u0644\u0648\u0648\u0627\u0637)<\/td><td>\u0627\u0644\u0623\u0628\u0639\u0627\u062f (\u0627\u0644\u0637\u0648\u0644 \u00d7 \u00d7\u00d7\u00d7\u0627\u0644\u0633\u0627\u0639\u0629)<\/td><td>\u0627\u0644\u0648\u0632\u0646 (\u0628\u0627\u0644\u0643\u064a\u0644\u0648\u063a\u0631\u0627\u0645\u0627\u062a)<\/td><\/tr><tr><td>2 \u0631\u0623\u0633 2 \u062e\u0632\u0627\u0646 4\u0633\u062a\u0627\u064a\u0648\u0646<\/td><td>10 \u0628\u0648\u0635\u0629<\/td><td>480 \u0645\u0631\u0629\/\u0633\u0627\u0639\u0629<\/td><td>4 \u0643\u064a\u0644\u0648\u0648\u0627\u0637\/380 \u0641\u0648\u0644\u062a<\/td><td>2\u00d71.2\u00d71.85 (\u062d) \u0645<\/td><td>500<\/td><\/tr><tr><td>2\u0631\u0623\u0633 2\u062e\u0632\u0627\u0646 2 \u062e\u0632\u0627\u0646 4\u0633\u062a\u0627\u064a\u0648\u0646<\/td><td>18 \u0628\u0648\u0635\u0629<\/td><td>480 \u0645\u0631\u0629\/\u0633\u0627\u0639\u0629<\/td><td>6 \u0643\u064a\u0644\u0648\u0648\u0627\u0637\/380 \u0635<\/td><td>2.9 \u00d7 1.6 \u00d7 2.2 (\u062d) \u0645<\/td><td>800<\/td><\/tr><\/tbody><\/table><\/figure>\n<\/div>\n<\/div>","protected":false},"excerpt":{"rendered":"<p>\u0647\u0630\u0647 \u0627\u0644\u0645\u0627\u0643\u064a\u0646\u0629 \u0645\u062e\u0635\u0635\u0629 \u0644\u062a\u0632\u062c\u064a\u062c \u0623\u0637\u0628\u0627\u0642 \u0648\u0635\u062d\u0648\u0646 \u0627\u0644\u0641\u062e\u0627\u0631 \u0627\u0644\u062e\u0632\u0641 \u0648\u0627\u0644\u0633\u064a\u0631\u0627\u0645\u064a\u0643. \u0633\u0647\u0644\u0629 \u0627\u0644\u062a\u0634\u063a\u064a\u0644. \u064a\u0645\u0643\u0646\u0646\u0627 \u0635\u0646\u0639 \u0627\u0644\u0645\u0627\u0643\u064a\u0646\u0629 \u0648\u0641\u0642\u064b\u0627 \u0644\u0637\u0644\u0628\u0627\u062a\u0643.<\/p>\n<h2>\u062d\u0644 \u0634\u0627\u0645\u0644 \u0644\u0645\u0627\u0643\u064a\u0646\u0629 \u062a\u063a\u0637\u064a\u0633 \u0627\u0644\u0635\u0642\u064a\u0644:<\/h2>\n<ol>\n<li>\u0627\u0644\u062a\u0631\u0643\u064a\u0628 \u0648\u0627\u0644\u062f\u0639\u0645 \u0627\u0644\u0641\u0646\u064a: \u0633\u064a\u0642\u0648\u0645 \u0641\u0631\u064a\u0642\u0646\u0627 \u0628\u062a\u0631\u0643\u064a\u0628 \u0622\u0644\u0629 \u0627\u0644\u062a\u0632\u062c\u064a\u062c \u0648\u0625\u0639\u062f\u0627\u062f\u0647\u0627 \u0644\u0645\u0635\u0646\u0639\u0643. \u0648\u062a\u0642\u062f\u064a\u0645 \u0627\u0644\u0625\u0631\u0634\u0627\u062f\u0627\u062a \u0627\u0644\u0641\u0646\u064a\u0629 \u0630\u0627\u062a \u0627\u0644\u0635\u0644\u0629<\/li>\n<li>\u0627\u0644\u062a\u062e\u0635\u064a\u0635: \u0646\u062d\u0646 \u0646\u0642\u062f\u0645 \u062e\u064a\u0627\u0631\u0627\u062a \u0627\u0644\u062a\u062e\u0635\u064a\u0635 \u0644\u062a\u062e\u0635\u064a\u0635 \u0627\u0644\u0645\u0627\u0643\u064a\u0646\u0629 \u0648\u0641\u0642\u064b\u0627 \u0644\u0645\u062a\u0637\u0644\u0628\u0627\u062a \u0627\u0644\u0625\u0646\u062a\u0627\u062c \u0627\u0644\u062e\u0627\u0635\u0629 \u0628\u0643.<\/li>\n<li>\u062a\u0648\u0631\u064a\u062f \u0642\u0637\u0639 \u0627\u0644\u063a\u064a\u0627\u0631: \u0646\u0648\u0641\u0631 \u0642\u0637\u0639 \u063a\u064a\u0627\u0631 \u0639\u0627\u0644\u064a\u0629 \u0627\u0644\u062c\u0648\u062f\u0629 \u0644\u0636\u0645\u0627\u0646 \u0627\u0644\u062a\u0634\u063a\u064a\u0644 \u0627\u0644\u0645\u0633\u062a\u0645\u0631 \u0644\u0644\u0645\u0639\u062f\u0627\u062a.<\/li>\n<\/ol>","protected":false},"featured_media":3756,"template":"","meta":{"_acf_changed":false},"product_brand":[],"product_cat":[57],"product_tag":[78],"class_list":{"0":"post-3751","1":"product","2":"type-product","3":"status-publish","4":"has-post-thumbnail","6":"product_cat-ceramic-glazing-machine","7":"product_tag-glaze-dipping-machine","9":"first","10":"instock","11":"shipping-taxable","12":"product-type-simple"},"acf":{"customization_content":"<h2><\/h2>\r\n<div><\/div>","customization_content_source":{"label":"Customization Content","type":"wysiwyg","formatted_value":"<h2><\/h2>\n<div><\/div>\n"},"why_choose_us_content":"<h2 style=\"text-align: center;\">Why Choose Us as Your Glaze Dipping Machine Supplier<\/h2>\r\n\r\n<hr \/>\r\n<p style=\"text-align: center;\">Yutai as a ceramic tableware manufacturer, maintains strict quality standards and excellent service. Revolutionize your manufacturing processes with cutting-edge automation technology that streamlines forming and enhances efficiency.<\/p>","why_choose_us_content_source":{"label":"Why Choose Us Content","type":"wysiwyg","formatted_value":"<h2 style=\"text-align: center;\">Why Choose Us as Your Glaze Dipping Machine Supplier<\/h2>\n<hr \/>\n<p style=\"text-align: center;\">Yutai as a ceramic tableware manufacturer, maintains strict quality standards and excellent service. Revolutionize your manufacturing processes with cutting-edge automation technology that streamlines forming and enhances efficiency.<\/p>\n"}},"_links":{"self":[{"href":"https:\/\/yutaimachinery.com\/ar\/wp-json\/wp\/v2\/product\/3751","targetHints":{"allow":["GET"]}}],"collection":[{"href":"https:\/\/yutaimachinery.com\/ar\/wp-json\/wp\/v2\/product"}],"about":[{"href":"https:\/\/yutaimachinery.com\/ar\/wp-json\/wp\/v2\/types\/product"}],"version-history":[{"count":0,"href":"https:\/\/yutaimachinery.com\/ar\/wp-json\/wp\/v2\/product\/3751\/revisions"}],"wp:featuredmedia":[{"embeddable":true,"href":"https:\/\/yutaimachinery.com\/ar\/wp-json\/wp\/v2\/media\/3756"}],"wp:attachment":[{"href":"https:\/\/yutaimachinery.com\/ar\/wp-json\/wp\/v2\/media?parent=3751"}],"wp:term":[{"taxonomy":"product_brand","embeddable":true,"href":"https:\/\/yutaimachinery.com\/ar\/wp-json\/wp\/v2\/product_brand?post=3751"},{"taxonomy":"product_cat","embeddable":true,"href":"https:\/\/yutaimachinery.com\/ar\/wp-json\/wp\/v2\/product_cat?post=3751"},{"taxonomy":"product_tag","embeddable":true,"href":"https:\/\/yutaimachinery.com\/ar\/wp-json\/wp\/v2\/product_tag?post=3751"}],"curies":[{"name":"\u062f\u0628\u0644\u064a\u0648 \u0628\u064a","href":"https:\/\/api.w.org\/{rel}","templated":true}]}}