{"id":3736,"date":"2024-04-14T10:38:13","date_gmt":"2024-04-14T02:38:13","guid":{"rendered":"https:\/\/yutaimachinery.com\/?post_type=product&#038;p=3736"},"modified":"2025-12-14T14:31:10","modified_gmt":"2025-12-14T06:31:10","slug":"%d9%85%d8%a7%d9%83%d9%8a%d9%86%d8%a9-%d9%87%d8%b2%d9%91%d8%a7%d8%b2-%d8%b3%d9%8a%d8%b1%d8%a7%d9%85%d9%8a%d9%83","status":"publish","type":"product","link":"https:\/\/yutaimachinery.com\/ar\/product\/jigger-machine-ceramic\/","title":{"rendered":"\u0622\u0644\u0629 \u0635\u0646\u0639 \u0627\u0644\u0623\u0643\u0648\u0627\u0628 \u0627\u0644\u062e\u0632\u0641\u064a\u0629\u060c \u062f\u0631\u0641\u0644\u0629 \u0634\u0628\u0647 \u0623\u0648\u062a\u0648\u0645\u0627\u062a\u064a\u0643\u064a\u0629 \u0644\u0625\u0646\u062a\u0627\u062c \u0627\u0644\u0623\u0643\u0648\u0627\u0628 \u0648\u0627\u0644\u0623\u0637\u0628\u0627\u0642 \u0648\u0627\u0644\u0633\u0644\u0637\u0627\u0646\u064a\u0627\u062a \u0648\u0627\u0644\u0623\u0648\u0627\u0646\u064a"},"content":{"rendered":"<h2 class=\"wp-block-heading\">\u0645\u0639\u0644\u0645\u0627\u062a \u0622\u0644\u0629 \u0635\u0646\u0639 \u0627\u0644\u0623\u0643\u0648\u0627\u0628 \u0627\u0644\u062e\u0632\u0641\u064a\u0629<\/h2>\n\n\n\n<figure class=\"wp-block-table\"><table class=\"has-fixed-layout\"><tbody><tr><td><strong>\u0627\u0644\u0637\u0631\u0627\u0632<\/strong><\/td><td><strong>\u062d\u062c\u0645 \u062d\u0627\u0645\u0644 \u0627\u0644\u0642\u0627\u0644\u0628<\/strong><\/td><td><strong>\u0627\u0644\u062d\u062c\u0645 \u0627\u0644\u0623\u0642\u0635\u0649 \u0644\u0644\u062a\u0634\u0643\u064a\u0644<\/strong><\/td><td><strong>\u0627\u0644\u0642\u062f\u0631\u0629 \u0627\u0644\u0627\u0633\u062a\u064a\u0639\u0627\u0628\u064a\u0629<\/strong><\/td><td><strong>\u0627\u0644\u0637\u0627\u0642\u0629 (\u0643\u064a\u0644\u0648\u0648\u0627\u0637)<\/strong><\/td><td><strong>\u0627\u0644\u0623\u0628\u0639\u0627\u062f (xwxh)<\/strong><\/td><td><strong>\u0627\u0644\u0648\u0632\u0646 (\u0643\u062c\u0645)<\/strong><\/td><\/tr><tr><td>S<\/td><td>300 \u0645\u0645<\/td><td>\u22648 \u226417 \u0633\u0645<\/td><td>360 \u0642\u0637\u0639\u0629\/\u0633\u0627\u0639\u0629<\/td><td>2.2 \u0643\u064a\u0644\u0648 \u0648\u0627\u0637<\/td><td>150 \u00d7 80 \u00d7 150 (\u062d)<\/td><td>400<\/td><\/tr><tr><td>M<\/td><td>393 \u0645\u0645<\/td><td>\u226412 \u226412 \u226422 \u0633\u0645<\/td><td>300 \u0642\u0637\u0639\u0629\/\u0633\u0627\u0639\u0629<\/td><td>3 \u0643\u064a\u0644\u0648 \u0648\u0627\u0637<\/td><td>155 \u00d7 87 \u00d7 155 \u00d7 155 (\u062d)<\/td><td>500<\/td><\/tr><tr><td>L<\/td><td>445 \u0645\u0645<\/td><td>\u226413 \u2033 \u0627\u0631\u062a\u0641\u0627\u0639 17 \u0633\u0645<\/td><td>240 \u0642\u0637\u0639\u0629\/\u0633\u0627\u0639\u0629<\/td><td>5 \u0643\u064a\u0644\u0648 \u0648\u0627\u0637<\/td><td>160 \u00d7 95 \u00d7 160 \u00d7 160 (\u062d)<\/td><td>800<\/td><\/tr><tr><td>XL<\/td><td>485 \u0645\u0645<\/td><td>\u226416 \u2033\u062d16 \u226417 \u0633\u0645<\/td><td>180 \u0642\u0637\u0639\u0629\/\u0633\u0627\u0639\u0629<\/td><td>5.5 \u0643\u064a\u0644\u0648 \u0648\u0627\u0637<\/td><td>165 \u00d7 100 \u00d7 100 \u00d7 165 (\u062d)<\/td><td>1000<\/td><\/tr><\/tbody><\/table><\/figure>\n\n\n\n<div class=\"wp-block-columns is-layout-flex wp-container-core-columns-is-layout-9d6595d7 wp-block-columns-is-layout-flex\">\n<div class=\"wp-block-column is-layout-flow wp-block-column-is-layout-flow\">\n<figure class=\"wp-block-embed is-type-video is-provider-youtube wp-block-embed-youtube wp-embed-aspect-4-3 wp-has-aspect-ratio\"><div class=\"wp-block-embed__wrapper\">\n<iframe title=\"\u0645\u0627\u0643\u064a\u0646\u0629 \u062a\u0647\u0632\u0647\u0632\" width=\"940\" height=\"705\" src=\"https:\/\/www.youtube.com\/embed\/bsFBigVrgwI?feature=oembed\" frameborder=\"0\" allow=\"accelerometer; autoplay; clipboard-write; encrypted-media; gyroscope; picture-in-picture; web-share\" referrerpolicy=\"strict-origin-when-cross-origin\" allowfullscreen><\/iframe>\n<\/div><\/figure>\n<\/div>\n\n\n\n<div class=\"wp-block-column is-layout-flow wp-block-column-is-layout-flow\">\n<h2 class=\"wp-block-heading\">\u0645\u064a\u0632\u0627\u062a \u0622\u0644\u0629 \u0635\u0646\u0639 \u0627\u0644\u062c\u064a\u062c\u0631 \u0627\u0644\u062e\u0632\u0641\u064a<\/h2>\n\n\n\n<p><strong>\u0627\u0644\u062a\u0634\u063a\u064a\u0644 \u0634\u0628\u0647 \u0627\u0644\u062a\u0644\u0642\u0627\u0626\u064a:<\/strong> \u064a\u0636\u0645\u0646 \u0627\u0644\u062a\u063a\u0630\u064a\u0629 \u0627\u0644\u064a\u062f\u0648\u064a\u0629 \u0645\u0639 \u0627\u0644\u062a\u0634\u0643\u064a\u0644 \u0627\u0644\u062a\u0644\u0642\u0627\u0626\u064a \u062a\u0634\u0643\u064a\u0644\u064b\u0627 \u062f\u0642\u064a\u0642\u064b\u0627 \u0645\u0639 \u0627\u0644\u062d\u0641\u0627\u0638 \u0639\u0644\u0649 \u0627\u0646\u062e\u0641\u0627\u0636 \u0627\u0644\u062a\u0643\u0627\u0644\u064a\u0641.<\/p>\n\n\n\n<p><strong>\u0627\u0642\u062a\u0635\u0627\u062f\u064a \u0648\u0639\u0645\u0644\u064a: <\/strong>\u0645\u062b\u0627\u0644\u064a\u0629 \u0644\u0644\u0645\u0635\u0627\u0646\u0639 \u0627\u0644\u062e\u0632\u0641\u064a\u0629 \u0627\u0644\u0635\u063a\u064a\u0631\u0629 \u0648\u0627\u0644\u0645\u062a\u0648\u0633\u0637\u0629 \u0627\u0644\u062d\u062c\u0645\u060c \u062d\u064a\u062b \u062a\u0648\u0641\u0631 \u0625\u0646\u062a\u0627\u062c\u064b\u0627 \u0645\u0633\u062a\u0642\u0631\u064b\u0627 \u0628\u0623\u0642\u0644 \u0627\u0633\u062a\u062b\u0645\u0627\u0631 \u0645\u0645\u0643\u0646.<\/p>\n\n\n\n<p><strong>\u0645\u062c\u0645\u0648\u0639\u0629 \u0648\u0627\u0633\u0639\u0629 \u0645\u0646 \u0627\u0644\u0645\u0646\u062a\u062c\u0627\u062a: <\/strong>\u0645\u0646\u0627\u0633\u0628 \u0644\u0645\u062e\u062a\u0644\u0641 \u0623\u0646\u0648\u0627\u0639 \u0627\u0644\u0623\u0648\u0627\u0646\u064a \u0627\u0644\u062e\u0632\u0641\u064a\u0629 \u0648\u0627\u0644\u0623\u0648\u0627\u0646\u064a \u0627\u0644\u0645\u062c\u0648\u0641\u0629\u060c \u0628\u0645\u0627 \u0641\u064a \u0630\u0644\u0643 \u0627\u0644\u0623\u0643\u0648\u0627\u0628 \u0648\u0627\u0644\u0623\u0637\u0628\u0627\u0642 \u0648\u0627\u0644\u0623\u0648\u0639\u064a\u0629 \u0648\u0627\u0644\u0623\u0648\u0627\u0646\u064a \u0648\u0627\u0644\u0628\u0631\u0637\u0645\u0627\u0646\u0627\u062a.<\/p>\n\n\n\n<p><strong>\u062c\u0648\u062f\u0629 \u062b\u0627\u0628\u062a\u0629: <\/strong>\u064a\u0636\u0645\u0646 \u0633\u0637\u0648\u062d\u064b\u0627 \u0646\u0627\u0639\u0645\u0629 \u0648\u0633\u0645\u0627\u0643\u0629 \u0645\u0648\u062d\u062f\u0629 \u0648\u0623\u0628\u0639\u0627\u062f\u064b\u0627 \u062f\u0642\u064a\u0642\u0629.<\/p>\n\n\n\n<p><strong>\u0633\u0647\u0644 \u0627\u0644\u062a\u0634\u063a\u064a\u0644:<\/strong> \u0627\u0644\u0625\u0639\u062f\u0627\u062f \u0627\u0644\u0628\u0633\u064a\u0637 \u0648\u0627\u0644\u062a\u0634\u063a\u064a\u0644 \u0627\u0644\u0628\u062f\u064a\u0647\u064a \u064a\u0642\u0644\u0644\u0627\u0646 \u0645\u0646 \u0645\u0646\u062d\u0646\u0649 \u0627\u0644\u062a\u0639\u0644\u0645 \u0644\u0644\u0645\u0634\u063a\u0644\u064a\u0646.<\/p>\n\n\n\n<p><strong>\u0645\u062a\u064a\u0646 \u0648\u0645\u0648\u062b\u0648\u0642: <\/strong>\u0645\u0635\u0646\u0648\u0639 \u0645\u0646 \u0645\u0648\u0627\u062f \u0639\u0627\u0644\u064a\u0629 \u0627\u0644\u062c\u0648\u062f\u0629 \u0644\u0636\u0645\u0627\u0646 \u0627\u0644\u062a\u0634\u063a\u064a\u0644 \u0637\u0648\u064a\u0644 \u0627\u0644\u0623\u0645\u062f \u0648\u0645\u062a\u0637\u0644\u0628\u0627\u062a \u0635\u064a\u0627\u0646\u0629 \u0645\u0646\u062e\u0641\u0636\u0629. \u062a\u0634\u063a\u064a\u0644 \u0634\u0628\u0647 \u0623\u0648\u062a\u0648\u0645\u0627\u062a\u064a\u0643\u064a<\/p>\n<\/div>\n<\/div>","protected":false},"excerpt":{"rendered":"<p>\u0622\u0644\u0629 \u062a\u0634\u0643\u064a\u0644 \u0627\u0644\u0633\u064a\u0631\u0627\u0645\u064a\u0643 \u0647\u064a \u0622\u0644\u0629 \u062a\u0634\u0643\u064a\u0644 \u0634\u0628\u0647 \u0623\u0648\u062a\u0648\u0645\u0627\u062a\u064a\u0643\u064a\u0629 \u0645\u0635\u0645\u0645\u0629 \u0644\u0625\u0646\u062a\u0627\u062c \u0623\u0643\u0648\u0627\u0628 \u0648\u0623\u0637\u0628\u0627\u0642 \u0648\u0623\u0648\u0639\u064a\u0629 \u0648\u0628\u0631\u0637\u0645\u0627\u0646\u0627\u062a \u0648\u0623\u0648\u0627\u0646\u064a \u0633\u064a\u0631\u0627\u0645\u064a\u0643\u064a\u0629 \u0628\u0643\u0641\u0627\u0621\u0629. \u062a\u062a\u0645\u064a\u0632 \u0627\u0644\u0622\u0644\u0629 \u0628\u062a\u063a\u0630\u064a\u0629 \u064a\u062f\u0648\u064a\u0629 \u0644\u0644\u0637\u064a\u0646 \u0648\u062a\u0634\u0643\u064a\u0644 \u0623\u0648\u062a\u0648\u0645\u0627\u062a\u064a\u0643\u064a\u060c \u0645\u0645\u0627 \u064a\u0648\u0641\u0631 \u062d\u0644\u0627\u064b \u0639\u0645\u0644\u064a\u064b\u0627 \u0648\u0641\u0639\u0627\u0644\u0627\u064b \u0645\u0646 \u062d\u064a\u062b \u0627\u0644\u062a\u0643\u0644\u0641\u0629 \u0644\u062a\u0635\u0646\u064a\u0639 \u0627\u0644\u0633\u064a\u0631\u0627\u0645\u064a\u0643 \u0639\u0644\u0649 \u0646\u0637\u0627\u0642 \u0635\u063a\u064a\u0631 \u0625\u0644\u0649 \u0645\u062a\u0648\u0633\u0637. \u0627\u062d\u0635\u0644 \u0639\u0644\u0649 \u0639\u0631\u0636 \u0623\u0633\u0639\u0627\u0631 \u0627\u0644\u0622\u0646!<\/p>\n<h2>\u062d\u0644 \u0634\u0627\u0645\u0644 \u0644\u0622\u0644\u0629 \u0635\u0646\u0639 \u0627\u0644\u0623\u0648\u0627\u0646\u064a \u0627\u0644\u062e\u0632\u0641\u064a\u0629:<\/h2>\n<ol>\n<li><strong>\u0625\u0631\u0634\u0627\u062f\u0627\u062a \u0625\u0639\u062f\u0627\u062f \u0648\u062a\u0631\u0643\u064a\u0628 \u0627\u0644\u0645\u0627\u0643\u064a\u0646\u0629:<\/strong> \u0627\u0644\u062f\u0639\u0645 \u0641\u064a \u0627\u0644\u0645\u0648\u0642\u0639 \u0623\u0648 \u0639\u0646 \u0628\u064f\u0639\u062f \u0644\u0636\u0645\u0627\u0646 \u0627\u0644\u062a\u062c\u0645\u064a\u0639 \u0648\u0627\u0644\u0645\u062d\u0627\u0630\u0627\u0629 \u0648\u0627\u0644\u062a\u0634\u063a\u064a\u0644 \u0627\u0644\u0622\u0645\u0646 \u0628\u0634\u0643\u0644 \u0635\u062d\u064a\u062d.<\/li>\n<li><strong>\u062a\u062f\u0631\u064a\u0628 \u0627\u0644\u0645\u0634\u063a\u0644\u064a\u0646:<\/strong> \u062a\u062f\u0631\u064a\u0628 \u0639\u0645\u0644\u064a \u0639\u0644\u0649 \u0627\u0644\u062a\u063a\u0630\u064a\u0629 \u0627\u0644\u064a\u062f\u0648\u064a\u0629 \u0648\u062a\u0634\u063a\u064a\u0644 \u0627\u0644\u0645\u0627\u0643\u064a\u0646\u0629 \u0648\u062a\u0639\u062f\u064a\u0644\u0627\u062a \u0627\u0644\u062a\u0634\u0643\u064a\u0644 \u0648\u0627\u0644\u0635\u064a\u0627\u0646\u0629 \u0627\u0644\u0623\u0633\u0627\u0633\u064a\u0629.<\/li>\n<li><strong>\u0625\u0631\u0634\u0627\u062f\u0627\u062a \u0627\u0644\u0639\u0645\u0644\u064a\u0629:<\/strong> \u0646\u0635\u0627\u0626\u062d \u062d\u0648\u0644 \u062a\u0634\u0643\u064a\u0644 \u0645\u0646\u062a\u062c\u0627\u062a \u062e\u0632\u0641\u064a\u0629 \u0645\u062e\u062a\u0644\u0641\u0629 \u0645\u062b\u0644 \u0627\u0644\u0623\u0643\u0648\u0627\u0628 \u0648\u0627\u0644\u0623\u0637\u0628\u0627\u0642 \u0648\u0627\u0644\u0623\u0648\u0639\u064a\u0629 \u0648\u0627\u0644\u062c\u0631\u0627\u0631 \u0648\u0627\u0644\u0623\u062f\u0648\u0627\u062a \u0627\u0644\u0632\u062e\u0631\u0641\u064a\u0629 \u0644\u0644\u062d\u0635\u0648\u0644 \u0639\u0644\u0649 \u062c\u0648\u062f\u0629 \u0645\u062a\u0633\u0642\u0629.<\/li>\n<li><strong>\u062f\u0639\u0645 \u0627\u0644\u0635\u064a\u0627\u0646\u0629 \u0648\u0627\u0633\u062a\u0643\u0634\u0627\u0641 \u0627\u0644\u0623\u0639\u0637\u0627\u0644 \u0648\u0625\u0635\u0644\u0627\u062d\u0647\u0627:<\/strong> \u0645\u0633\u0627\u0639\u062f\u0629 \u0641\u0646\u064a\u0629 \u0633\u0631\u064a\u0639\u0629 \u0627\u0644\u0627\u0633\u062a\u062c\u0627\u0628\u0629 \u0644\u062a\u0642\u0644\u064a\u0644 \u0648\u0642\u062a \u0627\u0644\u062a\u0639\u0637\u0644 \u0648\u0636\u0645\u0627\u0646 \u0633\u0644\u0627\u0633\u0629 \u0627\u0644\u0625\u0646\u062a\u0627\u062c.<\/li>\n<li><strong>\u0627\u0633\u062a\u0634\u0627\u0631\u0629 \u0627\u0644\u062a\u062e\u0635\u064a\u0635:<\/strong> \u0625\u0631\u0634\u0627\u062f\u0627\u062a \u062d\u0648\u0644 \u062a\u0643\u064a\u064a\u0641 \u0627\u0644\u0642\u0648\u0627\u0644\u0628 \u0648\u0625\u0639\u062f\u0627\u062f\u0627\u062a \u0627\u0644\u0645\u0627\u0643\u064a\u0646\u0629 \u0623\u0648 \u0625\u062c\u0631\u0627\u0621 \u062a\u0639\u062f\u064a\u0644\u0627\u062a \u0637\u0641\u064a\u0641\u0629 \u0644\u062a\u0646\u0627\u0633\u0628 \u0623\u0646\u0648\u0627\u0639 \u0627\u0644\u0645\u0646\u062a\u062c\u0627\u062a \u0627\u0644\u0645\u062d\u062f\u062f\u0629 \u0648\u062d\u062c\u0645 \u0627\u0644\u062f\u0641\u0639\u0627\u062a.<\/li>\n<li><strong>\u062a\u0648\u0631\u064a\u062f \u0642\u0637\u0639 \u0627\u0644\u063a\u064a\u0627\u0631:<\/strong> \u062a\u0648\u0627\u0641\u0631 \u0642\u0637\u0639 \u063a\u064a\u0627\u0631 \u0645\u0648\u062b\u0648\u0642\u0629 \u0648\u0639\u0627\u0644\u064a\u0629 \u0627\u0644\u062c\u0648\u062f\u0629 \u0644\u0636\u0645\u0627\u0646 \u0627\u0644\u062a\u0634\u063a\u064a\u0644 \u0639\u0644\u0649 \u0627\u0644\u0645\u062f\u0649 \u0627\u0644\u0637\u0648\u064a\u0644.<\/li>\n<li><strong>\u062a\u062d\u0633\u064a\u0646 \u0643\u0641\u0627\u0621\u0629 \u0627\u0644\u0625\u0646\u062a\u0627\u062c:<\/strong> \u0646\u0635\u0627\u0626\u062d \u0648\u062d\u0644\u0648\u0644 \u0644\u062a\u062d\u0633\u064a\u0646 \u0633\u0631\u0639\u0629 \u0627\u0644\u062a\u0634\u0643\u064a\u0644 \u0648\u062a\u0642\u0644\u064a\u0644 \u0627\u0644\u0639\u064a\u0648\u0628 \u0648\u0627\u0644\u062d\u0641\u0627\u0638 \u0639\u0644\u0649 \u0633\u0645\u0627\u0643\u0629 \u0645\u0648\u062d\u062f\u0629 \u0648\u062a\u0634\u0637\u064a\u0628 \u0633\u0637\u062d\u064a.<\/li>\n<\/ol>","protected":false},"featured_media":3745,"template":"","meta":{"_acf_changed":false},"product_brand":[],"product_cat":[55],"product_tag":[77],"class_list":{"0":"post-3736","1":"product","2":"type-product","3":"status-publish","4":"has-post-thumbnail","6":"product_cat-ceramic-forming-machine","7":"product_tag-jigger-machine","9":"first","10":"instock","11":"shipping-taxable","12":"product-type-simple"},"acf":{"customization_content":"<h2><\/h2>\r\n<div><\/div>","customization_content_source":{"label":"Customization Content","type":"wysiwyg","formatted_value":"<h2><\/h2>\n<div><\/div>\n"},"why_choose_us_content":"<h2 style=\"text-align: center;\">Why Choose Us as Your Jigger Machine Ceramic Supplier<\/h2>\r\n\r\n<hr \/>\r\n<p style=\"text-align: center;\">Yutai as a ceramic tableware manufacturer, maintains strict quality standards and excellent service. Revolutionize your manufacturing processes with cutting-edge automation technology that streamlines forming and enhances efficiency.<\/p>","why_choose_us_content_source":{"label":"Why Choose Us Content","type":"wysiwyg","formatted_value":"<h2 style=\"text-align: center;\">Why Choose Us as Your Jigger Machine Ceramic Supplier<\/h2>\n<hr \/>\n<p style=\"text-align: center;\">Yutai as a ceramic tableware manufacturer, maintains strict quality standards and excellent service. Revolutionize your manufacturing processes with cutting-edge automation technology that streamlines forming and enhances efficiency.<\/p>\n"}},"_links":{"self":[{"href":"https:\/\/yutaimachinery.com\/ar\/wp-json\/wp\/v2\/product\/3736","targetHints":{"allow":["GET"]}}],"collection":[{"href":"https:\/\/yutaimachinery.com\/ar\/wp-json\/wp\/v2\/product"}],"about":[{"href":"https:\/\/yutaimachinery.com\/ar\/wp-json\/wp\/v2\/types\/product"}],"version-history":[{"count":0,"href":"https:\/\/yutaimachinery.com\/ar\/wp-json\/wp\/v2\/product\/3736\/revisions"}],"wp:featuredmedia":[{"embeddable":true,"href":"https:\/\/yutaimachinery.com\/ar\/wp-json\/wp\/v2\/media\/3745"}],"wp:attachment":[{"href":"https:\/\/yutaimachinery.com\/ar\/wp-json\/wp\/v2\/media?parent=3736"}],"wp:term":[{"taxonomy":"product_brand","embeddable":true,"href":"https:\/\/yutaimachinery.com\/ar\/wp-json\/wp\/v2\/product_brand?post=3736"},{"taxonomy":"product_cat","embeddable":true,"href":"https:\/\/yutaimachinery.com\/ar\/wp-json\/wp\/v2\/product_cat?post=3736"},{"taxonomy":"product_tag","embeddable":true,"href":"https:\/\/yutaimachinery.com\/ar\/wp-json\/wp\/v2\/product_tag?post=3736"}],"curies":[{"name":"\u062f\u0628\u0644\u064a\u0648 \u0628\u064a","href":"https:\/\/api.w.org\/{rel}","templated":true}]}}