{"id":3722,"date":"2024-04-13T19:14:22","date_gmt":"2024-04-13T11:14:22","guid":{"rendered":"https:\/\/yutaimachinery.com\/?post_type=product&#038;p=3722"},"modified":"2025-10-22T16:07:32","modified_gmt":"2025-10-22T08:07:32","slug":"%d9%85%d8%a7%d9%83%d9%8a%d9%86%d8%a9-%d8%aa%d8%b2%d8%ac%d9%8a%d8%ac","status":"publish","type":"product","link":"https:\/\/yutaimachinery.com\/ar\/product\/glazing-machine\/","title":{"rendered":"\u0645\u0627\u0643\u064a\u0646\u0629 \u062a\u0632\u062c\u064a\u062c \u0627\u0644\u0633\u064a\u0631\u0627\u0645\u064a\u0643 \u0627\u0644\u0623\u0648\u062a\u0648\u0645\u0627\u062a\u064a\u0643\u064a\u0629 \u0630\u0627\u062a 12 \u0645\u062d\u0637\u0629 \u0644\u062a\u0632\u062c\u064a\u062c \u0627\u0644\u0623\u0637\u0628\u0627\u0642 \u0648\u0627\u0644\u0623\u0648\u0639\u064a\u0629 \u0648\u062a\u063a\u0637\u064a\u0633 \u0627\u0644\u0635\u0642\u064a\u0644"},"content":{"rendered":"<div class=\"wp-block-columns is-layout-flex wp-container-core-columns-is-layout-9d6595d7 wp-block-columns-is-layout-flex\">\n<div class=\"wp-block-column is-layout-flow wp-block-column-is-layout-flow\">\n<figure class=\"wp-block-embed is-type-video is-provider-youtube wp-block-embed-youtube wp-embed-aspect-16-9 wp-has-aspect-ratio\"><div class=\"wp-block-embed__wrapper\">\n<iframe title=\"\u0623\u0643\u0648\u0627\u0628 \u0633\u064a\u0631\u0627\u0645\u064a\u0643\/\u0628\u0648\u0631\u0633\u0644\u064a\u0646 \u0623\u0643\u0648\u0627\u0628 \u0623\u0643\u0648\u0627\u0628 \u0635\u062d\u0648\u0646 \u0635\u062d\u0648\u0646 \u0645\u0627\u0643\u064a\u0646\u0627\u062a \u063a\u0645\u0633 \u0627\u0644\u0635\u0642\u064a\u0644\" width=\"940\" height=\"529\" src=\"https:\/\/www.youtube.com\/embed\/2WBb_F7nhmk?feature=oembed\" frameborder=\"0\" allow=\"accelerometer; autoplay; clipboard-write; encrypted-media; gyroscope; picture-in-picture; web-share\" referrerpolicy=\"strict-origin-when-cross-origin\" allowfullscreen><\/iframe>\n<\/div><\/figure>\n<\/div>\n\n\n\n<div class=\"wp-block-column is-layout-flow wp-block-column-is-layout-flow\">\n<h2 class=\"wp-block-heading\">\u0645\u0639\u0644\u0645\u0627\u062a \u0645\u0627\u0643\u064a\u0646\u0629 \u0627\u0644\u062a\u0632\u062c\u064a\u062c \u0627\u0644\u0623\u0648\u062a\u0648\u0645\u0627\u062a\u064a\u0643\u064a\u0629<\/h2>\n\n\n\n<figure class=\"wp-block-table\"><table><tbody><tr><td><strong>\u0627\u0644\u0637\u0631\u0627\u0632<\/strong><\/td><td>150<\/td><\/tr><tr><td><strong>\u0627\u0644\u062d\u062f \u0627\u0644\u0623\u0642\u0635\u0649 \u0644\u062d\u062c\u0645 \u0627\u0644\u062a\u0634\u0643\u064a\u0644<\/strong><\/td><td>6\u2033 \u0648\u0627\u0644\u0623\u0643\u0648\u0627\u0628<\/td><\/tr><tr><td><strong>\u0627\u0644\u0642\u062f\u0631\u0629 \u0627\u0644\u0627\u0633\u062a\u064a\u0639\u0627\u0628\u064a\u0629<\/strong><\/td><td>36 \u0642\u0637\u0639\u0629\/\u0634\u0647\u0631<\/td><\/tr><tr><td><strong>\u0627\u0644\u0637\u0627\u0642\u0629 (\u0643\u064a\u0644\u0648\u0648\u0627\u0637)<\/strong><\/td><td>2 \u0643\u064a\u0644\u0648\u0648\u0627\u0637\/380 \u0641\u0648\u0644\u062a<\/td><\/tr><tr><td><strong>\u0627\u0644\u0623\u0628\u0639\u0627\u062f (\u0627\u0644\u0637\u0648\u0644 \u00d7 \u00d7\u00d7\u00d7\u0627\u0644\u0633\u0627\u0639\u0629)<\/strong><\/td><td>2 \u00d7 4.2 \u00d7 4.2 \u00d7 1.4 \u0645 (\u062d)<\/td><\/tr><tr><td><strong>\u0627\u0644\u0648\u0632\u0646 (\u0628\u0627\u0644\u0643\u064a\u0644\u0648\u063a\u0631\u0627\u0645\u0627\u062a)<\/strong><\/td><td>400<\/td><\/tr><tr><td><strong>\u0645\u062d\u0637\u0629 \u0627\u0644\u0639\u0645\u0644<\/strong><\/td><td>12<\/td><\/tr><\/tbody><\/table><\/figure>\n\n\n\n<h2 class=\"wp-block-heading\"><strong>\u0645\u0627\u0643\u064a\u0646\u0629 \u062a\u0632\u062c\u064a\u062c \u0627\u0644\u0633\u064a\u0631\u0627\u0645\u064a\u0643 \u0627\u0644\u0623\u0648\u062a\u0648\u0645\u0627\u062a\u064a\u0643\u064a\u0629<\/strong> <strong>\u0627\u0644\u0645\u064a\u0632\u0627\u062a<\/strong><\/h2>\n\n\n\n<p>\u064a\u0645\u0643\u0646 \u0644\u0645\u0627\u0643\u064a\u0646\u0629 \u0627\u0644\u062a\u0632\u062c\u064a\u062c \u0623\u0646 \u062a\u0642\u0648\u0645 \u0628\u062a\u062f\u0648\u064a\u0631 \u0645\u0646\u062a\u062c\u0627\u062a \u0627\u0644\u0633\u064a\u0631\u0627\u0645\u064a\u0643 \u062a\u0644\u0642\u0627\u0626\u064a\u064b\u0627 \u0628\u063a\u0645\u0633 \u0627\u0644\u0645\u0646\u062a\u062c\u0627\u062a \u0627\u0644\u062e\u0632\u0641\u064a\u0629 \u0628\u0627\u0644\u062a\u062f\u0648\u064a\u0631\u060c \u0648\u0637\u0644\u0627\u0621 \u0627\u0644\u0645\u0646\u062a\u062c \u0628\u0627\u0644\u0643\u0627\u0645\u0644 \u0645\u0646 \u0627\u0644\u062f\u0627\u062e\u0644 \u0648\u0627\u0644\u062e\u0627\u0631\u062c \u0628\u0627\u0644\u062a\u0633\u0627\u0648\u064a\u060c \u0648\u0647\u064a \u0645\u0646\u0627\u0633\u0628\u0629 \u0644\u0644\u0623\u0648\u0639\u064a\u0629 \u0627\u0644\u0635\u063a\u064a\u0631\u0629 \u0648\u0627\u0644\u0623\u0643\u0648\u0627\u0628 \u0648\u0627\u0644\u0623\u0637\u0628\u0627\u0642 \u0627\u0644\u0635\u063a\u064a\u0631\u0629. \u064a\u0645\u0643\u0646 \u0623\u0646 \u064a\u0642\u0644\u0644 \u0627\u0644\u0625\u0646\u062a\u0627\u062c \u0627\u0644\u0641\u0639\u0627\u0644 \u0623\u064a\u0636\u064b\u0627 \u0645\u0646 \u0627\u0633\u062a\u0647\u0644\u0627\u0643 \u0627\u0644\u0637\u0627\u0642\u0629.<\/p>\n<\/div>\n<\/div>\n\n\n\n<div class=\"wp-block-columns is-layout-flex wp-container-core-columns-is-layout-9d6595d7 wp-block-columns-is-layout-flex\">\n<div class=\"wp-block-column is-layout-flow wp-block-column-is-layout-flow\">\n<figure class=\"wp-block-image size-full\"><img fetchpriority=\"high\" decoding=\"async\" width=\"640\" height=\"640\" src=\"https:\/\/yutaimachinery.com\/wp-content\/uploads\/2024\/04\/ceramic-glazing-machine-for-Ceramic-Plates-Bowls-Glaze-Dipping-5.webp\" alt=\"\u0645\u0627\u0643\u064a\u0646\u0629 \u062a\u0632\u062c\u064a\u062c \u0627\u0644\u0633\u064a\u0631\u0627\u0645\u064a\u0643 \u0644\u0623\u0637\u0628\u0627\u0642 \u0627\u0644\u0633\u064a\u0631\u0627\u0645\u064a\u0643 \u0623\u0637\u0628\u0627\u0642 \u0627\u0644\u0633\u064a\u0631\u0627\u0645\u064a\u0643 \u0623\u0648\u0639\u064a\u0629 \u0627\u0644\u062a\u0632\u062c\u064a\u062c \u0627\u0644\u062a\u0632\u062c\u064a\u062c\" class=\"wp-image-5969\" title=\"\" srcset=\"https:\/\/yutaimachinery.com\/wp-content\/uploads\/2024\/04\/ceramic-glazing-machine-for-Ceramic-Plates-Bowls-Glaze-Dipping-5.webp 640w, https:\/\/yutaimachinery.com\/wp-content\/uploads\/2024\/04\/ceramic-glazing-machine-for-Ceramic-Plates-Bowls-Glaze-Dipping-5-300x300.webp 300w, https:\/\/yutaimachinery.com\/wp-content\/uploads\/2024\/04\/ceramic-glazing-machine-for-Ceramic-Plates-Bowls-Glaze-Dipping-5-150x150.webp 150w, https:\/\/yutaimachinery.com\/wp-content\/uploads\/2024\/04\/ceramic-glazing-machine-for-Ceramic-Plates-Bowls-Glaze-Dipping-5-12x12.webp 12w, https:\/\/yutaimachinery.com\/wp-content\/uploads\/2024\/04\/ceramic-glazing-machine-for-Ceramic-Plates-Bowls-Glaze-Dipping-5-285x285.webp 285w, https:\/\/yutaimachinery.com\/wp-content\/uploads\/2024\/04\/ceramic-glazing-machine-for-Ceramic-Plates-Bowls-Glaze-Dipping-5-270x270.webp 270w, https:\/\/yutaimachinery.com\/wp-content\/uploads\/2024\/04\/ceramic-glazing-machine-for-Ceramic-Plates-Bowls-Glaze-Dipping-5-540x540.webp 540w\" sizes=\"(max-width: 640px) 100vw, 640px\" \/><\/figure>\n<\/div>\n\n\n\n<div class=\"wp-block-column is-layout-flow wp-block-column-is-layout-flow\">\n<figure class=\"wp-block-image size-full\"><img decoding=\"async\" width=\"640\" height=\"640\" src=\"https:\/\/yutaimachinery.com\/wp-content\/uploads\/2024\/04\/ceramic-glazing-machine-for-Ceramic-Plates-Bowls-Glaze-Dipping-4.webp\" alt=\"\u0645\u0627\u0643\u064a\u0646\u0629 \u062a\u0632\u062c\u064a\u062c \u0627\u0644\u0633\u064a\u0631\u0627\u0645\u064a\u0643 \u0644\u0623\u0637\u0628\u0627\u0642 \u0627\u0644\u0633\u064a\u0631\u0627\u0645\u064a\u0643 \u0623\u0637\u0628\u0627\u0642 \u0627\u0644\u0633\u064a\u0631\u0627\u0645\u064a\u0643 \u0623\u0648\u0639\u064a\u0629 \u0627\u0644\u062a\u0632\u062c\u064a\u062c \u0627\u0644\u062a\u0632\u062c\u064a\u062c\" class=\"wp-image-5968\" title=\"\" srcset=\"https:\/\/yutaimachinery.com\/wp-content\/uploads\/2024\/04\/ceramic-glazing-machine-for-Ceramic-Plates-Bowls-Glaze-Dipping-4.webp 640w, https:\/\/yutaimachinery.com\/wp-content\/uploads\/2024\/04\/ceramic-glazing-machine-for-Ceramic-Plates-Bowls-Glaze-Dipping-4-300x300.webp 300w, https:\/\/yutaimachinery.com\/wp-content\/uploads\/2024\/04\/ceramic-glazing-machine-for-Ceramic-Plates-Bowls-Glaze-Dipping-4-150x150.webp 150w, https:\/\/yutaimachinery.com\/wp-content\/uploads\/2024\/04\/ceramic-glazing-machine-for-Ceramic-Plates-Bowls-Glaze-Dipping-4-12x12.webp 12w, https:\/\/yutaimachinery.com\/wp-content\/uploads\/2024\/04\/ceramic-glazing-machine-for-Ceramic-Plates-Bowls-Glaze-Dipping-4-285x285.webp 285w, https:\/\/yutaimachinery.com\/wp-content\/uploads\/2024\/04\/ceramic-glazing-machine-for-Ceramic-Plates-Bowls-Glaze-Dipping-4-270x270.webp 270w, https:\/\/yutaimachinery.com\/wp-content\/uploads\/2024\/04\/ceramic-glazing-machine-for-Ceramic-Plates-Bowls-Glaze-Dipping-4-540x540.webp 540w\" sizes=\"(max-width: 640px) 100vw, 640px\" \/><\/figure>\n<\/div>\n<\/div>\n\n\n\n<div class=\"wp-block-columns is-layout-flex wp-container-core-columns-is-layout-9d6595d7 wp-block-columns-is-layout-flex\">\n<div class=\"wp-block-column is-layout-flow wp-block-column-is-layout-flow\">\n<figure class=\"wp-block-image size-full\"><img decoding=\"async\" width=\"640\" height=\"640\" src=\"https:\/\/yutaimachinery.com\/wp-content\/uploads\/2024\/04\/ceramic-glazing-machine-for-Ceramic-Plates-Bowls-Glaze-Dipping-2.webp\" alt=\"\u0645\u0627\u0643\u064a\u0646\u0629 \u062a\u0632\u062c\u064a\u062c \u0627\u0644\u0633\u064a\u0631\u0627\u0645\u064a\u0643 \u0644\u0623\u0637\u0628\u0627\u0642 \u0627\u0644\u0633\u064a\u0631\u0627\u0645\u064a\u0643 \u0623\u0637\u0628\u0627\u0642 \u0627\u0644\u0633\u064a\u0631\u0627\u0645\u064a\u0643 \u0623\u0648\u0639\u064a\u0629 \u0627\u0644\u062a\u0632\u062c\u064a\u062c \u0627\u0644\u062a\u0632\u062c\u064a\u062c\" class=\"wp-image-5966\" title=\"\" srcset=\"https:\/\/yutaimachinery.com\/wp-content\/uploads\/2024\/04\/ceramic-glazing-machine-for-Ceramic-Plates-Bowls-Glaze-Dipping-2.webp 640w, https:\/\/yutaimachinery.com\/wp-content\/uploads\/2024\/04\/ceramic-glazing-machine-for-Ceramic-Plates-Bowls-Glaze-Dipping-2-300x300.webp 300w, https:\/\/yutaimachinery.com\/wp-content\/uploads\/2024\/04\/ceramic-glazing-machine-for-Ceramic-Plates-Bowls-Glaze-Dipping-2-150x150.webp 150w, https:\/\/yutaimachinery.com\/wp-content\/uploads\/2024\/04\/ceramic-glazing-machine-for-Ceramic-Plates-Bowls-Glaze-Dipping-2-12x12.webp 12w, https:\/\/yutaimachinery.com\/wp-content\/uploads\/2024\/04\/ceramic-glazing-machine-for-Ceramic-Plates-Bowls-Glaze-Dipping-2-285x285.webp 285w, https:\/\/yutaimachinery.com\/wp-content\/uploads\/2024\/04\/ceramic-glazing-machine-for-Ceramic-Plates-Bowls-Glaze-Dipping-2-270x270.webp 270w, https:\/\/yutaimachinery.com\/wp-content\/uploads\/2024\/04\/ceramic-glazing-machine-for-Ceramic-Plates-Bowls-Glaze-Dipping-2-540x540.webp 540w\" sizes=\"(max-width: 640px) 100vw, 640px\" \/><\/figure>\n<\/div>\n\n\n\n<div class=\"wp-block-column is-layout-flow wp-block-column-is-layout-flow\">\n<figure class=\"wp-block-image size-full\"><img loading=\"lazy\" decoding=\"async\" width=\"640\" height=\"640\" src=\"https:\/\/yutaimachinery.com\/wp-content\/uploads\/2024\/04\/ceramic-glazing-machine-for-Ceramic-Plates-Bowls-Glaze-Dipping-1.webp\" alt=\"\u0645\u0627\u0643\u064a\u0646\u0629 \u062a\u0632\u062c\u064a\u062c \u0627\u0644\u0633\u064a\u0631\u0627\u0645\u064a\u0643 \u0644\u0623\u0637\u0628\u0627\u0642 \u0627\u0644\u0633\u064a\u0631\u0627\u0645\u064a\u0643 \u0623\u0637\u0628\u0627\u0642 \u0627\u0644\u0633\u064a\u0631\u0627\u0645\u064a\u0643 \u0623\u0648\u0639\u064a\u0629 \u0627\u0644\u062a\u0632\u062c\u064a\u062c \u0627\u0644\u062a\u0632\u062c\u064a\u062c\" class=\"wp-image-5965\" title=\"\" srcset=\"https:\/\/yutaimachinery.com\/wp-content\/uploads\/2024\/04\/ceramic-glazing-machine-for-Ceramic-Plates-Bowls-Glaze-Dipping-1.webp 640w, https:\/\/yutaimachinery.com\/wp-content\/uploads\/2024\/04\/ceramic-glazing-machine-for-Ceramic-Plates-Bowls-Glaze-Dipping-1-300x300.webp 300w, https:\/\/yutaimachinery.com\/wp-content\/uploads\/2024\/04\/ceramic-glazing-machine-for-Ceramic-Plates-Bowls-Glaze-Dipping-1-150x150.webp 150w, https:\/\/yutaimachinery.com\/wp-content\/uploads\/2024\/04\/ceramic-glazing-machine-for-Ceramic-Plates-Bowls-Glaze-Dipping-1-12x12.webp 12w, https:\/\/yutaimachinery.com\/wp-content\/uploads\/2024\/04\/ceramic-glazing-machine-for-Ceramic-Plates-Bowls-Glaze-Dipping-1-285x285.webp 285w, https:\/\/yutaimachinery.com\/wp-content\/uploads\/2024\/04\/ceramic-glazing-machine-for-Ceramic-Plates-Bowls-Glaze-Dipping-1-270x270.webp 270w, https:\/\/yutaimachinery.com\/wp-content\/uploads\/2024\/04\/ceramic-glazing-machine-for-Ceramic-Plates-Bowls-Glaze-Dipping-1-540x540.webp 540w\" sizes=\"(max-width: 640px) 100vw, 640px\" \/><\/figure>\n<\/div>\n<\/div>","protected":false},"excerpt":{"rendered":"<p>\u0622\u0644\u0629 \u0627\u0644\u062a\u0632\u062c\u064a\u062c \u0627\u0644\u0623\u0648\u062a\u0648\u0645\u0627\u062a\u064a\u0643\u064a\u0629 \u0628\u0633\u0639\u0631 \u0627\u0644\u0645\u0635\u0646\u0639 \u0644\u0644\u0623\u0648\u0639\u064a\u0629 \u0627\u0644\u0635\u063a\u064a\u0631\u0629 \u0648\u0627\u0644\u0623\u0643\u0648\u0627\u0628 \u0648\u0627\u0644\u0623\u0637\u0628\u0627\u0642 \u0627\u0644\u0635\u063a\u064a\u0631\u0629 \u0627\u0644\u0645\u0646\u062a\u062c \u0628\u0623\u0643\u0645\u0644\u0647 \u0645\u0646 \u0627\u0644\u062f\u0627\u062e\u0644 \u0648\u0627\u0644\u062e\u0627\u0631\u062c \u0627\u0644\u062a\u0632\u062c\u064a\u062c. \u0639\u0645\u0644\u064a\u0629 \u0628\u0633\u064a\u0637\u0629\u060c \u0645\u0645\u0627 \u064a\u0648\u0641\u0631 \u062a\u0643\u0627\u0644\u064a\u0641 \u0627\u0644\u0639\u0645\u0627\u0644\u0629.<\/p>\n<h2>\u062d\u0644 \u0634\u0627\u0645\u0644 \u0644\u0645\u0627\u0643\u064a\u0646\u0629 \u0627\u0644\u062a\u0632\u062c\u064a\u062c \u0627\u0644\u0623\u0648\u062a\u0648\u0645\u0627\u062a\u064a\u0643\u064a\u0629:<\/h2>\n<ol>\n<li>\n<p>\u0627\u0644\u0645\u0633\u0627\u0639\u062f\u0629 \u0641\u064a \u0627\u0644\u062a\u0631\u0643\u064a\u0628: \u064a\u0645\u0643\u0646\u0646\u064a \u062a\u0642\u062f\u064a\u0645 \u0627\u0644\u0625\u0631\u0634\u0627\u062f \u0648\u0627\u0644\u062f\u0639\u0645 \u0644\u062a\u0631\u0643\u064a\u0628 \u0627\u0644\u0641\u0644\u062a\u0631 \u0627\u0644\u0645\u063a\u0646\u0627\u0637\u064a\u0633\u064a\u060c \u0648\u0627\u0644\u062a\u0623\u0643\u062f \u0645\u0646 \u0625\u0639\u062f\u0627\u062f\u0647 \u0628\u0634\u0643\u0644 \u0635\u062d\u064a\u062d \u0648\u0639\u0645\u0644\u0647 \u0639\u0644\u0649 \u0627\u0644\u0646\u062d\u0648 \u0627\u0644\u0623\u0645\u062b\u0644.<\/p>\n<\/li>\n<li>\u0642\u0637\u0639 \u0627\u0644\u063a\u064a\u0627\u0631: \u0623\u0642\u062f\u0645 \u0645\u062c\u0645\u0648\u0639\u0629 \u0645\u0646 \u0642\u0637\u0639 \u0627\u0644\u063a\u064a\u0627\u0631 \u0644\u0644\u0641\u0644\u062a\u0631 \u0627\u0644\u0645\u063a\u0646\u0627\u0637\u064a\u0633\u064a\u060c \u0645\u0645\u0627 \u064a\u0636\u0645\u0646 \u0627\u0644\u0627\u0633\u062a\u0628\u062f\u0627\u0644 \u0627\u0644\u0633\u0631\u064a\u0639 \u0648\u0627\u0644\u0633\u0647\u0644 \u0639\u0646\u062f \u0627\u0644\u0636\u0631\u0648\u0631\u0629 \u0644\u062a\u0642\u0644\u064a\u0644 \u0648\u0642\u062a \u0627\u0644\u062a\u0639\u0637\u0644 \u0625\u0644\u0649 \u0623\u062f\u0646\u0649 \u062d\u062f \u0645\u0645\u0643\u0646.<\/li>\n<li>\u062f\u0639\u0645 \u0645\u0627 \u0628\u0639\u062f \u0627\u0644\u0628\u064a\u0639: \u0623\u0646\u0627 \u0645\u0644\u062a\u0632\u0645 \u0628\u062a\u0642\u062f\u064a\u0645 \u0627\u0644\u062f\u0639\u0645 \u0648\u0627\u0644\u0645\u0633\u0627\u0639\u062f\u0629 \u0627\u0644\u0645\u0633\u062a\u0645\u0631\u0629 \u0644\u0636\u0645\u0627\u0646 \u0631\u0636\u0627\u0643 \u0639\u0646 \u0627\u0644\u0641\u0644\u062a\u0631 \u0627\u0644\u0645\u063a\u0646\u0627\u0637\u064a\u0633\u064a \u0648\u0633\u0644\u0627\u0633\u0629 \u0627\u0633\u062a\u062e\u062f\u0627\u0645\u0647 \u0639\u0644\u0649 \u062e\u0637 \u0627\u0644\u0625\u0646\u062a\u0627\u062c \u0627\u0644\u062e\u0627\u0635 \u0628\u0643.<\/li>\n<\/ol>","protected":false},"featured_media":3724,"template":"","meta":{"_acf_changed":false},"product_brand":[],"product_cat":[57],"product_tag":[],"class_list":{"0":"post-3722","1":"product","2":"type-product","3":"status-publish","4":"has-post-thumbnail","6":"product_cat-ceramic-glazing-machine","8":"first","9":"instock","10":"shipping-taxable","11":"product-type-simple"},"acf":{"customization_content":"<h2><\/h2>\r\n<div><\/div>","customization_content_source":{"label":"Customization Content","type":"wysiwyg","formatted_value":"<h2><\/h2>\n<div><\/div>\n"},"why_choose_us_content":"<h2 style=\"text-align: center;\">Why Choose Us as Your Automatic Glazing Machine Supplier<\/h2>\r\n\r\n<hr \/>\r\n<p style=\"text-align: center;\">Yutai as a ceramic tableware manufacturer, maintains strict quality standards and excellent service. Revolutionize your manufacturing processes with cutting-edge automation technology that streamlines forming and enhances efficiency.<\/p>","why_choose_us_content_source":{"label":"Why Choose Us Content","type":"wysiwyg","formatted_value":"<h2 style=\"text-align: center;\">Why Choose Us as Your Automatic Glazing Machine Supplier<\/h2>\n<hr \/>\n<p style=\"text-align: center;\">Yutai as a ceramic tableware manufacturer, maintains strict quality standards and excellent service. Revolutionize your manufacturing processes with cutting-edge automation technology that streamlines forming and enhances efficiency.<\/p>\n"}},"_links":{"self":[{"href":"https:\/\/yutaimachinery.com\/ar\/wp-json\/wp\/v2\/product\/3722","targetHints":{"allow":["GET"]}}],"collection":[{"href":"https:\/\/yutaimachinery.com\/ar\/wp-json\/wp\/v2\/product"}],"about":[{"href":"https:\/\/yutaimachinery.com\/ar\/wp-json\/wp\/v2\/types\/product"}],"version-history":[{"count":0,"href":"https:\/\/yutaimachinery.com\/ar\/wp-json\/wp\/v2\/product\/3722\/revisions"}],"wp:featuredmedia":[{"embeddable":true,"href":"https:\/\/yutaimachinery.com\/ar\/wp-json\/wp\/v2\/media\/3724"}],"wp:attachment":[{"href":"https:\/\/yutaimachinery.com\/ar\/wp-json\/wp\/v2\/media?parent=3722"}],"wp:term":[{"taxonomy":"product_brand","embeddable":true,"href":"https:\/\/yutaimachinery.com\/ar\/wp-json\/wp\/v2\/product_brand?post=3722"},{"taxonomy":"product_cat","embeddable":true,"href":"https:\/\/yutaimachinery.com\/ar\/wp-json\/wp\/v2\/product_cat?post=3722"},{"taxonomy":"product_tag","embeddable":true,"href":"https:\/\/yutaimachinery.com\/ar\/wp-json\/wp\/v2\/product_tag?post=3722"}],"curies":[{"name":"\u062f\u0628\u0644\u064a\u0648 \u0628\u064a","href":"https:\/\/api.w.org\/{rel}","templated":true}]}}