{"id":3664,"date":"2024-04-11T15:18:18","date_gmt":"2024-04-11T07:18:18","guid":{"rendered":"https:\/\/yutaimachinery.com\/?post_type=product&#038;p=3664"},"modified":"2024-04-11T20:12:22","modified_gmt":"2024-04-11T12:12:22","slug":"%d8%b7%d8%a7%d8%a8%d8%b9%d8%a9-%d9%88%d8%b3%d8%a7%d8%af%d8%a9-%d8%a7%d9%84%d8%b3%d9%8a%d8%b1%d8%a7%d9%85%d9%8a%d9%83","status":"publish","type":"product","link":"https:\/\/yutaimachinery.com\/ar\/product\/ceramic-pad-printer\/","title":{"rendered":"2-4 \u0623\u0644\u0648\u0627\u0646 \u0637\u0627\u0628\u0639\u0629 \u0648\u0633\u0627\u062f\u0629 \u0633\u064a\u0631\u0627\u0645\u064a\u0643 \u0623\u0648\u062a\u0648\u0645\u0627\u062a\u064a\u0643\u064a\u0629 \u0645\u062e\u0635\u0635\u0629 \u0644\u0644\u0637\u0628\u0627\u0639\u0629 \u0639\u0644\u0649 \u0627\u0644\u0633\u064a\u0631\u0627\u0645\u064a\u0643"},"content":{"rendered":"<div class=\"wp-block-columns is-layout-flex wp-container-core-columns-is-layout-9d6595d7 wp-block-columns-is-layout-flex\">\n<div class=\"wp-block-column is-layout-flow wp-block-column-is-layout-flow\">\n<figure class=\"wp-block-embed is-type-video is-provider-youtube wp-block-embed-youtube wp-embed-aspect-16-9 wp-has-aspect-ratio\"><div class=\"wp-block-embed__wrapper\">\n<iframe title=\"\u0637\u0628\u0627\u0639\u0629 \u0623\u0644\u0648\u0627\u062d \u0627\u0644\u0641\u062e\u0627\u0631\" width=\"940\" height=\"529\" src=\"https:\/\/www.youtube.com\/embed\/TkmTveFmIrY?feature=oembed\" frameborder=\"0\" allow=\"accelerometer; autoplay; clipboard-write; encrypted-media; gyroscope; picture-in-picture; web-share\" referrerpolicy=\"strict-origin-when-cross-origin\" allowfullscreen><\/iframe>\n<\/div><\/figure>\n<\/div>\n\n\n\n<div class=\"wp-block-column is-layout-flow wp-block-column-is-layout-flow\">\n<h2 class=\"wp-block-heading\"><strong>\u0645\u064a\u0632\u0627\u062a \u0637\u0627\u0628\u0639\u0629 \u0627\u0644\u0648\u0633\u0627\u062f\u0629<\/strong><\/h2>\n\n\n\n<p>\u0645\u062a\u0639\u062f\u062f \u0627\u0644\u0627\u0633\u062a\u062e\u062f\u0627\u0645\u0627\u062a: \u0645\u0646\u0627\u0633\u0628\u0629 \u0644\u0644\u0637\u0628\u0627\u0639\u0629 \u0639\u0644\u0649 \u0645\u062c\u0645\u0648\u0639\u0629 \u0645\u062a\u0646\u0648\u0639\u0629 \u0645\u0646 \u0623\u0633\u0637\u062d \u0627\u0644\u0633\u064a\u0631\u0627\u0645\u064a\u0643\u060c \u0628\u0645\u0627 \u0641\u064a \u0630\u0644\u0643 \u0627\u0644\u0623\u0634\u0643\u0627\u0644 \u0627\u0644\u0645\u0633\u0637\u062d\u0629 \u0648\u0627\u0644\u0645\u0646\u062d\u0646\u064a\u0629 \u0648\u063a\u064a\u0631 \u0627\u0644\u0645\u0646\u062a\u0638\u0645\u0629\u060c \u062f\u0627\u062e\u0644 \u0627\u0644\u0633\u064a\u0631\u0627\u0645\u064a\u0643 \u0648\u062e\u0627\u0631\u062c\u0647. \u0648\u064a\u0645\u0643\u0646 \u062a\u0637\u0628\u064a\u0642\u0647\u0627 \u0639\u0644\u0649 \u0623\u0643\u0648\u0627\u0628 \u0627\u0644\u0633\u064a\u0631\u0627\u0645\u064a\u0643 \u0627\u0644\u0645\u0637\u0628\u0648\u0639\u0629 \u0648\u0627\u0644\u0623\u0637\u0628\u0627\u0642 \u0648\u0627\u0644\u0635\u0641\u0627\u0626\u062d \u0648\u0627\u0644\u0636\u0631\u0628\u0627\u062a \u0648\u0623\u064a \u0623\u0637\u0628\u0627\u0642.<\/p>\n\n\n\n<p>\u0637\u0628\u0627\u0639\u0629 \u0645\u062a\u0639\u062f\u062f\u0629 \u0627\u0644\u0623\u0644\u0648\u0627\u0646 \u0648\u0642\u0627\u0628\u0644\u0629 \u0644\u0644\u062a\u062e\u0635\u064a\u0635: \u062a\u062f\u0639\u0645 \u0625\u0645\u0643\u0627\u0646\u0627\u062a \u0627\u0644\u0637\u0628\u0627\u0639\u0629 \u0645\u062a\u0639\u062f\u062f\u0629 \u0627\u0644\u0623\u0644\u0648\u0627\u0646\u060c \u0628\u0645\u0627 \u0641\u064a \u0630\u0644\u0643 \u062e\u064a\u0627\u0631\u0627\u062a \u0627\u0644\u0637\u0628\u0627\u0639\u0629 \u0628\u0644\u0648\u0646\u064a\u0646 \u06484 \u0623\u0644\u0648\u0627\u0646. \u0628\u0627\u0644\u0625\u0636\u0627\u0641\u0629 \u0625\u0644\u0649 \u062a\u0635\u0645\u064a\u0645\u0627\u062a \u0648\u0623\u0646\u0645\u0627\u0637 \u0637\u0628\u0627\u0639\u0629 \u0642\u0627\u0628\u0644\u0629 \u0644\u0644\u062a\u062e\u0635\u064a\u0635 \u0644\u062a\u0644\u0628\u064a\u0629 \u0645\u062a\u0637\u0644\u0628\u0627\u062a \u0627\u0644\u0639\u0645\u0644\u0627\u0621 \u0648\u0627\u062a\u062c\u0627\u0647\u0627\u062a \u0627\u0644\u0633\u0648\u0642.<\/p>\n<\/div>\n<\/div>\n\n\n\n<div class=\"wp-block-columns is-layout-flex wp-container-core-columns-is-layout-9d6595d7 wp-block-columns-is-layout-flex\">\n<div class=\"wp-block-column is-layout-flow wp-block-column-is-layout-flow\"><div class=\"wp-block-image\">\n<figure class=\"aligncenter size-full is-resized\"><img fetchpriority=\"high\" decoding=\"async\" width=\"1276\" height=\"1276\" src=\"https:\/\/yutaimachinery.com\/wp-content\/uploads\/2024\/04\/pad-printer5.webp\" alt=\"\u0637\u0627\u0628\u0639\u0629 \u0627\u0644\u0648\u0633\u0627\u062f\u0629\" class=\"wp-image-3674\" style=\"width:404px;height:auto\" title=\"\" srcset=\"https:\/\/yutaimachinery.com\/wp-content\/uploads\/2024\/04\/pad-printer5.webp 1276w, https:\/\/yutaimachinery.com\/wp-content\/uploads\/2024\/04\/pad-printer5-300x300.webp 300w, https:\/\/yutaimachinery.com\/wp-content\/uploads\/2024\/04\/pad-printer5-150x150.webp 150w, https:\/\/yutaimachinery.com\/wp-content\/uploads\/2024\/04\/pad-printer5-768x768.webp 768w, https:\/\/yutaimachinery.com\/wp-content\/uploads\/2024\/04\/pad-printer5-285x285.webp 285w, https:\/\/yutaimachinery.com\/wp-content\/uploads\/2024\/04\/pad-printer5-270x270.webp 270w, https:\/\/yutaimachinery.com\/wp-content\/uploads\/2024\/04\/pad-printer5-540x540.webp 540w, https:\/\/yutaimachinery.com\/wp-content\/uploads\/2024\/04\/pad-printer5-660x660.webp 660w\" sizes=\"(max-width: 1276px) 100vw, 1276px\" \/><\/figure>\n<\/div><\/div>\n\n\n\n<div class=\"wp-block-column is-layout-flow wp-block-column-is-layout-flow\">\n<h2 class=\"wp-block-heading\"><strong>\u0645\u0639\u0644\u0645\u0629 \u0637\u0627\u0628\u0639\u0629 \u0627\u0644\u0648\u0633\u0627\u062f\u0629<\/strong><\/h2>\n\n\n\n<figure class=\"wp-block-table\"><table><tbody><tr><td>\u0627\u0644\u0637\u0631\u0627\u0632<\/td><td>2 \u0623\u0644\u0648\u0627\u0646<\/td><td>4 \u0623\u0644\u0648\u0627\u0646<\/td><td><\/td><\/tr><tr><td>\u0637\u0628\u0627\u0639\u0629 \u0639\u0627\u0644\u064a\u0629<\/td><td>25-35 \u0633\u0645<\/td><td>25-35 \u0633\u0645<\/td><td><\/td><\/tr><tr><td>\u0627\u0644\u062d\u062f \u0627\u0644\u0623\u0642\u0635\u0649 \u0644\u0645\u0633\u0627\u062d\u0629 \u0627\u0644\u0637\u0628\u0627\u0639\u0629<\/td><td>40 \u00d7 40 \u0633\u0645<\/td><td>40 \u00d7 40 \u0633\u0645<\/td><td><\/td><\/tr><tr><td>\u062d\u062c\u0645 \u0644\u0648\u062d\u0629 \u0627\u0644\u062d\u0628\u0631<\/td><td>75 \u00d7 55 \u0633\u0645<\/td><td>75 \u00d7 55 \u0633\u0645<\/td><td><\/td><\/tr><tr><td>\u0627\u0644\u0637\u0627\u0642\u0629 (\u0643\u064a\u0644\u0648\u0648\u0627\u0637)<\/td><td>1.5 \u0643\u064a\u0644\u0648 \u0648\u0627\u0637\/22 \u0641\u0648\u0644\u062a<\/td><td>1.5 \u0643\u064a\u0644\u0648\u0648\u0627\u0637<\/td><td><\/td><\/tr><tr><td>\u0627\u0644\u0623\u0628\u0639\u0627\u062f (\u0627\u0644\u0637\u0648\u0644 \u00d7 \u00d7\u00d7\u00d7\u0627\u0644\u0633\u0627\u0639\u0629)<\/td><td>200 \u00d7 65 \u00d7 220 \u0633\u0645 (\u0627\u0631\u062a\u0641\u0627\u0639 200 \u00d7 65 \u00d7 220 \u0633\u0645)<\/td><td>220 \u00d7 130 \u00d7 220 \u0633\u0645 (\u0627\u0631\u062a\u0641\u0627\u0639 220 \u0633\u0645)<\/td><td><\/td><\/tr><tr><td>\u0627\u0644\u0633\u0631\u0639\u0629<\/td><td>600-800 \u0642\u0637\u0639\u0629\/\u0633\u0627\u0639\u0629<\/td><td>600-800 \u0642\u0637\u0639\u0629\/\u0633\u0627\u0639\u0629<\/td><td><\/td><\/tr><tr><td>\u0627\u0644\u0648\u0632\u0646 (\u0628\u0627\u0644\u0643\u064a\u0644\u0648\u063a\u0631\u0627\u0645\u0627\u062a)<\/td><td>500 \u0643\u062c\u0645<\/td><td>1200 \u0643\u062c\u0645<\/td><td><\/td><\/tr><\/tbody><\/table><\/figure>\n<\/div>\n<\/div>","protected":false},"excerpt":{"rendered":"<p>\u0645\u0627\u0643\u064a\u0646\u0629 \u0637\u0628\u0627\u0639\u0629 \u0627\u0644\u0648\u0633\u0627\u062f\u0629 \u0627\u0644\u062e\u0632\u0641\u064a\u0629 \u0628\u062e\u064a\u0627\u0631\u0627\u062a \u0623\u0644\u0648\u0627\u0646 2-4\u060c \u0645\u0646\u0627\u0633\u0628\u0629 \u0644\u0644\u0623\u0643\u0648\u0627\u0628 \u0627\u0644\u062e\u0632\u0641\u064a\u0629 \u0648\u0627\u0644\u0623\u0648\u0639\u064a\u0629 \u0648\u0637\u0628\u0627\u0639\u0629 \u0627\u0644\u0623\u0644\u0648\u0627\u062d. \u0646\u062d\u0646 \u0646\u0642\u062f\u0645 \u0623\u0633\u0639\u0627\u0631 \u0627\u0644\u0645\u0635\u0646\u0639 \u0648\u0627\u0644\u062e\u062f\u0645\u0627\u062a \u0627\u0644\u0641\u0646\u064a\u0629 \u0627\u0644\u0645\u062e\u0635\u0635\u0629 \u0644\u0643.<\/p>\n<h2>\u062d\u0644 \u0634\u0627\u0645\u0644 \u0644\u0637\u0627\u0628\u0639\u0629 \u0627\u0644\u0648\u0633\u0627\u062f\u0629 :<\/h2>\n<ol>\n<li>\u0627\u0644\u062a\u062e\u0635\u064a\u0635: \u062f\u0639\u0645 \u0642\u0637\u0639 \u063a\u064a\u0627\u0631 \u0627\u0644\u0645\u0639\u062f\u0627\u062a \u0627\u0644\u0645\u062e\u0635\u0635\u0629\u060c \u0648\u0627\u0644\u0645\u0644\u062d\u0642\u0627\u062a \u0627\u0644\u0645\u062e\u0635\u0635\u0629\u060c \u0648\u0627\u0644\u062a\u0637\u0628\u064a\u0642\u0627\u062a \u0627\u0644\u0645\u062e\u0635\u0635\u0629<\/li>\n<li>\u062f\u0639\u0645 \u0645\u0634\u0648\u0631\u0629 \u062a\u062e\u0637\u064a\u0637 \u0627\u0644\u062f\u0639\u0645:  \u0648\u0641\u0642\u064b\u0627 \u0644\u0645\u0646\u0637\u0642\u0629 \u0627\u0644\u0645\u0635\u0646\u0639\u060c \u0648\u062e\u0637\u0629 \u0627\u0644\u0625\u0646\u062a\u0627\u062c\u060c \u0648\u0627\u0633\u062a\u062b\u0645\u0627\u0631 \u0631\u0623\u0633 \u0627\u0644\u0645\u0627\u0644\u060c \u062a\u0642\u062f\u064a\u0645 \u0627\u0644\u0645\u0634\u0648\u0631\u0629 \u0627\u0644\u0645\u0647\u0646\u064a\u0629 \u0644\u062a\u062e\u0637\u064a\u0637 \u0645\u0639\u062f\u0627\u062a \u0627\u0644\u0637\u0628\u0627\u0639\u0629.<\/li>\n<li>\u0627\u0644\u062f\u0639\u0645 \u0627\u0644\u0641\u0646\u064a: \u0646\u0642\u062f\u0645 \u0627\u0644\u062f\u0639\u0645 \u0627\u0644\u0641\u0646\u064a \u0627\u0644\u0645\u0633\u062a\u0645\u0631 \u0644\u0645\u0639\u0627\u0644\u062c\u0629 \u0623\u064a \u0645\u0634\u0627\u0643\u0644 \u0623\u0648 \u0623\u0633\u0626\u0644\u0629 \u0642\u062f \u062a\u0637\u0631\u0623 \u0623\u062b\u0646\u0627\u0621 \u062a\u0634\u063a\u064a\u0644 \u0627\u0644\u0645\u0627\u0643\u064a\u0646\u0629.<\/li>\n<\/ol>","protected":false},"featured_media":3674,"template":"","meta":{"_acf_changed":false},"product_brand":[],"product_cat":[59],"product_tag":[73],"class_list":{"0":"post-3664","1":"product","2":"type-product","3":"status-publish","4":"has-post-thumbnail","6":"product_cat-ceramic-printing-machine","7":"product_tag-pad-printer","9":"first","10":"instock","11":"shipping-taxable","12":"product-type-simple"},"acf":{"customization_content":"<h2><\/h2>\r\n<div><\/div>","customization_content_source":{"label":"Customization Content","type":"wysiwyg","formatted_value":"<h2><\/h2>\n<div><\/div>\n"},"why_choose_us_content":"<h2 style=\"text-align: center;\">Why Choose Us as Your Pad Printer Supplier<\/h2>\r\n\r\n<hr \/>\r\n<p style=\"text-align: center;\">Yutai as a ceramic tableware manufacturer, maintains strict quality standards and excellent service. Revolutionize your manufacturing processes with cutting-edge automation technology that streamlines forming and enhances efficiency.<\/p>","why_choose_us_content_source":{"label":"Why Choose Us Content","type":"wysiwyg","formatted_value":"<h2 style=\"text-align: center;\">Why Choose Us as Your Pad Printer Supplier<\/h2>\n<hr \/>\n<p style=\"text-align: center;\">Yutai as a ceramic tableware manufacturer, maintains strict quality standards and excellent service. Revolutionize your manufacturing processes with cutting-edge automation technology that streamlines forming and enhances efficiency.<\/p>\n"}},"_links":{"self":[{"href":"https:\/\/yutaimachinery.com\/ar\/wp-json\/wp\/v2\/product\/3664","targetHints":{"allow":["GET"]}}],"collection":[{"href":"https:\/\/yutaimachinery.com\/ar\/wp-json\/wp\/v2\/product"}],"about":[{"href":"https:\/\/yutaimachinery.com\/ar\/wp-json\/wp\/v2\/types\/product"}],"version-history":[{"count":0,"href":"https:\/\/yutaimachinery.com\/ar\/wp-json\/wp\/v2\/product\/3664\/revisions"}],"wp:featuredmedia":[{"embeddable":true,"href":"https:\/\/yutaimachinery.com\/ar\/wp-json\/wp\/v2\/media\/3674"}],"wp:attachment":[{"href":"https:\/\/yutaimachinery.com\/ar\/wp-json\/wp\/v2\/media?parent=3664"}],"wp:term":[{"taxonomy":"product_brand","embeddable":true,"href":"https:\/\/yutaimachinery.com\/ar\/wp-json\/wp\/v2\/product_brand?post=3664"},{"taxonomy":"product_cat","embeddable":true,"href":"https:\/\/yutaimachinery.com\/ar\/wp-json\/wp\/v2\/product_cat?post=3664"},{"taxonomy":"product_tag","embeddable":true,"href":"https:\/\/yutaimachinery.com\/ar\/wp-json\/wp\/v2\/product_tag?post=3664"}],"curies":[{"name":"\u062f\u0628\u0644\u064a\u0648 \u0628\u064a","href":"https:\/\/api.w.org\/{rel}","templated":true}]}}