{"id":3630,"date":"2024-04-09T14:44:12","date_gmt":"2024-04-09T06:44:12","guid":{"rendered":"https:\/\/yutaimachinery.com\/?post_type=product&#038;p=3630"},"modified":"2024-04-16T16:35:25","modified_gmt":"2024-04-16T08:35:25","slug":"ceramic-glazing-wiping-machine","status":"publish","type":"product","link":"https:\/\/yutaimachinery.com\/ar\/product\/ceramic-glazing-wiping-machine\/","title":{"rendered":"\u0622\u0644\u0629 \u0645\u0633\u062d \u0632\u062c\u0627\u062c \u0627\u0644\u0633\u064a\u0631\u0627\u0645\u064a\u0643 \u0628\u0627\u0644\u062c\u0645\u0644\u0629 \u0644\u0625\u0633\u0641\u0646\u062c\u0629 \u062a\u0646\u0638\u064a\u0641 \u0627\u0644\u0642\u0627\u0639"},"content":{"rendered":"<div class=\"wp-block-columns is-layout-flex wp-container-core-columns-is-layout-9d6595d7 wp-block-columns-is-layout-flex\">\n<div class=\"wp-block-column is-layout-flow wp-block-column-is-layout-flow\">\n<h2 class=\"wp-block-heading\">\u0645\u0639\u0644\u0645\u0629 \u0645\u0627\u0643\u064a\u0646\u0629 \u0645\u0633\u062d \u0627\u0644\u0632\u062c\u0627\u062c \u0627\u0644\u062e\u0632\u0641\u064a<\/h2>\n\n\n\n<figure class=\"wp-block-table\"><table><tbody><tr><td>\u0627\u0644\u0637\u0631\u0627\u0632<\/td><td>\u0645\u0642\u0627\u0633 \u0627\u0644\u062d\u0632\u0627\u0645 \u0633\u0645<\/td><td>\u0627\u0644\u0623\u0628\u0639\u0627\u062f (\u0627\u0644\u0637\u0648\u0644 \u00d7 \u00d7\u00d7\u00d7\u0627\u0644\u0633\u0627\u0639\u0629)<\/td><td>\u0627\u0644\u0644\u0648\u0646<\/td><\/tr><tr><td>\u062d\u0632\u0627\u0645 \u0648\u0627\u062d\u062f<\/td><td>30 \u00d7 90 \u0633\u0645<\/td><td>55 \u00d7 100 \u00d7 100 \u00d7 90 \u0633\u0645 (\u0627\u0631\u062a\u0641\u0627\u0639)<\/td><td>\u0628\u0631\u062a\u0642\u0627\u0644\u064a<\/td><\/tr><tr><td>\u062d\u0632\u0627\u0645 \u0645\u0632\u062f\u0648\u062c<\/td><td>40 \u00d7 90 \u0633\u0645<\/td><td>65\u00d7100\u00d790 \u0633\u0645<\/td><td>\u0623\u0633\u0648\u062f<\/td><\/tr><\/tbody><\/table><\/figure>\n<\/div>\n\n\n\n<div class=\"wp-block-column is-layout-flow wp-block-column-is-layout-flow\">\n<h2 class=\"wp-block-heading\"><strong>\u0645\u064a\u0632\u0627\u062a \u0645\u0627\u0643\u064a\u0646\u0629 \u0645\u0633\u062d \u0627\u0644\u0632\u062c\u0627\u062c \u0627\u0644\u062e\u0632\u0641\u064a<\/strong><\/h2>\n\n\n\n<p>\u062d\u0632\u0627\u0645 \u0646\u0627\u0642\u0644 \u0625\u0633\u0641\u0646\u062c\u064a \u0644\u0625\u0632\u0627\u0644\u0629 \u0627\u0644\u0635\u0642\u064a\u0644 \u0628\u0643\u0641\u0627\u0621\u0629: \u064a\u062a\u0645\u064a\u0632 \u0627\u0644\u062d\u0632\u0627\u0645 \u0627\u0644\u0646\u0627\u0642\u0644 \u0628\u0625\u0633\u0641\u0646\u062c\u0629 \u0639\u0627\u0644\u064a\u0629 \u0627\u0644\u062c\u0648\u062f\u0629 \u064a\u0645\u0643\u0646\u0647\u0627 \u0625\u0632\u0627\u0644\u0629 \u0627\u0644\u0635\u0642\u064a\u0644 \u0627\u0644\u0632\u0627\u0626\u062f \u0645\u0646 \u0642\u064a\u0639\u0627\u0646 \u0645\u0646\u062a\u062c\u0627\u062a \u0627\u0644\u0633\u064a\u0631\u0627\u0645\u064a\u0643 \u0628\u0639\u062f \u0627\u0644\u062a\u0632\u062c\u064a\u062c\u060c \u0645\u0645\u0627 \u064a\u0636\u0645\u0646 \u062a\u0634\u0637\u064a\u0628\u0627\u062a \u0646\u0638\u064a\u0641\u0629 \u0648\u0633\u0644\u0633\u0629.<\/p>\n\n\n\n<p>\u0648\u0638\u064a\u0641\u0629 \u0627\u0644\u062a\u0646\u0638\u064a\u0641 \u0627\u0644\u0630\u0627\u062a\u064a: \u062a\u062a\u0645\u064a\u0632 \u0627\u0644\u0625\u0633\u0641\u0646\u062c\u0629 \u0628\u0648\u0638\u064a\u0641\u0629 \u0627\u0644\u062a\u0646\u0638\u064a\u0641 \u0627\u0644\u0630\u0627\u062a\u064a\u060c \u062d\u064a\u062b \u062a\u0642\u0648\u0645 \u0628\u0634\u0637\u0641 \u0628\u0642\u0627\u064a\u0627 \u0627\u0644\u062a\u0632\u062c\u064a\u062c \u0628\u0627\u0633\u062a\u0645\u0631\u0627\u0631 \u0623\u062b\u0646\u0627\u0621 \u0627\u0644\u062a\u0634\u063a\u064a\u0644 \u0644\u0644\u062d\u0641\u0627\u0638 \u0639\u0644\u0649 \u0623\u062f\u0627\u0621 \u0627\u0644\u0645\u0633\u062d \u0627\u0644\u0623\u0645\u062b\u0644.<\/p>\n\n\n\n<p>\u062a\u0637\u0628\u064a\u0642 \u0645\u062a\u0639\u062f\u062f \u0627\u0644\u0627\u0633\u062a\u062e\u062f\u0627\u0645\u0627\u062a: \u0627\u0644\u0645\u0627\u0643\u064a\u0646\u0629 \u0645\u0646\u0627\u0633\u0628\u0629 \u0644\u0623\u0646\u0648\u0627\u0639 \u0648\u0623\u062d\u062c\u0627\u0645 \u0645\u062e\u062a\u0644\u0641\u0629 \u0645\u0646 \u0645\u0646\u062a\u062c\u0627\u062a \u0627\u0644\u0633\u064a\u0631\u0627\u0645\u064a\u0643\u060c \u0645\u0645\u0627 \u064a\u0648\u0641\u0631 \u062a\u0646\u0648\u0639\u064b\u0627 \u0641\u064a \u0625\u0632\u0627\u0644\u0629 \u0627\u0644\u062a\u0632\u062c\u064a\u062c \u0644\u0645\u062a\u0637\u0644\u0628\u0627\u062a \u0627\u0644\u0625\u0646\u062a\u0627\u062c \u0627\u0644\u0645\u062e\u062a\u0644\u0641\u0629.<\/p>\n<\/div>\n<\/div>\n\n\n\n<div class=\"wp-block-columns is-layout-flex wp-container-core-columns-is-layout-9d6595d7 wp-block-columns-is-layout-flex\">\n<div class=\"wp-block-column is-layout-flow wp-block-column-is-layout-flow\">\n<div class=\"wp-block-columns is-layout-flex wp-container-core-columns-is-layout-9d6595d7 wp-block-columns-is-layout-flex\">\n<div class=\"wp-block-column is-layout-flow wp-block-column-is-layout-flow\" style=\"flex-basis:100%\">\n<div class=\"wp-block-columns is-layout-flex wp-container-core-columns-is-layout-9d6595d7 wp-block-columns-is-layout-flex\">\n<div class=\"wp-block-column is-layout-flow wp-block-column-is-layout-flow\">\n<figure class=\"wp-block-image size-full\"><img fetchpriority=\"high\" decoding=\"async\" width=\"1170\" height=\"1170\" src=\"https:\/\/yutaimachinery.com\/wp-content\/uploads\/2024\/04\/Wiping-Machine-for-Ceramic-Glazing-Wiping3.webp\" alt=\"\u0645\u0627\u0643\u064a\u0646\u0629 \u0645\u0633\u062d \u0632\u062c\u0627\u062c \u0627\u0644\u0633\u064a\u0631\u0627\u0645\u064a\u0643\" class=\"wp-image-3631\" title=\"\" srcset=\"https:\/\/yutaimachinery.com\/wp-content\/uploads\/2024\/04\/Wiping-Machine-for-Ceramic-Glazing-Wiping3.webp 1170w, https:\/\/yutaimachinery.com\/wp-content\/uploads\/2024\/04\/Wiping-Machine-for-Ceramic-Glazing-Wiping3-300x300.webp 300w, https:\/\/yutaimachinery.com\/wp-content\/uploads\/2024\/04\/Wiping-Machine-for-Ceramic-Glazing-Wiping3-150x150.webp 150w, https:\/\/yutaimachinery.com\/wp-content\/uploads\/2024\/04\/Wiping-Machine-for-Ceramic-Glazing-Wiping3-768x768.webp 768w, https:\/\/yutaimachinery.com\/wp-content\/uploads\/2024\/04\/Wiping-Machine-for-Ceramic-Glazing-Wiping3-285x285.webp 285w, https:\/\/yutaimachinery.com\/wp-content\/uploads\/2024\/04\/Wiping-Machine-for-Ceramic-Glazing-Wiping3-270x270.webp 270w, https:\/\/yutaimachinery.com\/wp-content\/uploads\/2024\/04\/Wiping-Machine-for-Ceramic-Glazing-Wiping3-540x540.webp 540w, https:\/\/yutaimachinery.com\/wp-content\/uploads\/2024\/04\/Wiping-Machine-for-Ceramic-Glazing-Wiping3-660x660.webp 660w\" sizes=\"(max-width: 1170px) 100vw, 1170px\" \/><\/figure>\n<\/div>\n\n\n\n<div class=\"wp-block-column is-layout-flow wp-block-column-is-layout-flow\">\n<figure class=\"wp-block-image size-full\"><img decoding=\"async\" width=\"1080\" height=\"1080\" src=\"https:\/\/yutaimachinery.com\/wp-content\/uploads\/2024\/04\/Ceramic-Glazing-Wiping-Machine2.webp\" alt=\"\u0645\u0627\u0643\u064a\u0646\u0629 \u0645\u0633\u062d \u0632\u062c\u0627\u062c \u0627\u0644\u0633\u064a\u0631\u0627\u0645\u064a\u0643\" class=\"wp-image-3636\" title=\"\" srcset=\"https:\/\/yutaimachinery.com\/wp-content\/uploads\/2024\/04\/Ceramic-Glazing-Wiping-Machine2.webp 1080w, https:\/\/yutaimachinery.com\/wp-content\/uploads\/2024\/04\/Ceramic-Glazing-Wiping-Machine2-300x300.webp 300w, https:\/\/yutaimachinery.com\/wp-content\/uploads\/2024\/04\/Ceramic-Glazing-Wiping-Machine2-150x150.webp 150w, https:\/\/yutaimachinery.com\/wp-content\/uploads\/2024\/04\/Ceramic-Glazing-Wiping-Machine2-768x768.webp 768w, https:\/\/yutaimachinery.com\/wp-content\/uploads\/2024\/04\/Ceramic-Glazing-Wiping-Machine2-285x285.webp 285w, https:\/\/yutaimachinery.com\/wp-content\/uploads\/2024\/04\/Ceramic-Glazing-Wiping-Machine2-270x270.webp 270w, https:\/\/yutaimachinery.com\/wp-content\/uploads\/2024\/04\/Ceramic-Glazing-Wiping-Machine2-540x540.webp 540w, https:\/\/yutaimachinery.com\/wp-content\/uploads\/2024\/04\/Ceramic-Glazing-Wiping-Machine2-660x660.webp 660w\" sizes=\"(max-width: 1080px) 100vw, 1080px\" \/><\/figure>\n<\/div>\n\n\n\n<div class=\"wp-block-column is-layout-flow wp-block-column-is-layout-flow\">\n<figure class=\"wp-block-image size-full\"><img decoding=\"async\" width=\"1080\" height=\"1080\" src=\"https:\/\/yutaimachinery.com\/wp-content\/uploads\/2024\/04\/Wiping-Machine-for-Ceramic-Glazing-Wiping2.webp\" alt=\"\u0645\u0627\u0643\u064a\u0646\u0629 \u0645\u0633\u062d \u0632\u062c\u0627\u062c \u0627\u0644\u0633\u064a\u0631\u0627\u0645\u064a\u0643\" class=\"wp-image-3632\" title=\"\" srcset=\"https:\/\/yutaimachinery.com\/wp-content\/uploads\/2024\/04\/Wiping-Machine-for-Ceramic-Glazing-Wiping2.webp 1080w, https:\/\/yutaimachinery.com\/wp-content\/uploads\/2024\/04\/Wiping-Machine-for-Ceramic-Glazing-Wiping2-300x300.webp 300w, https:\/\/yutaimachinery.com\/wp-content\/uploads\/2024\/04\/Wiping-Machine-for-Ceramic-Glazing-Wiping2-150x150.webp 150w, https:\/\/yutaimachinery.com\/wp-content\/uploads\/2024\/04\/Wiping-Machine-for-Ceramic-Glazing-Wiping2-768x768.webp 768w, https:\/\/yutaimachinery.com\/wp-content\/uploads\/2024\/04\/Wiping-Machine-for-Ceramic-Glazing-Wiping2-285x285.webp 285w, https:\/\/yutaimachinery.com\/wp-content\/uploads\/2024\/04\/Wiping-Machine-for-Ceramic-Glazing-Wiping2-270x270.webp 270w, https:\/\/yutaimachinery.com\/wp-content\/uploads\/2024\/04\/Wiping-Machine-for-Ceramic-Glazing-Wiping2-540x540.webp 540w, https:\/\/yutaimachinery.com\/wp-content\/uploads\/2024\/04\/Wiping-Machine-for-Ceramic-Glazing-Wiping2-660x660.webp 660w\" sizes=\"(max-width: 1080px) 100vw, 1080px\" \/><\/figure>\n<\/div>\n<\/div>\n<\/div>\n<\/div>\n<\/div>\n<\/div>","protected":false},"excerpt":{"rendered":"<p>\u064a\u0648\u0641\u0631 \u0627\u0644\u0645\u0635\u0646\u0639 \u0645\u0628\u0627\u0634\u0631\u0629 \u0623\u0633\u0639\u0627\u0631 \u0627\u0644\u0645\u0635\u0646\u0639 \u0628\u0627\u0644\u062c\u0645\u0644\u0629. \u062a\u0633\u062a\u062e\u062f\u0645 \u0622\u0644\u0629 \u0645\u0633\u062d \u0627\u0644\u0633\u064a\u0631\u0627\u0645\u064a\u0643 \u0627\u0644\u0645\u0632\u062c\u062c \u0625\u0633\u0641\u0646\u062c\u0629 \u0639\u0627\u0644\u064a\u0629 \u0627\u0644\u062c\u0648\u062f\u0629 \u0644\u062a\u0646\u0638\u064a\u0641 \u0627\u0644\u0642\u0627\u0639. \u062a\u062a\u0645\u064a\u0632 \u0625\u0633\u0641\u0646\u062c\u0629 \u0627\u0644\u062a\u0634\u063a\u064a\u0644 \u0628\u0648\u0638\u064a\u0641\u0629 \u0627\u0644\u062a\u0646\u0638\u064a\u0641 \u0627\u0644\u0630\u0627\u062a\u064a \u0644\u062f\u064a\u0647\u0627 \u062d\u0632\u0627\u0645 \u0648\u0627\u062d\u062f \u0648\u062d\u0632\u0627\u0645 \u0645\u0632\u062f\u0648\u062c.<\/p>\n<h2>\u062d\u0644 \u0634\u0627\u0645\u0644 \u0644\u0640 \u062c<strong>\u0645\u0627\u0643\u064a\u0646\u0629 \u0645\u0633\u062d \u0627\u0644\u0632\u062c\u0627\u062c \u0627\u0644\u0623\u064a\u0631\u0627\u0645\u064a\u0643\u064a<\/strong> :<\/h2>\n<ol>\n<li>\u062a\u0635\u0645\u064a\u0645 \u0645\u062e\u0635\u0635: \u0646\u062d\u0646 \u0646\u0642\u062f\u0645 \u062d\u0644\u0648\u0644 \u062a\u0635\u0645\u064a\u0645 \u0645\u0635\u0645\u0645\u0629 \u062e\u0635\u064a\u0635\u064b\u0627 \u0644\u062a\u0644\u0628\u064a\u0629 \u0627\u0644\u0627\u062d\u062a\u064a\u0627\u062c\u0627\u062a \u0627\u0644\u0645\u062d\u062f\u062f\u0629 \u0648\u0645\u062a\u0637\u0644\u0628\u0627\u062a \u0627\u0644\u0625\u0646\u062a\u0627\u062c \u0644\u0639\u0645\u0644\u0627\u0626\u0646\u0627\u060c \u0645\u0645\u0627 \u064a\u0636\u0645\u0646 \u0627\u0644\u062a\u0643\u0627\u0645\u0644 \u0627\u0644\u0633\u0644\u0633 \u0644\u0644\u0645\u0646\u062a\u062c \u0645\u0639 \u062e\u0637 \u0627\u0644\u0625\u0646\u062a\u0627\u062c \u0627\u0644\u062e\u0627\u0635 \u0628\u0647\u0645.<\/li>\n<li>\u0627\u0644\u062f\u0639\u0645 \u0627\u0644\u0641\u0646\u064a \u0648\u0627\u0644\u062a\u062f\u0631\u064a\u0628 \u0639\u0644\u0649 \u0627\u0644\u062a\u0634\u063a\u064a\u0644: \u0646\u0642\u062f\u0645 \u0627\u0644\u062f\u0639\u0645 \u0627\u0644\u0641\u0646\u064a \u0648\u0627\u0644\u062a\u062f\u0631\u064a\u0628 \u0639\u0644\u0649 \u0627\u0644\u062a\u0634\u063a\u064a\u0644 \u0639\u0644\u0649 \u0645\u062f\u0627\u0631 \u0627\u0644\u0633\u0627\u0639\u0629 \u0644\u0636\u0645\u0627\u0646 \u0641\u0647\u0645 \u0627\u0644\u0639\u0645\u0644\u0627\u0621 \u0644\u0637\u0631\u0642 \u062a\u0634\u063a\u064a\u0644 \u0627\u0644\u0645\u0639\u062f\u0627\u062a \u0648\u062a\u0642\u0646\u064a\u0627\u062a \u0627\u0644\u0635\u064a\u0627\u0646\u0629.<\/li>\n<li>\u062a\u0648\u0631\u064a\u062f \u0642\u0637\u0639 \u0627\u0644\u063a\u064a\u0627\u0631: \u0646\u0642\u0648\u0645 \u0628\u062a\u0648\u0631\u064a\u062f \u0627\u0644\u0645\u0643\u0648\u0646\u0627\u062a \u0648\u0642\u0637\u0639 \u0627\u0644\u063a\u064a\u0627\u0631 \u0627\u0644\u0644\u0627\u0632\u0645\u0629 \u0644\u0644\u0645\u0639\u062f\u0627\u062a\u060c \u0645\u0645\u0627 \u064a\u0636\u0645\u0646 \u0627\u0644\u062a\u0634\u063a\u064a\u0644 \u0627\u0644\u0645\u0633\u062a\u0642\u0631 \u0639\u0644\u0649 \u0627\u0644\u0645\u062f\u0649 \u0627\u0644\u0637\u0648\u064a\u0644.<\/li>\n<\/ol>","protected":false},"featured_media":3634,"template":"","meta":{"_acf_changed":false},"product_brand":[],"product_cat":[57],"product_tag":[69],"class_list":{"0":"post-3630","1":"product","2":"type-product","3":"status-publish","4":"has-post-thumbnail","6":"product_cat-ceramic-glazing-machine","7":"product_tag-ceramic-glazing-wiping-machine","9":"first","10":"instock","11":"shipping-taxable","12":"product-type-simple"},"acf":{"customization_content":"<h2><\/h2>\r\n<div><\/div>","customization_content_source":{"label":"Customization Content","type":"wysiwyg","formatted_value":"<h2><\/h2>\n<div><\/div>\n"},"why_choose_us_content":"<h2 style=\"text-align: center;\">Why Choose Us as Your Glazing Wiping Machine\u00a0Supplier<\/h2>\r\n\r\n<hr \/>\r\n<p style=\"text-align: center;\">Yutai as a ceramic tableware manufacturer, maintains strict quality standards and excellent service. Revolutionize your manufacturing processes with cutting-edge automation technology that streamlines forming and enhances efficiency.<\/p>","why_choose_us_content_source":{"label":"Why Choose Us Content","type":"wysiwyg","formatted_value":"<h2 style=\"text-align: center;\">Why Choose Us as Your Glazing Wiping Machine\u00a0Supplier<\/h2>\n<hr \/>\n<p style=\"text-align: center;\">Yutai as a ceramic tableware manufacturer, maintains strict quality standards and excellent service. Revolutionize your manufacturing processes with cutting-edge automation technology that streamlines forming and enhances efficiency.<\/p>\n"}},"_links":{"self":[{"href":"https:\/\/yutaimachinery.com\/ar\/wp-json\/wp\/v2\/product\/3630","targetHints":{"allow":["GET"]}}],"collection":[{"href":"https:\/\/yutaimachinery.com\/ar\/wp-json\/wp\/v2\/product"}],"about":[{"href":"https:\/\/yutaimachinery.com\/ar\/wp-json\/wp\/v2\/types\/product"}],"version-history":[{"count":0,"href":"https:\/\/yutaimachinery.com\/ar\/wp-json\/wp\/v2\/product\/3630\/revisions"}],"wp:featuredmedia":[{"embeddable":true,"href":"https:\/\/yutaimachinery.com\/ar\/wp-json\/wp\/v2\/media\/3634"}],"wp:attachment":[{"href":"https:\/\/yutaimachinery.com\/ar\/wp-json\/wp\/v2\/media?parent=3630"}],"wp:term":[{"taxonomy":"product_brand","embeddable":true,"href":"https:\/\/yutaimachinery.com\/ar\/wp-json\/wp\/v2\/product_brand?post=3630"},{"taxonomy":"product_cat","embeddable":true,"href":"https:\/\/yutaimachinery.com\/ar\/wp-json\/wp\/v2\/product_cat?post=3630"},{"taxonomy":"product_tag","embeddable":true,"href":"https:\/\/yutaimachinery.com\/ar\/wp-json\/wp\/v2\/product_tag?post=3630"}],"curies":[{"name":"\u062f\u0628\u0644\u064a\u0648 \u0628\u064a","href":"https:\/\/api.w.org\/{rel}","templated":true}]}}