{"id":3596,"date":"2024-04-07T19:04:42","date_gmt":"2024-04-07T11:04:42","guid":{"rendered":"https:\/\/yutaimachinery.com\/?post_type=product&#038;p=3596"},"modified":"2024-04-07T20:14:12","modified_gmt":"2024-04-07T12:14:12","slug":"%d8%a7%d9%84%d9%85%d8%b7%d8%ad%d9%86%d8%a9-%d8%a7%d9%84%d9%83%d8%b1%d9%88%d9%8a%d8%a9-2","status":"publish","type":"product","link":"https:\/\/yutaimachinery.com\/ar\/product\/ball-mill\/","title":{"rendered":"\u0627\u0644\u0637\u062d\u0646 \u0628\u0627\u0644\u0645\u0637\u062d\u0646\u0629 \u0627\u0644\u0643\u0631\u0648\u064a\u0629 \u0644\u0637\u062d\u0646 \u0627\u0644\u0645\u0648\u0627\u062f \u0627\u0644\u062e\u0627\u0645 \u0627\u0644\u062e\u0632\u0641\u064a\u0629"},"content":{"rendered":"<div class=\"wp-block-columns is-layout-flex wp-container-core-columns-is-layout-9d6595d7 wp-block-columns-is-layout-flex\">\n<div class=\"wp-block-column is-layout-flow wp-block-column-is-layout-flow\">\n<figure class=\"wp-block-embed is-type-video is-provider-youtube wp-block-embed-youtube wp-embed-aspect-16-9 wp-has-aspect-ratio\"><div class=\"wp-block-embed__wrapper\">\n<iframe title=\"\u0645\u0637\u062d\u0646\u0629 \u0627\u0644\u0643\u0631\u0629\" width=\"940\" height=\"529\" src=\"https:\/\/www.youtube.com\/embed\/54ySjxX3mpU?feature=oembed\" frameborder=\"0\" allow=\"accelerometer; autoplay; clipboard-write; encrypted-media; gyroscope; picture-in-picture; web-share\" referrerpolicy=\"strict-origin-when-cross-origin\" allowfullscreen><\/iframe>\n<\/div><\/figure>\n<\/div>\n\n\n\n<div class=\"wp-block-column is-layout-flow wp-block-column-is-layout-flow\">\n<h2 class=\"wp-block-heading\"><strong>\u0645\u064a\u0632\u0627\u062a \u0627\u0644\u0645\u0637\u062d\u0646\u0629 \u0627\u0644\u0643\u0631\u0648\u064a\u0629<\/strong><\/h2>\n\n\n\n<p>\u062a\u0633\u062a\u062e\u062f\u0645 \u0627\u0644\u0645\u0637\u062d\u0646\u0629 \u0627\u0644\u0643\u0631\u0648\u064a\u0629 \u0644\u0637\u062d\u0646 \u0627\u0644\u0645\u0648\u0627\u062f \u0627\u0644\u062e\u0627\u0645 \u0627\u0644\u062e\u0632\u0641\u064a\u0629. \u0648\u062a\u0639\u062a\u0645\u062f \u0627\u0644\u0645\u0637\u062d\u0646\u0629 \u0627\u0644\u0643\u0631\u0648\u064a\u0629 \u0627\u0644\u0645\u062a\u0642\u0637\u0639\u0629 \u0639\u0644\u0649 \u0627\u0644\u062f\u0648\u0631\u0627\u0646 \u0648\u0627\u0644\u0627\u0646\u0632\u0644\u0627\u0642 \u0627\u0644\u0646\u0633\u0628\u064a \u0644\u062d\u062c\u0631 \u0627\u0644\u0637\u062d\u0646 \u0627\u0644\u0643\u0631\u0648\u064a \u0644\u062a\u0644\u0628\u064a\u0629 \u0645\u062a\u0637\u0644\u0628\u0627\u062a \u062f\u0642\u0629 \u0627\u0644\u0645\u0648\u0627\u062f.<\/p>\n\n\n\n<p>\u0645\u062a\u0639\u062f\u062f\u0629 \u0627\u0644\u0627\u0633\u062a\u062e\u062f\u0627\u0645\u0627\u062a: \u062a\u0642\u062f\u0645 \u0645\u062c\u0645\u0648\u0639\u0629 \u0648\u0627\u0633\u0639\u0629 \u0645\u0646 \u0627\u0644\u062e\u064a\u0627\u0631\u0627\u062a \u0645\u0646 35 \u0643\u062c\u0645 \u0625\u0644\u0649 2 \u0637\u0646. \u0633\u0648\u0627\u0621 \u0643\u0627\u0646\u062a \u0627\u0644\u0645\u0639\u0627\u0644\u062c\u0629 \u0639\u0644\u0649 \u062f\u0641\u0639\u0627\u062a \u0635\u063a\u064a\u0631\u0629 \u0627\u0644\u062d\u062c\u0645 \u0623\u0648 \u0627\u0644\u0625\u0646\u062a\u0627\u062c \u0639\u0644\u0649 \u0646\u0637\u0627\u0642 \u0648\u0627\u0633\u0639\u060c \u0641\u0625\u0646 \u0645\u0637\u062d\u0646\u0629 \u0627\u0644\u0643\u0631\u0627\u062a \u0644\u062f\u064a\u0646\u0627 \u062a\u0633\u062a\u0648\u0639\u0628 \u0645\u062e\u062a\u0644\u0641 \u0627\u0644\u0642\u062f\u0631\u0627\u062a.<\/p>\n\n\n\n<p>\u0627\u0644\u0645\u062a\u0627\u0646\u0629: \u0637\u0648\u0628 \u0627\u0644\u0623\u0644\u0648\u0645\u064a\u0646\u0627 \u0639\u0627\u0644\u064a \u0627\u0644\u0623\u0644\u0648\u0645\u0646\u064a\u0648\u0645 \u0623\u0648 \u0627\u0644\u0637\u0648\u0628 \u0627\u0644\u0631\u062e\u0627\u0645\u064a\u060c \u0637\u0648\u0628 \u0627\u0644\u0623\u0644\u0648\u0645\u064a\u0646\u0627 \u062f\u0627\u062e\u0644 \u0627\u0644\u0645\u0637\u062d\u0646\u0629 \u0627\u0644\u0643\u0631\u0648\u064a\u0629 \u0647\u0648 \u0647\u064a\u0643\u0644 \u0623\u0642\u0648\u0649\u060c \u0645\u0645\u0627 \u064a\u0636\u0645\u0646 \u0627\u0644\u0645\u062a\u0627\u0646\u0629<\/p>\n<\/div>\n<\/div>\n\n\n\n<div class=\"wp-block-columns is-layout-flex wp-container-core-columns-is-layout-9d6595d7 wp-block-columns-is-layout-flex\">\n<div class=\"wp-block-column is-layout-flow wp-block-column-is-layout-flow\">\n<h2 class=\"wp-block-heading\"><strong>\u0645\u0639\u0644\u0645\u0629 \u0627\u0644\u0645\u0637\u062d\u0646\u0629 \u0627\u0644\u0643\u0631\u0648\u064a\u0629<\/strong><\/h2>\n\n\n\n<figure class=\"wp-block-table\"><table><tbody><tr><td>\u0627\u0644\u0627\u0633\u0645<\/td><td>\u0627\u0644\u0623\u0628\u0639\u0627\u062f (\u0627\u0644\u0637\u0648\u0644 \u00d7 \u0627\u0644\u0639\u0631\u0636 \u00d7 \u0627\u0644\u0627\u0631\u062a\u0641\u0627\u0639) \u0645\u0645<\/td><td>\u0627\u0644\u0642\u062f\u0631\u0629 \u0627\u0644\u0627\u0633\u062a\u064a\u0639\u0627\u0628\u064a\u0629<\/td><td>\u0627\u0644\u0637\u0627\u0642\u0629 (\u0643\u064a\u0644\u0648\u0648\u0627\u0637)<\/td><\/tr><tr><td>\u0645\u0637\u062d\u0646\u0629 \u0643\u0631\u0648\u064a\u0629 \u0628\u0648\u0632\u0646 35 \u0643\u062c\u0645<\/td><td>950 \u00d7 800 \u00d7 1160 \u0645\u0645<\/td><td>35 \u0643\u062c\u0645\/\u0648\u0642\u062a<\/td><td>1.5 \u0643\u064a\u0644\u0648\u0648\u0627\u0637\/380 \u0641\u0648\u0644\u062a<\/td><\/tr><tr><td>\u0645\u0637\u062d\u0646\u0629 \u0643\u0631\u064a\u0627\u062a 50 \u0643\u062c\u0645<\/td><td>1055 \u00d7 880 \u00d7 1230 \u0645\u0645<\/td><td>50 \u0643\u062c\u0645\/\u0648\u0642\u062a<\/td><td>1.5 \u0643\u064a\u0644\u0648\u0648\u0627\u0637\/380 \u0641\u0648\u0644\u062a<\/td><\/tr><tr><td>\u0645\u0637\u062d\u0646\u0629 \u0643\u0631\u064a\u0627\u062a 100 \u0643\u062c\u0645<\/td><td>1170 \u00d7 1170 \u00d7 1100 \u00d7 1300 \u0645\u0645<\/td><td>100 \u0643\u062c\u0645\/\u0648\u0642\u062a<\/td><td>1.5 \u0643\u064a\u0644\u0648\u0648\u0627\u0637\/380 \u0641\u0648\u0644\u062a<\/td><\/tr><tr><td>\u0645\u0637\u062d\u0646\u0629 \u0643\u0631\u0648\u064a\u0629 \u0628\u0648\u0632\u0646 150 \u0643\u062c\u0645<\/td><td>1200 \u00d7 1150 \u00d7 1350 \u00d7 1350 \u0645\u0645<\/td><td>150 \u0643\u062c\u0645\/\u0648\u0642\u062a<\/td><td>2 \u0643\u064a\u0644\u0648\u0648\u0627\u0637\/380 \u0641\u0648\u0644\u062a<\/td><\/tr><tr><td>\u0645\u0637\u062d\u0646\u0629 \u0643\u0631\u064a\u0627\u062a 200 \u0643\u062c\u0645<\/td><td>1500 \u00d7 1950 \u00d7 1950 \u00d7 1160 \u0645\u0645<\/td><td>200 \u0643\u062c\u0645\/\u0648\u0642\u062a<\/td><td>2.2 \u0643\u064a\u0644\u0648\u0648\u0627\u0637\/380 \u0641\u0648\u0644\u062a<\/td><\/tr><tr><td>\u0645\u0637\u062d\u0646\u0629 \u0643\u0631\u064a\u0627\u062a 300 \u0643\u062c\u0645<\/td><td>2150 \u00d7 1600 \u00d7 1600 \u00d7 1700 \u0645\u0645<\/td><td>300 \u0643\u062c\u0645\/\u0648\u0642\u062a<\/td><td>3 \u0643\u064a\u0644\u0648\u0648\u0627\u0637\/380 \u0641\u0648\u0644\u062a<\/td><\/tr><tr><td>\u0645\u0637\u062d\u0646\u0629 \u0643\u0631\u064a\u0627\u062a 500 \u0643\u062c\u0645<\/td><td>2330 \u00d7 1660 \u00d7 1700 \u0645\u0645<\/td><td>500 \u0643\u062c\u0645\/\u0648\u0642\u062a<\/td><td>5.5 \u0643\u064a\u0644\u0648\u0648\u0627\u0637\/380 \u0641\u0648\u0644\u062a<\/td><\/tr><tr><td>\u0645\u0637\u062d\u0646\u0629 \u0643\u0631\u0648\u064a\u0629 1 \u0637\u0646<\/td><td>2400 \u00d7 2200 \u00d7 2100 \u00d7 2100 \u0645\u0645<\/td><td>1 \u0631\/\u0632\u0645\u0646<\/td><td>11 \u0643\u064a\u0644\u0648\u0648\u0627\u0637\/380 \u0641\u0648\u0644\u062a<\/td><\/tr><tr><td>\u0645\u0637\u062d\u0646\u0629 \u0643\u0631\u0648\u064a\u0629 2 \u0637\u0646<\/td><td>3000 \u00d7 1800 \u00d7 2200 \u00d7 2200 \u0645\u0645<\/td><td>2 \u062a \/ \u0627\u0644\u0648\u0642\u062a<\/td><td>18 \u0643\u064a\u0644\u0648 \u0648\u0627\u062a\/380 \u0641\u0648\u0644\u062a<\/td><\/tr><tr><td>\u0645\u0637\u062d\u0646\u0629 \u0643\u0631\u0648\u064a\u0629 3 \u0637\u0646<\/td><td>3500 \u00d7 2200 \u00d7 2300 \u00d7 2300 \u0645\u0645<\/td><td>3 \u0623\u0636\u0639\u0627\u0641\/\u0627\u0644\u0648\u0642\u062a<\/td><td>30 \u0643\u064a\u0644\u0648 \u0648\u0627\u062a\/380 \u0641\u0648\u0644\u062a<\/td><\/tr><\/tbody><\/table><\/figure>\n<\/div>\n<\/div>","protected":false},"excerpt":{"rendered":"<p>\u062a\u062a\u0645\u064a\u0632 \u0645\u0637\u062d\u0646\u0629 \u0643\u0631\u0627\u062a \u0627\u0644\u0633\u064a\u0631\u0627\u0645\u064a\u0643 \u0644\u062f\u064a\u0646\u0627 \u0628\u062e\u064a\u0627\u0631\u0627\u062a 35 \u0643\u062c\u0645 - 2 \u0637\u0646 \u0648\u062a\u0633\u062a\u062e\u062f\u0645 \u0644\u0637\u062d\u0646 \u0627\u0644\u0645\u0648\u0627\u062f \u0627\u0644\u062e\u0627\u0645 \u0627\u0644\u062e\u0632\u0641\u064a\u0629. \u062a\u0648\u0641\u0631 \u0645\u0628\u064a\u0639\u0627\u062a \u0627\u0644\u0645\u0635\u0646\u0639 \u0627\u0644\u0645\u0628\u0627\u0634\u0631\u0629 \u0648\u0627\u0644\u062a\u0648\u0632\u064a\u0639 \u0627\u0644\u0639\u0627\u0644\u0645\u064a \u062d\u0644\u0648\u0644\u0627\u064b \u0634\u0627\u0645\u0644\u0629 \u0644\u0636\u0645\u0627\u0646 \u0643\u0641\u0627\u0621\u0629 \u0627\u0644\u0625\u0646\u062a\u0627\u062c \u0627\u0644\u0645\u062b\u0644\u0649 \u0644\u0645\u062e\u062a\u0644\u0641 \u0627\u0644\u062a\u0637\u0628\u064a\u0642\u0627\u062a.<\/p>\n<h2>\u0627\u0644\u062d\u0644 \u0627\u0644\u0634\u0627\u0645\u0644 \u0644\u0640 \u0628<strong>\u062c\u0645\u064a\u0639 \u0627\u0644\u0645\u0637\u0627\u062d\u0646<\/strong> :<\/h2>\n<ol>\n<li>\u0627\u0644\u062a\u062e\u0635\u064a\u0635: \u062e\u062f\u0645\u0627\u062a \u0627\u0644\u062a\u062e\u0635\u064a\u0635 \u0644\u062a\u0643\u064a\u064a\u0641 \u0627\u0644\u0645\u0637\u062d\u0646\u0629 \u0627\u0644\u0643\u0631\u0648\u064a\u0629 \u062d\u0633\u0628 \u0645\u062a\u0637\u0644\u0628\u0627\u062a \u0627\u0644\u0639\u0645\u0644\u0627\u0621 \u0648\u062a\u0637\u0628\u064a\u0642\u0627\u062a\u0647\u0645 \u0627\u0644\u0645\u062d\u062f\u062f\u0629.<\/li>\n<li>\u062f\u0639\u0645 \u0627\u0644\u062a\u062f\u0631\u064a\u0628: \u062a\u0648\u0641\u064a\u0631 \u0627\u0644\u062a\u062f\u0631\u064a\u0628 \u0639\u0644\u0649 \u0627\u0644\u062a\u0634\u063a\u064a\u0644 \u0648\u0627\u0644\u062f\u0639\u0645 \u0627\u0644\u0641\u0646\u064a \u0644\u0636\u0645\u0627\u0646 \u0642\u062f\u0631\u0629 \u0627\u0644\u0639\u0645\u0644\u0627\u0621 \u0639\u0644\u0649 \u062a\u0634\u063a\u064a\u0644 \u0627\u0644\u0645\u0639\u062f\u0627\u062a \u0648\u0635\u064a\u0627\u0646\u062a\u0647\u0627 \u0628\u0643\u0641\u0627\u0621\u0629.<\/li>\n<li>\u062a\u0648\u0631\u064a\u062f \u0642\u0637\u0639 \u0627\u0644\u063a\u064a\u0627\u0631: \u062a\u0648\u0641\u064a\u0631 \u062e\u062f\u0645\u0627\u062a \u062a\u0648\u0631\u064a\u062f \u0642\u0637\u0639 \u0627\u0644\u063a\u064a\u0627\u0631 \u0627\u0644\u0623\u0635\u0644\u064a\u0629 \u0644\u0636\u0645\u0627\u0646 \u062d\u0635\u0648\u0644 \u0627\u0644\u0639\u0645\u0644\u0627\u0621 \u0639\u0644\u0649 \u0642\u0637\u0639 \u0627\u0644\u063a\u064a\u0627\u0631 \u0648\u0627\u0644\u0645\u0648\u0627\u062f \u0627\u0644\u0627\u0633\u062a\u0647\u0644\u0627\u0643\u064a\u0629 \u0639\u0627\u0644\u064a\u0629 \u0627\u0644\u062c\u0648\u062f\u0629 \u0641\u064a \u0623\u064a \u0648\u0642\u062a.<\/li>\n<\/ol>","protected":false},"featured_media":3605,"template":"","meta":{"_acf_changed":false},"product_brand":[],"product_cat":[54],"product_tag":[67],"class_list":{"0":"post-3596","1":"product","2":"type-product","3":"status-publish","4":"has-post-thumbnail","6":"product_cat-clay-making-machine","7":"product_tag-ball-mill","9":"first","10":"instock","11":"shipping-taxable","12":"product-type-simple"},"acf":{"customization_content":"<h2><\/h2>\r\n<div><\/div>","customization_content_source":{"label":"Customization Content","type":"wysiwyg","formatted_value":"<h2><\/h2>\n<div><\/div>\n"},"why_choose_us_content":"<h2 style=\"text-align: center;\">Why Choose Us as Your <strong>Ball Mill<\/strong> Supplier<\/h2>\r\n\r\n<hr \/>\r\n<p style=\"text-align: center;\">Yutai as a ceramic tableware manufacturer, maintains strict quality standards and excellent service. Revolutionize your manufacturing processes with cutting-edge automation technology that streamlines forming and enhances efficiency.<\/p>","why_choose_us_content_source":{"label":"Why Choose Us Content","type":"wysiwyg","formatted_value":"<h2 style=\"text-align: center;\">Why Choose Us as Your <strong>Ball Mill<\/strong> Supplier<\/h2>\n<hr \/>\n<p style=\"text-align: center;\">Yutai as a ceramic tableware manufacturer, maintains strict quality standards and excellent service. Revolutionize your manufacturing processes with cutting-edge automation technology that streamlines forming and enhances efficiency.<\/p>\n"}},"_links":{"self":[{"href":"https:\/\/yutaimachinery.com\/ar\/wp-json\/wp\/v2\/product\/3596","targetHints":{"allow":["GET"]}}],"collection":[{"href":"https:\/\/yutaimachinery.com\/ar\/wp-json\/wp\/v2\/product"}],"about":[{"href":"https:\/\/yutaimachinery.com\/ar\/wp-json\/wp\/v2\/types\/product"}],"version-history":[{"count":0,"href":"https:\/\/yutaimachinery.com\/ar\/wp-json\/wp\/v2\/product\/3596\/revisions"}],"wp:featuredmedia":[{"embeddable":true,"href":"https:\/\/yutaimachinery.com\/ar\/wp-json\/wp\/v2\/media\/3605"}],"wp:attachment":[{"href":"https:\/\/yutaimachinery.com\/ar\/wp-json\/wp\/v2\/media?parent=3596"}],"wp:term":[{"taxonomy":"product_brand","embeddable":true,"href":"https:\/\/yutaimachinery.com\/ar\/wp-json\/wp\/v2\/product_brand?post=3596"},{"taxonomy":"product_cat","embeddable":true,"href":"https:\/\/yutaimachinery.com\/ar\/wp-json\/wp\/v2\/product_cat?post=3596"},{"taxonomy":"product_tag","embeddable":true,"href":"https:\/\/yutaimachinery.com\/ar\/wp-json\/wp\/v2\/product_tag?post=3596"}],"curies":[{"name":"\u062f\u0628\u0644\u064a\u0648 \u0628\u064a","href":"https:\/\/api.w.org\/{rel}","templated":true}]}}