{"id":3575,"date":"2024-04-07T16:56:21","date_gmt":"2024-04-07T08:56:21","guid":{"rendered":"https:\/\/yutaimachinery.com\/?post_type=product&#038;p=3575"},"modified":"2024-04-07T19:19:04","modified_gmt":"2024-04-07T11:19:04","slug":"%d9%85%d8%a7%d9%83%d9%8a%d9%86%d8%a9-%d8%b1%d8%b3%d9%85-%d8%ae%d8%b7-%d8%a7%d9%84%d8%b3%d9%8a%d8%b1%d8%a7%d9%85%d9%8a%d9%83-2","status":"publish","type":"product","link":"https:\/\/yutaimachinery.com\/ar\/product\/ceramic-line-drawing-machine\/","title":{"rendered":"\u0645\u0627\u0643\u064a\u0646\u0629 \u0631\u0633\u0645 \u062e\u0637 \u0627\u0644\u0633\u064a\u0631\u0627\u0645\u064a\u0643 \u0644\u062a\u0632\u064a\u064a\u0646 \u062d\u0648\u0627\u0641 \u0623\u062f\u0648\u0627\u062a \u0627\u0644\u0645\u0627\u0626\u062f\u0629"},"content":{"rendered":"<div class=\"wp-block-columns is-layout-flex wp-container-core-columns-is-layout-9d6595d7 wp-block-columns-is-layout-flex\">\n<div class=\"wp-block-column is-layout-flow wp-block-column-is-layout-flow\">\n<figure class=\"wp-block-embed is-type-video is-provider-youtube wp-block-embed-youtube wp-embed-aspect-4-3 wp-has-aspect-ratio\"><div class=\"wp-block-embed__wrapper\">\n<iframe title=\"\u0645\u0627\u0643\u064a\u0646\u0629 \u062d\u0648\u0627\u0641 \u0627\u0644\u0623\u0637\u0628\u0627\u0642 \u0627\u0644\u062e\u0632\u0641\u064a\u0629 \u0644\u0644\u0623\u0643\u0648\u0627\u0628 \u0630\u0627\u062a \u0627\u0644\u0623\u0637\u0628\u0627\u0642 \u0627\u0644\u062e\u0632\u0641\u064a\u0629\" width=\"940\" height=\"705\" src=\"https:\/\/www.youtube.com\/embed\/wIm7uIqTYLA?feature=oembed\" frameborder=\"0\" allow=\"accelerometer; autoplay; clipboard-write; encrypted-media; gyroscope; picture-in-picture; web-share\" referrerpolicy=\"strict-origin-when-cross-origin\" allowfullscreen><\/iframe>\n<\/div><\/figure>\n<\/div>\n\n\n\n<div class=\"wp-block-column is-layout-flow wp-block-column-is-layout-flow\">\n<h2 class=\"wp-block-heading\"><strong>\u0645\u064a\u0632\u0627\u062a \u0645\u0627\u0643\u064a\u0646\u0629 \u0631\u0633\u0645 \u0627\u0644\u062e\u0637\u0648\u0637 \u0627\u0644\u062e\u0632\u0641\u064a\u0629<\/strong><\/h2>\n\n\n\n<p>\u0627\u0644\u062f\u0642\u0629: \u064a\u0636\u0645\u0646 \u0627\u0644\u0631\u0633\u0645 \u0627\u0644\u062f\u0642\u064a\u0642 \u0648\u0627\u0644\u062f\u0642\u064a\u0642 \u0644\u062e\u0637\u0648\u0637 \u0627\u0644\u0633\u064a\u0631\u0627\u0645\u064a\u0643\u060c \u0645\u0645\u0627 \u064a\u0639\u0632\u0632 \u062c\u0648\u062f\u0629 \u0627\u0644\u0645\u0646\u062a\u062c \u0648\u0645\u0638\u0647\u0631\u0647. <\/p>\n\n\n\n<p>\u0627\u0644\u0643\u0641\u0627\u0621\u0629: \u064a\u0632\u064a\u062f \u0645\u0646 \u0643\u0641\u0627\u0621\u0629 \u0627\u0644\u0625\u0646\u062a\u0627\u062c \u0645\u0646 \u062e\u0644\u0627\u0644 \u0623\u062a\u0645\u062a\u0629 \u0639\u0645\u0644\u064a\u0629 \u0631\u0633\u0645 \u0627\u0644\u062e\u0637\u0648\u0637\u060c \u0645\u0645\u0627 \u064a\u0642\u0644\u0644 \u0645\u0646 \u0627\u0644\u0639\u0645\u0627\u0644\u0629 \u0627\u0644\u064a\u062f\u0648\u064a\u0629 \u0648\u0627\u0633\u062a\u0647\u0644\u0627\u0643 \u0627\u0644\u0648\u0642\u062a. <\/p>\n\n\n\n<p>\u0627\u0644\u0627\u062a\u0633\u0627\u0642: \u064a\u062d\u0627\u0641\u0638 \u0639\u0644\u0649 \u0627\u062a\u0633\u0627\u0642 \u0633\u064f\u0645\u0643 \u0627\u0644\u062e\u0637 \u0648\u062c\u0648\u062f\u062a\u0647 \u0637\u0648\u0627\u0644 \u0639\u0645\u0644\u064a\u0629 \u0627\u0644\u0625\u0646\u062a\u0627\u062c\u060c \u0645\u0645\u0627 \u064a\u0624\u062f\u064a \u0625\u0644\u0649 \u062a\u0648\u062d\u064a\u062f \u0627\u0644\u0645\u0646\u062a\u062c\u0627\u062a \u0627\u0644\u062e\u0632\u0641\u064a\u0629. <\/p>\n\n\n\n<p>\u062a\u0639\u062f\u062f \u0627\u0644\u0627\u0633\u062a\u062e\u062f\u0627\u0645\u0627\u062a: \u064a\u0645\u0643\u0646 \u062a\u0639\u062f\u064a\u0644\u0647\u0627 \u0644\u0627\u0633\u062a\u064a\u0639\u0627\u0628 \u0645\u062e\u062a\u0644\u0641 \u062a\u0635\u0645\u064a\u0645\u0627\u062a \u0648\u0623\u0646\u0645\u0627\u0637 \u0627\u0644\u062e\u0637\u0648\u0637\u060c \u0645\u0645\u0627 \u064a\u0648\u0641\u0631 \u0645\u0631\u0648\u0646\u0629 \u0641\u064a \u062a\u062e\u0635\u064a\u0635 \u0627\u0644\u0645\u0646\u062a\u062c.<\/p>\n<\/div>\n<\/div>\n\n\n\n<div class=\"wp-block-columns is-layout-flex wp-container-core-columns-is-layout-9d6595d7 wp-block-columns-is-layout-flex\">\n<div class=\"wp-block-column is-layout-flow wp-block-column-is-layout-flow\">\n<figure class=\"wp-block-image size-full\"><img fetchpriority=\"high\" decoding=\"async\" width=\"1280\" height=\"1280\" src=\"https:\/\/yutaimachinery.com\/wp-content\/uploads\/2024\/04\/Ceramic-Line-Drawing-Machine3.webp\" alt=\"\u0645\u0627\u0643\u064a\u0646\u0629 \u0631\u0633\u0645 \u062e\u0637 \u0627\u0644\u0633\u064a\u0631\u0627\u0645\u064a\u0643\" class=\"wp-image-3578\" title=\"\" srcset=\"https:\/\/yutaimachinery.com\/wp-content\/uploads\/2024\/04\/Ceramic-Line-Drawing-Machine3.webp 1280w, https:\/\/yutaimachinery.com\/wp-content\/uploads\/2024\/04\/Ceramic-Line-Drawing-Machine3-300x300.webp 300w, https:\/\/yutaimachinery.com\/wp-content\/uploads\/2024\/04\/Ceramic-Line-Drawing-Machine3-150x150.webp 150w, https:\/\/yutaimachinery.com\/wp-content\/uploads\/2024\/04\/Ceramic-Line-Drawing-Machine3-768x768.webp 768w, https:\/\/yutaimachinery.com\/wp-content\/uploads\/2024\/04\/Ceramic-Line-Drawing-Machine3-285x285.webp 285w, https:\/\/yutaimachinery.com\/wp-content\/uploads\/2024\/04\/Ceramic-Line-Drawing-Machine3-270x270.webp 270w, https:\/\/yutaimachinery.com\/wp-content\/uploads\/2024\/04\/Ceramic-Line-Drawing-Machine3-540x540.webp 540w, https:\/\/yutaimachinery.com\/wp-content\/uploads\/2024\/04\/Ceramic-Line-Drawing-Machine3-660x660.webp 660w\" sizes=\"(max-width: 1280px) 100vw, 1280px\" \/><\/figure>\n<\/div>\n\n\n\n<div class=\"wp-block-column is-layout-flow wp-block-column-is-layout-flow\">\n<h2 class=\"wp-block-heading\">\u0645\u0639\u0644\u0645\u0629 \u0645\u0627\u0643\u064a\u0646\u0629 \u0631\u0633\u0645 \u0627\u0644\u062e\u0637\u0648\u0637 \u0627\u0644\u062e\u0632\u0641\u064a\u0629<\/h2>\n\n\n\n<figure class=\"wp-block-table\"><table><tbody><tr><td>\u0627\u0644\u0637\u0631\u0627\u0632<\/td><td>YT-HXJ<\/td><\/tr><tr><td>\u0627\u0644\u0642\u062f\u0631\u0629 \u0627\u0644\u0627\u0633\u062a\u064a\u0639\u0627\u0628\u064a\u0629<\/td><td>30-50 \u0641\u064a \u0627\u0644\u0633\u0627\u0639\u0629<\/td><\/tr><tr><td>\u0627\u0644\u0637\u0627\u0642\u0629 (\u0643\u064a\u0644\u0648\u0648\u0627\u0637)<\/td><td>2 \u0643\u064a\u0644\u0648 \u0648\u0627\u0637<\/td><\/tr><tr><td>\u0627\u0644\u0623\u0628\u0639\u0627\u062f (\u0627\u0644\u0637\u0648\u0644 \u00d7 \u00d7\u00d7\u00d7\u0627\u0644\u0633\u0627\u0639\u0629)<\/td><td>80 \u00d7 100 \u00d7 150 (\u062d)<\/td><\/tr><tr><td>\u0627\u0644\u0648\u0632\u0646 (\u0628\u0627\u0644\u0643\u064a\u0644\u0648\u063a\u0631\u0627\u0645\u0627\u062a)<\/td><td>100<\/td><\/tr><\/tbody><\/table><\/figure>\n<\/div>\n<\/div>","protected":false},"excerpt":{"rendered":"<p>\u062a\u0642\u062f\u0645 Yutai \u0643\u0634\u0631\u0643\u0629 \u0645\u0635\u0646\u0639\u0629 \u0644\u0622\u0644\u0627\u062a \u0627\u0644\u0633\u064a\u0631\u0627\u0645\u064a\u0643\u060c \u0645\u062c\u0645\u0648\u0639\u0629 \u0643\u0627\u0645\u0644\u0629 \u0645\u0646 \u0622\u0644\u0627\u062a \u0627\u0644\u0637\u0628\u0627\u0639\u0629 \u0627\u0644\u062e\u0632\u0641\u064a\u0629. \u0645\u0627\u0643\u064a\u0646\u0627\u062a \u0627\u0644\u0631\u0633\u0645 \u0627\u0644\u062e\u0637\u064a \u0644\u062f\u064a\u0646\u0627 \u062f\u0642\u064a\u0642\u0629 \u0648\u0645\u0646\u0627\u0633\u0628\u0629 \u0644\u0631\u0633\u0645 \u062e\u0637\u0648\u0637 \u0628\u0623\u0644\u0648\u0627\u0646 \u0645\u062e\u062a\u0644\u0641\u0629 \u0639\u0644\u0649 \u0627\u0644\u062c\u0632\u0621 \u0627\u0644\u0639\u0644\u0648\u064a \u0645\u0646 \u0627\u0644\u0623\u0648\u0639\u064a\u0629 \u0648\u0627\u0644\u062c\u0648\u0627\u0646\u0628 \u0648\u0623\u0641\u0648\u0627\u0647 \u0627\u0644\u0623\u0644\u0648\u0627\u062d \u0648\u0627\u0644\u062c\u0648\u0627\u0646\u0628 \u0648\u062c\u0645\u064a\u0639 \u0623\u0646\u0648\u0627\u0639 \u0627\u0644\u0633\u064a\u0631\u0627\u0645\u064a\u0643.<\/p>\n<h2>\u062d\u0644 \u0634\u0627\u0645\u0644 \u0644\u0645\u0627\u0643\u064a\u0646\u0629 \u0631\u0633\u0645 \u0627\u0644\u062e\u0637\u0648\u0637 \u0627\u0644\u062e\u0632\u0641\u064a\u0629:<\/h2>\n<ol>\n<li>\u0645\u062e\u0635\u0635 \u062d\u0633\u0628 \u0627\u0644\u0637\u0644\u0628: \u062f\u0639\u0645 \u0642\u0637\u0639 \u063a\u064a\u0627\u0631 \u0627\u0644\u0645\u0639\u062f\u0627\u062a \u0627\u0644\u0645\u062e\u0635\u0635\u0629\u060c \u0648\u0627\u0644\u0645\u0644\u062d\u0642\u0627\u062a \u0627\u0644\u0645\u062e\u0635\u0635\u0629\u060c \u0648\u0627\u0644\u062a\u0637\u0628\u064a\u0642\u0627\u062a \u0627\u0644\u0645\u062e\u0635\u0635\u0629<\/li>\n<li>\u062f\u0639\u0645 \u0627\u0644\u062a\u062f\u0631\u064a\u0628: \u062a\u0648\u0641\u064a\u0631 \u0627\u0644\u062a\u062f\u0631\u064a\u0628 \u0639\u0644\u0649 \u0627\u0644\u062a\u0634\u063a\u064a\u0644 \u0648\u0627\u0644\u062f\u0639\u0645 \u0627\u0644\u0641\u0646\u064a \u0644\u0636\u0645\u0627\u0646 \u0642\u062f\u0631\u0629 \u0627\u0644\u0639\u0645\u0644\u0627\u0621 \u0639\u0644\u0649 \u062a\u0634\u063a\u064a\u0644 \u0627\u0644\u0645\u0639\u062f\u0627\u062a \u0648\u0635\u064a\u0627\u0646\u062a\u0647\u0627 \u0628\u0643\u0641\u0627\u0621\u0629.<\/li>\n<li>\u062a\u0648\u0631\u064a\u062f \u0642\u0637\u0639 \u0627\u0644\u063a\u064a\u0627\u0631: \u062a\u0648\u0641\u064a\u0631 \u062e\u062f\u0645\u0627\u062a \u062a\u0648\u0631\u064a\u062f \u0642\u0637\u0639 \u0627\u0644\u063a\u064a\u0627\u0631 \u0627\u0644\u0623\u0635\u0644\u064a\u0629 \u0644\u0636\u0645\u0627\u0646 \u062d\u0635\u0648\u0644 \u0627\u0644\u0639\u0645\u0644\u0627\u0621 \u0639\u0644\u0649 \u0642\u0637\u0639 \u0627\u0644\u063a\u064a\u0627\u0631 \u0648\u0627\u0644\u0645\u0648\u0627\u062f \u0627\u0644\u0627\u0633\u062a\u0647\u0644\u0627\u0643\u064a\u0629 \u0639\u0627\u0644\u064a\u0629 \u0627\u0644\u062c\u0648\u062f\u0629 \u0641\u064a \u0623\u064a \u0648\u0642\u062a.<\/li>\n<\/ol>","protected":false},"featured_media":3577,"template":"","meta":{"_acf_changed":false},"product_brand":[],"product_cat":[59],"product_tag":[66],"class_list":{"0":"post-3575","1":"product","2":"type-product","3":"status-publish","4":"has-post-thumbnail","6":"product_cat-ceramic-printing-machine","7":"product_tag-ceramic-line-drawing-machine","9":"first","10":"instock","11":"shipping-taxable","12":"product-type-simple"},"acf":{"customization_content":"<h2><\/h2>\r\n<div><\/div>","customization_content_source":{"label":"Customization Content","type":"wysiwyg","formatted_value":"<h2><\/h2>\n<div><\/div>\n"},"why_choose_us_content":"<h2 style=\"text-align: center;\">Why Choose Us as Your Ceramic Line Drawing Machine Supplier<\/h2>\r\n\r\n<hr \/>\r\n<p style=\"text-align: center;\">Yutai as a ceramic tableware manufacturer, maintains strict quality standards and excellent service. Revolutionize your manufacturing processes with cutting-edge automation technology that streamlines forming and enhances efficiency.<\/p>","why_choose_us_content_source":{"label":"Why Choose Us Content","type":"wysiwyg","formatted_value":"<h2 style=\"text-align: center;\">Why Choose Us as Your Ceramic Line Drawing Machine Supplier<\/h2>\n<hr \/>\n<p style=\"text-align: center;\">Yutai as a ceramic tableware manufacturer, maintains strict quality standards and excellent service. Revolutionize your manufacturing processes with cutting-edge automation technology that streamlines forming and enhances efficiency.<\/p>\n"}},"_links":{"self":[{"href":"https:\/\/yutaimachinery.com\/ar\/wp-json\/wp\/v2\/product\/3575","targetHints":{"allow":["GET"]}}],"collection":[{"href":"https:\/\/yutaimachinery.com\/ar\/wp-json\/wp\/v2\/product"}],"about":[{"href":"https:\/\/yutaimachinery.com\/ar\/wp-json\/wp\/v2\/types\/product"}],"version-history":[{"count":0,"href":"https:\/\/yutaimachinery.com\/ar\/wp-json\/wp\/v2\/product\/3575\/revisions"}],"wp:featuredmedia":[{"embeddable":true,"href":"https:\/\/yutaimachinery.com\/ar\/wp-json\/wp\/v2\/media\/3577"}],"wp:attachment":[{"href":"https:\/\/yutaimachinery.com\/ar\/wp-json\/wp\/v2\/media?parent=3575"}],"wp:term":[{"taxonomy":"product_brand","embeddable":true,"href":"https:\/\/yutaimachinery.com\/ar\/wp-json\/wp\/v2\/product_brand?post=3575"},{"taxonomy":"product_cat","embeddable":true,"href":"https:\/\/yutaimachinery.com\/ar\/wp-json\/wp\/v2\/product_cat?post=3575"},{"taxonomy":"product_tag","embeddable":true,"href":"https:\/\/yutaimachinery.com\/ar\/wp-json\/wp\/v2\/product_tag?post=3575"}],"curies":[{"name":"\u062f\u0628\u0644\u064a\u0648 \u0628\u064a","href":"https:\/\/api.w.org\/{rel}","templated":true}]}}