{"id":3152,"date":"2024-04-01T08:33:34","date_gmt":"2024-04-01T00:33:34","guid":{"rendered":"https:\/\/yutaimachinery.com\/?post_type=product&#038;p=3152"},"modified":"2024-04-07T16:48:00","modified_gmt":"2024-04-07T08:48:00","slug":"%d9%85%d9%83%d8%a8%d8%b3-%d8%a7%d9%84%d8%aa%d8%b1%d8%b4%d9%8a%d8%ad-2","status":"publish","type":"product","link":"https:\/\/yutaimachinery.com\/ar\/product\/filter-press\/","title":{"rendered":"\u0622\u0644\u0629 \u0645\u0639\u0627\u0644\u062c\u0629 \u0627\u0644\u0637\u064a\u0646 \u0630\u0627\u062a \u0627\u0644\u0644\u0648\u062d\u0629 \u0627\u0644\u0645\u0633\u062a\u062f\u064a\u0631\u0629 \u0630\u0627\u062a \u0645\u0643\u0628\u0633 \u0627\u0644\u062a\u0631\u0634\u064a\u062d"},"content":{"rendered":"<div class=\"wp-block-columns is-layout-flex wp-container-core-columns-is-layout-9d6595d7 wp-block-columns-is-layout-flex\">\n<div class=\"wp-block-column is-layout-flow wp-block-column-is-layout-flow\" style=\"flex-basis:50%\">\n<figure class=\"wp-block-embed is-type-video is-provider-youtube wp-block-embed-youtube wp-embed-aspect-16-9 wp-has-aspect-ratio\"><div class=\"wp-block-embed__wrapper\">\n<iframe title=\"\u0643\u064a\u0641\u064a\u0629 \u0635\u0646\u0639 \u0627\u0644\u0637\u064a\u0646 \u0627\u0644\u062e\u0632\u0641\u064a\u061f \u0643\u064a\u0641\u064a\u0629 \u0635\u0646\u0639 \u0645\u0648\u0627\u062f \u0623\u062f\u0648\u0627\u062a \u0627\u0644\u0645\u0627\u0626\u062f\u0629 \u0627\u0644\u062e\u0632\u0641\u064a\u0629\u061f \u0645\u0643\u0628\u0633 \u0627\u0644\u062a\u0631\u0634\u064a\u062d\u060c \u0645\u0637\u062d\u0646\u0629 \u0627\u0644\u062d\u0641\u0631\u0629\" width=\"940\" height=\"529\" src=\"https:\/\/www.youtube.com\/embed\/jgu1eH8ANHc?feature=oembed\" frameborder=\"0\" allow=\"accelerometer; autoplay; clipboard-write; encrypted-media; gyroscope; picture-in-picture; web-share\" referrerpolicy=\"strict-origin-when-cross-origin\" allowfullscreen><\/iframe>\n<\/div><\/figure>\n<\/div>\n\n\n\n<div class=\"wp-block-column is-layout-flow wp-block-column-is-layout-flow\">\n<h2 class=\"wp-block-heading\">\u0645\u064a\u0632\u0627\u062a \u0645\u0643\u0628\u0633 \u0627\u0644\u062a\u0631\u0634\u064a\u062d<\/h2>\n\n\n\n<ol class=\"wp-block-list\">\n<li>\u0639\u0645\u0644\u064a\u0629 \u062a\u062c\u0641\u064a\u0641 \u0641\u0639\u0627\u0644\u0629:<br>\u062a\u0633\u0645\u062d \u0622\u0644\u064a\u0629 \u0627\u0644\u062a\u0631\u0634\u064a\u062d \u0627\u0644\u0645\u062a\u0642\u062f\u0645\u0629 \u0627\u0644\u062e\u0627\u0635\u0629 \u0628\u0647 \u0628\u0627\u0644\u062c\u0641\u0627\u0641 \u0627\u0644\u0633\u0631\u064a\u0639\u060c \u0645\u0645\u0627 \u064a\u0642\u0644\u0644 \u0645\u0646 \u0648\u0642\u062a \u0627\u0644\u0645\u0639\u0627\u0644\u062c\u0629 \u0648\u064a\u0632\u064a\u062f \u0645\u0646 \u0627\u0644\u0625\u0646\u062a\u0627\u062c\u064a\u0629 \u0641\u064a \u062a\u0635\u0646\u064a\u0639 \u0627\u0644\u0633\u064a\u0631\u0627\u0645\u064a\u0643.<\/li>\n\n\n\n<li>\u0645\u062d\u062a\u0648\u0649 \u0645\u0627\u0626\u064a \u0642\u0627\u0628\u0644 \u0644\u0644\u062a\u0639\u062f\u064a\u0644:<br>\u064a\u0648\u0641\u0631 \u0645\u0643\u0628\u0633 \u0627\u0644\u062a\u0631\u0634\u064a\u062d \u062a\u062d\u0643\u0645\u064b\u0627 \u0645\u0631\u0646\u064b\u0627 \u0641\u064a \u0645\u062d\u062a\u0648\u0649 \u0627\u0644\u0645\u0627\u0621 \u0641\u064a \u0627\u0644\u0628\u0644\u064a\u062a\u060c \u0639\u0627\u062f\u0629\u064b \u0645\u0627 \u0628\u064a\u0646 17% \u064826%\u060c \u0645\u0639 \u0625\u0639\u062f\u0627\u062f\u0627\u062a \u0642\u0627\u0628\u0644\u0629 \u0644\u0644\u062a\u0639\u062f\u064a\u0644 \u0644\u062a\u0644\u0628\u064a\u0629 \u0645\u062a\u0637\u0644\u0628\u0627\u062a \u0627\u0644\u0625\u0646\u062a\u0627\u062c \u0627\u0644\u0645\u062d\u062f\u062f\u0629<\/li>\n\n\n\n<li>\u062d\u0644\u0648\u0644 \u0641\u0639\u0627\u0644\u0629 \u0645\u0646 \u062d\u064a\u062b \u0627\u0644\u062a\u0643\u0644\u0641\u0629:<br>\u062a\u064f\u062a\u0631\u062c\u0645 \u0643\u0641\u0627\u0621\u0629 \u0625\u0632\u0627\u0644\u0629 \u0627\u0644\u0645\u064a\u0627\u0647 \u0625\u0644\u0649 \u0627\u0633\u062a\u0647\u0644\u0627\u0643 \u0623\u0642\u0644 \u0644\u0644\u0637\u0627\u0642\u0629 \u0648\u062a\u0642\u0644\u064a\u0644 \u0627\u0644\u0646\u0641\u0627\u064a\u0627\u062a\u060c \u0645\u0645\u0627 \u064a\u0633\u0627\u0639\u062f \u0645\u0635\u0646\u0639\u064a \u0627\u0644\u0633\u064a\u0631\u0627\u0645\u064a\u0643 \u0639\u0644\u0649 \u062a\u0648\u0641\u064a\u0631 \u0627\u0644\u062a\u0643\u0627\u0644\u064a\u0641 \u0627\u0644\u0625\u062c\u0645\u0627\u0644\u064a\u0629.<\/li>\n\n\n\n<li>\u0627\u0644\u062a\u0637\u0628\u064a\u0642\u0627\u062a \u0627\u0644\u0634\u0627\u0626\u0639\u0629:<br>\u0645\u0646 \u0627\u0644\u062a\u062d\u0636\u064a\u0631 \u0627\u0644\u0623\u0648\u0644\u064a \u0644\u0644\u0637\u064a\u0646 \u0625\u0644\u0649 \u0627\u0644\u062a\u0634\u0643\u064a\u0644 \u0627\u0644\u0646\u0647\u0627\u0626\u064a \u0644\u0644\u0628\u0644\u064a\u062a\u060c \u0641\u0625\u0646 \u0645\u0643\u0628\u0633 \u0627\u0644\u062a\u0631\u0634\u064a\u062d \u0644\u062f\u064a\u0647 \u0645\u062c\u0645\u0648\u0639\u0629 \u0648\u0627\u0633\u0639\u0629 \u0645\u0646 \u0627\u0644\u062a\u0637\u0628\u064a\u0642\u0627\u062a \u0641\u064a \u062c\u0645\u064a\u0639 \u0645\u0631\u0627\u062d\u0644 \u0625\u0646\u062a\u0627\u062c \u0627\u0644\u0633\u064a\u0631\u0627\u0645\u064a\u0643.<\/li>\n<\/ol>\n<\/div>\n<\/div>\n\n\n<h2>\u062c\u062f\u0648\u0644 \u0645\u0639\u0644\u0645\u0627\u062a \u0645\u0643\u0628\u0633 \u0627\u0644\u062a\u0631\u0634\u064a\u062d<\/h2>\n<hr \/>\n<table width=\"946\">\n<tbody>\n<tr>\n<td width=\"145\">\u0627\u0644\u0637\u0631\u0627\u0632<\/td>\n<td width=\"199\">\u0642\u0637\u0631 \u0627\u0644\u0644\u0648\u062d (\u0633\u0645)<\/td>\n<td width=\"199\">\u0627\u0644\u0642\u062f\u0631\u0629 \u0627\u0644\u0627\u0633\u062a\u064a\u0639\u0627\u0628\u064a\u0629<\/td>\n<td width=\"257\">\u0627\u0644\u0637\u0627\u0642\u0629 (\u0643\u064a\u0644\u0648\u0648\u0627\u0637)<\/td>\n<td width=\"73\">\u0627\u0644\u0623\u0628\u0639\u0627\u062f (\u0627\u0644\u0637\u0648\u0644 \u00d7 \u00d7\u00d7\u00d7\u0627\u0644\u0633\u0627\u0639\u0629)<\/td>\n<td width=\"73\">\u0627\u0644\u0648\u0632\u0646 (\u0628\u0627\u0644\u0643\u064a\u0644\u0648\u063a\u0631\u0627\u0645\u0627\u062a)<\/td>\n<\/tr>\n<tr>\n<td width=\"145\">80-80<\/td>\n<td width=\"199\">80 \u0633\u0645 \u00d7 80 \u0642\u0637\u0639\u0629<\/td>\n<td width=\"199\">2 \u062a \/ \u0627\u0644\u0648\u0642\u062a<\/td>\n<td width=\"257\">3 \u0643\u064a\u0644\u0648 \u0648\u0627\u0637<\/td>\n<td width=\"73\">680 \u00d7 110 \u00d7 160 \u0633\u0645 (\u0627\u0631\u062a\u0641\u0627\u0639 680 \u00d7 110 \u00d7 160 \u0633\u0645)<\/td>\n<td width=\"73\">5000<\/td>\n<\/tr>\n<tr>\n<td width=\"145\">80-100<\/td>\n<td width=\"199\">80 \u0633\u0645 \u00d7 100 \u0642\u0637\u0639\u0629<\/td>\n<td width=\"199\">2.5 \u0637\u0646\/\u0648\u0642\u062a<\/td>\n<td width=\"257\">4 \u0643\u064a\u0644\u0648 \u0648\u0627\u0637<\/td>\n<td width=\"73\">780 \u00d7 110\u00d7110\u00d7160 \u0633\u0645 (\u0627\u0631\u062a\u0641\u0627\u0639)<\/td>\n<td width=\"73\">6000<\/td>\n<\/tr>\n<tr>\n<td width=\"145\">100-100<\/td>\n<td width=\"199\">100 \u0633\u0645 \u00d7 100 \u0642\u0637\u0639\u0629<\/td>\n<td width=\"199\">3-4 \u0637\u0646\/\u0648\u0642\u062a<\/td>\n<td width=\"257\">5.5 \u0643\u064a\u0644\u0648 \u0648\u0627\u0637<\/td>\n<td width=\"73\">865 \u00d7 136 \u00d7 150 \u0633\u0645 (\u0627\u0631\u062a\u0641\u0627\u0639 865 \u00d7 136 \u00d7 150 \u0633\u0645)<\/td>\n<td width=\"73\">7000<\/td>\n<\/tr>\n<\/tbody>\n<\/table>\n\n\n<div class=\"wp-block-columns is-layout-flex wp-container-core-columns-is-layout-9d6595d7 wp-block-columns-is-layout-flex\">\n<div class=\"wp-block-column is-layout-flow wp-block-column-is-layout-flow\"><\/div>\n\n\n\n<div class=\"wp-block-column is-layout-flow wp-block-column-is-layout-flow\"><\/div>\n<\/div>","protected":false},"excerpt":{"rendered":"<p>\u062a\u064f\u0633\u062a\u062e\u062f\u0645 \u0647\u0630\u0647 \u0627\u0644\u0645\u0627\u0643\u064a\u0646\u0629 \u0641\u064a \u062a\u062c\u0641\u064a\u0641 \u0627\u0644\u0637\u064a\u0646 \u0627\u0644\u0637\u064a\u0646\u064a \u0641\u064a \u0635\u0646\u0627\u0639\u0629 \u0627\u0644\u0633\u064a\u0631\u0627\u0645\u064a\u0643\u060c \u0628\u0645\u062d\u062a\u0648\u0649 \u0645\u0627\u0626\u064a \u0645\u0646 \u0627\u0644\u0628\u0644\u064a\u062a 17%-26% (\u0642\u0627\u0628\u0644 \u0644\u0644\u062a\u0639\u062f\u064a\u0644).<\/p>\n<h2>\u062d\u0644 \u0645\u0643\u0628\u0633 \u0627\u0644\u062a\u0631\u0634\u064a\u062d \u0627\u0644\u0634\u0627\u0645\u0644:<\/h2>\n<ol>\n<li>\u0645\u062e\u0635\u0635 \u062d\u0633\u0628 \u0627\u0644\u0637\u0644\u0628: \u062f\u0639\u0645 \u0642\u0637\u0639 \u063a\u064a\u0627\u0631 \u0627\u0644\u0645\u0639\u062f\u0627\u062a \u0627\u0644\u0645\u062e\u0635\u0635\u0629\u060c \u0648\u0627\u0644\u0645\u0644\u062d\u0642\u0627\u062a \u0627\u0644\u0645\u062e\u0635\u0635\u0629\u060c \u0648\u0627\u0644\u062a\u0637\u0628\u064a\u0642\u0627\u062a \u0627\u0644\u0645\u062e\u0635\u0635\u0629<\/li>\n<li>\u062f\u0639\u0645 \u062a\u0635\u0645\u064a\u0645 \u0627\u0644\u062a\u062e\u0637\u064a\u0637:  \u0648\u0641\u0642\u064b\u0627 \u0644\u0645\u0633\u0627\u062d\u0629 \u0627\u0644\u0645\u0635\u0646\u0639 \u0648\u062e\u0637\u0629 \u0627\u0644\u0625\u0646\u062a\u0627\u062c \u0648\u0627\u0633\u062a\u062b\u0645\u0627\u0631 \u0631\u0623\u0633 \u0627\u0644\u0645\u0627\u0644\u060c \u062a\u0642\u062f\u064a\u0645 \u062e\u062f\u0645\u0627\u062a \u062a\u0635\u0645\u064a\u0645 \u0648\u062a\u062e\u0637\u064a\u0637 \u0627\u062d\u062a\u0631\u0627\u0641\u064a\u0629 \u0648\u0641\u0642\u064b\u0627 \u0644\u0645\u0633\u0627\u062d\u0629 \u0627\u0644\u0645\u0635\u0646\u0639 \u0648\u062e\u0637\u0629 \u0627\u0644\u0625\u0646\u062a\u0627\u062c \u0648\u0627\u0633\u062a\u062b\u0645\u0627\u0631 \u0631\u0623\u0633 \u0627\u0644\u0645\u0627\u0644.<\/li>\n<li>\u0627\u0644\u062f\u0639\u0645 \u0627\u0644\u0641\u0646\u064a \u0648\u0627\u0644\u062e\u062f\u0645\u0629: \u0633\u064a\u0642\u0648\u0645 \u0627\u0644\u0641\u0646\u064a\u0648\u0646 \u0630\u0648\u0648 \u0627\u0644\u0645\u0647\u0627\u0631\u0627\u062a \u0627\u0644\u0639\u0627\u0644\u064a\u0629 \u0628\u062a\u062c\u0645\u064a\u0639 \u0627\u0644\u0645\u0627\u0643\u064a\u0646\u0627\u062a \u0627\u0644\u062e\u0627\u0635\u0629 \u0628\u0643 \u0648\u062a\u0642\u062f\u064a\u0645 \u0627\u0644\u062a\u062f\u0631\u064a\u0628 \u0628\u0627\u0644\u0641\u064a\u062f\u064a\u0648 \u0648\u0627\u0644\u062f\u0639\u0645 \u0627\u0644\u0641\u0646\u064a.<\/li>\n<\/ol>","protected":false},"featured_media":3154,"template":"","meta":{"_acf_changed":false},"product_brand":[],"product_cat":[54],"product_tag":[],"class_list":{"0":"post-3152","1":"product","2":"type-product","3":"status-publish","4":"has-post-thumbnail","6":"product_cat-clay-making-machine","8":"first","9":"instock","10":"shipping-taxable","11":"product-type-simple"},"acf":{"customization_content":"","customization_content_source":{"label":"Customization Content","type":"wysiwyg","formatted_value":""},"why_choose_us_content":"<h2 style=\"text-align: center;\">Why Choose Us as Your Filter Press Supplier<\/h2>\r\n\r\n<hr \/>\r\n<p style=\"text-align: center;\">Yutai as a ceramic tableware manufacturer, maintains strict quality standards and excellent service. Revolutionize your manufacturing processes with cutting-edge automation technology that streamlines forming and enhances efficiency.<\/p>","why_choose_us_content_source":{"label":"Why Choose Us Content","type":"wysiwyg","formatted_value":"<h2 style=\"text-align: center;\">Why Choose Us as Your Filter Press Supplier<\/h2>\n<hr \/>\n<p style=\"text-align: center;\">Yutai as a ceramic tableware manufacturer, maintains strict quality standards and excellent service. Revolutionize your manufacturing processes with cutting-edge automation technology that streamlines forming and enhances efficiency.<\/p>\n"}},"_links":{"self":[{"href":"https:\/\/yutaimachinery.com\/ar\/wp-json\/wp\/v2\/product\/3152","targetHints":{"allow":["GET"]}}],"collection":[{"href":"https:\/\/yutaimachinery.com\/ar\/wp-json\/wp\/v2\/product"}],"about":[{"href":"https:\/\/yutaimachinery.com\/ar\/wp-json\/wp\/v2\/types\/product"}],"version-history":[{"count":0,"href":"https:\/\/yutaimachinery.com\/ar\/wp-json\/wp\/v2\/product\/3152\/revisions"}],"wp:featuredmedia":[{"embeddable":true,"href":"https:\/\/yutaimachinery.com\/ar\/wp-json\/wp\/v2\/media\/3154"}],"wp:attachment":[{"href":"https:\/\/yutaimachinery.com\/ar\/wp-json\/wp\/v2\/media?parent=3152"}],"wp:term":[{"taxonomy":"product_brand","embeddable":true,"href":"https:\/\/yutaimachinery.com\/ar\/wp-json\/wp\/v2\/product_brand?post=3152"},{"taxonomy":"product_cat","embeddable":true,"href":"https:\/\/yutaimachinery.com\/ar\/wp-json\/wp\/v2\/product_cat?post=3152"},{"taxonomy":"product_tag","embeddable":true,"href":"https:\/\/yutaimachinery.com\/ar\/wp-json\/wp\/v2\/product_tag?post=3152"}],"curies":[{"name":"\u062f\u0628\u0644\u064a\u0648 \u0628\u064a","href":"https:\/\/api.w.org\/{rel}","templated":true}]}}