{"id":3114,"date":"2025-12-10T22:20:02","date_gmt":"2025-12-10T14:20:02","guid":{"rendered":"https:\/\/yutaimachinery.com\/?post_type=product&#038;p=3114"},"modified":"2026-01-15T11:38:47","modified_gmt":"2026-01-15T03:38:47","slug":"%d8%ae%d8%b7-%d8%a7%d9%84%d8%aa%d8%b4%d9%83%d9%8a%d9%84-%d8%a7%d9%84%d8%a3%d9%88%d8%aa%d9%88%d9%85%d8%a7%d8%aa%d9%8a%d9%83%d9%8a-%d9%84%d9%84%d8%b3%d9%8a%d8%b1%d8%a7%d9%85%d9%8a%d9%83","status":"publish","type":"product","link":"https:\/\/yutaimachinery.com\/ar\/product\/ceramic-automatic-forming-line\/","title":{"rendered":"\u062e\u0637 \u062a\u0634\u0643\u064a\u0644 \u0627\u0644\u0633\u064a\u0631\u0627\u0645\u064a\u0643 \u0627\u0644\u0623\u0648\u062a\u0648\u0645\u0627\u062a\u064a\u0643\u064a \u060c \u062e\u0637 \u062a\u0634\u0643\u064a\u0644 \u0627\u0644\u0633\u064a\u0631\u0627\u0645\u064a\u0643 \u0627\u0644\u0623\u0648\u062a\u0648\u0645\u0627\u062a\u064a\u0643\u064a \u060c \u0623\u0637\u0628\u0627\u0642 \u060c \u0623\u0643\u0648\u0627\u0628 \u060c \u0645\u0627\u0643\u064a\u0646\u0629 \u0635\u0646\u0639 \u0627\u0644\u0623\u0643\u0648\u0627\u0628"},"content":{"rendered":"<figure class=\"wp-block-image size-full\"><img fetchpriority=\"high\" decoding=\"async\" width=\"2000\" height=\"1366\" src=\"https:\/\/yutaimachinery.com\/wp-content\/uploads\/2024\/03\/ceramic-automatic-forming-line-1-1.webp\" alt=\"\u062e\u0637 \u0627\u0644\u062a\u0634\u0643\u064a\u0644 \u0627\u0644\u0623\u0648\u062a\u0648\u0645\u0627\u062a\u064a\u0643\u064a \u0644\u0644\u0633\u064a\u0631\u0627\u0645\u064a\u0643 \" class=\"wp-image-3119\" title=\"\" srcset=\"https:\/\/yutaimachinery.com\/wp-content\/uploads\/2024\/03\/ceramic-automatic-forming-line-1-1.webp 2000w, https:\/\/yutaimachinery.com\/wp-content\/uploads\/2024\/03\/ceramic-automatic-forming-line-1-1-300x205.webp 300w, https:\/\/yutaimachinery.com\/wp-content\/uploads\/2024\/03\/ceramic-automatic-forming-line-1-1-768x525.webp 768w, https:\/\/yutaimachinery.com\/wp-content\/uploads\/2024\/03\/ceramic-automatic-forming-line-1-1-285x195.webp 285w, https:\/\/yutaimachinery.com\/wp-content\/uploads\/2024\/03\/ceramic-automatic-forming-line-1-1-1600x1093.webp 1600w, https:\/\/yutaimachinery.com\/wp-content\/uploads\/2024\/03\/ceramic-automatic-forming-line-1-1-660x451.webp 660w, https:\/\/yutaimachinery.com\/wp-content\/uploads\/2024\/03\/ceramic-automatic-forming-line-1-1-150x102.webp 150w\" sizes=\"(max-width: 2000px) 100vw, 2000px\" \/><\/figure>\n\n\n\n<div class=\"wp-block-columns is-layout-flex wp-container-core-columns-is-layout-9d6595d7 wp-block-columns-is-layout-flex\">\n<div class=\"wp-block-column is-layout-flow wp-block-column-is-layout-flow\">\n<h2 class=\"wp-block-heading\">\u062e\u0637 \u062a\u0634\u0643\u064a\u0644 \u0627\u0644\u0633\u064a\u0631\u0627\u0645\u064a\u0643 \u0627\u0644\u0645\u064a\u0632\u0627\u062a:<\/h2>\n\n\n\n<h3 class=\"wp-block-heading\">1. \u062a\u0634\u063a\u064a\u0644 \u0645\u0624\u062a\u0645\u062a \u0628\u0627\u0644\u0643\u0627\u0645\u0644 \u0648\u0645\u062a\u062d\u0643\u0645 \u0641\u064a\u0647 \u0628\u0648\u0627\u0633\u0637\u0629 PLC<\/h3>\n\n\n\n<p>\u064a\u0639\u0645\u0644 \u0627\u0644\u062e\u0637 \u0628\u0623\u0643\u0645\u0644\u0647 \u062a\u062d\u062a \u0646\u0638\u0627\u0645 \u062a\u062d\u0643\u0645 \u0645\u0646\u0637\u0642\u064a \u0642\u0627\u0628\u0644 \u0644\u0644\u0628\u0631\u0645\u062c\u0629 (PLC) \u0645\u062a\u0643\u0627\u0645\u0644 \u0645\u0639 \u0648\u0627\u062c\u0647\u0629 HMI\u060c \u0645\u0645\u0627 \u064a\u062a\u064a\u062d \u0627\u0644\u062a\u062d\u0643\u0645 \u0627\u0644\u062f\u0642\u064a\u0642 \u0648\u0627\u0644\u0645\u062a\u0632\u0627\u0645\u0646 \u0641\u064a \u062c\u0645\u064a\u0639 \u0627\u0644\u0639\u0645\u0644\u064a\u0627\u062a. \u062a\u0636\u0645\u0646 \u062a\u0643\u0646\u0648\u0644\u0648\u062c\u064a\u0627 \u0627\u0644\u0646\u0642\u0644 \u0627\u0644\u0645\u062a\u0642\u062f\u0645\u0629 \u0623\u062f\u0627\u0621\u064b \u0645\u0633\u062a\u0642\u0631\u064b\u0627 \u0648\u0645\u0639\u062f\u0644\u0627\u062a \u0641\u0634\u0644 \u0645\u0646\u062e\u0641\u0636\u0629 \u0648\u0633\u0647\u0648\u0644\u0629 \u0627\u0644\u0635\u064a\u0627\u0646\u0629.<\/p>\n\n\n\n<h3 class=\"wp-block-heading\">2. \u0645\u0643\u0648\u0646\u0627\u062a \u0637\u0627\u0642\u0629 \u0645\u0633\u062a\u0648\u0631\u062f\u0629 \u0639\u0627\u0644\u064a\u0629 \u0627\u0644\u062c\u0648\u062f\u0629<\/h3>\n\n\n\n<p>\u0645\u0632\u0648\u062f\u0629 \u0628\u0639\u0644\u0627\u0645\u0627\u062a \u062a\u062c\u0627\u0631\u064a\u0629 \u0639\u0627\u0644\u0645\u064a\u0629 \u0645\u062a\u0645\u064a\u0632\u0629 \u0644\u0636\u0645\u0627\u0646 \u0627\u0644\u0645\u0648\u062b\u0648\u0642\u064a\u0629 \u0648\u0627\u0644\u0639\u0645\u0631 \u0627\u0644\u062a\u0634\u063a\u064a\u0644\u064a \u0627\u0644\u0637\u0648\u064a\u0644:<\/p>\n\n\n\n<ul class=\"wp-block-list\">\n<li>\u062a\u0648\u0634\u064a\u0628\u0627 \u0645\u0648\u062a\u0648\u0631\u0632 (\u0627\u0644\u064a\u0627\u0628\u0627\u0646)<\/li>\n\n\n\n<li>\u0645\u062e\u0641\u0636\u0627\u062a \u0633\u0648\u0645\u064a\u062a\u0648\u0645\u0648 (\u0627\u0644\u064a\u0627\u0628\u0627\u0646)<\/li>\n\n\n\n<li>\u0645\u062d\u0631\u0643\u0627\u062a \u0633\u064a\u0631\u0641\u0648 Yaskawa<\/li>\n\n\n\n<li>\u0645\u062d\u0648\u0644\u0627\u062a \u0645\u064a\u062a\u0633\u0648\u0628\u064a\u0634\u064a \u0623\u0648 \u0628\u0627\u0646\u0627\u0633\u0648\u0646\u064a\u0643<\/li>\n<\/ul>\n\n\n\n<h3 class=\"wp-block-heading\">3. \u0645\u062d\u0627\u0645\u0644 \u0648\u0623\u062c\u0632\u0627\u0621 \u0645\u064a\u0643\u0627\u0646\u064a\u0643\u064a\u0629 \u0639\u0627\u0644\u064a\u0629 \u0627\u0644\u062c\u0648\u062f\u0629<\/h3>\n\n\n\n<p>\u062c\u0645\u064a\u0639 \u0627\u0644\u0645\u062d\u0627\u0645\u0644 \u0645\u0646 NTN \u0623\u0648 NSK \u0623\u0648 SKF\u060c \u0645\u0645\u0627 \u064a\u0636\u0645\u0646 \u0627\u0644\u062f\u0642\u0629 \u0627\u0644\u0639\u0627\u0644\u064a\u0629 \u0648\u0627\u0644\u062a\u0634\u063a\u064a\u0644 \u0627\u0644\u0633\u0644\u0633 \u0648\u0627\u0644\u062b\u0628\u0627\u062a \u0639\u0644\u0649 \u0627\u0644\u0645\u062f\u0649 \u0627\u0644\u0637\u0648\u064a\u0644.<\/p>\n\n\n\n<h3 class=\"wp-block-heading\">4. \u0646\u0638\u0627\u0645 \u062d\u0631\u0643\u0629 \u0647\u0648\u0627\u0626\u064a\u0629 \u0648\u062e\u0637\u064a\u0629 \u0645\u0648\u062b\u0648\u0642 \u0628\u0647<\/h3>\n\n\n\n<ul class=\"wp-block-list\">\n<li>\u0645\u0643\u0648\u0646\u0627\u062a \u062a\u0639\u0645\u0644 \u0628\u0627\u0644\u0647\u0648\u0627\u0621 \u0627\u0644\u0645\u0636\u063a\u0648\u0637 \u0645\u0646 SMC \u0623\u0648 TEC<\/li>\n\n\n\n<li>\u0642\u0636\u0628\u0627\u0646 \u062a\u0648\u062c\u064a\u0647 \u062e\u0637\u064a\u0629 \u0645\u0646 HIWIN (\u062a\u0627\u064a\u0648\u0627\u0646) \u0623\u0648 TBI \u0623\u0648 CSK<br>\u0648\u0647\u0630\u0627 \u064a\u0636\u0645\u0646 \u062f\u0642\u0629 \u062a\u062d\u062f\u064a\u062f \u0627\u0644\u0645\u0648\u0627\u0642\u0639 \u0648\u062d\u0631\u0643\u0629 \u0633\u0644\u0633\u0629 \u0648\u062c\u0648\u062f\u0629 \u062a\u0634\u0643\u064a\u0644 \u0645\u062a\u0633\u0642\u0629.<\/li>\n<\/ul>\n\n\n\n<h3 class=\"wp-block-heading\">5. \u0646\u0638\u0627\u0645 \u062a\u062c\u0641\u064a\u0641 \u0645\u062a\u0637\u0648\u0631<\/h3>\n\n\n\n<p>\u064a\u062a\u0645\u064a\u0632 \u0645\u062c\u0631\u0649 \u0647\u0648\u0627\u0621 \u0627\u0644\u062a\u062c\u0641\u064a\u0641 \u0628\u0647\u064a\u0643\u0644 \u0645\u0632\u062f\u0648\u062c \u0627\u0644\u0637\u0628\u0642\u0629 \u0645\u0646 \u0627\u0644\u0641\u0648\u0644\u0627\u0630 \u0627\u0644\u0645\u0642\u0627\u0648\u0645 \u0644\u0644\u0635\u062f\u0623 \u0645\u0639 \u0625\u0632\u0627\u0644\u0629 \u0627\u0644\u0631\u0637\u0648\u0628\u0629\u060c \u0645\u0645\u0627 \u064a\u0648\u0641\u0631 \u062a\u062c\u0641\u064a\u0641\u064b\u0627 \u0645\u0648\u062d\u062f\u064b\u0627 \u0648\u0645\u0636\u0628\u0648\u0637\u064b\u0627 \u0644\u062a\u0644\u0628\u064a\u0629 \u0645\u062a\u0637\u0644\u0628\u0627\u062a \u0639\u0645\u0644\u064a\u0629 \u0627\u0644\u0633\u064a\u0631\u0627\u0645\u064a\u0643 \u0627\u0644\u0645\u062e\u062a\u0644\u0641\u0629.<\/p>\n\n\n\n<h3 class=\"wp-block-heading\">6. \u0645\u0637\u062d\u0646\u0629 \u0641\u0631\u0627\u063a\u064a\u0629 \u0645\u0646 \u0627\u0644\u0641\u0648\u0644\u0627\u0630 \u0627\u0644\u0645\u0642\u0627\u0648\u0645 \u0644\u0644\u0635\u062f\u0623 304<\/h3>\n\n\n\n<p>\u062a\u0636\u0645\u0646 \u0645\u0637\u062d\u0646\u0629 \u0627\u0644\u062a\u0641\u0631\u064a\u063a \u0627\u0644\u0647\u0648\u0627\u0626\u064a \u0627\u0644\u0643\u0627\u0645\u0644\u0629 \u0627\u0644\u0645\u0635\u0646\u0648\u0639\u0629 \u0645\u0646 \u0627\u0644\u0641\u0648\u0644\u0627\u0630 \u0627\u0644\u0645\u0642\u0627\u0648\u0645 \u0644\u0644\u0635\u062f\u0623 304 \u062a\u063a\u0630\u064a\u0629 \u0645\u0633\u062a\u0642\u0631\u0629 \u0644\u0644\u0637\u064a\u0646 \u0648\u062c\u0648\u062f\u0629 \u0645\u0648\u062d\u062f\u0629 \u0644\u0644\u0645\u0648\u0627\u062f \u0648\u0623\u062f\u0627\u0621 \u062a\u0634\u0643\u064a\u0644 \u0645\u0648\u062b\u0648\u0642 \u0628\u0647.<\/p>\n\n\n\n<h3 class=\"wp-block-heading\">7. \u062a\u062d\u0643\u0645 \u0647\u0648\u0627\u0626\u064a \u0639\u0627\u0644\u064a \u0627\u0644\u0627\u0633\u062a\u0642\u0631\u0627\u0631<\/h3>\n\n\n\n<p>\u064a\u0633\u062a\u062e\u062f\u0645 \u0627\u0644\u0646\u0638\u0627\u0645 \u0627\u0644\u0647\u0648\u0627\u0626\u064a \u062a\u0631\u0634\u064a\u062d\u064b\u0627 \u0645\u0632\u062f\u0648\u062c \u0627\u0644\u0637\u0628\u0642\u0629 \u0648\u0645\u0635\u0627\u062f\u0631 \u0647\u0648\u0627\u0621 \u0639\u0627\u0644\u064a\u0629 \u0627\u0644\u062c\u0648\u062f\u0629\u060c \u0645\u0645\u0627 \u064a\u062d\u0633\u0646 \u0628\u0634\u0643\u0644 \u0643\u0628\u064a\u0631 \u0645\u0646 \u0627\u0633\u062a\u0642\u0631\u0627\u0631 \u0627\u0644\u0645\u0639\u062f\u0627\u062a \u0648\u0627\u062a\u0633\u0627\u0642 \u0627\u0644\u062a\u0634\u063a\u064a\u0644.<\/p>\n<\/div>\n\n\n\n<div class=\"wp-block-column is-layout-flow wp-block-column-is-layout-flow\">\n<figure class=\"wp-block-embed is-type-video is-provider-youtube wp-block-embed-youtube wp-embed-aspect-16-9 wp-has-aspect-ratio\"><div class=\"wp-block-embed__wrapper\">\n<iframe title=\"\u0645\u0627\u0643\u064a\u0646\u0629 \u0627\u0644\u062a\u0634\u0643\u064a\u0644 \u0627\u0644\u0623\u0648\u062a\u0648\u0645\u0627\u062a\u064a\u0643\u064a\u0629 \u0630\u0627\u062a \u0627\u0644\u0631\u0623\u0633 \u0627\u0644\u0645\u0632\u062f\u0648\u062c Cearmic Plate\" width=\"940\" height=\"529\" src=\"https:\/\/www.youtube.com\/embed\/vae_S931OYI?feature=oembed\" frameborder=\"0\" allow=\"accelerometer; autoplay; clipboard-write; encrypted-media; gyroscope; picture-in-picture; web-share\" referrerpolicy=\"strict-origin-when-cross-origin\" allowfullscreen><\/iframe>\n<\/div><\/figure>\n\n\n\n<figure class=\"wp-block-image size-full\"><img decoding=\"async\" width=\"500\" height=\"500\" src=\"https:\/\/yutaimachinery.com\/wp-content\/uploads\/2025\/12\/ceramic-dinnerware-making-machine.webp\" alt=\"\u0645\u0627\u0643\u064a\u0646\u0629 \u0635\u0646\u0639 \u0623\u0648\u0627\u0646\u064a \u0627\u0644\u0637\u0639\u0627\u0645 \u0627\u0644\u062e\u0632\u0641\u064a\u0629\" class=\"wp-image-6300\" title=\"\" srcset=\"https:\/\/yutaimachinery.com\/wp-content\/uploads\/2025\/12\/ceramic-dinnerware-making-machine.webp 500w, https:\/\/yutaimachinery.com\/wp-content\/uploads\/2025\/12\/ceramic-dinnerware-making-machine-300x300.webp 300w, https:\/\/yutaimachinery.com\/wp-content\/uploads\/2025\/12\/ceramic-dinnerware-making-machine-150x150.webp 150w, https:\/\/yutaimachinery.com\/wp-content\/uploads\/2025\/12\/ceramic-dinnerware-making-machine-12x12.webp 12w, https:\/\/yutaimachinery.com\/wp-content\/uploads\/2025\/12\/ceramic-dinnerware-making-machine-285x285.webp 285w, https:\/\/yutaimachinery.com\/wp-content\/uploads\/2025\/12\/ceramic-dinnerware-making-machine-270x270.webp 270w\" sizes=\"(max-width: 500px) 100vw, 500px\" \/><\/figure>\n<\/div>\n<\/div>\n\n\n\n<h2 class=\"wp-block-heading\">\u0645\u0639\u0644\u0645\u0627\u062a \u062e\u0637 \u062a\u0634\u0643\u064a\u0644 \u0627\u0644\u0633\u064a\u0631\u0627\u0645\u064a\u0643:<\/h2>\n\n\n\n<figure class=\"wp-block-table\"><table class=\"has-fixed-layout\"><tbody><tr><td><strong>\u0627\u0644\u0637\u0631\u0627\u0632<\/strong><\/td><td><strong>\u0637\u0631\u0627\u0632 250<\/strong><\/td><td><strong>\u0637\u0631\u0627\u0632 35O<\/strong><\/td><\/tr><tr><td class=\"has-text-align-left\" data-align=\"left\"><strong>\u0645\u0627\u0643\u0633 \u0623\u0646\u0647\u0649 \u062d\u062c\u0645 \u0627\u0644\u0645\u0646\u062a\u062c<\/strong><\/td><td>\u062f\u0627\u062e\u0644 \u0648\u0639\u0627\u0621 6 \u0628\u0648\u0635\u0627\u062a \u0648\u0637\u0628\u0642 7 \u0628\u0648\u0635\u0627\u062a (\u0628\u0633\u0628\u0628 \u0627\u0644\u0627\u062e\u062a\u0644\u0627\u0641 \u0641\u064a \u0645\u0639\u062f\u0644 \u0627\u0644\u0627\u0646\u0643\u0645\u0627\u0634 \u0627\u0644\u0641\u0639\u0644\u064a\u060c \u0645\u0639\u062f\u0644 \u0627\u0644\u0627\u0646\u0643\u0645\u0627\u0634 \u0627\u0644\u0645\u0631\u062c\u0639\u064a \u0644\u0647\u0630\u0627 \u0627\u0644\u0645\u0646\u062a\u062c \u0647\u0648 1.16)<\/td><td>\u0641\u064a \u0648\u0639\u0627\u0621 \u0645\u0642\u0627\u0633 10 \u0628\u0648\u0635\u0627\u062a \u0648\u0637\u0628\u0642 \u0645\u0642\u0627\u0633 10.5 \u0628\u0648\u0635\u0627\u062a (\u064a\u0631\u062c\u0639 \u0630\u0644\u0643 \u0623\u0633\u0627\u0633\u064b\u0627 \u0625\u0644\u0649 \u0627\u0644\u0627\u062e\u062a\u0644\u0627\u0641 \u0641\u064a \u0645\u0639\u062f\u0644 \u0627\u0644\u0627\u0646\u0643\u0645\u0627\u0634 \u0627\u0644\u0641\u0639\u0644\u064a\u060c \u062d\u064a\u062b \u064a\u0628\u0644\u063a \u0645\u0639\u062f\u0644 \u0627\u0644\u0627\u0646\u0643\u0645\u0627\u0634 \u0627\u0644\u0645\u0631\u062c\u0639\u064a \u0644\u0647\u0630\u0627 \u0627\u0644\u0645\u0646\u062a\u062c 1.16)<\/td><\/tr><tr><td><strong>\u0646\u0648\u0639 \u0641\u0648\u0631\u062f\u0631 (\u0627\u0644\u0628\u0644\u064a\u062a \u0627\u0644\u0645\u0635\u0628\u0648\u0628)<\/strong><\/td><td>\u0627\u0644\u062d\u062c\u0645 \u0627\u0644\u0623\u0642\u0635\u0649 \u0644\u0644\u0643\u0648\u0628 \u0648\u0627\u0644\u0648\u0639\u0627\u0621 \u0627\u0644\u0645\u062a\u0648\u0633\u0637 \u0648\u0627\u0644\u0637\u0628\u0642 \u0625\u0644\u0649 \u03c6190 \u0645\u0645<\/td><td>\u0627\u0644\u062d\u062c\u0645 \u0627\u0644\u0623\u0642\u0635\u0649 \u0644\u0644\u0643\u0648\u0628 \u0648\u0627\u0644\u0648\u0639\u0627\u0621 \u0627\u0644\u0645\u062a\u0648\u0633\u0637 \u0648\u0627\u0644\u0637\u0628\u0642 \u0625\u0644\u0649 \u03c6290 \u0645\u0645<\/td><\/tr><tr><td><strong>\u0627\u0644\u062d\u062f \u0627\u0644\u0623\u0642\u0635\u0649 \u0644\u062d\u062c\u0645 \u0642\u0627\u0644\u0628 \u0627\u0644\u062c\u0628\u0633 (\u0642\u064a\u0627\u0633\u064a)<\/strong><\/td><td>\u0648\u0636\u0639 Yin \u03c6240 \u0645\u0645 H150 \u0645\u0645<\/td><td>\u0648\u0636\u0639 \u0627\u0644\u064a\u0646 \u03c6340 \u0645\u0645 H150 \u0645\u0645\u060c \u0648\u0636\u0639 \u0627\u0644\u064a\u0627\u0646\u063a \u0648\u0636\u0639 \u0627\u0644\u064a\u0627\u0646\u063a \u03c6340 \u0645\u0645H80 \u0645\u0645<\/td><\/tr><tr><td><strong>\u0627\u0644\u0633\u0639\u0629 (\u0623\u062c\u0647\u0632\u0629 \u0627\u0644\u0643\u0645\u0628\u064a\u0648\u062a\u0631\/\u0627\u0644\u0633\u0627\u0639\u0629)<\/strong><\/td><td>1200<\/td><td>600-720\u0648\u0641\u0642\u064b\u0627 \u0644\u0645\u062a\u0637\u0644\u0628\u0627\u062a \u0627\u0644\u0625\u0646\u062a\u0627\u062c \u0627\u0644\u0641\u0639\u0644\u064a\u0629)<\/td><\/tr><tr><td><strong>\u0627\u0644\u0637\u0627\u0642\u0629<\/strong><\/td><td>35 \u0643\u064a\u0644\u0648 \u0648\u0627\u062a<\/td><td>40 \u0643\u064a\u0644\u0648 \u0648\u0627\u062a<\/td><\/tr><tr><td><strong>\u062d\u0631\u0627\u0631\u0629 \u0627\u0644\u0645\u0648\u0642\u062f<\/strong><\/td><td>50,000 \u0643\u064a\u0644\u0648 \u0643\u0627\u0644\u0648\u0631\u064a\/\u0633\u0627\u0639\u0629<\/td><td>60,000 \u0643\u064a\u0644\u0648 \u0643\u0627\u0644\u0648\u0631\u064a\/\u0633\u0627\u0639\u0629<\/td><\/tr><tr><td><strong>\u0627\u0644\u0647\u0648\u0627\u0621<\/strong><\/td><td>1000 \u0644\u062a\u0631\/\u062f\u0642\u064a\u0642\u0629<\/td><td>1000 \u0644\u062a\u0631\/\u062f\u0642\u064a\u0642\u0629<\/td><\/tr><tr><td><strong>\u0627\u0644\u0645\u064a\u0627\u0647<\/strong><\/td><td>200 \u0644\u062a\u0631\/\u0633\u0627\u0639\u0629<\/td><td>200 \u0644\u062a\u0631\/\u0633\u0627\u0639\u0629<\/td><\/tr><tr><td><strong>\u0627\u0644\u0642\u0648\u0627\u0644\u0628<\/strong><\/td><td>160 \u062c\u0647\u0627\u0632 \u0643\u0645\u0628\u064a\u0648\u062a\u0631 \u0634\u062e\u0635\u064a<\/td><td>160 \u062c\u0647\u0627\u0632 \u0643\u0645\u0628\u064a\u0648\u062a\u0631 \u0634\u062e\u0635\u064a<\/td><\/tr><tr><td><strong>\u0627\u0644\u0628\u064f\u0639\u062f<\/strong><\/td><td>L23000 \u00d7 \u0639\u0631\u0636 4300 \u00d7 \u0639\u0631\u0636 4300 \u00d7 \u0627\u0631\u062a\u0641\u0627\u0639 1800<\/td><td>l31500\u00d7w4500\u00d7h1800\u00d7h1800<\/td><\/tr><\/tbody><\/table><\/figure>","protected":false},"excerpt":{"rendered":"<p>\u064a\u062c\u0645\u0639 \u062e\u0637 \u0625\u0646\u062a\u0627\u062c \u0623\u0648\u0627\u0646\u064a \u0627\u0644\u0645\u0627\u0626\u062f\u0629 \u0627\u0644\u062e\u0632\u0641\u064a\u0629 \u0627\u0644\u0623\u0648\u062a\u0648\u0645\u0627\u062a\u064a\u0643\u064a \u0628\u0627\u0644\u0643\u0627\u0645\u0644 \u0628\u064a\u0646 \u0622\u0644\u0627\u062a \u0627\u0644\u0639\u062c\u0646 \u0648\u0642\u0637\u0639 \u0627\u0644\u0637\u064a\u0646 \u0648\u062a\u0634\u0643\u064a\u0644\u0647 \u0648\u062a\u062c\u0641\u064a\u0641\u0647 \u0648\u0625\u062e\u0631\u0627\u062c\u0647 \u0645\u0646 \u0627\u0644\u0642\u0648\u0627\u0644\u0628 \u0648\u062a\u0642\u0644\u064a\u0645 \u062d\u0648\u0627\u0641\u0647 \u0641\u064a \u0639\u0645\u0644\u064a\u0629 \u0645\u062a\u0648\u0627\u0635\u0644\u0629 \u0648\u0627\u062d\u062f\u0629. \u064a\u0645\u0643\u0646 \u062a\u0648\u0635\u064a\u0644 \u0627\u0644\u0646\u0638\u0627\u0645 \u0628\u062e\u0637 \u0627\u0644\u062a\u0632\u062c\u064a\u062c\u060c \u0645\u0645\u0627 \u064a\u062a\u064a\u062d \u0625\u0646\u062a\u0627\u062c\u064b\u0627 \u062f\u0642\u064a\u0642\u064b\u0627 \u0648\u0639\u0627\u0644\u064a \u0627\u0644\u0643\u0641\u0627\u0621\u0629 \u0648\u0645\u0646\u062e\u0641\u0636 \u062a\u0643\u0644\u0641\u0629 \u0627\u0644\u0639\u0645\u0627\u0644\u0629. \u0648\u0647\u0648 \u0645\u0646\u0627\u0633\u0628 \u0644\u062a\u0635\u0646\u064a\u0639 \u0627\u0644\u0623\u0637\u0628\u0627\u0642 \u0648\u0627\u0644\u0623\u0648\u0639\u064a\u0629 \u0648\u0627\u0644\u0623\u0643\u0648\u0627\u0628 \u0648\u0627\u0644\u0635\u062d\u0648\u0646 \u0648\u0623\u0648\u0627\u0646\u064a \u0627\u0644\u0645\u0627\u0626\u062f\u0629 \u0627\u0644\u062e\u0632\u0641\u064a\u0629 \u0648\u0627\u0644\u0628\u0648\u0631\u0633\u0644\u064a\u0646.<\/p>\n<h2 data-start=\"595\" data-end=\"614\">\u062a\u0637\u0628\u064a\u0642\u0627\u062a \u062e\u0637 \u0627\u0644\u062a\u0634\u0643\u064a\u0644 \u0627\u0644\u0623\u0648\u062a\u0648\u0645\u0627\u062a\u064a\u0643\u064a \u0644\u0644\u0633\u064a\u0631\u0627\u0645\u064a\u0643:<\/h2>\n<ul>\n<li data-start=\"617\" data-end=\"661\">\u0625\u0646\u062a\u0627\u062c \u0623\u062f\u0648\u0627\u062a \u0627\u0644\u0645\u0627\u0626\u062f\u0629 \u0627\u0644\u062e\u0632\u0641\u064a\u0629 \u0648\u0627\u0644\u0628\u0648\u0631\u0633\u0644\u064a\u0646<\/li>\n<li data-start=\"617\" data-end=\"661\">\u0623\u0637\u0628\u0627\u0642\u060c \u0623\u0648\u0639\u064a\u0629\u060c \u0623\u0643\u0648\u0627\u0628\u060c \u0623\u0643\u0648\u0627\u0628 \u0643\u0628\u064a\u0631\u0629\u060c \u0648\u0635\u062d\u0648\u0646<\/li>\n<li data-start=\"617\" data-end=\"661\">\u0627\u0644\u0641\u062e\u0627\u0631 \u0648\u0627\u0644\u0623\u0648\u0627\u0646\u064a \u0627\u0644\u062e\u0632\u0641\u064a\u0629 \u0644\u0644\u0627\u0633\u062a\u062e\u062f\u0627\u0645 \u0627\u0644\u064a\u0648\u0645\u064a<\/li>\n<li data-start=\"617\" data-end=\"661\">\u0627\u0644\u0641\u0646\u0627\u062f\u0642 \u0648\u0627\u0644\u0645\u0637\u0627\u0639\u0645 \u0648\u0627\u0644\u0623\u0648\u0627\u0646\u064a \u0627\u0644\u062e\u0632\u0641\u064a\u0629 \u0627\u0644\u0645\u0646\u0632\u0644\u064a\u0629<\/li>\n<li data-start=\"617\" data-end=\"661\">\u062e\u0637\u0648\u0637 \u0625\u0646\u062a\u0627\u062c \u0623\u0648\u0627\u0646\u064a \u0627\u0644\u0645\u0627\u0626\u062f\u0629 \u0627\u0644\u062e\u0632\u0641\u064a\u0629 OEM \/ ODM<\/li>\n<\/ul>\n<h2>\u062d\u0644 \u0634\u0627\u0645\u0644 \u0644\u062e\u0637 \u062a\u0634\u0643\u064a\u0644 \u0627\u0644\u0633\u064a\u0631\u0627\u0645\u064a\u0643 \u0627\u0644\u0623\u0648\u062a\u0648\u0645\u0627\u062a\u064a\u0643\u064a:<\/h2>\n<ol>\n<li><strong>\u062d\u0644\u0648\u0644 \u062e\u0637\u0648\u0637 \u0627\u0644\u0625\u0646\u062a\u0627\u062c \u0627\u0644\u062c\u0627\u0647\u0632\u0629:<\/strong> \u062f\u0639\u0645 \u0643\u0627\u0645\u0644 \u0628\u062f\u0621\u064b\u0627 \u0645\u0646 \u0627\u062e\u062a\u064a\u0627\u0631 \u0627\u0644\u0645\u0639\u062f\u0627\u062a \u0648\u062a\u062e\u0637\u064a\u0637 \u0627\u0644\u062a\u062e\u0637\u064a\u0637 \u0648\u062d\u062a\u0649 \u0627\u0644\u062a\u0643\u0627\u0645\u0644 \u0627\u0644\u0643\u0627\u0645\u0644 \u0644\u0644\u062e\u0637.<\/li>\n<li><strong>\u062a\u0635\u0645\u064a\u0645 \u0627\u0644\u0639\u0645\u0644\u064a\u0627\u062a \u0648\u062a\u062d\u0633\u064a\u0646\u0647\u0627:<\/strong> \u0639\u0645\u0644\u064a\u0627\u062a \u062a\u0634\u0643\u064a\u0644 \u0648\u062a\u062c\u0641\u064a\u0641 \u0648\u062a\u0634\u0630\u064a\u0628 \u0648\u062a\u0632\u062c\u064a\u062c \u0645\u062e\u0635\u0635\u0629 \u0644\u062a\u0644\u0627\u0626\u0645 \u0645\u062a\u0637\u0644\u0628\u0627\u062a \u0645\u0646\u062a\u062c\u0643.<\/li>\n<li><strong>\u062a\u062e\u0635\u064a\u0635 \u0627\u0644\u0645\u0639\u062f\u0627\u062a:<\/strong> \u062a\u0643\u0648\u064a\u0646\u0627\u062a \u0627\u0644\u0622\u0644\u0627\u062a \u0627\u0644\u0645\u062e\u0635\u0635\u0629\u060c \u0648\u0627\u0644\u0633\u0639\u0629\u060c \u0648\u0645\u0633\u062a\u0648\u0649 \u0627\u0644\u0623\u062a\u0645\u062a\u0629\u060c \u0648\u062a\u0635\u0645\u064a\u0645 \u062e\u0637 \u0627\u0644\u0625\u0646\u062a\u0627\u062c \u0628\u0646\u0627\u0621\u064b \u0639\u0644\u0649 \u0645\u0633\u0627\u062d\u0629 \u0645\u0635\u0646\u0639\u0643 \u0648\u0623\u0647\u062f\u0627\u0641 \u0627\u0644\u0625\u0646\u062a\u0627\u062c.<\/li>\n<li><strong>\u0627\u0644\u062a\u0631\u0643\u064a\u0628 \u0648\u0627\u0644\u062a\u0634\u063a\u064a\u0644:<\/strong> \u062a\u0648\u062c\u064a\u0647 \u0641\u064a \u0627\u0644\u0645\u0648\u0642\u0639 \u0623\u0648 \u0639\u0646 \u0628\u064f\u0639\u062f \u0644\u0636\u0645\u0627\u0646 \u0627\u0644\u0625\u0639\u062f\u0627\u062f \u0627\u0644\u0633\u0644\u0633 \u0648\u0627\u0644\u062a\u0634\u063a\u064a\u0644 \u0627\u0644\u0645\u0633\u062a\u0642\u0631.<\/li>\n<li><strong>\u062a\u062f\u0631\u064a\u0628 \u0627\u0644\u0645\u0634\u063a\u0644\u064a\u0646 \u0648\u0627\u0644\u062f\u0639\u0645 \u0627\u0644\u0641\u0646\u064a:<\/strong> \u062a\u062f\u0631\u064a\u0628 \u0634\u0627\u0645\u0644 \u0644\u0644\u0645\u0634\u063a\u0644\u064a\u0646 \u0648\u0645\u0648\u0638\u0641\u064a \u0627\u0644\u0635\u064a\u0627\u0646\u0629 \u0644\u062a\u062d\u0642\u064a\u0642 \u0623\u0642\u0635\u0649 \u0642\u062f\u0631 \u0645\u0646 \u0627\u0644\u0643\u0641\u0627\u0621\u0629 \u0648\u0648\u0642\u062a \u0627\u0644\u062a\u0634\u063a\u064a\u0644.<\/li>\n<li><strong>\u062e\u062f\u0645\u0629 \u0645\u0627 \u0628\u0639\u062f \u0627\u0644\u0628\u064a\u0639 \u0648\u062a\u0648\u0631\u064a\u062f \u0642\u0637\u0639 \u0627\u0644\u063a\u064a\u0627\u0631:<\/strong> \u0627\u0633\u062a\u062c\u0627\u0628\u0629 \u0641\u0646\u064a\u0629 \u0633\u0631\u064a\u0639\u0629\u060c \u0648\u062f\u0639\u0645 \u0627\u0644\u0635\u064a\u0627\u0646\u0629 \u0627\u0644\u0648\u0642\u0627\u0626\u064a\u0629\u060c \u0648\u062a\u0648\u0627\u0641\u0631 \u0642\u0637\u0639 \u063a\u064a\u0627\u0631 \u0645\u0648\u062b\u0648\u0642\u0629.<\/li>\n<li><strong>\u062d\u0644\u0648\u0644 \u062a\u062d\u0633\u064a\u0646 \u0627\u0644\u0625\u0646\u062a\u0627\u062c \u0648\u062a\u0648\u0633\u064a\u0639\u0647:<\/strong> \u062d\u0644\u0648\u0644 \u0645\u0631\u0646\u0629 \u0644\u062a\u0648\u0633\u064a\u0639 \u0627\u0644\u0633\u0639\u0629 \u0641\u064a \u0627\u0644\u0645\u0633\u062a\u0642\u0628\u0644 \u0623\u0648 \u0627\u0644\u062a\u0643\u0627\u0645\u0644 \u0645\u0639 \u0623\u0646\u0638\u0645\u0629 \u0627\u0644\u062a\u0632\u062c\u064a\u062c \u0648\u0627\u0644\u062d\u0631\u0642.<\/li>\n<\/ol>","protected":false},"featured_media":6265,"template":"","meta":{"_acf_changed":false},"product_brand":[],"product_cat":[55],"product_tag":[],"class_list":{"0":"post-3114","1":"product","2":"type-product","3":"status-publish","4":"has-post-thumbnail","6":"product_cat-ceramic-forming-machine","8":"first","9":"instock","10":"shipping-taxable","11":"product-type-simple"},"acf":{"customization_content":"","customization_content_source":{"label":"Customization Content","type":"wysiwyg","formatted_value":""},"why_choose_us_content":"<h2 style=\"text-align: center;\">Why Choose Us as Your Ceramic Automatic Forming Line Supplier<\/h2>\r\n\r\n<hr \/>\r\n<p style=\"text-align: center;\">Yutai as a ceramic tableware manufacturer, maintains strict quality standards and excellent service. Revolutionize your manufacturing processes with cutting-edge automation technology that streamlines forming and enhances efficiency.<\/p>","why_choose_us_content_source":{"label":"Why Choose Us Content","type":"wysiwyg","formatted_value":"<h2 style=\"text-align: center;\">Why Choose Us as Your Ceramic Automatic Forming Line Supplier<\/h2>\n<hr \/>\n<p style=\"text-align: center;\">Yutai as a ceramic tableware manufacturer, maintains strict quality standards and excellent service. Revolutionize your manufacturing processes with cutting-edge automation technology that streamlines forming and enhances efficiency.<\/p>\n"}},"_links":{"self":[{"href":"https:\/\/yutaimachinery.com\/ar\/wp-json\/wp\/v2\/product\/3114","targetHints":{"allow":["GET"]}}],"collection":[{"href":"https:\/\/yutaimachinery.com\/ar\/wp-json\/wp\/v2\/product"}],"about":[{"href":"https:\/\/yutaimachinery.com\/ar\/wp-json\/wp\/v2\/types\/product"}],"version-history":[{"count":0,"href":"https:\/\/yutaimachinery.com\/ar\/wp-json\/wp\/v2\/product\/3114\/revisions"}],"wp:featuredmedia":[{"embeddable":true,"href":"https:\/\/yutaimachinery.com\/ar\/wp-json\/wp\/v2\/media\/6265"}],"wp:attachment":[{"href":"https:\/\/yutaimachinery.com\/ar\/wp-json\/wp\/v2\/media?parent=3114"}],"wp:term":[{"taxonomy":"product_brand","embeddable":true,"href":"https:\/\/yutaimachinery.com\/ar\/wp-json\/wp\/v2\/product_brand?post=3114"},{"taxonomy":"product_cat","embeddable":true,"href":"https:\/\/yutaimachinery.com\/ar\/wp-json\/wp\/v2\/product_cat?post=3114"},{"taxonomy":"product_tag","embeddable":true,"href":"https:\/\/yutaimachinery.com\/ar\/wp-json\/wp\/v2\/product_tag?post=3114"}],"curies":[{"name":"\u062f\u0628\u0644\u064a\u0648 \u0628\u064a","href":"https:\/\/api.w.org\/{rel}","templated":true}]}}